{"id":1006,"date":"2015-05-24T08:54:58","date_gmt":"2015-05-24T08:54:58","guid":{"rendered":"http:\/\/robos.com.tr\/?page_id=1006\/"},"modified":"2024-12-05T14:52:55","modified_gmt":"2024-12-05T11:52:55","slug":"contact","status":"publish","type":"page","link":"https:\/\/robos.com.tr\/en\/contact\/","title":{"rendered":"\u0130leti\u015fim"},"content":{"rendered":"<p>[vc_row type=&#8221;full-width-content&#8221; css=&#8221;.vc_custom_1457082143288{margin-bottom: 0px !important;}&#8221;][vc_column][rev_slider_vc alias=&#8221;iletisim&#8221;][\/vc_column][\/vc_row][vc_row type=&#8221;full-width-content&#8221; equal_height=&#8221;yes&#8221; css=&#8221;.vc_custom_1485439426526{margin-top: 0px !important;margin-bottom: 0px !important;padding-top: 0px !important;}&#8221;][vc_column width=&#8221;1\/2&#8243; css=&#8221;.vc_custom_1432457862905{background-color: #a1b1bc !important;}&#8221;][vc_gmaps link=&#8221;#E-8_JTNDaWZyYW1lJTIwc3JjJTNEJTIyaHR0cHMlM0ElMkYlMkZ3d3cuZ29vZ2xlLmNvbSUyRm1hcHMlMkZlbWJlZCUzRnBiJTNEJTIxMW0xOCUyMTFtMTIlMjExbTMlMjExZDMwNTYuODc4NTkzNTk2Njg5JTIxMmQzMi43NDUwMjAzMTU4NDQzNSUyMTNkMzkuOTg4ODE4Mzc5NDE3MzElMjEybTMlMjExZjAlMjEyZjAlMjEzZjAlMjEzbTIlMjExaTEwMjQlMjEyaTc2OCUyMTRmMTMuMSUyMTNtMyUyMTFtMiUyMTFzMHgxNGQzNDkxNDdiMTcyNTNmJTI1M0EweDVjNzkyODFlN2MwODlhYWUlMjEyc1JvYm9zJTJCQWd2JTIxNWUwJTIxM20yJTIxMXN0ciUyMTJzdHIlMjE0djE1MzgwMzU2NTM0NjQlMjIlMjB3aWR0aCUzRCUyMjYwMCUyMiUyMGhlaWdodCUzRCUyMjQ1MCUyMiUyMGZyYW1lYm9yZGVyJTNEJTIyMCUyMiUyMHN0eWxlJTNEJTIyYm9yZGVyJTNBMCUyMiUyMGFsbG93ZnVsbHNjcmVlbiUzRSUzQyUyRmlmcmFtZSUzRQ==&#8221;][\/vc_column][vc_column width=&#8221;1\/2&#8243; css=&#8221;.vc_custom_1468580474749{padding-right: 20px !important;padding-left: 40px !important;background-color: #cc0000 !important;}&#8221;][vc_empty_space height=&#8221;30px&#8221;][vc_custom_heading text=&#8221;ROBOS M\u00fchendislik San. ve Tic. Ltd. \u015eti.&#8221; font_container=&#8221;tag:h2|font_size:30|text_align:left|color:%23ffffff|line_height:32px&#8221; google_fonts=&#8221;font_family:Open%20Sans%3A300%2C300italic%2Cregular%2Citalic%2C600%2C600italic%2C700%2C700italic%2C800%2C800italic|font_style:600%20bold%20regular%3A600%3Anormal&#8221; css=&#8221;.vc_custom_1538035515167{padding-top: 30px !important;padding-bottom: 0px !important;}&#8221; el_class=&#8221;text_uppercase letterspacing-2-5&#8243;]<style type=\"text\/css\" >#l_7q771kd2l5mqpsg6e9hp{width:50px;}#l_7q771kd2l5mqpsg6e9hp.sc_line ,#l_7q771kd2l5mqpsg6e9hp .sc_line {border-top:3px solid #ffffff;}#l_7q771kd2l5mqpsg6e9hp {margin:0px 0 0px 0; padding:0;}<\/style><div class=\"clearfix\"><\/div><div id=\"l_7q771kd2l5mqpsg6e9hp\"  class=\"sc_line rd_line_bold\" ><\/div>[vc_empty_space height=&#8221;10px&#8221;][vc_column_text]<span style=\"color: #ffffff;\"><strong>Adres:<\/strong> \u0130vedik OSB Serhat Mah.<br \/>\n1403. Sok. No:39<\/span><br \/>\n<span style=\"color: #ffffff;\">Yenimahalle\/ANKARA<\/span><\/p>\n<p><span style=\"color: #ffffff;\"><strong>Telefon :<\/strong> +90 312 286 65 33 <\/span><\/p>\n<p><span style=\"color: #ffffff;\"><strong>Faks :<\/strong> +90 312 285 07 18 <\/span><\/p>\n<p><span style=\"color: #ffffff;\"><strong>e-Posta :<\/strong>\u00a0info@robos.com.tr<\/span>[\/vc_column_text][vc_empty_space height=&#8221;120px&#8221;][\/vc_column][\/vc_row][vc_row css=&#8221;.vc_custom_1432462190579{margin-bottom: 0px !important;padding-top: 85px !important;padding-bottom: 50px !important;}&#8221;][vc_column][vc_row_inner css=&#8221;.vc_custom_1432462466896{margin-bottom: 0px !important;}&#8221;][vc_column_inner width=&#8221;1\/6&#8243;][\/vc_column_inner][vc_column_inner width=&#8221;2\/3&#8243;]<style type=\"text\/css\" >#rd_vaj4botwgdnzso1rgugg .wpcf7,#rd_vaj4botwgdnzso1rgugg input:not([type=submit]):not([type=checkbox]),#rd_vaj4botwgdnzso1rgugg textarea,#rd_vaj4botwgdnzso1rgugg .wpcf7 select,#rd_vaj4botwgdnzso1rgugg .wpcf7 input[type=\"checkbox\"]:checked{color:#3d404b;}#rd_vaj4botwgdnzso1rgugg .wpcf7 input[type=\"checkbox\"]{background:rgba(0,0,0,0); color:rgba(0,0,0,0);}#rd_vaj4botwgdnzso1rgugg .wpcf7 {font-family:\"Raleway\"; font-size:12px; letter-spacing:1.5px; text-transform:uppercase;}#rd_vaj4botwgdnzso1rgugg .wpcf7 {font-weight:900;}#rd_vaj4botwgdnzso1rgugg .wpcf7 input[type=submit]{font-size:14px; font-weight:800; font-family:\"Raleway\"; border-radius:0px; padding:17px 15px 18px; border:2px solid; letter-spacing: 1.5px; margin-top:13px; width:100%;}#rd_vaj4botwgdnzso1rgugg .wpcf7 input[type=submit]:hover {background:#2f2933; border-color:#2f2933; color:#ffffff !important;}#rd_vaj4botwgdnzso1rgugg .wpcf7 input:not([type=submit]):not([type=checkbox]),#rd_vaj4botwgdnzso1rgugg textarea,#rd_vaj4botwgdnzso1rgugg .wpcf7 select{border-radius:0px;}#rd_vaj4botwgdnzso1rgugg .wpcf7 input:not([type=submit]),#rd_vaj4botwgdnzso1rgugg textarea,#rd_vaj4botwgdnzso1rgugg .wpcf7 input[type=submit],#rd_vaj4botwgdnzso1rgugg .wpcf7 select{margin-top:3px;}#rd_vaj4botwgdnzso1rgugg p{margin-bottom:23px;}#rd_vaj4botwgdnzso1rgugg .wpcf7 input:not([type=submit]):not([type=checkbox]),#rd_vaj4botwgdnzso1rgugg .wpcf7  textarea,#rd_vaj4botwgdnzso1rgugg .wpcf7 select{border:1px solid #ebebeb; background:#fbfbfc;}#rd_vaj4botwgdnzso1rgugg .wpcf7 input[type=submit]{background:#ffffff; color:#2f2933 !important;}<\/style><div id=\"rd_vaj4botwgdnzso1rgugg\" class=\"\">\n<div class=\"wpcf7 no-js\" id=\"wpcf7-f723-o1\" lang=\"tr-TR\" dir=\"ltr\" data-wpcf7-id=\"723\">\n<div class=\"screen-reader-response\"><p role=\"status\" aria-live=\"polite\" aria-atomic=\"true\"><\/p> <ul><\/ul><\/div>\n<form action=\"\/en\/wp-json\/wp\/v2\/pages\/1006#wpcf7-f723-o1\" method=\"post\" class=\"wpcf7-form init\" aria-label=\"\u0130leti\u015fim Formu\" novalidate=\"novalidate\" data-status=\"init\">\n<div style=\"display: none;\">\n<input type=\"hidden\" name=\"_wpcf7\" value=\"723\" \/>\n<input type=\"hidden\" name=\"_wpcf7_version\" value=\"6.0.1\" \/>\n<input type=\"hidden\" name=\"_wpcf7_locale\" value=\"tr_TR\" \/>\n<input type=\"hidden\" name=\"_wpcf7_unit_tag\" value=\"wpcf7-f723-o1\" \/>\n<input type=\"hidden\" name=\"_wpcf7_container_post\" value=\"0\" \/>\n<input type=\"hidden\" name=\"_wpcf7_posted_data_hash\" value=\"\" \/>\n<\/div>\n<p>Ad\u0131n\u0131z (gerekli)\n<\/p>\n<p><span class=\"wpcf7-form-control-wrap\" data-name=\"your-name\"><input size=\"40\" maxlength=\"400\" class=\"wpcf7-form-control wpcf7-text wpcf7-validates-as-required\" aria-required=\"true\" aria-invalid=\"false\" value=\"\" type=\"text\" name=\"your-name\" \/><\/span>\n<\/p>\n<p>E-postan\u0131z (gerekli)\n<\/p>\n<p><span class=\"wpcf7-form-control-wrap\" data-name=\"your-email\"><input size=\"40\" maxlength=\"400\" class=\"wpcf7-form-control wpcf7-email wpcf7-validates-as-required wpcf7-text wpcf7-validates-as-email\" aria-required=\"true\" aria-invalid=\"false\" value=\"\" type=\"email\" name=\"your-email\" \/><\/span>\n<\/p>\n<p>Konu\n<\/p>\n<p><span class=\"wpcf7-form-control-wrap\" data-name=\"your-subject\"><input size=\"40\" maxlength=\"400\" class=\"wpcf7-form-control wpcf7-text\" aria-invalid=\"false\" value=\"\" type=\"text\" name=\"your-subject\" \/><\/span>\n<\/p>\n<p>Mesaj\u0131n\u0131z\n<\/p>\n<p><span class=\"wpcf7-form-control-wrap\" data-name=\"your-message\"><textarea cols=\"40\" rows=\"10\" maxlength=\"2000\" class=\"wpcf7-form-control wpcf7-textarea\" aria-invalid=\"false\" name=\"your-message\"><\/textarea><\/span>\n<\/p>\n<p><input class=\"wpcf7-form-control wpcf7-submit has-spinner\" type=\"submit\" value=\"G\u00f6nder\" \/>\n<\/p><div class=\"wpcf7-response-output\" aria-hidden=\"true\"><\/div>\n<\/form>\n<\/div>\n<\/div>[\/vc_column_inner][vc_column_inner width=&#8221;1\/6&#8243;][\/vc_column_inner][\/vc_row_inner][\/vc_column][\/vc_row]<\/p>\n","protected":false},"excerpt":{"rendered":"<p>[vc_row type=&#8221;full-width-content&#8221; css=&#8221;.vc_custom_1457082143288{margin-bottom: 0px !important;}&#8221;][vc_column][rev_slider_vc alias=&#8221;iletisim&#8221;][\/vc_column][\/vc_row][vc_row type=&#8221;full-width-content&#8221; equal_height=&#8221;yes&#8221; css=&#8221;.vc_custom_1485439426526{margin-top: 0px !important;margin-bottom: 0px !important;padding-top: 0px !important;}&#8221;][vc_column width=&#8221;1\/2&#8243; css=&#8221;.vc_custom_1432457862905{background-color: #a1b1bc !important;}&#8221;][vc_gmaps link=&#8221;#E-8_JTNDaWZyYW1lJTIwc3JjJTNEJTIyaHR0cHMlM0ElMkYlMkZ3d3cuZ29vZ2xlLmNvbSUyRm1hcHMlMkZlbWJlZCUzRnBiJTNEJTIxMW0xOCUyMTFtMTIlMjExbTMlMjExZDMwNTYuODc4NTkzNTk2Njg5JTIxMmQzMi43NDUwMjAzMTU4NDQzNSUyMTNkMzkuOTg4ODE4Mzc5NDE3MzElMjEybTMlMjExZjAlMjEyZjAlMjEzZjAlMjEzbTIlMjExaTEwMjQlMjEyaTc2OCUyMTRmMTMuMSUyMTNtMyUyMTFtMiUyMTFzMHgxNGQzNDkxNDdiMTcyNTNmJTI1M0EweDVjNzkyODFlN2MwODlhYWUlMjEyc1JvYm9zJTJCQWd2JTIxNWUwJTIxM20yJTIxMXN0ciUyMTJzdHIlMjE0djE1MzgwMzU2NTM0NjQlMjIlMjB3aWR0aCUzRCUyMjYwMCUyMiUyMGhlaWdodCUzRCUyMjQ1MCUyMiUyMGZyYW1lYm9yZGVyJTNEJTIyMCUyMiUyMHN0eWxlJTNEJTIyYm9yZGVyJTNBMCUyMiUyMGFsbG93ZnVsbHNjcmVlbiUzRSUzQyUyRmlmcmFtZSUzRQ==&#8221;][\/vc_column][vc_column width=&#8221;1\/2&#8243; css=&#8221;.vc_custom_1468580474749{padding-right: 20px !important;padding-left: 40px !important;background-color: #cc0000 !important;}&#8221;][vc_empty_space height=&#8221;30px&#8221;][vc_custom_heading text=&#8221;ROBOS M\u00fchendislik San. ve Tic. Ltd. \u015eti.&#8221; font_container=&#8221;tag:h2|font_size:30|text_align:left|color:%23ffffff|line_height:32px&#8221; google_fonts=&#8221;font_family:Open%20Sans%3A300%2C300italic%2Cregular%2Citalic%2C600%2C600italic%2C700%2C700italic%2C800%2C800italic|font_style:600%20bold%20regular%3A600%3Anormal&#8221; css=&#8221;.vc_custom_1538035515167{padding-top: 30px !important;padding-bottom: 0px !important;}&#8221; el_class=&#8221;text_uppercase letterspacing-2-5&#8243;][vc_empty_space height=&#8221;10px&#8221;][vc_column_text]Adres: \u0130vedik OSB Serhat Mah. 1403. Sok. No:39 Yenimahalle\/ANKARA Telefon<br \/><a href=\"https:\/\/robos.com.tr\/en\/contact\/\" class=\"more\">Read more<\/a><\/p>\n","protected":false},"author":1,"featured_media":0,"parent":0,"menu_order":21,"comment_status":"closed","ping_status":"open","template":"","meta":{"om_disable_all_campaigns":false,"_monsterinsights_skip_tracking":false,"_monsterinsights_sitenote_active":false,"_monsterinsights_sitenote_note":"","_monsterinsights_sitenote_category":0,"_uf_show_specific_survey":0,"_uf_disable_surveys":false,"footnotes":""},"class_list":["post-1006","page","type-page","status-publish","hentry"],"yoast_head":"<!-- This site is optimized with the Yoast SEO plugin v24.0 - https:\/\/yoast.com\/wordpress\/plugins\/seo\/ -->\n<title>\u0130leti\u015fim - ROBOS<\/title>\n<meta name=\"description\" content=\"Adres: \u0130vedik OSB Serhat Mah. 1403. Sok. No:39 Yenimahalle\/ANKARA - Telefon : +90 312 286 65 33 - e-Posta : bilgi@trsim.com.tr\" \/>\n<meta name=\"robots\" content=\"index, follow, max-snippet:-1, max-image-preview:large, max-video-preview:-1\" \/>\n<link rel=\"canonical\" href=\"https:\/\/robos.com.tr\/en\/contact\/\" \/>\n<meta property=\"og:locale\" content=\"en_US\" \/>\n<meta property=\"og:type\" content=\"article\" \/>\n<meta property=\"og:title\" content=\"\u0130leti\u015fim - ROBOS\" \/>\n<meta property=\"og:description\" content=\"Adres: \u0130vedik OSB Serhat Mah. 1403. Sok. No:39 Yenimahalle\/ANKARA - Telefon : +90 312 286 65 33 - e-Posta : bilgi@trsim.com.tr\" \/>\n<meta property=\"og:url\" content=\"https:\/\/robos.com.tr\/en\/contact\/\" \/>\n<meta property=\"og:site_name\" content=\"ROBOS\" \/>\n<meta property=\"article:modified_time\" content=\"2024-12-05T11:52:55+00:00\" \/>\n<meta name=\"twitter:card\" content=\"summary_large_image\" \/>\n<meta name=\"twitter:label1\" content=\"Est. reading time\" \/>\n\t<meta name=\"twitter:data1\" content=\"2 minutes\" \/>\n<script type=\"application\/ld+json\" class=\"yoast-schema-graph\">{\"@context\":\"https:\/\/schema.org\",\"@graph\":[{\"@type\":\"WebPage\",\"@id\":\"https:\/\/robos.com.tr\/en\/contact\/\",\"url\":\"https:\/\/robos.com.tr\/en\/contact\/\",\"name\":\"\u0130leti\u015fim - ROBOS\",\"isPartOf\":{\"@id\":\"https:\/\/robos.com.tr\/#website\"},\"datePublished\":\"2015-05-24T08:54:58+00:00\",\"dateModified\":\"2024-12-05T11:52:55+00:00\",\"description\":\"Adres: \u0130vedik OSB Serhat Mah. 1403. Sok. No:39 Yenimahalle\/ANKARA - Telefon : +90 312 286 65 33 - e-Posta : bilgi@trsim.com.tr\",\"breadcrumb\":{\"@id\":\"https:\/\/robos.com.tr\/en\/contact\/#breadcrumb\"},\"inLanguage\":\"en-US\",\"potentialAction\":[{\"@type\":\"ReadAction\",\"target\":[\"https:\/\/robos.com.tr\/en\/contact\/\"]}]},{\"@type\":\"BreadcrumbList\",\"@id\":\"https:\/\/robos.com.tr\/en\/contact\/#breadcrumb\",\"itemListElement\":[{\"@type\":\"ListItem\",\"position\":1,\"name\":\"Home\",\"item\":\"https:\/\/robos.com.tr\/en\/\"},{\"@type\":\"ListItem\",\"position\":2,\"name\":\"\u0130leti\u015fim\"}]},{\"@type\":\"WebSite\",\"@id\":\"https:\/\/robos.com.tr\/#website\",\"url\":\"https:\/\/robos.com.tr\/\",\"name\":\"ROBOS\",\"description\":\"Automated Guided Vehicles\",\"publisher\":{\"@id\":\"https:\/\/robos.com.tr\/#organization\"},\"potentialAction\":[{\"@type\":\"SearchAction\",\"target\":{\"@type\":\"EntryPoint\",\"urlTemplate\":\"https:\/\/robos.com.tr\/?s={search_term_string}\"},\"query-input\":{\"@type\":\"PropertyValueSpecification\",\"valueRequired\":true,\"valueName\":\"search_term_string\"}}],\"inLanguage\":\"en-US\"},{\"@type\":\"Organization\",\"@id\":\"https:\/\/robos.com.tr\/#organization\",\"name\":\"ROBOS\",\"url\":\"https:\/\/robos.com.tr\/\",\"logo\":{\"@type\":\"ImageObject\",\"inLanguage\":\"en-US\",\"@id\":\"https:\/\/robos.com.tr\/#\/schema\/logo\/image\/\",\"url\":\"https:\/\/robos.com.tr\/wp-content\/uploads\/2022\/02\/Logo.png\",\"contentUrl\":\"https:\/\/robos.com.tr\/wp-content\/uploads\/2022\/02\/Logo.png\",\"width\":463,\"height\":70,\"caption\":\"ROBOS\"},\"image\":{\"@id\":\"https:\/\/robos.com.tr\/#\/schema\/logo\/image\/\"},\"sameAs\":[\"https:\/\/www.linkedin.com\/company\/robos\/\",\"https:\/\/www.youtube.com\/@robosagv4304\"]}]}<\/script>\n<!-- \/ Yoast SEO plugin. -->","yoast_head_json":{"title":"\u0130leti\u015fim - ROBOS","description":"Adres: \u0130vedik OSB Serhat Mah. 1403. Sok. No:39 Yenimahalle\/ANKARA - Telefon : +90 312 286 65 33 - e-Posta : bilgi@trsim.com.tr","robots":{"index":"index","follow":"follow","max-snippet":"max-snippet:-1","max-image-preview":"max-image-preview:large","max-video-preview":"max-video-preview:-1"},"canonical":"https:\/\/robos.com.tr\/en\/contact\/","og_locale":"en_US","og_type":"article","og_title":"\u0130leti\u015fim - ROBOS","og_description":"Adres: \u0130vedik OSB Serhat Mah. 1403. Sok. No:39 Yenimahalle\/ANKARA - Telefon : +90 312 286 65 33 - e-Posta : bilgi@trsim.com.tr","og_url":"https:\/\/robos.com.tr\/en\/contact\/","og_site_name":"ROBOS","article_modified_time":"2024-12-05T11:52:55+00:00","twitter_card":"summary_large_image","twitter_misc":{"Est. reading time":"2 minutes"},"schema":{"@context":"https:\/\/schema.org","@graph":[{"@type":"WebPage","@id":"https:\/\/robos.com.tr\/en\/contact\/","url":"https:\/\/robos.com.tr\/en\/contact\/","name":"\u0130leti\u015fim - ROBOS","isPartOf":{"@id":"https:\/\/robos.com.tr\/#website"},"datePublished":"2015-05-24T08:54:58+00:00","dateModified":"2024-12-05T11:52:55+00:00","description":"Adres: \u0130vedik OSB Serhat Mah. 1403. Sok. No:39 Yenimahalle\/ANKARA - Telefon : +90 312 286 65 33 - e-Posta : bilgi@trsim.com.tr","breadcrumb":{"@id":"https:\/\/robos.com.tr\/en\/contact\/#breadcrumb"},"inLanguage":"en-US","potentialAction":[{"@type":"ReadAction","target":["https:\/\/robos.com.tr\/en\/contact\/"]}]},{"@type":"BreadcrumbList","@id":"https:\/\/robos.com.tr\/en\/contact\/#breadcrumb","itemListElement":[{"@type":"ListItem","position":1,"name":"Home","item":"https:\/\/robos.com.tr\/en\/"},{"@type":"ListItem","position":2,"name":"\u0130leti\u015fim"}]},{"@type":"WebSite","@id":"https:\/\/robos.com.tr\/#website","url":"https:\/\/robos.com.tr\/","name":"ROBOS","description":"Automated Guided Vehicles","publisher":{"@id":"https:\/\/robos.com.tr\/#organization"},"potentialAction":[{"@type":"SearchAction","target":{"@type":"EntryPoint","urlTemplate":"https:\/\/robos.com.tr\/?s={search_term_string}"},"query-input":{"@type":"PropertyValueSpecification","valueRequired":true,"valueName":"search_term_string"}}],"inLanguage":"en-US"},{"@type":"Organization","@id":"https:\/\/robos.com.tr\/#organization","name":"ROBOS","url":"https:\/\/robos.com.tr\/","logo":{"@type":"ImageObject","inLanguage":"en-US","@id":"https:\/\/robos.com.tr\/#\/schema\/logo\/image\/","url":"https:\/\/robos.com.tr\/wp-content\/uploads\/2022\/02\/Logo.png","contentUrl":"https:\/\/robos.com.tr\/wp-content\/uploads\/2022\/02\/Logo.png","width":463,"height":70,"caption":"ROBOS"},"image":{"@id":"https:\/\/robos.com.tr\/#\/schema\/logo\/image\/"},"sameAs":["https:\/\/www.linkedin.com\/company\/robos\/","https:\/\/www.youtube.com\/@robosagv4304"]}]}},"_links":{"self":[{"href":"https:\/\/robos.com.tr\/en\/wp-json\/wp\/v2\/pages\/1006","targetHints":{"allow":["GET"]}}],"collection":[{"href":"https:\/\/robos.com.tr\/en\/wp-json\/wp\/v2\/pages"}],"about":[{"href":"https:\/\/robos.com.tr\/en\/wp-json\/wp\/v2\/types\/page"}],"author":[{"embeddable":true,"href":"https:\/\/robos.com.tr\/en\/wp-json\/wp\/v2\/users\/1"}],"replies":[{"embeddable":true,"href":"https:\/\/robos.com.tr\/en\/wp-json\/wp\/v2\/comments?post=1006"}],"version-history":[{"count":10,"href":"https:\/\/robos.com.tr\/en\/wp-json\/wp\/v2\/pages\/1006\/revisions"}],"predecessor-version":[{"id":2977,"href":"https:\/\/robos.com.tr\/en\/wp-json\/wp\/v2\/pages\/1006\/revisions\/2977"}],"wp:attachment":[{"href":"https:\/\/robos.com.tr\/en\/wp-json\/wp\/v2\/media?parent=1006"}],"curies":[{"name":"wp","href":"https:\/\/api.w.org\/{rel}","templated":true}]}}