{"id":1011,"date":"2016-06-29T16:19:32","date_gmt":"2016-06-29T13:19:32","guid":{"rendered":"http:\/\/robos.com.tr\/?page_id=1011\/"},"modified":"2024-12-05T13:51:56","modified_gmt":"2024-12-05T10:51:56","slug":"urunler","status":"publish","type":"page","link":"https:\/\/robos.com.tr\/en\/urunler\/","title":{"rendered":"\u00dcR\u00dcNLER\u0130M\u0130Z"},"content":{"rendered":"<p>[vc_row][vc_column][vc_custom_heading text=&#8221;<strong>ROBOS AGV &#8211; AMR <\/strong>&#8221; font_container=&#8221;tag:h2|font_size:35|text_align:center&#8221; google_fonts=&#8221;font_family:Open%20Sans%3A300%2C300italic%2Cregular%2Citalic%2C600%2C600italic%2C700%2C700italic%2C800%2C800italic|font_style:600%20bold%20italic%3A600%3Aitalic&#8221;][vc_custom_heading text=&#8221;Otomatik Y\u00f6nlendirmeli Ara\u00e7lar &#8211; Otonom Mobil Robotlar&#8221; font_container=&#8221;tag:h2|font_size:35|text_align:center&#8221; google_fonts=&#8221;font_family:Open%20Sans%3A300%2C300italic%2Cregular%2Citalic%2C600%2C600italic%2C700%2C700italic%2C800%2C800italic|font_style:600%20bold%20italic%3A600%3Aitalic&#8221;][vc_column_text]<\/p>\n<p style=\"text-align: center;\">Her birini, malzeme ta\u015f\u0131ma s\u00fcre\u00e7lerindeki farkl\u0131 ihtiya\u00e7lar\u0131 kar\u015f\u0131lamak i\u00e7in aylar s\u00fcren geli\u015ftirme \u00e7al\u0131\u015fmalar\u0131yla sizin i\u00e7in tasarlad\u0131k.<\/p>\n<p style=\"text-align: center;\">Operasyonlar\u0131n\u0131z\u0131, sekt\u00f6r\u00fcn en g\u00fc\u00e7l\u00fc ekipmanlar\u0131 ve en son teknolojilerle donat\u0131lm\u0131\u015f <strong>ROBOS<\/strong> otomatik y\u00f6nlendirmeli ara\u00e7lar ve otonom mobil robotlar\u0131yla g\u00fc\u00e7lendirin; otomasyon seviyenizi y\u00fckseltin ve maliyetlerinizi d\u00fc\u015f\u00fcr\u00fcn.<\/p>\n<p>[\/vc_column_text][\/vc_column][\/vc_row][vc_row][vc_column]<style type=\"text\/css\" >#l_as9ua1ipuyp3kjgva06w.sc_line ,#l_as9ua1ipuyp3kjgva06w .sc_line { height:1px; background: #0a0a0a; background: -moz-linear-gradient(90deg, #0a0a0a 0%, #0a0a0a 100%); background: -webkit-gradient(linear, left top, right bottom, color-stop(0%,#0a0a0a), color-stop(100%,#0a0a0a)); background: -webkit-linear-gradient(90deg, #0a0a0a 0%,#0a0a0a 100%); background: -o-linear-gradient(90deg, #0a0a0a 0%,#0a0a0a 100%); background: -ms-linear-gradient(90deg, #0a0a0a 0%,#0a0a0a 100%); background: linear-gradient(90deg, #0a0a0a 0%,#0a0a0a 100%);}#l_as9ua1ipuyp3kjgva06w {margin:0px 0 0px 0; padding:0;}<\/style><div class=\"clearfix\"><\/div><div id=\"l_as9ua1ipuyp3kjgva06w\"  class=\"sc_line rd_line_normal\" ><\/div>[\/vc_column][\/vc_row][vc_row content_placement=&#8221;middle&#8221;][vc_column width=&#8221;1\/2&#8243;][vc_custom_heading text=&#8221;\u00c7ekici AGV &#8211; AMR&#8217;ler&#8221; font_container=&#8221;tag:h2|font_size:28|text_align:left&#8221; google_fonts=&#8221;font_family:Open%20Sans%3A300%2C300italic%2Cregular%2Citalic%2C600%2C600italic%2C700%2C700italic%2C800%2C800italic|font_style:600%20bold%20italic%3A600%3Aitalic&#8221;][vc_single_image image=&#8221;2730&#8243; img_size=&#8221;full&#8221; alignment=&#8221;center&#8221; onclick=&#8221;custom_link&#8221; hover_effect=&#8221;img_play_effect&#8221; link=&#8221;http:\/\/www.robos.com.tr\/tugger\/&#8221;][\/vc_column][vc_column width=&#8221;1\/2&#8243;][vc_custom_heading text=&#8221;Liftli AGV &#8211; AMR&#8217;ler&#8221; font_container=&#8221;tag:h2|font_size:28|text_align:left&#8221; google_fonts=&#8221;font_family:Open%20Sans%3A300%2C300italic%2Cregular%2Citalic%2C600%2C600italic%2C700%2C700italic%2C800%2C800italic|font_style:600%20bold%20italic%3A600%3Aitalic&#8221;][vc_single_image image=&#8221;2742&#8243; img_size=&#8221;full&#8221; alignment=&#8221;center&#8221; onclick=&#8221;custom_link&#8221; hover_effect=&#8221;img_play_effect&#8221; link=&#8221;http:\/\/www.robos.com.tr\/lift\/&#8221;][\/vc_column][\/vc_row][vc_row][vc_column]<style type=\"text\/css\" >#l_uw326errnssyhqb2zjbe.sc_line ,#l_uw326errnssyhqb2zjbe .sc_line { height:1px; background: #0a0a0a; background: -moz-linear-gradient(90deg, #0a0a0a 0%, #0a0a0a 100%); background: -webkit-gradient(linear, left top, right bottom, color-stop(0%,#0a0a0a), color-stop(100%,#0a0a0a)); background: -webkit-linear-gradient(90deg, #0a0a0a 0%,#0a0a0a 100%); background: -o-linear-gradient(90deg, #0a0a0a 0%,#0a0a0a 100%); background: -ms-linear-gradient(90deg, #0a0a0a 0%,#0a0a0a 100%); background: linear-gradient(90deg, #0a0a0a 0%,#0a0a0a 100%);}#l_uw326errnssyhqb2zjbe {margin:0px 0 0px 0; padding:0;}<\/style><div class=\"clearfix\"><\/div><div id=\"l_uw326errnssyhqb2zjbe\"  class=\"sc_line rd_line_normal\" ><\/div>[\/vc_column][\/vc_row][vc_row content_placement=&#8221;middle&#8221;][vc_column width=&#8221;1\/2&#8243;][vc_custom_heading text=&#8221;Pin Mekanizmal\u0131 AGV &#8211; AMR&#8217;ler&#8221; font_container=&#8221;tag:h2|font_size:28|text_align:left&#8221; google_fonts=&#8221;font_family:Open%20Sans%3A300%2C300italic%2Cregular%2Citalic%2C600%2C600italic%2C700%2C700italic%2C800%2C800italic|font_style:600%20bold%20italic%3A600%3Aitalic&#8221;][vc_single_image image=&#8221;2739&#8243; img_size=&#8221;full&#8221; alignment=&#8221;center&#8221; onclick=&#8221;custom_link&#8221; hover_effect=&#8221;img_play_effect&#8221; link=&#8221;http:\/\/www.robos.com.tr\/pinhook\/&#8221;][\/vc_column][vc_column width=&#8221;1\/2&#8243;][vc_custom_heading text=&#8221;Konvey\u00f6rl\u00fc AGV &#8211; AMR&#8217;ler&#8221; font_container=&#8221;tag:h2|font_size:28|text_align:left&#8221; google_fonts=&#8221;font_family:Open%20Sans%3A300%2C300italic%2Cregular%2Citalic%2C600%2C600italic%2C700%2C700italic%2C800%2C800italic|font_style:600%20bold%20italic%3A600%3Aitalic&#8221;][vc_single_image image=&#8221;2736&#8243; img_size=&#8221;full&#8221; alignment=&#8221;center&#8221; onclick=&#8221;custom_link&#8221; hover_effect=&#8221;img_play_effect&#8221; link=&#8221;http:\/\/www.robos.com.tr\/conveyor\/&#8221;][\/vc_column][\/vc_row][vc_row][vc_column]<style type=\"text\/css\" >#l_8y9axthzztyq58cp2nhp.sc_line ,#l_8y9axthzztyq58cp2nhp .sc_line { height:1px; background: #0a0a0a; background: -moz-linear-gradient(90deg, #0a0a0a 0%, #0a0a0a 100%); background: -webkit-gradient(linear, left top, right bottom, color-stop(0%,#0a0a0a), color-stop(100%,#0a0a0a)); background: -webkit-linear-gradient(90deg, #0a0a0a 0%,#0a0a0a 100%); background: -o-linear-gradient(90deg, #0a0a0a 0%,#0a0a0a 100%); background: -ms-linear-gradient(90deg, #0a0a0a 0%,#0a0a0a 100%); background: linear-gradient(90deg, #0a0a0a 0%,#0a0a0a 100%);}#l_8y9axthzztyq58cp2nhp {margin:0px 0 0px 0; padding:0;}<\/style><div class=\"clearfix\"><\/div><div id=\"l_8y9axthzztyq58cp2nhp\"  class=\"sc_line rd_line_normal\" ><\/div>[\/vc_column][\/vc_row][vc_row content_placement=&#8221;middle&#8221;][vc_column width=&#8221;1\/2&#8243;][vc_custom_heading text=&#8221;Transpalet Tipi AGV &#8211; AMR&#8217;ler&#8221; font_container=&#8221;tag:h2|font_size:28|text_align:left&#8221; google_fonts=&#8221;font_family:Open%20Sans%3A300%2C300italic%2Cregular%2Citalic%2C600%2C600italic%2C700%2C700italic%2C800%2C800italic|font_style:600%20bold%20italic%3A600%3Aitalic&#8221;][vc_single_image image=&#8221;2745&#8243; img_size=&#8221;full&#8221; alignment=&#8221;center&#8221; onclick=&#8221;custom_link&#8221; hover_effect=&#8221;img_play_effect&#8221; link=&#8221;http:\/\/www.robos.com.tr\/transpallet\/&#8221;][\/vc_column][vc_column width=&#8221;1\/2&#8243;][vc_custom_heading text=&#8221;Forklift Tipi AGV &#8211; AMR&#8217;ler&#8221; font_container=&#8221;tag:h2|font_size:28|text_align:left&#8221; google_fonts=&#8221;font_family:Open%20Sans%3A300%2C300italic%2Cregular%2Citalic%2C600%2C600italic%2C700%2C700italic%2C800%2C800italic|font_style:600%20bold%20italic%3A600%3Aitalic&#8221;][vc_single_image image=&#8221;2733&#8243; img_size=&#8221;full&#8221; alignment=&#8221;center&#8221; onclick=&#8221;custom_link&#8221; hover_effect=&#8221;img_play_effect&#8221; link=&#8221;http:\/\/www.robos.com.tr\/forklift\/&#8221;][\/vc_column][\/vc_row]<\/p>\n","protected":false},"excerpt":{"rendered":"<p>[vc_row][vc_column][vc_custom_heading text=&#8221;ROBOS AGV &#8211; AMR &#8221; font_container=&#8221;tag:h2|font_size:35|text_align:center&#8221; google_fonts=&#8221;font_family:Open%20Sans%3A300%2C300italic%2Cregular%2Citalic%2C600%2C600italic%2C700%2C700italic%2C800%2C800italic|font_style:600%20bold%20italic%3A600%3Aitalic&#8221;][vc_custom_heading text=&#8221;Otomatik Y\u00f6nlendirmeli Ara\u00e7lar &#8211; Otonom Mobil Robotlar&#8221; font_container=&#8221;tag:h2|font_size:35|text_align:center&#8221; google_fonts=&#8221;font_family:Open%20Sans%3A300%2C300italic%2Cregular%2Citalic%2C600%2C600italic%2C700%2C700italic%2C800%2C800italic|font_style:600%20bold%20italic%3A600%3Aitalic&#8221;][vc_column_text] Her birini, malzeme ta\u015f\u0131ma s\u00fcre\u00e7lerindeki farkl\u0131 ihtiya\u00e7lar\u0131 kar\u015f\u0131lamak i\u00e7in aylar s\u00fcren geli\u015ftirme \u00e7al\u0131\u015fmalar\u0131yla sizin i\u00e7in tasarlad\u0131k. Operasyonlar\u0131n\u0131z\u0131, sekt\u00f6r\u00fcn en g\u00fc\u00e7l\u00fc ekipmanlar\u0131 ve en son teknolojilerle donat\u0131lm\u0131\u015f ROBOS otomatik y\u00f6nlendirmeli ara\u00e7lar ve otonom mobil robotlar\u0131yla g\u00fc\u00e7lendirin; otomasyon seviyenizi y\u00fckseltin<br \/><a href=\"https:\/\/robos.com.tr\/en\/urunler\/\" class=\"more\">Read more<\/a><\/p>\n","protected":false},"author":1,"featured_media":0,"parent":0,"menu_order":14,"comment_status":"closed","ping_status":"closed","template":"","meta":{"om_disable_all_campaigns":false,"_monsterinsights_skip_tracking":false,"_monsterinsights_sitenote_active":false,"_monsterinsights_sitenote_note":"","_monsterinsights_sitenote_category":0,"_uf_show_specific_survey":0,"_uf_disable_surveys":false,"footnotes":""},"class_list":["post-1011","page","type-page","status-publish","hentry"],"yoast_head":"<!-- This site is optimized with the Yoast SEO plugin v24.0 - https:\/\/yoast.com\/wordpress\/plugins\/seo\/ -->\n<title>\u00dcR\u00dcNLER\u0130M\u0130Z - ROBOS<\/title>\n<meta name=\"description\" content=\"Sizin y\u00fck\u00fcn\u00fcz i\u00e7in de mutlaka uygun bir ROBOS AGV vard\u0131r.\" \/>\n<meta name=\"robots\" content=\"index, follow, max-snippet:-1, max-image-preview:large, max-video-preview:-1\" \/>\n<link rel=\"canonical\" href=\"https:\/\/robos.com.tr\/en\/urunler\/\" \/>\n<meta property=\"og:locale\" content=\"en_US\" \/>\n<meta property=\"og:type\" content=\"article\" \/>\n<meta property=\"og:title\" content=\"\u00dcR\u00dcNLER\u0130M\u0130Z - ROBOS\" \/>\n<meta property=\"og:description\" content=\"Sizin y\u00fck\u00fcn\u00fcz i\u00e7in de mutlaka uygun bir ROBOS AGV vard\u0131r.\" \/>\n<meta property=\"og:url\" content=\"https:\/\/robos.com.tr\/en\/urunler\/\" \/>\n<meta property=\"og:site_name\" content=\"ROBOS\" \/>\n<meta property=\"article:modified_time\" content=\"2024-12-05T10:51:56+00:00\" \/>\n<meta name=\"twitter:card\" content=\"summary_large_image\" \/>\n<meta name=\"twitter:label1\" content=\"Est. reading time\" \/>\n\t<meta name=\"twitter:data1\" content=\"3 minutes\" \/>\n<script type=\"application\/ld+json\" class=\"yoast-schema-graph\">{\"@context\":\"https:\/\/schema.org\",\"@graph\":[{\"@type\":\"WebPage\",\"@id\":\"https:\/\/robos.com.tr\/en\/urunler\/\",\"url\":\"https:\/\/robos.com.tr\/en\/urunler\/\",\"name\":\"\u00dcR\u00dcNLER\u0130M\u0130Z - ROBOS\",\"isPartOf\":{\"@id\":\"https:\/\/robos.com.tr\/#website\"},\"datePublished\":\"2016-06-29T13:19:32+00:00\",\"dateModified\":\"2024-12-05T10:51:56+00:00\",\"description\":\"Sizin y\u00fck\u00fcn\u00fcz i\u00e7in de mutlaka uygun bir ROBOS AGV vard\u0131r.\",\"breadcrumb\":{\"@id\":\"https:\/\/robos.com.tr\/en\/urunler\/#breadcrumb\"},\"inLanguage\":\"en-US\",\"potentialAction\":[{\"@type\":\"ReadAction\",\"target\":[\"https:\/\/robos.com.tr\/en\/urunler\/\"]}]},{\"@type\":\"BreadcrumbList\",\"@id\":\"https:\/\/robos.com.tr\/en\/urunler\/#breadcrumb\",\"itemListElement\":[{\"@type\":\"ListItem\",\"position\":1,\"name\":\"Home\",\"item\":\"https:\/\/robos.com.tr\/en\/\"},{\"@type\":\"ListItem\",\"position\":2,\"name\":\"\u00dcR\u00dcNLER\u0130M\u0130Z\"}]},{\"@type\":\"WebSite\",\"@id\":\"https:\/\/robos.com.tr\/#website\",\"url\":\"https:\/\/robos.com.tr\/\",\"name\":\"ROBOS\",\"description\":\"Automated Guided Vehicles\",\"publisher\":{\"@id\":\"https:\/\/robos.com.tr\/#organization\"},\"potentialAction\":[{\"@type\":\"SearchAction\",\"target\":{\"@type\":\"EntryPoint\",\"urlTemplate\":\"https:\/\/robos.com.tr\/?s={search_term_string}\"},\"query-input\":{\"@type\":\"PropertyValueSpecification\",\"valueRequired\":true,\"valueName\":\"search_term_string\"}}],\"inLanguage\":\"en-US\"},{\"@type\":\"Organization\",\"@id\":\"https:\/\/robos.com.tr\/#organization\",\"name\":\"ROBOS\",\"url\":\"https:\/\/robos.com.tr\/\",\"logo\":{\"@type\":\"ImageObject\",\"inLanguage\":\"en-US\",\"@id\":\"https:\/\/robos.com.tr\/#\/schema\/logo\/image\/\",\"url\":\"https:\/\/robos.com.tr\/wp-content\/uploads\/2022\/02\/Logo.png\",\"contentUrl\":\"https:\/\/robos.com.tr\/wp-content\/uploads\/2022\/02\/Logo.png\",\"width\":463,\"height\":70,\"caption\":\"ROBOS\"},\"image\":{\"@id\":\"https:\/\/robos.com.tr\/#\/schema\/logo\/image\/\"},\"sameAs\":[\"https:\/\/www.linkedin.com\/company\/robos\/\",\"https:\/\/www.youtube.com\/@robosagv4304\"]}]}<\/script>\n<!-- \/ Yoast SEO plugin. -->","yoast_head_json":{"title":"\u00dcR\u00dcNLER\u0130M\u0130Z - ROBOS","description":"Sizin y\u00fck\u00fcn\u00fcz i\u00e7in de mutlaka uygun bir ROBOS AGV vard\u0131r.","robots":{"index":"index","follow":"follow","max-snippet":"max-snippet:-1","max-image-preview":"max-image-preview:large","max-video-preview":"max-video-preview:-1"},"canonical":"https:\/\/robos.com.tr\/en\/urunler\/","og_locale":"en_US","og_type":"article","og_title":"\u00dcR\u00dcNLER\u0130M\u0130Z - ROBOS","og_description":"Sizin y\u00fck\u00fcn\u00fcz i\u00e7in de mutlaka uygun bir ROBOS AGV vard\u0131r.","og_url":"https:\/\/robos.com.tr\/en\/urunler\/","og_site_name":"ROBOS","article_modified_time":"2024-12-05T10:51:56+00:00","twitter_card":"summary_large_image","twitter_misc":{"Est. reading time":"3 minutes"},"schema":{"@context":"https:\/\/schema.org","@graph":[{"@type":"WebPage","@id":"https:\/\/robos.com.tr\/en\/urunler\/","url":"https:\/\/robos.com.tr\/en\/urunler\/","name":"\u00dcR\u00dcNLER\u0130M\u0130Z - ROBOS","isPartOf":{"@id":"https:\/\/robos.com.tr\/#website"},"datePublished":"2016-06-29T13:19:32+00:00","dateModified":"2024-12-05T10:51:56+00:00","description":"Sizin y\u00fck\u00fcn\u00fcz i\u00e7in de mutlaka uygun bir ROBOS AGV vard\u0131r.","breadcrumb":{"@id":"https:\/\/robos.com.tr\/en\/urunler\/#breadcrumb"},"inLanguage":"en-US","potentialAction":[{"@type":"ReadAction","target":["https:\/\/robos.com.tr\/en\/urunler\/"]}]},{"@type":"BreadcrumbList","@id":"https:\/\/robos.com.tr\/en\/urunler\/#breadcrumb","itemListElement":[{"@type":"ListItem","position":1,"name":"Home","item":"https:\/\/robos.com.tr\/en\/"},{"@type":"ListItem","position":2,"name":"\u00dcR\u00dcNLER\u0130M\u0130Z"}]},{"@type":"WebSite","@id":"https:\/\/robos.com.tr\/#website","url":"https:\/\/robos.com.tr\/","name":"ROBOS","description":"Automated Guided Vehicles","publisher":{"@id":"https:\/\/robos.com.tr\/#organization"},"potentialAction":[{"@type":"SearchAction","target":{"@type":"EntryPoint","urlTemplate":"https:\/\/robos.com.tr\/?s={search_term_string}"},"query-input":{"@type":"PropertyValueSpecification","valueRequired":true,"valueName":"search_term_string"}}],"inLanguage":"en-US"},{"@type":"Organization","@id":"https:\/\/robos.com.tr\/#organization","name":"ROBOS","url":"https:\/\/robos.com.tr\/","logo":{"@type":"ImageObject","inLanguage":"en-US","@id":"https:\/\/robos.com.tr\/#\/schema\/logo\/image\/","url":"https:\/\/robos.com.tr\/wp-content\/uploads\/2022\/02\/Logo.png","contentUrl":"https:\/\/robos.com.tr\/wp-content\/uploads\/2022\/02\/Logo.png","width":463,"height":70,"caption":"ROBOS"},"image":{"@id":"https:\/\/robos.com.tr\/#\/schema\/logo\/image\/"},"sameAs":["https:\/\/www.linkedin.com\/company\/robos\/","https:\/\/www.youtube.com\/@robosagv4304"]}]}},"_links":{"self":[{"href":"https:\/\/robos.com.tr\/en\/wp-json\/wp\/v2\/pages\/1011","targetHints":{"allow":["GET"]}}],"collection":[{"href":"https:\/\/robos.com.tr\/en\/wp-json\/wp\/v2\/pages"}],"about":[{"href":"https:\/\/robos.com.tr\/en\/wp-json\/wp\/v2\/types\/page"}],"author":[{"embeddable":true,"href":"https:\/\/robos.com.tr\/en\/wp-json\/wp\/v2\/users\/1"}],"replies":[{"embeddable":true,"href":"https:\/\/robos.com.tr\/en\/wp-json\/wp\/v2\/comments?post=1011"}],"version-history":[{"count":24,"href":"https:\/\/robos.com.tr\/en\/wp-json\/wp\/v2\/pages\/1011\/revisions"}],"predecessor-version":[{"id":2951,"href":"https:\/\/robos.com.tr\/en\/wp-json\/wp\/v2\/pages\/1011\/revisions\/2951"}],"wp:attachment":[{"href":"https:\/\/robos.com.tr\/en\/wp-json\/wp\/v2\/media?parent=1011"}],"curies":[{"name":"wp","href":"https:\/\/api.w.org\/{rel}","templated":true}]}}