{"id":2929,"date":"2023-06-02T18:01:57","date_gmt":"2023-06-02T15:01:57","guid":{"rendered":"https:\/\/robos.com.tr\/conveyor\/"},"modified":"2024-12-05T15:20:57","modified_gmt":"2024-12-05T12:20:57","slug":"konveyorlu-agv-amr","status":"publish","type":"page","link":"https:\/\/robos.com.tr\/en\/konveyorlu-agv-amr\/","title":{"rendered":"Konvey\u00f6rl\u00fc AGV &#8211; AMR&#8217;ler"},"content":{"rendered":"<p>[vc_row][vc_column][vc_custom_heading text=&#8221;<strong>Konvey\u00f6rl\u00fc AGV &#8211; AMR&#8217;ler<\/strong>&#8221; font_container=&#8221;tag:h2|font_size:35|text_align:center&#8221; google_fonts=&#8221;font_family:Open%20Sans%3A300%2C300italic%2Cregular%2Citalic%2C600%2C600italic%2C700%2C700italic%2C800%2C800italic|font_style:600%20bold%20italic%3A600%3Aitalic&#8221;][vc_column_text]<\/p>\n<p style=\"text-align: center;\"><strong>RBS-C<\/strong>, fabrikan\u0131zdaki iki konvey\u00f6r aras\u0131nda malzeme ta\u015f\u0131ma i\u015flemleri i\u00e7in tasarlanm\u0131\u015ft\u0131r.<\/p>\n<p style=\"text-align: center;\">Y\u00fckleme ve bo\u015faltma s\u00fcreci tamamen otomatik oldu\u011fu i\u00e7in otomasyon seviyesini en \u00fcst noktaya ta\u015f\u0131r.<\/p>\n<p>[\/vc_column_text][\/vc_column][\/vc_row][vc_row][vc_column]<style type=\"text\/css\" >#l_qpx09ymsgolb97b5jjk7.sc_line ,#l_qpx09ymsgolb97b5jjk7 .sc_line { height:1px; background: #0a0a0a; background: -moz-linear-gradient(90deg, #0a0a0a 0%, #0a0a0a 100%); background: -webkit-gradient(linear, left top, right bottom, color-stop(0%,#0a0a0a), color-stop(100%,#0a0a0a)); background: -webkit-linear-gradient(90deg, #0a0a0a 0%,#0a0a0a 100%); background: -o-linear-gradient(90deg, #0a0a0a 0%,#0a0a0a 100%); background: -ms-linear-gradient(90deg, #0a0a0a 0%,#0a0a0a 100%); background: linear-gradient(90deg, #0a0a0a 0%,#0a0a0a 100%);}#l_qpx09ymsgolb97b5jjk7 {margin:0px 0 0px 0; padding:0;}<\/style><div class=\"clearfix\"><\/div><div id=\"l_qpx09ymsgolb97b5jjk7\"  class=\"sc_line rd_line_normal\" ><\/div>[\/vc_column][\/vc_row][vc_row][vc_column][vc_video link=&#8221;https:\/\/www.youtube.com\/watch?v=Ym9SdiWNMAI&#8221;][\/vc_column][\/vc_row][vc_row][vc_column]<style type=\"text\/css\" >#l_rxvfkc48rjdwkokm5toe.sc_line ,#l_rxvfkc48rjdwkokm5toe .sc_line { height:1px; background: #0a0a0a; background: -moz-linear-gradient(90deg, #0a0a0a 0%, #0a0a0a 100%); background: -webkit-gradient(linear, left top, right bottom, color-stop(0%,#0a0a0a), color-stop(100%,#0a0a0a)); background: -webkit-linear-gradient(90deg, #0a0a0a 0%,#0a0a0a 100%); background: -o-linear-gradient(90deg, #0a0a0a 0%,#0a0a0a 100%); background: -ms-linear-gradient(90deg, #0a0a0a 0%,#0a0a0a 100%); background: linear-gradient(90deg, #0a0a0a 0%,#0a0a0a 100%);}#l_rxvfkc48rjdwkokm5toe {margin:0px 0 0px 0; padding:0;}<\/style><div class=\"clearfix\"><\/div><div id=\"l_rxvfkc48rjdwkokm5toe\"  class=\"sc_line rd_line_normal\" ><\/div>[\/vc_column][\/vc_row][vc_row content_placement=&#8221;middle&#8221;][vc_column width=&#8221;1\/2&#8243;][vc_single_image image=&#8221;2143&#8243; img_size=&#8221;full&#8221; alignment=&#8221;center&#8221;][\/vc_column][vc_column width=&#8221;1\/2&#8243;][vc_custom_heading text=&#8221;RBS-C05: 500 kg Konvey\u00f6rl\u00fc AGV &#8211; AMR&#8221; font_container=&#8221;tag:h2|font_size:28|text_align:left&#8221; google_fonts=&#8221;font_family:Open%20Sans%3A300%2C300italic%2Cregular%2Citalic%2C600%2C600italic%2C700%2C700italic%2C800%2C800italic|font_style:600%20bold%20italic%3A600%3Aitalic&#8221;][vc_column_text]<\/p>\n<ul>\n<li style=\"list-style-type: none;\">\n<ul>\n<li><strong>Ta\u015f\u0131ma Tipi:<\/strong> Konvey\u00f6r<\/li>\n<li><strong>Tahrik Tipi:<\/strong> Diferansiyel<\/li>\n<li><strong>Y\u00fck Kapasitesi \/ Nominal Y\u00fck:<\/strong> 500 kg<\/li>\n<li><strong>Y\u00fckleme Taban Y\u00fcksekli\u011fi:<\/strong> 500 &#8211; 700 mm<\/li>\n<li><strong>Sens\u00f6r Kulesi ile Y\u00fckseklik:<\/strong> 2.300 mm (Sadece lazer navigasyonu i\u00e7in)<\/li>\n<li><strong>Uzunluk:<\/strong> 1.650 mm<\/li>\n<li><strong>Geni\u015flik:<\/strong> 750 mm<\/li>\n<li><strong>Y\u00fck Y\u00fcksekli\u011fi:<\/strong> 200 &#8211; 1.700 mm<\/li>\n<li><strong>Y\u00fck Uzunlu\u011fu:<\/strong> 500 &#8211; 1.000 mm<\/li>\n<li><strong>Y\u00fck Geni\u015fli\u011fi:<\/strong> 500 &#8211; 1.000 mm<\/li>\n<li><strong>Maksimum Seyahat H\u0131z\u0131:<\/strong> 60 metre\/dakika<\/li>\n<li><strong>Batarya Voltaj\u0131:<\/strong> 48 Volt<\/li>\n<li><strong>\u00d6nerilen Batarya Kapasitesi:<\/strong> 80 Ah<\/li>\n<\/ul>\n<\/li>\n<\/ul>\n<p>[\/vc_column_text][\/vc_column][\/vc_row][vc_row][vc_column]<style type=\"text\/css\" >#l_waqo5qdx38nf6fr7jd5g.sc_line ,#l_waqo5qdx38nf6fr7jd5g .sc_line { height:1px; background: #0a0a0a; background: -moz-linear-gradient(90deg, #0a0a0a 0%, #0a0a0a 100%); background: -webkit-gradient(linear, left top, right bottom, color-stop(0%,#0a0a0a), color-stop(100%,#0a0a0a)); background: -webkit-linear-gradient(90deg, #0a0a0a 0%,#0a0a0a 100%); background: -o-linear-gradient(90deg, #0a0a0a 0%,#0a0a0a 100%); background: -ms-linear-gradient(90deg, #0a0a0a 0%,#0a0a0a 100%); background: linear-gradient(90deg, #0a0a0a 0%,#0a0a0a 100%);}#l_waqo5qdx38nf6fr7jd5g {margin:0px 0 0px 0; padding:0;}<\/style><div class=\"clearfix\"><\/div><div id=\"l_waqo5qdx38nf6fr7jd5g\"  class=\"sc_line rd_line_normal\" ><\/div>[\/vc_column][\/vc_row][vc_row content_placement=&#8221;middle&#8221;][vc_column width=&#8221;1\/2&#8243;][vc_single_image image=&#8221;2137&#8243; img_size=&#8221;full&#8221; alignment=&#8221;center&#8221;][\/vc_column][vc_column width=&#8221;1\/2&#8243;][vc_custom_heading text=&#8221;RBS-C1: 1 Ton Konvey\u00f6rl\u00fc AGV &#8211; AMR&#8221; font_container=&#8221;tag:h2|font_size:28|text_align:left&#8221; google_fonts=&#8221;font_family:Open%20Sans%3A300%2C300italic%2Cregular%2Citalic%2C600%2C600italic%2C700%2C700italic%2C800%2C800italic|font_style:600%20bold%20italic%3A600%3Aitalic&#8221;][vc_column_text]<\/p>\n<ul>\n<li style=\"list-style-type: none;\">\n<ul>\n<li><strong>Ta\u015f\u0131ma Tipi:<\/strong> Konvey\u00f6r<\/li>\n<li><strong>Tahrik Tipi:<\/strong> Diferansiyel<\/li>\n<li><strong>Y\u00fck Kapasitesi \/ Nominal Y\u00fck:<\/strong> 1.000 kg<\/li>\n<li><strong>Y\u00fckleme Taban Y\u00fcksekli\u011fi:<\/strong> 550 &#8211; 750 mm<\/li>\n<li><strong>Sens\u00f6r Kulesi ile Y\u00fckseklik:<\/strong> 2.300 mm (Sadece lazer navigasyonu i\u00e7in)<\/li>\n<li><strong>Uzunluk:<\/strong> 1.650 mm<\/li>\n<li><strong>Geni\u015flik:<\/strong> 1.100 mm<\/li>\n<li><strong>Y\u00fck Y\u00fcksekli\u011fi:<\/strong> 200 &#8211; 1.650 mm<\/li>\n<li><strong>Y\u00fck Uzunlu\u011fu:<\/strong> 500 &#8211; 1.200 mm<\/li>\n<li><strong>Y\u00fck Geni\u015fli\u011fi:<\/strong> 500 &#8211; 1.500 mm<\/li>\n<li><strong>Maksimum Seyahat H\u0131z\u0131:<\/strong> 60 metre\/dakika<\/li>\n<li><strong>Batarya Voltaj\u0131:<\/strong> 48 Volt<\/li>\n<li><strong>\u00d6nerilen Batarya Kapasitesi:<\/strong> 80 Ah<\/li>\n<\/ul>\n<\/li>\n<\/ul>\n<p>[\/vc_column_text][\/vc_column][\/vc_row][vc_row][vc_column]<style type=\"text\/css\" >#l_3x1c1jh7jepbu4vm5nnc.sc_line ,#l_3x1c1jh7jepbu4vm5nnc .sc_line { height:1px; background: #0a0a0a; background: -moz-linear-gradient(90deg, #0a0a0a 0%, #0a0a0a 100%); background: -webkit-gradient(linear, left top, right bottom, color-stop(0%,#0a0a0a), color-stop(100%,#0a0a0a)); background: -webkit-linear-gradient(90deg, #0a0a0a 0%,#0a0a0a 100%); background: -o-linear-gradient(90deg, #0a0a0a 0%,#0a0a0a 100%); background: -ms-linear-gradient(90deg, #0a0a0a 0%,#0a0a0a 100%); background: linear-gradient(90deg, #0a0a0a 0%,#0a0a0a 100%);}#l_3x1c1jh7jepbu4vm5nnc {margin:0px 0 0px 0; padding:0;}<\/style><div class=\"clearfix\"><\/div><div id=\"l_3x1c1jh7jepbu4vm5nnc\"  class=\"sc_line rd_line_normal\" ><\/div>[\/vc_column][\/vc_row][vc_row content_placement=&#8221;middle&#8221;][vc_column width=&#8221;1\/2&#8243;][vc_single_image image=&#8221;2768&#8243; img_size=&#8221;full&#8221; alignment=&#8221;center&#8221;][\/vc_column][vc_column width=&#8221;1\/2&#8243;][vc_custom_heading text=&#8221;RBS-C2: 2 Ton Konvey\u00f6rl\u00fc AGV &#8211; AMR&#8221; font_container=&#8221;tag:h2|font_size:28|text_align:left&#8221; google_fonts=&#8221;font_family:Open%20Sans%3A300%2C300italic%2Cregular%2Citalic%2C600%2C600italic%2C700%2C700italic%2C800%2C800italic|font_style:600%20bold%20italic%3A600%3Aitalic&#8221;][vc_column_text]<\/p>\n<ul>\n<li style=\"list-style-type: none;\">\n<ul>\n<li><strong>Ta\u015f\u0131ma Tipi:<\/strong> Konvey\u00f6r<\/li>\n<li><strong>Tahrik Tipi:<\/strong> Diferansiyel<\/li>\n<li><strong>Y\u00fck Kapasitesi \/ Nominal Y\u00fck:<\/strong> 2.000 kg<\/li>\n<li><strong>Y\u00fckleme Taban Y\u00fcksekli\u011fi:<\/strong> 600 &#8211; 800 mm<\/li>\n<li><strong>Sens\u00f6r Kulesi ile Y\u00fckseklik:<\/strong> 2.300 mm (Sadece lazer navigasyonu i\u00e7in)<\/li>\n<li><strong>Uzunluk:<\/strong> 2.150 mm<\/li>\n<li><strong>Geni\u015flik:<\/strong> 1.100 mm<\/li>\n<li><strong>Y\u00fck Y\u00fcksekli\u011fi:<\/strong> 200 &#8211; 1.600 mm<\/li>\n<li><strong>Y\u00fck Uzunlu\u011fu:<\/strong> 500 &#8211; 1.400 mm<\/li>\n<li><strong>Y\u00fck Geni\u015fli\u011fi:<\/strong> 500 &#8211; 1.500 mm<\/li>\n<li><strong>Maksimum Seyahat H\u0131z\u0131:<\/strong> 60 metre\/dakika<\/li>\n<li><strong>Batarya Voltaj\u0131:<\/strong> 48 Volt<\/li>\n<li><strong>\u00d6nerilen Batarya Kapasitesi:<\/strong> 80 Ah<\/li>\n<\/ul>\n<\/li>\n<\/ul>\n<p>[\/vc_column_text][\/vc_column][\/vc_row][vc_row][vc_column]<style type=\"text\/css\" >#l_60az10yree94zu4cb3h0.sc_line ,#l_60az10yree94zu4cb3h0 .sc_line { height:1px; background: #0a0a0a; background: -moz-linear-gradient(90deg, #0a0a0a 0%, #0a0a0a 100%); background: -webkit-gradient(linear, left top, right bottom, color-stop(0%,#0a0a0a), color-stop(100%,#0a0a0a)); background: -webkit-linear-gradient(90deg, #0a0a0a 0%,#0a0a0a 100%); background: -o-linear-gradient(90deg, #0a0a0a 0%,#0a0a0a 100%); background: -ms-linear-gradient(90deg, #0a0a0a 0%,#0a0a0a 100%); background: linear-gradient(90deg, #0a0a0a 0%,#0a0a0a 100%);}#l_60az10yree94zu4cb3h0 {margin:0px 0 0px 0; padding:0;}<\/style><div class=\"clearfix\"><\/div><div id=\"l_60az10yree94zu4cb3h0\"  class=\"sc_line rd_line_normal\" ><\/div>[\/vc_column][\/vc_row]<\/p>\n","protected":false},"excerpt":{"rendered":"<p>[vc_row][vc_column][vc_custom_heading text=&#8221;Konvey\u00f6rl\u00fc AGV &#8211; AMR&#8217;ler&#8221; font_container=&#8221;tag:h2|font_size:35|text_align:center&#8221; google_fonts=&#8221;font_family:Open%20Sans%3A300%2C300italic%2Cregular%2Citalic%2C600%2C600italic%2C700%2C700italic%2C800%2C800italic|font_style:600%20bold%20italic%3A600%3Aitalic&#8221;][vc_column_text] RBS-C, fabrikan\u0131zdaki iki konvey\u00f6r aras\u0131nda malzeme ta\u015f\u0131ma i\u015flemleri i\u00e7in tasarlanm\u0131\u015ft\u0131r. Y\u00fckleme ve bo\u015faltma s\u00fcreci tamamen otomatik oldu\u011fu i\u00e7in otomasyon seviyesini en \u00fcst noktaya ta\u015f\u0131r. [\/vc_column_text][\/vc_column][\/vc_row][vc_row][vc_column][\/vc_column][\/vc_row][vc_row][vc_column][vc_video link=&#8221;https:\/\/www.youtube.com\/watch?v=Ym9SdiWNMAI&#8221;][\/vc_column][\/vc_row][vc_row][vc_column][\/vc_column][\/vc_row][vc_row content_placement=&#8221;middle&#8221;][vc_column width=&#8221;1\/2&#8243;][vc_single_image image=&#8221;2143&#8243; img_size=&#8221;full&#8221; alignment=&#8221;center&#8221;][\/vc_column][vc_column width=&#8221;1\/2&#8243;][vc_custom_heading text=&#8221;RBS-C05: 500 kg Konvey\u00f6rl\u00fc AGV &#8211; AMR&#8221; font_container=&#8221;tag:h2|font_size:28|text_align:left&#8221; google_fonts=&#8221;font_family:Open%20Sans%3A300%2C300italic%2Cregular%2Citalic%2C600%2C600italic%2C700%2C700italic%2C800%2C800italic|font_style:600%20bold%20italic%3A600%3Aitalic&#8221;][vc_column_text] Ta\u015f\u0131ma Tipi: Konvey\u00f6r Tahrik Tipi: Diferansiyel Y\u00fck<br \/><a href=\"https:\/\/robos.com.tr\/en\/konveyorlu-agv-amr\/\" class=\"more\">Read more<\/a><\/p>\n","protected":false},"author":2,"featured_media":0,"parent":0,"menu_order":0,"comment_status":"closed","ping_status":"closed","template":"","meta":{"om_disable_all_campaigns":false,"_monsterinsights_skip_tracking":false,"_monsterinsights_sitenote_active":false,"_monsterinsights_sitenote_note":"","_monsterinsights_sitenote_category":0,"_uf_show_specific_survey":0,"_uf_disable_surveys":false,"footnotes":""},"class_list":["post-2929","page","type-page","status-publish","hentry"],"yoast_head":"<!-- This site is optimized with the Yoast SEO plugin v24.0 - https:\/\/yoast.com\/wordpress\/plugins\/seo\/ -->\n<title>Konvey\u00f6rl\u00fc AGV - AMR&#039;ler - ROBOS<\/title>\n<meta name=\"robots\" content=\"index, follow, max-snippet:-1, max-image-preview:large, max-video-preview:-1\" \/>\n<link rel=\"canonical\" href=\"https:\/\/robos.com.tr\/en\/konveyorlu-agv-amr\/\" \/>\n<meta property=\"og:locale\" content=\"en_US\" \/>\n<meta property=\"og:type\" content=\"article\" \/>\n<meta property=\"og:title\" content=\"Konvey\u00f6rl\u00fc AGV - AMR&#039;ler - ROBOS\" \/>\n<meta property=\"og:description\" content=\"[vc_row][vc_column][vc_custom_heading text=&#8221;Konvey\u00f6rl\u00fc AGV &#8211; AMR&#8217;ler&#8221; font_container=&#8221;tag:h2|font_size:35|text_align:center&#8221; google_fonts=&#8221;font_family:Open%20Sans%3A300%2C300italic%2Cregular%2Citalic%2C600%2C600italic%2C700%2C700italic%2C800%2C800italic|font_style:600%20bold%20italic%3A600%3Aitalic&#8221;][vc_column_text] RBS-C, fabrikan\u0131zdaki iki konvey\u00f6r aras\u0131nda malzeme ta\u015f\u0131ma i\u015flemleri i\u00e7in tasarlanm\u0131\u015ft\u0131r. Y\u00fckleme ve bo\u015faltma s\u00fcreci tamamen otomatik oldu\u011fu i\u00e7in otomasyon seviyesini en \u00fcst noktaya ta\u015f\u0131r. [\/vc_column_text][\/vc_column][\/vc_row][vc_row][vc_column][\/vc_column][\/vc_row][vc_row][vc_column][vc_video link=&#8221;https:\/\/www.youtube.com\/watch?v=Ym9SdiWNMAI&#8221;][\/vc_column][\/vc_row][vc_row][vc_column][\/vc_column][\/vc_row][vc_row content_placement=&#8221;middle&#8221;][vc_column width=&#8221;1\/2&#8243;][vc_single_image image=&#8221;2143&#8243; img_size=&#8221;full&#8221; alignment=&#8221;center&#8221;][\/vc_column][vc_column width=&#8221;1\/2&#8243;][vc_custom_heading text=&#8221;RBS-C05: 500 kg Konvey\u00f6rl\u00fc AGV &#8211; AMR&#8221; font_container=&#8221;tag:h2|font_size:28|text_align:left&#8221; google_fonts=&#8221;font_family:Open%20Sans%3A300%2C300italic%2Cregular%2Citalic%2C600%2C600italic%2C700%2C700italic%2C800%2C800italic|font_style:600%20bold%20italic%3A600%3Aitalic&#8221;][vc_column_text] Ta\u015f\u0131ma Tipi: Konvey\u00f6r Tahrik Tipi: Diferansiyel Y\u00fckRead more\" \/>\n<meta property=\"og:url\" content=\"https:\/\/robos.com.tr\/en\/konveyorlu-agv-amr\/\" \/>\n<meta property=\"og:site_name\" content=\"ROBOS\" \/>\n<meta property=\"article:modified_time\" content=\"2024-12-05T12:20:57+00:00\" \/>\n<meta name=\"twitter:card\" content=\"summary_large_image\" \/>\n<meta name=\"twitter:label1\" content=\"Est. reading time\" \/>\n\t<meta name=\"twitter:data1\" content=\"3 minutes\" \/>\n<script type=\"application\/ld+json\" class=\"yoast-schema-graph\">{\"@context\":\"https:\/\/schema.org\",\"@graph\":[{\"@type\":\"WebPage\",\"@id\":\"https:\/\/robos.com.tr\/en\/konveyorlu-agv-amr\/\",\"url\":\"https:\/\/robos.com.tr\/en\/konveyorlu-agv-amr\/\",\"name\":\"Konvey\u00f6rl\u00fc AGV - AMR'ler - ROBOS\",\"isPartOf\":{\"@id\":\"https:\/\/robos.com.tr\/#website\"},\"datePublished\":\"2023-06-02T15:01:57+00:00\",\"dateModified\":\"2024-12-05T12:20:57+00:00\",\"breadcrumb\":{\"@id\":\"https:\/\/robos.com.tr\/en\/konveyorlu-agv-amr\/#breadcrumb\"},\"inLanguage\":\"en-US\",\"potentialAction\":[{\"@type\":\"ReadAction\",\"target\":[\"https:\/\/robos.com.tr\/en\/konveyorlu-agv-amr\/\"]}]},{\"@type\":\"BreadcrumbList\",\"@id\":\"https:\/\/robos.com.tr\/en\/konveyorlu-agv-amr\/#breadcrumb\",\"itemListElement\":[{\"@type\":\"ListItem\",\"position\":1,\"name\":\"Home\",\"item\":\"https:\/\/robos.com.tr\/en\/\"},{\"@type\":\"ListItem\",\"position\":2,\"name\":\"Konvey\u00f6rl\u00fc AGV &#8211; AMR&#8217;ler\"}]},{\"@type\":\"WebSite\",\"@id\":\"https:\/\/robos.com.tr\/#website\",\"url\":\"https:\/\/robos.com.tr\/\",\"name\":\"ROBOS\",\"description\":\"Automated Guided Vehicles\",\"publisher\":{\"@id\":\"https:\/\/robos.com.tr\/#organization\"},\"potentialAction\":[{\"@type\":\"SearchAction\",\"target\":{\"@type\":\"EntryPoint\",\"urlTemplate\":\"https:\/\/robos.com.tr\/?s={search_term_string}\"},\"query-input\":{\"@type\":\"PropertyValueSpecification\",\"valueRequired\":true,\"valueName\":\"search_term_string\"}}],\"inLanguage\":\"en-US\"},{\"@type\":\"Organization\",\"@id\":\"https:\/\/robos.com.tr\/#organization\",\"name\":\"ROBOS\",\"url\":\"https:\/\/robos.com.tr\/\",\"logo\":{\"@type\":\"ImageObject\",\"inLanguage\":\"en-US\",\"@id\":\"https:\/\/robos.com.tr\/#\/schema\/logo\/image\/\",\"url\":\"https:\/\/robos.com.tr\/wp-content\/uploads\/2022\/02\/Logo.png\",\"contentUrl\":\"https:\/\/robos.com.tr\/wp-content\/uploads\/2022\/02\/Logo.png\",\"width\":463,\"height\":70,\"caption\":\"ROBOS\"},\"image\":{\"@id\":\"https:\/\/robos.com.tr\/#\/schema\/logo\/image\/\"},\"sameAs\":[\"https:\/\/www.linkedin.com\/company\/robos\/\",\"https:\/\/www.youtube.com\/@robosagv4304\"]}]}<\/script>\n<!-- \/ Yoast SEO plugin. -->","yoast_head_json":{"title":"Konvey\u00f6rl\u00fc AGV - AMR'ler - ROBOS","robots":{"index":"index","follow":"follow","max-snippet":"max-snippet:-1","max-image-preview":"max-image-preview:large","max-video-preview":"max-video-preview:-1"},"canonical":"https:\/\/robos.com.tr\/en\/konveyorlu-agv-amr\/","og_locale":"en_US","og_type":"article","og_title":"Konvey\u00f6rl\u00fc AGV - AMR'ler - ROBOS","og_description":"[vc_row][vc_column][vc_custom_heading text=&#8221;Konvey\u00f6rl\u00fc AGV &#8211; AMR&#8217;ler&#8221; font_container=&#8221;tag:h2|font_size:35|text_align:center&#8221; google_fonts=&#8221;font_family:Open%20Sans%3A300%2C300italic%2Cregular%2Citalic%2C600%2C600italic%2C700%2C700italic%2C800%2C800italic|font_style:600%20bold%20italic%3A600%3Aitalic&#8221;][vc_column_text] RBS-C, fabrikan\u0131zdaki iki konvey\u00f6r aras\u0131nda malzeme ta\u015f\u0131ma i\u015flemleri i\u00e7in tasarlanm\u0131\u015ft\u0131r. Y\u00fckleme ve bo\u015faltma s\u00fcreci tamamen otomatik oldu\u011fu i\u00e7in otomasyon seviyesini en \u00fcst noktaya ta\u015f\u0131r. [\/vc_column_text][\/vc_column][\/vc_row][vc_row][vc_column][\/vc_column][\/vc_row][vc_row][vc_column][vc_video link=&#8221;https:\/\/www.youtube.com\/watch?v=Ym9SdiWNMAI&#8221;][\/vc_column][\/vc_row][vc_row][vc_column][\/vc_column][\/vc_row][vc_row content_placement=&#8221;middle&#8221;][vc_column width=&#8221;1\/2&#8243;][vc_single_image image=&#8221;2143&#8243; img_size=&#8221;full&#8221; alignment=&#8221;center&#8221;][\/vc_column][vc_column width=&#8221;1\/2&#8243;][vc_custom_heading text=&#8221;RBS-C05: 500 kg Konvey\u00f6rl\u00fc AGV &#8211; AMR&#8221; font_container=&#8221;tag:h2|font_size:28|text_align:left&#8221; google_fonts=&#8221;font_family:Open%20Sans%3A300%2C300italic%2Cregular%2Citalic%2C600%2C600italic%2C700%2C700italic%2C800%2C800italic|font_style:600%20bold%20italic%3A600%3Aitalic&#8221;][vc_column_text] Ta\u015f\u0131ma Tipi: Konvey\u00f6r Tahrik Tipi: Diferansiyel Y\u00fckRead more","og_url":"https:\/\/robos.com.tr\/en\/konveyorlu-agv-amr\/","og_site_name":"ROBOS","article_modified_time":"2024-12-05T12:20:57+00:00","twitter_card":"summary_large_image","twitter_misc":{"Est. reading time":"3 minutes"},"schema":{"@context":"https:\/\/schema.org","@graph":[{"@type":"WebPage","@id":"https:\/\/robos.com.tr\/en\/konveyorlu-agv-amr\/","url":"https:\/\/robos.com.tr\/en\/konveyorlu-agv-amr\/","name":"Konvey\u00f6rl\u00fc AGV - AMR'ler - ROBOS","isPartOf":{"@id":"https:\/\/robos.com.tr\/#website"},"datePublished":"2023-06-02T15:01:57+00:00","dateModified":"2024-12-05T12:20:57+00:00","breadcrumb":{"@id":"https:\/\/robos.com.tr\/en\/konveyorlu-agv-amr\/#breadcrumb"},"inLanguage":"en-US","potentialAction":[{"@type":"ReadAction","target":["https:\/\/robos.com.tr\/en\/konveyorlu-agv-amr\/"]}]},{"@type":"BreadcrumbList","@id":"https:\/\/robos.com.tr\/en\/konveyorlu-agv-amr\/#breadcrumb","itemListElement":[{"@type":"ListItem","position":1,"name":"Home","item":"https:\/\/robos.com.tr\/en\/"},{"@type":"ListItem","position":2,"name":"Konvey\u00f6rl\u00fc AGV &#8211; AMR&#8217;ler"}]},{"@type":"WebSite","@id":"https:\/\/robos.com.tr\/#website","url":"https:\/\/robos.com.tr\/","name":"ROBOS","description":"Automated Guided Vehicles","publisher":{"@id":"https:\/\/robos.com.tr\/#organization"},"potentialAction":[{"@type":"SearchAction","target":{"@type":"EntryPoint","urlTemplate":"https:\/\/robos.com.tr\/?s={search_term_string}"},"query-input":{"@type":"PropertyValueSpecification","valueRequired":true,"valueName":"search_term_string"}}],"inLanguage":"en-US"},{"@type":"Organization","@id":"https:\/\/robos.com.tr\/#organization","name":"ROBOS","url":"https:\/\/robos.com.tr\/","logo":{"@type":"ImageObject","inLanguage":"en-US","@id":"https:\/\/robos.com.tr\/#\/schema\/logo\/image\/","url":"https:\/\/robos.com.tr\/wp-content\/uploads\/2022\/02\/Logo.png","contentUrl":"https:\/\/robos.com.tr\/wp-content\/uploads\/2022\/02\/Logo.png","width":463,"height":70,"caption":"ROBOS"},"image":{"@id":"https:\/\/robos.com.tr\/#\/schema\/logo\/image\/"},"sameAs":["https:\/\/www.linkedin.com\/company\/robos\/","https:\/\/www.youtube.com\/@robosagv4304"]}]}},"_links":{"self":[{"href":"https:\/\/robos.com.tr\/en\/wp-json\/wp\/v2\/pages\/2929","targetHints":{"allow":["GET"]}}],"collection":[{"href":"https:\/\/robos.com.tr\/en\/wp-json\/wp\/v2\/pages"}],"about":[{"href":"https:\/\/robos.com.tr\/en\/wp-json\/wp\/v2\/types\/page"}],"author":[{"embeddable":true,"href":"https:\/\/robos.com.tr\/en\/wp-json\/wp\/v2\/users\/2"}],"replies":[{"embeddable":true,"href":"https:\/\/robos.com.tr\/en\/wp-json\/wp\/v2\/comments?post=2929"}],"version-history":[{"count":1,"href":"https:\/\/robos.com.tr\/en\/wp-json\/wp\/v2\/pages\/2929\/revisions"}],"predecessor-version":[{"id":2953,"href":"https:\/\/robos.com.tr\/en\/wp-json\/wp\/v2\/pages\/2929\/revisions\/2953"}],"wp:attachment":[{"href":"https:\/\/robos.com.tr\/en\/wp-json\/wp\/v2\/media?parent=2929"}],"curies":[{"name":"wp","href":"https:\/\/api.w.org\/{rel}","templated":true}]}}