{"id":3198,"date":"2024-12-11T16:25:02","date_gmt":"2024-12-11T13:25:02","guid":{"rendered":"https:\/\/robos.com.tr\/?page_id=3198"},"modified":"2026-01-21T14:29:35","modified_gmt":"2026-01-21T11:29:35","slug":"agv-montaj-hatti","status":"publish","type":"page","link":"https:\/\/robos.com.tr\/en\/agv-montaj-hatti\/","title":{"rendered":"RBS125"},"content":{"rendered":"<p>[vc_row][vc_column][vc_custom_heading text=&#8221;TOFA\u015e &#8211; AGV Montaj Hatt\u0131&#8221; font_container=&#8221;tag:h1|font_size:36|text_align:center&#8221; google_fonts=&#8221;font_family:Open%20Sans%3A300%2C300italic%2Cregular%2Citalic%2C600%2C600italic%2C700%2C700italic%2C800%2C800italic|font_style:600%20bold%20italic%3A600%3Aitalic&#8221;][\/vc_column][\/vc_row][vc_row content_placement=&#8221;middle&#8221;][vc_column width=&#8221;1\/2&#8243;][vc_single_image image=&#8221;3213&#8243; img_size=&#8221;full&#8221; alignment=&#8221;center&#8221; hover_effect=&#8221;img_play_effect&#8221;][\/vc_column][vc_column width=&#8221;1\/2&#8243;][vc_column_text]TOFA\u015e i\u00e7in ger\u00e7ekle\u015ftirilen bu proje kapsam\u0131nda, 14 AGV\u2019den olu\u015fan y\u00fcksek teknoloji bir montaj hatt\u0131 kurulmu\u015ftur. Bu \u00f6zel AGV\u2019ler \u00fczerinde aks ve motor montaj\u0131 yap\u0131lmakta olup, \u00fcretim s\u00fcre\u00e7lerini daha verimli ve h\u0131zl\u0131 hale getirmek i\u00e7in tasarlanm\u0131\u015ft\u0131r.<\/p>\n<p>Projedeki AGV\u2019lerde <strong>lityum ak\u00fc<\/strong> teknolojisi kullan\u0131lmaktad\u0131r. Bu ak\u00fcler, <strong>otomatik \u015farj sistemi<\/strong> ile desteklenerek kesintisiz operasyon sa\u011flanm\u0131\u015ft\u0131r. Y\u00fcksek performansl\u0131 lityum ak\u00fcler, hem enerji verimlili\u011fi hem de dayan\u0131kl\u0131l\u0131\u011f\u0131yla dikkat \u00e7ekmektedir.<\/p>\n<p>Ayr\u0131ca, sistemde <strong>Siemens Simove AGV otomasyonu altyap\u0131s\u0131<\/strong> tercih edilmi\u015ftir. Bu altyap\u0131, AGV\u2019lerin hassas, g\u00fcvenilir ve sorunsuz bir \u015fekilde \u00e7al\u0131\u015fmas\u0131n\u0131 sa\u011flamaktad\u0131r. TOFA\u015e montaj hatt\u0131 projesi, otomotiv sekt\u00f6r\u00fcnde ileri otomasyon \u00e7\u00f6z\u00fcmleri sunarak \u00fcretim s\u00fcre\u00e7lerinin gelece\u011fe ta\u015f\u0131nmas\u0131nda \u00f6nemli bir \u00f6rnek te\u015fkil etmektedir.<\/p>\n<p>ROBOS olarak, bu projedeki inovatif yakla\u015f\u0131m\u0131m\u0131zla TOFA\u015e\u2019a de\u011fer katmaktan gurur duyuyoruz![\/vc_column_text][\/vc_column][\/vc_row][vc_row][vc_column]<div class=\"rd_img_gallery_ctn clearfix\" style=\"margin:0px auto 0px;\"><a class=\"ig_col_4 rda_fadeIn\" href=\"https:\/\/robos.com.tr\/wp-content\/uploads\/2026\/01\/20240531_171817-scaled-1024x768.jpg\"  rel=\"prettyPhoto[rel-1091016958]\" ><img loading=\"lazy\" decoding=\"async\" width=\"2560\" height=\"1920\" src=\"https:\/\/robos.com.tr\/wp-content\/uploads\/2026\/01\/20240531_171817-scaled.jpg\" class=\"attachment-full\" alt=\"ROBOS Otomatik Y\u00f6nlendirmeli Ara\u00e7 Automated Guided Vehicle AGV Otomatik Mobil Robot Automated Mobile Robot AMR\" srcset=\"https:\/\/robos.com.tr\/wp-content\/uploads\/2026\/01\/20240531_171817-scaled.jpg 2560w, https:\/\/robos.com.tr\/wp-content\/uploads\/2026\/01\/20240531_171817-300x225.jpg 300w, https:\/\/robos.com.tr\/wp-content\/uploads\/2026\/01\/20240531_171817-scaled-1024x768.jpg 1024w, https:\/\/robos.com.tr\/wp-content\/uploads\/2026\/01\/20240531_171817-768x576.jpg 768w, https:\/\/robos.com.tr\/wp-content\/uploads\/2026\/01\/20240531_171817-1536x1152.jpg 1536w, https:\/\/robos.com.tr\/wp-content\/uploads\/2026\/01\/20240531_171817-2048x1536.jpg 2048w\" sizes=\"auto, (max-width: 2560px) 100vw, 2560px\" \/><\/a><a class=\"ig_col_4 rda_fadeIn\" href=\"https:\/\/robos.com.tr\/wp-content\/uploads\/2026\/01\/20240531_171703-scaled-1024x768.jpg\"  rel=\"prettyPhoto[rel-1091016958]\" ><img loading=\"lazy\" decoding=\"async\" width=\"2560\" height=\"1920\" src=\"https:\/\/robos.com.tr\/wp-content\/uploads\/2026\/01\/20240531_171703-scaled.jpg\" class=\"attachment-full\" alt=\"ROBOS Otomatik Y\u00f6nlendirmeli Ara\u00e7 Automated Guided Vehicle AGV Otomatik Mobil Robot Automated Mobile Robot AMR\" srcset=\"https:\/\/robos.com.tr\/wp-content\/uploads\/2026\/01\/20240531_171703-scaled.jpg 2560w, https:\/\/robos.com.tr\/wp-content\/uploads\/2026\/01\/20240531_171703-300x225.jpg 300w, https:\/\/robos.com.tr\/wp-content\/uploads\/2026\/01\/20240531_171703-scaled-1024x768.jpg 1024w, https:\/\/robos.com.tr\/wp-content\/uploads\/2026\/01\/20240531_171703-768x576.jpg 768w, https:\/\/robos.com.tr\/wp-content\/uploads\/2026\/01\/20240531_171703-1536x1152.jpg 1536w, https:\/\/robos.com.tr\/wp-content\/uploads\/2026\/01\/20240531_171703-2048x1536.jpg 2048w\" sizes=\"auto, (max-width: 2560px) 100vw, 2560px\" \/><\/a><a class=\"ig_col_4 rda_fadeIn\" href=\"https:\/\/robos.com.tr\/wp-content\/uploads\/2026\/01\/20240531_171709-scaled-1024x768.jpg\"  rel=\"prettyPhoto[rel-1091016958]\" ><img loading=\"lazy\" decoding=\"async\" width=\"2560\" height=\"1920\" src=\"https:\/\/robos.com.tr\/wp-content\/uploads\/2026\/01\/20240531_171709-scaled.jpg\" class=\"attachment-full\" alt=\"ROBOS Otomatik Y\u00f6nlendirmeli Ara\u00e7 Automated Guided Vehicle AGV Otomatik Mobil Robot Automated Mobile Robot AMR\" srcset=\"https:\/\/robos.com.tr\/wp-content\/uploads\/2026\/01\/20240531_171709-scaled.jpg 2560w, https:\/\/robos.com.tr\/wp-content\/uploads\/2026\/01\/20240531_171709-300x225.jpg 300w, https:\/\/robos.com.tr\/wp-content\/uploads\/2026\/01\/20240531_171709-scaled-1024x768.jpg 1024w, https:\/\/robos.com.tr\/wp-content\/uploads\/2026\/01\/20240531_171709-768x576.jpg 768w, https:\/\/robos.com.tr\/wp-content\/uploads\/2026\/01\/20240531_171709-1536x1152.jpg 1536w, https:\/\/robos.com.tr\/wp-content\/uploads\/2026\/01\/20240531_171709-2048x1536.jpg 2048w\" sizes=\"auto, (max-width: 2560px) 100vw, 2560px\" \/><\/a><a class=\"ig_col_4 rda_fadeIn\" href=\"https:\/\/robos.com.tr\/wp-content\/uploads\/2026\/01\/20240531_171752-scaled-1024x768.jpg\"  rel=\"prettyPhoto[rel-1091016958]\" ><img loading=\"lazy\" decoding=\"async\" width=\"2560\" height=\"1920\" src=\"https:\/\/robos.com.tr\/wp-content\/uploads\/2026\/01\/20240531_171752-scaled.jpg\" class=\"attachment-full\" alt=\"ROBOS Otomatik Y\u00f6nlendirmeli Ara\u00e7 Automated Guided Vehicle AGV Otomatik Mobil Robot Automated Mobile Robot AMR\" srcset=\"https:\/\/robos.com.tr\/wp-content\/uploads\/2026\/01\/20240531_171752-scaled.jpg 2560w, https:\/\/robos.com.tr\/wp-content\/uploads\/2026\/01\/20240531_171752-300x225.jpg 300w, https:\/\/robos.com.tr\/wp-content\/uploads\/2026\/01\/20240531_171752-scaled-1024x768.jpg 1024w, https:\/\/robos.com.tr\/wp-content\/uploads\/2026\/01\/20240531_171752-768x576.jpg 768w, https:\/\/robos.com.tr\/wp-content\/uploads\/2026\/01\/20240531_171752-1536x1152.jpg 1536w, https:\/\/robos.com.tr\/wp-content\/uploads\/2026\/01\/20240531_171752-2048x1536.jpg 2048w\" sizes=\"auto, (max-width: 2560px) 100vw, 2560px\" \/><\/a><\/div>[\/vc_column][\/vc_row]<\/p>\n","protected":false},"excerpt":{"rendered":"<p>[vc_row][vc_column][vc_custom_heading text=&#8221;TOFA\u015e &#8211; AGV Montaj Hatt\u0131&#8221; font_container=&#8221;tag:h1|font_size:36|text_align:center&#8221; google_fonts=&#8221;font_family:Open%20Sans%3A300%2C300italic%2Cregular%2Citalic%2C600%2C600italic%2C700%2C700italic%2C800%2C800italic|font_style:600%20bold%20italic%3A600%3Aitalic&#8221;][\/vc_column][\/vc_row][vc_row content_placement=&#8221;middle&#8221;][vc_column width=&#8221;1\/2&#8243;][vc_single_image image=&#8221;3213&#8243; img_size=&#8221;full&#8221; alignment=&#8221;center&#8221; hover_effect=&#8221;img_play_effect&#8221;][\/vc_column][vc_column width=&#8221;1\/2&#8243;][vc_column_text]TOFA\u015e i\u00e7in ger\u00e7ekle\u015ftirilen bu proje kapsam\u0131nda, 14 AGV\u2019den olu\u015fan y\u00fcksek teknoloji bir montaj hatt\u0131 kurulmu\u015ftur. Bu \u00f6zel AGV\u2019ler \u00fczerinde aks ve motor montaj\u0131 yap\u0131lmakta olup, \u00fcretim s\u00fcre\u00e7lerini daha verimli ve h\u0131zl\u0131 hale getirmek i\u00e7in tasarlanm\u0131\u015ft\u0131r. Projedeki AGV\u2019lerde lityum ak\u00fc teknolojisi kullan\u0131lmaktad\u0131r.<br \/><a href=\"https:\/\/robos.com.tr\/en\/agv-montaj-hatti\/\" class=\"more\">Read more<\/a><\/p>\n","protected":false},"author":2,"featured_media":0,"parent":0,"menu_order":0,"comment_status":"closed","ping_status":"closed","template":"","meta":{"om_disable_all_campaigns":false,"_monsterinsights_skip_tracking":false,"_monsterinsights_sitenote_active":false,"_monsterinsights_sitenote_note":"","_monsterinsights_sitenote_category":0,"_uf_show_specific_survey":0,"_uf_disable_surveys":false,"footnotes":""},"class_list":["post-3198","page","type-page","status-publish","hentry"],"yoast_head":"<!-- This site is optimized with the Yoast SEO plugin v24.0 - https:\/\/yoast.com\/wordpress\/plugins\/seo\/ -->\n<title>RBS125 - ROBOS<\/title>\n<meta name=\"description\" content=\"TOFA\u015e i\u00e7in ger\u00e7ekle\u015ftirilen bu proje kapsam\u0131nda, 14 AGV\u2019den olu\u015fan y\u00fcksek teknoloji bir montaj hatt\u0131 kurulmu\u015ftur.\" \/>\n<meta name=\"robots\" content=\"index, follow, max-snippet:-1, max-image-preview:large, max-video-preview:-1\" \/>\n<link rel=\"canonical\" href=\"https:\/\/robos.com.tr\/agv-montaj-hatti\/\" \/>\n<meta property=\"og:locale\" content=\"en_US\" \/>\n<meta property=\"og:type\" content=\"article\" \/>\n<meta property=\"og:title\" content=\"RBS125 - ROBOS\" \/>\n<meta property=\"og:description\" content=\"TOFA\u015e i\u00e7in ger\u00e7ekle\u015ftirilen bu proje kapsam\u0131nda, 14 AGV\u2019den olu\u015fan y\u00fcksek teknoloji bir montaj hatt\u0131 kurulmu\u015ftur.\" \/>\n<meta property=\"og:url\" content=\"https:\/\/robos.com.tr\/agv-montaj-hatti\/\" \/>\n<meta property=\"og:site_name\" content=\"ROBOS\" \/>\n<meta property=\"article:modified_time\" content=\"2026-01-21T11:29:35+00:00\" \/>\n<meta name=\"twitter:card\" content=\"summary_large_image\" \/>\n<meta name=\"twitter:label1\" content=\"Est. reading time\" \/>\n\t<meta name=\"twitter:data1\" content=\"1 minute\" \/>\n<script type=\"application\/ld+json\" class=\"yoast-schema-graph\">{\"@context\":\"https:\/\/schema.org\",\"@graph\":[{\"@type\":\"WebPage\",\"@id\":\"https:\/\/robos.com.tr\/agv-montaj-hatti\/\",\"url\":\"https:\/\/robos.com.tr\/agv-montaj-hatti\/\",\"name\":\"RBS125 - ROBOS\",\"isPartOf\":{\"@id\":\"https:\/\/robos.com.tr\/#website\"},\"datePublished\":\"2024-12-11T13:25:02+00:00\",\"dateModified\":\"2026-01-21T11:29:35+00:00\",\"description\":\"TOFA\u015e i\u00e7in ger\u00e7ekle\u015ftirilen bu proje kapsam\u0131nda, 14 AGV\u2019den olu\u015fan y\u00fcksek teknoloji bir montaj hatt\u0131 kurulmu\u015ftur.\",\"breadcrumb\":{\"@id\":\"https:\/\/robos.com.tr\/agv-montaj-hatti\/#breadcrumb\"},\"inLanguage\":\"en-US\",\"potentialAction\":[{\"@type\":\"ReadAction\",\"target\":[\"https:\/\/robos.com.tr\/agv-montaj-hatti\/\"]}]},{\"@type\":\"BreadcrumbList\",\"@id\":\"https:\/\/robos.com.tr\/agv-montaj-hatti\/#breadcrumb\",\"itemListElement\":[{\"@type\":\"ListItem\",\"position\":1,\"name\":\"Home\",\"item\":\"https:\/\/robos.com.tr\/en\/\"},{\"@type\":\"ListItem\",\"position\":2,\"name\":\"RBS125\"}]},{\"@type\":\"WebSite\",\"@id\":\"https:\/\/robos.com.tr\/#website\",\"url\":\"https:\/\/robos.com.tr\/\",\"name\":\"ROBOS\",\"description\":\"Automated Guided Vehicles\",\"publisher\":{\"@id\":\"https:\/\/robos.com.tr\/#organization\"},\"potentialAction\":[{\"@type\":\"SearchAction\",\"target\":{\"@type\":\"EntryPoint\",\"urlTemplate\":\"https:\/\/robos.com.tr\/?s={search_term_string}\"},\"query-input\":{\"@type\":\"PropertyValueSpecification\",\"valueRequired\":true,\"valueName\":\"search_term_string\"}}],\"inLanguage\":\"en-US\"},{\"@type\":\"Organization\",\"@id\":\"https:\/\/robos.com.tr\/#organization\",\"name\":\"ROBOS\",\"url\":\"https:\/\/robos.com.tr\/\",\"logo\":{\"@type\":\"ImageObject\",\"inLanguage\":\"en-US\",\"@id\":\"https:\/\/robos.com.tr\/#\/schema\/logo\/image\/\",\"url\":\"https:\/\/robos.com.tr\/wp-content\/uploads\/2022\/02\/Logo.png\",\"contentUrl\":\"https:\/\/robos.com.tr\/wp-content\/uploads\/2022\/02\/Logo.png\",\"width\":463,\"height\":70,\"caption\":\"ROBOS\"},\"image\":{\"@id\":\"https:\/\/robos.com.tr\/#\/schema\/logo\/image\/\"},\"sameAs\":[\"https:\/\/www.linkedin.com\/company\/robos\/\",\"https:\/\/www.youtube.com\/@robosagv4304\"]}]}<\/script>\n<!-- \/ Yoast SEO plugin. -->","yoast_head_json":{"title":"RBS125 - ROBOS","description":"TOFA\u015e i\u00e7in ger\u00e7ekle\u015ftirilen bu proje kapsam\u0131nda, 14 AGV\u2019den olu\u015fan y\u00fcksek teknoloji bir montaj hatt\u0131 kurulmu\u015ftur.","robots":{"index":"index","follow":"follow","max-snippet":"max-snippet:-1","max-image-preview":"max-image-preview:large","max-video-preview":"max-video-preview:-1"},"canonical":"https:\/\/robos.com.tr\/agv-montaj-hatti\/","og_locale":"en_US","og_type":"article","og_title":"RBS125 - ROBOS","og_description":"TOFA\u015e i\u00e7in ger\u00e7ekle\u015ftirilen bu proje kapsam\u0131nda, 14 AGV\u2019den olu\u015fan y\u00fcksek teknoloji bir montaj hatt\u0131 kurulmu\u015ftur.","og_url":"https:\/\/robos.com.tr\/agv-montaj-hatti\/","og_site_name":"ROBOS","article_modified_time":"2026-01-21T11:29:35+00:00","twitter_card":"summary_large_image","twitter_misc":{"Est. reading time":"1 minute"},"schema":{"@context":"https:\/\/schema.org","@graph":[{"@type":"WebPage","@id":"https:\/\/robos.com.tr\/agv-montaj-hatti\/","url":"https:\/\/robos.com.tr\/agv-montaj-hatti\/","name":"RBS125 - ROBOS","isPartOf":{"@id":"https:\/\/robos.com.tr\/#website"},"datePublished":"2024-12-11T13:25:02+00:00","dateModified":"2026-01-21T11:29:35+00:00","description":"TOFA\u015e i\u00e7in ger\u00e7ekle\u015ftirilen bu proje kapsam\u0131nda, 14 AGV\u2019den olu\u015fan y\u00fcksek teknoloji bir montaj hatt\u0131 kurulmu\u015ftur.","breadcrumb":{"@id":"https:\/\/robos.com.tr\/agv-montaj-hatti\/#breadcrumb"},"inLanguage":"en-US","potentialAction":[{"@type":"ReadAction","target":["https:\/\/robos.com.tr\/agv-montaj-hatti\/"]}]},{"@type":"BreadcrumbList","@id":"https:\/\/robos.com.tr\/agv-montaj-hatti\/#breadcrumb","itemListElement":[{"@type":"ListItem","position":1,"name":"Home","item":"https:\/\/robos.com.tr\/en\/"},{"@type":"ListItem","position":2,"name":"RBS125"}]},{"@type":"WebSite","@id":"https:\/\/robos.com.tr\/#website","url":"https:\/\/robos.com.tr\/","name":"ROBOS","description":"Automated Guided Vehicles","publisher":{"@id":"https:\/\/robos.com.tr\/#organization"},"potentialAction":[{"@type":"SearchAction","target":{"@type":"EntryPoint","urlTemplate":"https:\/\/robos.com.tr\/?s={search_term_string}"},"query-input":{"@type":"PropertyValueSpecification","valueRequired":true,"valueName":"search_term_string"}}],"inLanguage":"en-US"},{"@type":"Organization","@id":"https:\/\/robos.com.tr\/#organization","name":"ROBOS","url":"https:\/\/robos.com.tr\/","logo":{"@type":"ImageObject","inLanguage":"en-US","@id":"https:\/\/robos.com.tr\/#\/schema\/logo\/image\/","url":"https:\/\/robos.com.tr\/wp-content\/uploads\/2022\/02\/Logo.png","contentUrl":"https:\/\/robos.com.tr\/wp-content\/uploads\/2022\/02\/Logo.png","width":463,"height":70,"caption":"ROBOS"},"image":{"@id":"https:\/\/robos.com.tr\/#\/schema\/logo\/image\/"},"sameAs":["https:\/\/www.linkedin.com\/company\/robos\/","https:\/\/www.youtube.com\/@robosagv4304"]}]}},"_links":{"self":[{"href":"https:\/\/robos.com.tr\/en\/wp-json\/wp\/v2\/pages\/3198","targetHints":{"allow":["GET"]}}],"collection":[{"href":"https:\/\/robos.com.tr\/en\/wp-json\/wp\/v2\/pages"}],"about":[{"href":"https:\/\/robos.com.tr\/en\/wp-json\/wp\/v2\/types\/page"}],"author":[{"embeddable":true,"href":"https:\/\/robos.com.tr\/en\/wp-json\/wp\/v2\/users\/2"}],"replies":[{"embeddable":true,"href":"https:\/\/robos.com.tr\/en\/wp-json\/wp\/v2\/comments?post=3198"}],"version-history":[{"count":9,"href":"https:\/\/robos.com.tr\/en\/wp-json\/wp\/v2\/pages\/3198\/revisions"}],"predecessor-version":[{"id":3200,"href":"https:\/\/robos.com.tr\/en\/wp-json\/wp\/v2\/pages\/3198\/revisions\/3200"}],"wp:attachment":[{"href":"https:\/\/robos.com.tr\/en\/wp-json\/wp\/v2\/media?parent=3198"}],"curies":[{"name":"wp","href":"https:\/\/api.w.org\/{rel}","templated":true}]}}