{"id":3204,"date":"2024-12-11T16:43:32","date_gmt":"2024-12-11T13:43:32","guid":{"rendered":"https:\/\/robos.com.tr\/?page_id=3204"},"modified":"2024-12-11T17:56:17","modified_gmt":"2024-12-11T14:56:17","slug":"rbs124","status":"publish","type":"page","link":"https:\/\/robos.com.tr\/en\/rbs124\/","title":{"rendered":"RBS124"},"content":{"rendered":"<p>[vc_row][vc_column][vc_custom_heading text=&#8221;ISUZU &#8211; Liftli AMR Sistemi&#8221; font_container=&#8221;tag:h1|font_size:28|text_align:center&#8221; google_fonts=&#8221;font_family:Open%20Sans%3A300%2C300italic%2Cregular%2Citalic%2C600%2C600italic%2C700%2C700italic%2C800%2C800italic|font_style:600%20bold%20italic%3A600%3Aitalic&#8221;][\/vc_column][\/vc_row][vc_row content_placement=&#8221;middle&#8221;][vc_column width=&#8221;1\/4&#8243;][vc_single_image image=&#8221;3014&#8243; img_size=&#8221;full&#8221; alignment=&#8221;center&#8221; hover_effect=&#8221;img_play_effect&#8221;][\/vc_column][vc_column width=&#8221;3\/4&#8243;][vc_column_text]ISUZU i\u00e7in hayata ge\u00e7irilen bu proje, malzeme ta\u015f\u0131ma s\u00fcre\u00e7lerini modernize etmek ve \u00fcretim verimlili\u011fini art\u0131rmak i\u00e7in tasarlanm\u0131\u015ft\u0131r. <strong>Liftli Otonom Mobil Robotlar (AMR)<\/strong> kullan\u0131lan bu sistem, kit alanlar\u0131ndan montaj hatt\u0131na malzeme ta\u015f\u0131ma g\u00f6revini tam otomasyonla ger\u00e7ekle\u015ftirmektedir.<\/p>\n<p>AMR\u2019ler, \u00fczerlerindeki <strong>lift mekanizmas\u0131<\/strong> sayesinde kit arabalar\u0131n\u0131 kald\u0131r\u0131p ta\u015f\u0131ma yetene\u011fine sahiptir. Bu esnek yap\u0131, malzeme ta\u015f\u0131ma s\u00fcre\u00e7lerinin h\u0131z\u0131n\u0131 ve do\u011frulu\u011funu art\u0131rarak \u00fcretim hatt\u0131ndaki i\u015f ak\u0131\u015f\u0131n\u0131 optimize etmektedir.<\/p>\n<p>Projedeki AMR\u2019lerde <strong>SICK Lidarloc do\u011fal navigasyon sistemi<\/strong> kullan\u0131lm\u0131\u015ft\u0131r. Bu sistem, robotlar\u0131n \u00e7evresel unsurlar\u0131 hassas bir \u015fekilde alg\u0131layarak y\u00fcksek do\u011frulukla hareket etmesini sa\u011flamaktad\u0131r. Ayr\u0131ca, <strong>lityum ak\u00fc<\/strong> ve <strong>otomatik \u015farj sistemi<\/strong>, kesintisiz \u00e7al\u0131\u015fma ve enerji verimlili\u011fi sunmaktad\u0131r.<\/p>\n<p>Bu proje, ISUZU\u2019nun lojistik s\u00fcre\u00e7lerini dijitalle\u015ftirme ve otomasyon hedeflerine \u00f6nemli katk\u0131lar sa\u011flam\u0131\u015f, \u00fcretim hatt\u0131n\u0131 gelece\u011fe ta\u015f\u0131m\u0131\u015ft\u0131r.[\/vc_column_text][\/vc_column][\/vc_row][vc_row][vc_column][vc_single_image image=&#8221;3220&#8243; img_size=&#8221;full&#8221; alignment=&#8221;center&#8221; onclick=&#8221;custom_link&#8221; img_link_target=&#8221;_blank&#8221; hover_effect=&#8221;img_play_effect&#8221; link=&#8221;https:\/\/youtu.be\/9d5j83u_4-E&#8221;][\/vc_column][\/vc_row]<\/p>\n","protected":false},"excerpt":{"rendered":"<p>[vc_row][vc_column][vc_custom_heading text=&#8221;ISUZU &#8211; Liftli AMR Sistemi&#8221; font_container=&#8221;tag:h1|font_size:28|text_align:center&#8221; google_fonts=&#8221;font_family:Open%20Sans%3A300%2C300italic%2Cregular%2Citalic%2C600%2C600italic%2C700%2C700italic%2C800%2C800italic|font_style:600%20bold%20italic%3A600%3Aitalic&#8221;][\/vc_column][\/vc_row][vc_row content_placement=&#8221;middle&#8221;][vc_column width=&#8221;1\/4&#8243;][vc_single_image image=&#8221;3014&#8243; img_size=&#8221;full&#8221; alignment=&#8221;center&#8221; hover_effect=&#8221;img_play_effect&#8221;][\/vc_column][vc_column width=&#8221;3\/4&#8243;][vc_column_text]ISUZU i\u00e7in hayata ge\u00e7irilen bu proje, malzeme ta\u015f\u0131ma s\u00fcre\u00e7lerini modernize etmek ve \u00fcretim verimlili\u011fini art\u0131rmak i\u00e7in tasarlanm\u0131\u015ft\u0131r. Liftli Otonom Mobil Robotlar (AMR) kullan\u0131lan bu sistem, kit alanlar\u0131ndan montaj hatt\u0131na malzeme ta\u015f\u0131ma g\u00f6revini tam otomasyonla ger\u00e7ekle\u015ftirmektedir. AMR\u2019ler, \u00fczerlerindeki lift mekanizmas\u0131 sayesinde kit<br \/><a href=\"https:\/\/robos.com.tr\/en\/rbs124\/\" class=\"more\">Read more<\/a><\/p>\n","protected":false},"author":2,"featured_media":0,"parent":0,"menu_order":0,"comment_status":"closed","ping_status":"closed","template":"","meta":{"om_disable_all_campaigns":false,"_monsterinsights_skip_tracking":false,"_monsterinsights_sitenote_active":false,"_monsterinsights_sitenote_note":"","_monsterinsights_sitenote_category":0,"_uf_show_specific_survey":0,"_uf_disable_surveys":false,"footnotes":""},"class_list":["post-3204","page","type-page","status-publish","hentry"],"yoast_head":"<!-- This site is optimized with the Yoast SEO plugin v24.0 - https:\/\/yoast.com\/wordpress\/plugins\/seo\/ -->\n<title>RBS124 - ROBOS<\/title>\n<meta name=\"robots\" content=\"index, follow, max-snippet:-1, max-image-preview:large, max-video-preview:-1\" \/>\n<link rel=\"canonical\" href=\"https:\/\/robos.com.tr\/rbs124\/\" \/>\n<meta property=\"og:locale\" content=\"en_US\" \/>\n<meta property=\"og:type\" content=\"article\" \/>\n<meta property=\"og:title\" content=\"RBS124 - ROBOS\" \/>\n<meta property=\"og:description\" content=\"[vc_row][vc_column][vc_custom_heading text=&#8221;ISUZU &#8211; Liftli AMR Sistemi&#8221; font_container=&#8221;tag:h1|font_size:28|text_align:center&#8221; google_fonts=&#8221;font_family:Open%20Sans%3A300%2C300italic%2Cregular%2Citalic%2C600%2C600italic%2C700%2C700italic%2C800%2C800italic|font_style:600%20bold%20italic%3A600%3Aitalic&#8221;][\/vc_column][\/vc_row][vc_row content_placement=&#8221;middle&#8221;][vc_column width=&#8221;1\/4&#8243;][vc_single_image image=&#8221;3014&#8243; img_size=&#8221;full&#8221; alignment=&#8221;center&#8221; hover_effect=&#8221;img_play_effect&#8221;][\/vc_column][vc_column width=&#8221;3\/4&#8243;][vc_column_text]ISUZU i\u00e7in hayata ge\u00e7irilen bu proje, malzeme ta\u015f\u0131ma s\u00fcre\u00e7lerini modernize etmek ve \u00fcretim verimlili\u011fini art\u0131rmak i\u00e7in tasarlanm\u0131\u015ft\u0131r. Liftli Otonom Mobil Robotlar (AMR) kullan\u0131lan bu sistem, kit alanlar\u0131ndan montaj hatt\u0131na malzeme ta\u015f\u0131ma g\u00f6revini tam otomasyonla ger\u00e7ekle\u015ftirmektedir. AMR\u2019ler, \u00fczerlerindeki lift mekanizmas\u0131 sayesinde kitRead more\" \/>\n<meta property=\"og:url\" content=\"https:\/\/robos.com.tr\/rbs124\/\" \/>\n<meta property=\"og:site_name\" content=\"ROBOS\" \/>\n<meta property=\"article:modified_time\" content=\"2024-12-11T14:56:17+00:00\" \/>\n<meta name=\"twitter:card\" content=\"summary_large_image\" \/>\n<meta name=\"twitter:label1\" content=\"Est. reading time\" \/>\n\t<meta name=\"twitter:data1\" content=\"1 minute\" \/>\n<script type=\"application\/ld+json\" class=\"yoast-schema-graph\">{\"@context\":\"https:\/\/schema.org\",\"@graph\":[{\"@type\":\"WebPage\",\"@id\":\"https:\/\/robos.com.tr\/rbs124\/\",\"url\":\"https:\/\/robos.com.tr\/rbs124\/\",\"name\":\"RBS124 - ROBOS\",\"isPartOf\":{\"@id\":\"https:\/\/robos.com.tr\/#website\"},\"datePublished\":\"2024-12-11T13:43:32+00:00\",\"dateModified\":\"2024-12-11T14:56:17+00:00\",\"breadcrumb\":{\"@id\":\"https:\/\/robos.com.tr\/rbs124\/#breadcrumb\"},\"inLanguage\":\"en-US\",\"potentialAction\":[{\"@type\":\"ReadAction\",\"target\":[\"https:\/\/robos.com.tr\/rbs124\/\"]}]},{\"@type\":\"BreadcrumbList\",\"@id\":\"https:\/\/robos.com.tr\/rbs124\/#breadcrumb\",\"itemListElement\":[{\"@type\":\"ListItem\",\"position\":1,\"name\":\"Home\",\"item\":\"https:\/\/robos.com.tr\/en\/\"},{\"@type\":\"ListItem\",\"position\":2,\"name\":\"RBS124\"}]},{\"@type\":\"WebSite\",\"@id\":\"https:\/\/robos.com.tr\/#website\",\"url\":\"https:\/\/robos.com.tr\/\",\"name\":\"ROBOS\",\"description\":\"Automated Guided Vehicles\",\"publisher\":{\"@id\":\"https:\/\/robos.com.tr\/#organization\"},\"potentialAction\":[{\"@type\":\"SearchAction\",\"target\":{\"@type\":\"EntryPoint\",\"urlTemplate\":\"https:\/\/robos.com.tr\/?s={search_term_string}\"},\"query-input\":{\"@type\":\"PropertyValueSpecification\",\"valueRequired\":true,\"valueName\":\"search_term_string\"}}],\"inLanguage\":\"en-US\"},{\"@type\":\"Organization\",\"@id\":\"https:\/\/robos.com.tr\/#organization\",\"name\":\"ROBOS\",\"url\":\"https:\/\/robos.com.tr\/\",\"logo\":{\"@type\":\"ImageObject\",\"inLanguage\":\"en-US\",\"@id\":\"https:\/\/robos.com.tr\/#\/schema\/logo\/image\/\",\"url\":\"https:\/\/robos.com.tr\/wp-content\/uploads\/2022\/02\/Logo.png\",\"contentUrl\":\"https:\/\/robos.com.tr\/wp-content\/uploads\/2022\/02\/Logo.png\",\"width\":463,\"height\":70,\"caption\":\"ROBOS\"},\"image\":{\"@id\":\"https:\/\/robos.com.tr\/#\/schema\/logo\/image\/\"},\"sameAs\":[\"https:\/\/www.linkedin.com\/company\/robos\/\",\"https:\/\/www.youtube.com\/@robosagv4304\"]}]}<\/script>\n<!-- \/ Yoast SEO plugin. -->","yoast_head_json":{"title":"RBS124 - ROBOS","robots":{"index":"index","follow":"follow","max-snippet":"max-snippet:-1","max-image-preview":"max-image-preview:large","max-video-preview":"max-video-preview:-1"},"canonical":"https:\/\/robos.com.tr\/rbs124\/","og_locale":"en_US","og_type":"article","og_title":"RBS124 - ROBOS","og_description":"[vc_row][vc_column][vc_custom_heading text=&#8221;ISUZU &#8211; Liftli AMR Sistemi&#8221; font_container=&#8221;tag:h1|font_size:28|text_align:center&#8221; google_fonts=&#8221;font_family:Open%20Sans%3A300%2C300italic%2Cregular%2Citalic%2C600%2C600italic%2C700%2C700italic%2C800%2C800italic|font_style:600%20bold%20italic%3A600%3Aitalic&#8221;][\/vc_column][\/vc_row][vc_row content_placement=&#8221;middle&#8221;][vc_column width=&#8221;1\/4&#8243;][vc_single_image image=&#8221;3014&#8243; img_size=&#8221;full&#8221; alignment=&#8221;center&#8221; hover_effect=&#8221;img_play_effect&#8221;][\/vc_column][vc_column width=&#8221;3\/4&#8243;][vc_column_text]ISUZU i\u00e7in hayata ge\u00e7irilen bu proje, malzeme ta\u015f\u0131ma s\u00fcre\u00e7lerini modernize etmek ve \u00fcretim verimlili\u011fini art\u0131rmak i\u00e7in tasarlanm\u0131\u015ft\u0131r. Liftli Otonom Mobil Robotlar (AMR) kullan\u0131lan bu sistem, kit alanlar\u0131ndan montaj hatt\u0131na malzeme ta\u015f\u0131ma g\u00f6revini tam otomasyonla ger\u00e7ekle\u015ftirmektedir. AMR\u2019ler, \u00fczerlerindeki lift mekanizmas\u0131 sayesinde kitRead more","og_url":"https:\/\/robos.com.tr\/rbs124\/","og_site_name":"ROBOS","article_modified_time":"2024-12-11T14:56:17+00:00","twitter_card":"summary_large_image","twitter_misc":{"Est. reading time":"1 minute"},"schema":{"@context":"https:\/\/schema.org","@graph":[{"@type":"WebPage","@id":"https:\/\/robos.com.tr\/rbs124\/","url":"https:\/\/robos.com.tr\/rbs124\/","name":"RBS124 - ROBOS","isPartOf":{"@id":"https:\/\/robos.com.tr\/#website"},"datePublished":"2024-12-11T13:43:32+00:00","dateModified":"2024-12-11T14:56:17+00:00","breadcrumb":{"@id":"https:\/\/robos.com.tr\/rbs124\/#breadcrumb"},"inLanguage":"en-US","potentialAction":[{"@type":"ReadAction","target":["https:\/\/robos.com.tr\/rbs124\/"]}]},{"@type":"BreadcrumbList","@id":"https:\/\/robos.com.tr\/rbs124\/#breadcrumb","itemListElement":[{"@type":"ListItem","position":1,"name":"Home","item":"https:\/\/robos.com.tr\/en\/"},{"@type":"ListItem","position":2,"name":"RBS124"}]},{"@type":"WebSite","@id":"https:\/\/robos.com.tr\/#website","url":"https:\/\/robos.com.tr\/","name":"ROBOS","description":"Automated Guided Vehicles","publisher":{"@id":"https:\/\/robos.com.tr\/#organization"},"potentialAction":[{"@type":"SearchAction","target":{"@type":"EntryPoint","urlTemplate":"https:\/\/robos.com.tr\/?s={search_term_string}"},"query-input":{"@type":"PropertyValueSpecification","valueRequired":true,"valueName":"search_term_string"}}],"inLanguage":"en-US"},{"@type":"Organization","@id":"https:\/\/robos.com.tr\/#organization","name":"ROBOS","url":"https:\/\/robos.com.tr\/","logo":{"@type":"ImageObject","inLanguage":"en-US","@id":"https:\/\/robos.com.tr\/#\/schema\/logo\/image\/","url":"https:\/\/robos.com.tr\/wp-content\/uploads\/2022\/02\/Logo.png","contentUrl":"https:\/\/robos.com.tr\/wp-content\/uploads\/2022\/02\/Logo.png","width":463,"height":70,"caption":"ROBOS"},"image":{"@id":"https:\/\/robos.com.tr\/#\/schema\/logo\/image\/"},"sameAs":["https:\/\/www.linkedin.com\/company\/robos\/","https:\/\/www.youtube.com\/@robosagv4304"]}]}},"_links":{"self":[{"href":"https:\/\/robos.com.tr\/en\/wp-json\/wp\/v2\/pages\/3204","targetHints":{"allow":["GET"]}}],"collection":[{"href":"https:\/\/robos.com.tr\/en\/wp-json\/wp\/v2\/pages"}],"about":[{"href":"https:\/\/robos.com.tr\/en\/wp-json\/wp\/v2\/types\/page"}],"author":[{"embeddable":true,"href":"https:\/\/robos.com.tr\/en\/wp-json\/wp\/v2\/users\/2"}],"replies":[{"embeddable":true,"href":"https:\/\/robos.com.tr\/en\/wp-json\/wp\/v2\/comments?post=3204"}],"version-history":[{"count":3,"href":"https:\/\/robos.com.tr\/en\/wp-json\/wp\/v2\/pages\/3204\/revisions"}],"predecessor-version":[{"id":3222,"href":"https:\/\/robos.com.tr\/en\/wp-json\/wp\/v2\/pages\/3204\/revisions\/3222"}],"wp:attachment":[{"href":"https:\/\/robos.com.tr\/en\/wp-json\/wp\/v2\/media?parent=3204"}],"curies":[{"name":"wp","href":"https:\/\/api.w.org\/{rel}","templated":true}]}}