{"id":3210,"date":"2024-12-11T16:59:39","date_gmt":"2024-12-11T13:59:39","guid":{"rendered":"https:\/\/robos.com.tr\/?page_id=3210"},"modified":"2024-12-11T17:36:02","modified_gmt":"2024-12-11T14:36:02","slug":"rbs113","status":"publish","type":"page","link":"https:\/\/robos.com.tr\/en\/rbs113\/","title":{"rendered":"RBS113"},"content":{"rendered":"<p>[vc_row][vc_column][vc_custom_heading text=&#8221;T\u00dcRK TRAKT\u00d6R &#8211; Liftli AMR Sistemi&#8221; font_container=&#8221;tag:h1|font_size:28|text_align:center&#8221; google_fonts=&#8221;font_family:Open%20Sans%3A300%2C300italic%2Cregular%2Citalic%2C600%2C600italic%2C700%2C700italic%2C800%2C800italic|font_style:600%20bold%20italic%3A600%3Aitalic&#8221;][\/vc_column][\/vc_row][vc_row content_placement=&#8221;middle&#8221;][vc_column width=&#8221;1\/4&#8243;][vc_single_image image=&#8221;3016&#8243; img_size=&#8221;full&#8221; alignment=&#8221;center&#8221; hover_effect=&#8221;img_play_effect&#8221;][\/vc_column][vc_column width=&#8221;3\/4&#8243;][vc_column_text]T\u00fcrk Trakt\u00f6r\u2019\u00fcn Erenler Fabrikas\u0131\u2019nda hayata ge\u00e7irilen bu proje, kit alanlar\u0131ndan montaj hatt\u0131na malzeme ta\u015f\u0131ma s\u00fcrecini tamamen otomatikle\u015ftirmek i\u00e7in tasarlanm\u0131\u015ft\u0131r. <strong>Liftli Otonom Mobil Robotlar (AMR)<\/strong> kullan\u0131lan sistem, y\u00fcksek verimlilik ve hassasiyetle \u00e7al\u0131\u015farak lojistik operasyonlar\u0131 optimize etmektedir.<\/p>\n<p>Projedeki AMR\u2019ler, \u00fczerlerinde bulunan <strong>200 kg kapasiteli lift<\/strong> mekanizmas\u0131yla kit arabalar\u0131n\u0131 kolayca kald\u0131r\u0131p ta\u015f\u0131maktad\u0131r. Bu \u00f6zellik, malzeme ta\u015f\u0131ma s\u00fcrecini h\u0131zland\u0131r\u0131rken ayn\u0131 zamanda i\u015f g\u00fcc\u00fcn\u00fc hafifleterek g\u00fcvenli\u011fi art\u0131rmaktad\u0131r.<\/p>\n<p>Sistem, robotlar\u0131n \u00e7evresel haritalar\u0131 alg\u0131lay\u0131p do\u011fal yollarla hareket etmesini sa\u011flayan <strong>SICK Lidarloc do\u011fal navigasyon sistemi<\/strong> ile donat\u0131lm\u0131\u015ft\u0131r. Ayr\u0131ca, <strong>lityum ak\u00fc<\/strong> ve <strong>otomatik \u015farj sistemi<\/strong>, AMR\u2019lerin kesintisiz \u00e7al\u0131\u015fma performans\u0131 sergilemesine olanak tan\u0131maktad\u0131r.<\/p>\n<p>Bu proje, T\u00fcrk Trakt\u00f6r\u2019\u00fcn \u00fcretim s\u00fcre\u00e7lerindeki otomasyon seviyesini y\u00fckselterek, fabrika i\u00e7i lojistikte yeni bir standart olu\u015fturmu\u015ftur.[\/vc_column_text][\/vc_column][\/vc_row][vc_row][vc_column][vc_single_image image=&#8221;3216&#8243; img_size=&#8221;full&#8221; alignment=&#8221;center&#8221; onclick=&#8221;custom_link&#8221; img_link_target=&#8221;_blank&#8221; hover_effect=&#8221;img_zoom_effect&#8221; link=&#8221;https:\/\/www.youtube.com\/watch?v=FtZJHPEQDhU&#8221;][\/vc_column][\/vc_row]<\/p>\n","protected":false},"excerpt":{"rendered":"<p>[vc_row][vc_column][vc_custom_heading text=&#8221;T\u00dcRK TRAKT\u00d6R &#8211; Liftli AMR Sistemi&#8221; font_container=&#8221;tag:h1|font_size:28|text_align:center&#8221; google_fonts=&#8221;font_family:Open%20Sans%3A300%2C300italic%2Cregular%2Citalic%2C600%2C600italic%2C700%2C700italic%2C800%2C800italic|font_style:600%20bold%20italic%3A600%3Aitalic&#8221;][\/vc_column][\/vc_row][vc_row content_placement=&#8221;middle&#8221;][vc_column width=&#8221;1\/4&#8243;][vc_single_image image=&#8221;3016&#8243; img_size=&#8221;full&#8221; alignment=&#8221;center&#8221; hover_effect=&#8221;img_play_effect&#8221;][\/vc_column][vc_column width=&#8221;3\/4&#8243;][vc_column_text]T\u00fcrk Trakt\u00f6r\u2019\u00fcn Erenler Fabrikas\u0131\u2019nda hayata ge\u00e7irilen bu proje, kit alanlar\u0131ndan montaj hatt\u0131na malzeme ta\u015f\u0131ma s\u00fcrecini tamamen otomatikle\u015ftirmek i\u00e7in tasarlanm\u0131\u015ft\u0131r. Liftli Otonom Mobil Robotlar (AMR) kullan\u0131lan sistem, y\u00fcksek verimlilik ve hassasiyetle \u00e7al\u0131\u015farak lojistik operasyonlar\u0131 optimize etmektedir. Projedeki AMR\u2019ler, \u00fczerlerinde bulunan 200<br \/><a href=\"https:\/\/robos.com.tr\/en\/rbs113\/\" class=\"more\">Read more<\/a><\/p>\n","protected":false},"author":2,"featured_media":0,"parent":0,"menu_order":0,"comment_status":"closed","ping_status":"closed","template":"","meta":{"om_disable_all_campaigns":false,"_monsterinsights_skip_tracking":false,"_monsterinsights_sitenote_active":false,"_monsterinsights_sitenote_note":"","_monsterinsights_sitenote_category":0,"_uf_show_specific_survey":0,"_uf_disable_surveys":false,"footnotes":""},"class_list":["post-3210","page","type-page","status-publish","hentry"],"yoast_head":"<!-- This site is optimized with the Yoast SEO plugin v24.0 - https:\/\/yoast.com\/wordpress\/plugins\/seo\/ -->\n<title>RBS113 - ROBOS<\/title>\n<meta name=\"robots\" content=\"index, follow, max-snippet:-1, max-image-preview:large, max-video-preview:-1\" \/>\n<link rel=\"canonical\" href=\"https:\/\/robos.com.tr\/rbs113\/\" \/>\n<meta property=\"og:locale\" content=\"en_US\" \/>\n<meta property=\"og:type\" content=\"article\" \/>\n<meta property=\"og:title\" content=\"RBS113 - ROBOS\" \/>\n<meta property=\"og:description\" content=\"[vc_row][vc_column][vc_custom_heading text=&#8221;T\u00dcRK TRAKT\u00d6R &#8211; Liftli AMR Sistemi&#8221; font_container=&#8221;tag:h1|font_size:28|text_align:center&#8221; google_fonts=&#8221;font_family:Open%20Sans%3A300%2C300italic%2Cregular%2Citalic%2C600%2C600italic%2C700%2C700italic%2C800%2C800italic|font_style:600%20bold%20italic%3A600%3Aitalic&#8221;][\/vc_column][\/vc_row][vc_row content_placement=&#8221;middle&#8221;][vc_column width=&#8221;1\/4&#8243;][vc_single_image image=&#8221;3016&#8243; img_size=&#8221;full&#8221; alignment=&#8221;center&#8221; hover_effect=&#8221;img_play_effect&#8221;][\/vc_column][vc_column width=&#8221;3\/4&#8243;][vc_column_text]T\u00fcrk Trakt\u00f6r\u2019\u00fcn Erenler Fabrikas\u0131\u2019nda hayata ge\u00e7irilen bu proje, kit alanlar\u0131ndan montaj hatt\u0131na malzeme ta\u015f\u0131ma s\u00fcrecini tamamen otomatikle\u015ftirmek i\u00e7in tasarlanm\u0131\u015ft\u0131r. Liftli Otonom Mobil Robotlar (AMR) kullan\u0131lan sistem, y\u00fcksek verimlilik ve hassasiyetle \u00e7al\u0131\u015farak lojistik operasyonlar\u0131 optimize etmektedir. Projedeki AMR\u2019ler, \u00fczerlerinde bulunan 200Read more\" \/>\n<meta property=\"og:url\" content=\"https:\/\/robos.com.tr\/rbs113\/\" \/>\n<meta property=\"og:site_name\" content=\"ROBOS\" \/>\n<meta property=\"article:modified_time\" content=\"2024-12-11T14:36:02+00:00\" \/>\n<meta name=\"twitter:card\" content=\"summary_large_image\" \/>\n<meta name=\"twitter:label1\" content=\"Est. reading time\" \/>\n\t<meta name=\"twitter:data1\" content=\"1 minute\" \/>\n<script type=\"application\/ld+json\" class=\"yoast-schema-graph\">{\"@context\":\"https:\/\/schema.org\",\"@graph\":[{\"@type\":\"WebPage\",\"@id\":\"https:\/\/robos.com.tr\/rbs113\/\",\"url\":\"https:\/\/robos.com.tr\/rbs113\/\",\"name\":\"RBS113 - ROBOS\",\"isPartOf\":{\"@id\":\"https:\/\/robos.com.tr\/#website\"},\"datePublished\":\"2024-12-11T13:59:39+00:00\",\"dateModified\":\"2024-12-11T14:36:02+00:00\",\"breadcrumb\":{\"@id\":\"https:\/\/robos.com.tr\/rbs113\/#breadcrumb\"},\"inLanguage\":\"en-US\",\"potentialAction\":[{\"@type\":\"ReadAction\",\"target\":[\"https:\/\/robos.com.tr\/rbs113\/\"]}]},{\"@type\":\"BreadcrumbList\",\"@id\":\"https:\/\/robos.com.tr\/rbs113\/#breadcrumb\",\"itemListElement\":[{\"@type\":\"ListItem\",\"position\":1,\"name\":\"Home\",\"item\":\"https:\/\/robos.com.tr\/en\/\"},{\"@type\":\"ListItem\",\"position\":2,\"name\":\"RBS113\"}]},{\"@type\":\"WebSite\",\"@id\":\"https:\/\/robos.com.tr\/#website\",\"url\":\"https:\/\/robos.com.tr\/\",\"name\":\"ROBOS\",\"description\":\"Automated Guided Vehicles\",\"publisher\":{\"@id\":\"https:\/\/robos.com.tr\/#organization\"},\"potentialAction\":[{\"@type\":\"SearchAction\",\"target\":{\"@type\":\"EntryPoint\",\"urlTemplate\":\"https:\/\/robos.com.tr\/?s={search_term_string}\"},\"query-input\":{\"@type\":\"PropertyValueSpecification\",\"valueRequired\":true,\"valueName\":\"search_term_string\"}}],\"inLanguage\":\"en-US\"},{\"@type\":\"Organization\",\"@id\":\"https:\/\/robos.com.tr\/#organization\",\"name\":\"ROBOS\",\"url\":\"https:\/\/robos.com.tr\/\",\"logo\":{\"@type\":\"ImageObject\",\"inLanguage\":\"en-US\",\"@id\":\"https:\/\/robos.com.tr\/#\/schema\/logo\/image\/\",\"url\":\"https:\/\/robos.com.tr\/wp-content\/uploads\/2022\/02\/Logo.png\",\"contentUrl\":\"https:\/\/robos.com.tr\/wp-content\/uploads\/2022\/02\/Logo.png\",\"width\":463,\"height\":70,\"caption\":\"ROBOS\"},\"image\":{\"@id\":\"https:\/\/robos.com.tr\/#\/schema\/logo\/image\/\"},\"sameAs\":[\"https:\/\/www.linkedin.com\/company\/robos\/\",\"https:\/\/www.youtube.com\/@robosagv4304\"]}]}<\/script>\n<!-- \/ Yoast SEO plugin. -->","yoast_head_json":{"title":"RBS113 - ROBOS","robots":{"index":"index","follow":"follow","max-snippet":"max-snippet:-1","max-image-preview":"max-image-preview:large","max-video-preview":"max-video-preview:-1"},"canonical":"https:\/\/robos.com.tr\/rbs113\/","og_locale":"en_US","og_type":"article","og_title":"RBS113 - ROBOS","og_description":"[vc_row][vc_column][vc_custom_heading text=&#8221;T\u00dcRK TRAKT\u00d6R &#8211; Liftli AMR Sistemi&#8221; font_container=&#8221;tag:h1|font_size:28|text_align:center&#8221; google_fonts=&#8221;font_family:Open%20Sans%3A300%2C300italic%2Cregular%2Citalic%2C600%2C600italic%2C700%2C700italic%2C800%2C800italic|font_style:600%20bold%20italic%3A600%3Aitalic&#8221;][\/vc_column][\/vc_row][vc_row content_placement=&#8221;middle&#8221;][vc_column width=&#8221;1\/4&#8243;][vc_single_image image=&#8221;3016&#8243; img_size=&#8221;full&#8221; alignment=&#8221;center&#8221; hover_effect=&#8221;img_play_effect&#8221;][\/vc_column][vc_column width=&#8221;3\/4&#8243;][vc_column_text]T\u00fcrk Trakt\u00f6r\u2019\u00fcn Erenler Fabrikas\u0131\u2019nda hayata ge\u00e7irilen bu proje, kit alanlar\u0131ndan montaj hatt\u0131na malzeme ta\u015f\u0131ma s\u00fcrecini tamamen otomatikle\u015ftirmek i\u00e7in tasarlanm\u0131\u015ft\u0131r. Liftli Otonom Mobil Robotlar (AMR) kullan\u0131lan sistem, y\u00fcksek verimlilik ve hassasiyetle \u00e7al\u0131\u015farak lojistik operasyonlar\u0131 optimize etmektedir. Projedeki AMR\u2019ler, \u00fczerlerinde bulunan 200Read more","og_url":"https:\/\/robos.com.tr\/rbs113\/","og_site_name":"ROBOS","article_modified_time":"2024-12-11T14:36:02+00:00","twitter_card":"summary_large_image","twitter_misc":{"Est. reading time":"1 minute"},"schema":{"@context":"https:\/\/schema.org","@graph":[{"@type":"WebPage","@id":"https:\/\/robos.com.tr\/rbs113\/","url":"https:\/\/robos.com.tr\/rbs113\/","name":"RBS113 - ROBOS","isPartOf":{"@id":"https:\/\/robos.com.tr\/#website"},"datePublished":"2024-12-11T13:59:39+00:00","dateModified":"2024-12-11T14:36:02+00:00","breadcrumb":{"@id":"https:\/\/robos.com.tr\/rbs113\/#breadcrumb"},"inLanguage":"en-US","potentialAction":[{"@type":"ReadAction","target":["https:\/\/robos.com.tr\/rbs113\/"]}]},{"@type":"BreadcrumbList","@id":"https:\/\/robos.com.tr\/rbs113\/#breadcrumb","itemListElement":[{"@type":"ListItem","position":1,"name":"Home","item":"https:\/\/robos.com.tr\/en\/"},{"@type":"ListItem","position":2,"name":"RBS113"}]},{"@type":"WebSite","@id":"https:\/\/robos.com.tr\/#website","url":"https:\/\/robos.com.tr\/","name":"ROBOS","description":"Automated Guided Vehicles","publisher":{"@id":"https:\/\/robos.com.tr\/#organization"},"potentialAction":[{"@type":"SearchAction","target":{"@type":"EntryPoint","urlTemplate":"https:\/\/robos.com.tr\/?s={search_term_string}"},"query-input":{"@type":"PropertyValueSpecification","valueRequired":true,"valueName":"search_term_string"}}],"inLanguage":"en-US"},{"@type":"Organization","@id":"https:\/\/robos.com.tr\/#organization","name":"ROBOS","url":"https:\/\/robos.com.tr\/","logo":{"@type":"ImageObject","inLanguage":"en-US","@id":"https:\/\/robos.com.tr\/#\/schema\/logo\/image\/","url":"https:\/\/robos.com.tr\/wp-content\/uploads\/2022\/02\/Logo.png","contentUrl":"https:\/\/robos.com.tr\/wp-content\/uploads\/2022\/02\/Logo.png","width":463,"height":70,"caption":"ROBOS"},"image":{"@id":"https:\/\/robos.com.tr\/#\/schema\/logo\/image\/"},"sameAs":["https:\/\/www.linkedin.com\/company\/robos\/","https:\/\/www.youtube.com\/@robosagv4304"]}]}},"_links":{"self":[{"href":"https:\/\/robos.com.tr\/en\/wp-json\/wp\/v2\/pages\/3210","targetHints":{"allow":["GET"]}}],"collection":[{"href":"https:\/\/robos.com.tr\/en\/wp-json\/wp\/v2\/pages"}],"about":[{"href":"https:\/\/robos.com.tr\/en\/wp-json\/wp\/v2\/types\/page"}],"author":[{"embeddable":true,"href":"https:\/\/robos.com.tr\/en\/wp-json\/wp\/v2\/users\/2"}],"replies":[{"embeddable":true,"href":"https:\/\/robos.com.tr\/en\/wp-json\/wp\/v2\/comments?post=3210"}],"version-history":[{"count":3,"href":"https:\/\/robos.com.tr\/en\/wp-json\/wp\/v2\/pages\/3210\/revisions"}],"predecessor-version":[{"id":3212,"href":"https:\/\/robos.com.tr\/en\/wp-json\/wp\/v2\/pages\/3210\/revisions\/3212"}],"wp:attachment":[{"href":"https:\/\/robos.com.tr\/en\/wp-json\/wp\/v2\/media?parent=3210"}],"curies":[{"name":"wp","href":"https:\/\/api.w.org\/{rel}","templated":true}]}}