{"id":3225,"date":"2024-12-12T16:46:09","date_gmt":"2024-12-12T13:46:09","guid":{"rendered":"https:\/\/robos.com.tr\/?page_id=3225"},"modified":"2024-12-12T16:49:28","modified_gmt":"2024-12-12T13:49:28","slug":"rbs117","status":"publish","type":"page","link":"https:\/\/robos.com.tr\/en\/rbs117\/","title":{"rendered":"RBS117"},"content":{"rendered":"<p>[vc_row][vc_column][vc_custom_heading text=&#8221;BEY\u00c7EL\u0130K GESTAMP &#8211; Pin Mekanizmal\u0131 AMR Sistemi&#8221; font_container=&#8221;tag:h1|font_size:28|text_align:center&#8221; google_fonts=&#8221;font_family:Open%20Sans%3A300%2C300italic%2Cregular%2Citalic%2C600%2C600italic%2C700%2C700italic%2C800%2C800italic|font_style:600%20bold%20italic%3A600%3Aitalic&#8221;][\/vc_column][\/vc_row][vc_row content_placement=&#8221;middle&#8221;][vc_column width=&#8221;1\/4&#8243;][vc_single_image image=&#8221;3018&#8243; img_size=&#8221;full&#8221; alignment=&#8221;center&#8221; hover_effect=&#8221;img_play_effect&#8221;][\/vc_column][vc_column width=&#8221;3\/4&#8243;][vc_column_text]Bey\u00e7elik Gestamp Kaynak Fabrikas\u0131\u2019nda uygulanan bu proje, kaynak h\u00fccrelerine otomobil sac par\u00e7alar\u0131n\u0131 ta\u015f\u0131mak i\u00e7in \u00f6zel olarak geli\u015ftirilmi\u015ftir. <strong>Pin Mekanizmal\u0131 Otonom Mobil Robotlar (AMR)<\/strong> kullan\u0131lan bu sistem, a\u011f\u0131r y\u00fckleri y\u00fcksek verimlilikle ta\u015f\u0131yarak fabrika lojisti\u011finde \u00f6nemli bir rol oynamaktad\u0131r.<\/p>\n<p>AMR\u2019ler, <strong>1000 kg ta\u015f\u0131ma kapasitesine<\/strong> sahiptir ve pin mekanizmas\u0131 sayesinde ta\u015f\u0131ma arabalar\u0131na kitlenerek malzemeleri g\u00fcvenle ta\u015f\u0131maktad\u0131r. Bu yenilik\u00e7i tasar\u0131m, sistemin esnekli\u011fini art\u0131r\u0131rken manuel i\u015flem gereklili\u011fini ortadan kald\u0131rmaktad\u0131r.<\/p>\n<p>Robotlar, \u00e7evresel haritalar\u0131 kullanarak hassas hareket kabiliyeti sunan <strong>SICK Lidarloc do\u011fal navigasyon sistemi<\/strong> ile donat\u0131lm\u0131\u015ft\u0131r. Ayr\u0131ca, <strong>lityum ak\u00fc<\/strong> ve <strong>otomatik \u015farj sistemi<\/strong>, s\u00fcrekli ve kesintisiz bir operasyon ak\u0131\u015f\u0131 sa\u011flamaktad\u0131r.<\/p>\n<p>Bu proje, Bey\u00e7elik\u2019in lojistik s\u00fcre\u00e7lerini otomatikle\u015ftirerek kaynak h\u00fccrelerindeki i\u015f ak\u0131\u015f\u0131n\u0131 h\u0131zland\u0131rm\u0131\u015f ve \u00fcretim verimlili\u011fini \u00fcst d\u00fczeye ta\u015f\u0131m\u0131\u015ft\u0131r.[\/vc_column_text][\/vc_column][\/vc_row]<\/p>\n","protected":false},"excerpt":{"rendered":"<p>[vc_row][vc_column][vc_custom_heading text=&#8221;BEY\u00c7EL\u0130K GESTAMP &#8211; Pin Mekanizmal\u0131 AMR Sistemi&#8221; font_container=&#8221;tag:h1|font_size:28|text_align:center&#8221; google_fonts=&#8221;font_family:Open%20Sans%3A300%2C300italic%2Cregular%2Citalic%2C600%2C600italic%2C700%2C700italic%2C800%2C800italic|font_style:600%20bold%20italic%3A600%3Aitalic&#8221;][\/vc_column][\/vc_row][vc_row content_placement=&#8221;middle&#8221;][vc_column width=&#8221;1\/4&#8243;][vc_single_image image=&#8221;3018&#8243; img_size=&#8221;full&#8221; alignment=&#8221;center&#8221; hover_effect=&#8221;img_play_effect&#8221;][\/vc_column][vc_column width=&#8221;3\/4&#8243;][vc_column_text]Bey\u00e7elik Gestamp Kaynak Fabrikas\u0131\u2019nda uygulanan bu proje, kaynak h\u00fccrelerine otomobil sac par\u00e7alar\u0131n\u0131 ta\u015f\u0131mak i\u00e7in \u00f6zel olarak geli\u015ftirilmi\u015ftir. Pin Mekanizmal\u0131 Otonom Mobil Robotlar (AMR) kullan\u0131lan bu sistem, a\u011f\u0131r y\u00fckleri y\u00fcksek verimlilikle ta\u015f\u0131yarak fabrika lojisti\u011finde \u00f6nemli bir rol oynamaktad\u0131r. AMR\u2019ler, 1000<br \/><a href=\"https:\/\/robos.com.tr\/en\/rbs117\/\" class=\"more\">Read more<\/a><\/p>\n","protected":false},"author":2,"featured_media":0,"parent":0,"menu_order":0,"comment_status":"closed","ping_status":"closed","template":"","meta":{"om_disable_all_campaigns":false,"_monsterinsights_skip_tracking":false,"_monsterinsights_sitenote_active":false,"_monsterinsights_sitenote_note":"","_monsterinsights_sitenote_category":0,"_uf_show_specific_survey":0,"_uf_disable_surveys":false,"footnotes":""},"class_list":["post-3225","page","type-page","status-publish","hentry"],"yoast_head":"<!-- This site is optimized with the Yoast SEO plugin v24.0 - https:\/\/yoast.com\/wordpress\/plugins\/seo\/ -->\n<title>RBS117 - ROBOS<\/title>\n<meta name=\"robots\" content=\"index, follow, max-snippet:-1, max-image-preview:large, max-video-preview:-1\" \/>\n<link rel=\"canonical\" href=\"https:\/\/robos.com.tr\/rbs117\/\" \/>\n<meta property=\"og:locale\" content=\"en_US\" \/>\n<meta property=\"og:type\" content=\"article\" \/>\n<meta property=\"og:title\" content=\"RBS117 - ROBOS\" \/>\n<meta property=\"og:description\" content=\"[vc_row][vc_column][vc_custom_heading text=&#8221;BEY\u00c7EL\u0130K GESTAMP &#8211; Pin Mekanizmal\u0131 AMR Sistemi&#8221; font_container=&#8221;tag:h1|font_size:28|text_align:center&#8221; google_fonts=&#8221;font_family:Open%20Sans%3A300%2C300italic%2Cregular%2Citalic%2C600%2C600italic%2C700%2C700italic%2C800%2C800italic|font_style:600%20bold%20italic%3A600%3Aitalic&#8221;][\/vc_column][\/vc_row][vc_row content_placement=&#8221;middle&#8221;][vc_column width=&#8221;1\/4&#8243;][vc_single_image image=&#8221;3018&#8243; img_size=&#8221;full&#8221; alignment=&#8221;center&#8221; hover_effect=&#8221;img_play_effect&#8221;][\/vc_column][vc_column width=&#8221;3\/4&#8243;][vc_column_text]Bey\u00e7elik Gestamp Kaynak Fabrikas\u0131\u2019nda uygulanan bu proje, kaynak h\u00fccrelerine otomobil sac par\u00e7alar\u0131n\u0131 ta\u015f\u0131mak i\u00e7in \u00f6zel olarak geli\u015ftirilmi\u015ftir. Pin Mekanizmal\u0131 Otonom Mobil Robotlar (AMR) kullan\u0131lan bu sistem, a\u011f\u0131r y\u00fckleri y\u00fcksek verimlilikle ta\u015f\u0131yarak fabrika lojisti\u011finde \u00f6nemli bir rol oynamaktad\u0131r. AMR\u2019ler, 1000Read more\" \/>\n<meta property=\"og:url\" content=\"https:\/\/robos.com.tr\/rbs117\/\" \/>\n<meta property=\"og:site_name\" content=\"ROBOS\" \/>\n<meta property=\"article:modified_time\" content=\"2024-12-12T13:49:28+00:00\" \/>\n<meta name=\"twitter:card\" content=\"summary_large_image\" \/>\n<meta name=\"twitter:label1\" content=\"Est. reading time\" \/>\n\t<meta name=\"twitter:data1\" content=\"1 minute\" \/>\n<script type=\"application\/ld+json\" class=\"yoast-schema-graph\">{\"@context\":\"https:\/\/schema.org\",\"@graph\":[{\"@type\":\"WebPage\",\"@id\":\"https:\/\/robos.com.tr\/rbs117\/\",\"url\":\"https:\/\/robos.com.tr\/rbs117\/\",\"name\":\"RBS117 - ROBOS\",\"isPartOf\":{\"@id\":\"https:\/\/robos.com.tr\/#website\"},\"datePublished\":\"2024-12-12T13:46:09+00:00\",\"dateModified\":\"2024-12-12T13:49:28+00:00\",\"breadcrumb\":{\"@id\":\"https:\/\/robos.com.tr\/rbs117\/#breadcrumb\"},\"inLanguage\":\"en-US\",\"potentialAction\":[{\"@type\":\"ReadAction\",\"target\":[\"https:\/\/robos.com.tr\/rbs117\/\"]}]},{\"@type\":\"BreadcrumbList\",\"@id\":\"https:\/\/robos.com.tr\/rbs117\/#breadcrumb\",\"itemListElement\":[{\"@type\":\"ListItem\",\"position\":1,\"name\":\"Home\",\"item\":\"https:\/\/robos.com.tr\/en\/\"},{\"@type\":\"ListItem\",\"position\":2,\"name\":\"RBS117\"}]},{\"@type\":\"WebSite\",\"@id\":\"https:\/\/robos.com.tr\/#website\",\"url\":\"https:\/\/robos.com.tr\/\",\"name\":\"ROBOS\",\"description\":\"Automated Guided Vehicles\",\"publisher\":{\"@id\":\"https:\/\/robos.com.tr\/#organization\"},\"potentialAction\":[{\"@type\":\"SearchAction\",\"target\":{\"@type\":\"EntryPoint\",\"urlTemplate\":\"https:\/\/robos.com.tr\/?s={search_term_string}\"},\"query-input\":{\"@type\":\"PropertyValueSpecification\",\"valueRequired\":true,\"valueName\":\"search_term_string\"}}],\"inLanguage\":\"en-US\"},{\"@type\":\"Organization\",\"@id\":\"https:\/\/robos.com.tr\/#organization\",\"name\":\"ROBOS\",\"url\":\"https:\/\/robos.com.tr\/\",\"logo\":{\"@type\":\"ImageObject\",\"inLanguage\":\"en-US\",\"@id\":\"https:\/\/robos.com.tr\/#\/schema\/logo\/image\/\",\"url\":\"https:\/\/robos.com.tr\/wp-content\/uploads\/2022\/02\/Logo.png\",\"contentUrl\":\"https:\/\/robos.com.tr\/wp-content\/uploads\/2022\/02\/Logo.png\",\"width\":463,\"height\":70,\"caption\":\"ROBOS\"},\"image\":{\"@id\":\"https:\/\/robos.com.tr\/#\/schema\/logo\/image\/\"},\"sameAs\":[\"https:\/\/www.linkedin.com\/company\/robos\/\",\"https:\/\/www.youtube.com\/@robosagv4304\"]}]}<\/script>\n<!-- \/ Yoast SEO plugin. -->","yoast_head_json":{"title":"RBS117 - ROBOS","robots":{"index":"index","follow":"follow","max-snippet":"max-snippet:-1","max-image-preview":"max-image-preview:large","max-video-preview":"max-video-preview:-1"},"canonical":"https:\/\/robos.com.tr\/rbs117\/","og_locale":"en_US","og_type":"article","og_title":"RBS117 - ROBOS","og_description":"[vc_row][vc_column][vc_custom_heading text=&#8221;BEY\u00c7EL\u0130K GESTAMP &#8211; Pin Mekanizmal\u0131 AMR Sistemi&#8221; font_container=&#8221;tag:h1|font_size:28|text_align:center&#8221; google_fonts=&#8221;font_family:Open%20Sans%3A300%2C300italic%2Cregular%2Citalic%2C600%2C600italic%2C700%2C700italic%2C800%2C800italic|font_style:600%20bold%20italic%3A600%3Aitalic&#8221;][\/vc_column][\/vc_row][vc_row content_placement=&#8221;middle&#8221;][vc_column width=&#8221;1\/4&#8243;][vc_single_image image=&#8221;3018&#8243; img_size=&#8221;full&#8221; alignment=&#8221;center&#8221; hover_effect=&#8221;img_play_effect&#8221;][\/vc_column][vc_column width=&#8221;3\/4&#8243;][vc_column_text]Bey\u00e7elik Gestamp Kaynak Fabrikas\u0131\u2019nda uygulanan bu proje, kaynak h\u00fccrelerine otomobil sac par\u00e7alar\u0131n\u0131 ta\u015f\u0131mak i\u00e7in \u00f6zel olarak geli\u015ftirilmi\u015ftir. Pin Mekanizmal\u0131 Otonom Mobil Robotlar (AMR) kullan\u0131lan bu sistem, a\u011f\u0131r y\u00fckleri y\u00fcksek verimlilikle ta\u015f\u0131yarak fabrika lojisti\u011finde \u00f6nemli bir rol oynamaktad\u0131r. AMR\u2019ler, 1000Read more","og_url":"https:\/\/robos.com.tr\/rbs117\/","og_site_name":"ROBOS","article_modified_time":"2024-12-12T13:49:28+00:00","twitter_card":"summary_large_image","twitter_misc":{"Est. reading time":"1 minute"},"schema":{"@context":"https:\/\/schema.org","@graph":[{"@type":"WebPage","@id":"https:\/\/robos.com.tr\/rbs117\/","url":"https:\/\/robos.com.tr\/rbs117\/","name":"RBS117 - ROBOS","isPartOf":{"@id":"https:\/\/robos.com.tr\/#website"},"datePublished":"2024-12-12T13:46:09+00:00","dateModified":"2024-12-12T13:49:28+00:00","breadcrumb":{"@id":"https:\/\/robos.com.tr\/rbs117\/#breadcrumb"},"inLanguage":"en-US","potentialAction":[{"@type":"ReadAction","target":["https:\/\/robos.com.tr\/rbs117\/"]}]},{"@type":"BreadcrumbList","@id":"https:\/\/robos.com.tr\/rbs117\/#breadcrumb","itemListElement":[{"@type":"ListItem","position":1,"name":"Home","item":"https:\/\/robos.com.tr\/en\/"},{"@type":"ListItem","position":2,"name":"RBS117"}]},{"@type":"WebSite","@id":"https:\/\/robos.com.tr\/#website","url":"https:\/\/robos.com.tr\/","name":"ROBOS","description":"Automated Guided Vehicles","publisher":{"@id":"https:\/\/robos.com.tr\/#organization"},"potentialAction":[{"@type":"SearchAction","target":{"@type":"EntryPoint","urlTemplate":"https:\/\/robos.com.tr\/?s={search_term_string}"},"query-input":{"@type":"PropertyValueSpecification","valueRequired":true,"valueName":"search_term_string"}}],"inLanguage":"en-US"},{"@type":"Organization","@id":"https:\/\/robos.com.tr\/#organization","name":"ROBOS","url":"https:\/\/robos.com.tr\/","logo":{"@type":"ImageObject","inLanguage":"en-US","@id":"https:\/\/robos.com.tr\/#\/schema\/logo\/image\/","url":"https:\/\/robos.com.tr\/wp-content\/uploads\/2022\/02\/Logo.png","contentUrl":"https:\/\/robos.com.tr\/wp-content\/uploads\/2022\/02\/Logo.png","width":463,"height":70,"caption":"ROBOS"},"image":{"@id":"https:\/\/robos.com.tr\/#\/schema\/logo\/image\/"},"sameAs":["https:\/\/www.linkedin.com\/company\/robos\/","https:\/\/www.youtube.com\/@robosagv4304"]}]}},"_links":{"self":[{"href":"https:\/\/robos.com.tr\/en\/wp-json\/wp\/v2\/pages\/3225","targetHints":{"allow":["GET"]}}],"collection":[{"href":"https:\/\/robos.com.tr\/en\/wp-json\/wp\/v2\/pages"}],"about":[{"href":"https:\/\/robos.com.tr\/en\/wp-json\/wp\/v2\/types\/page"}],"author":[{"embeddable":true,"href":"https:\/\/robos.com.tr\/en\/wp-json\/wp\/v2\/users\/2"}],"replies":[{"embeddable":true,"href":"https:\/\/robos.com.tr\/en\/wp-json\/wp\/v2\/comments?post=3225"}],"version-history":[{"count":3,"href":"https:\/\/robos.com.tr\/en\/wp-json\/wp\/v2\/pages\/3225\/revisions"}],"predecessor-version":[{"id":3227,"href":"https:\/\/robos.com.tr\/en\/wp-json\/wp\/v2\/pages\/3225\/revisions\/3227"}],"wp:attachment":[{"href":"https:\/\/robos.com.tr\/en\/wp-json\/wp\/v2\/media?parent=3225"}],"curies":[{"name":"wp","href":"https:\/\/api.w.org\/{rel}","templated":true}]}}