{"id":3230,"date":"2024-12-12T16:56:13","date_gmt":"2024-12-12T13:56:13","guid":{"rendered":"https:\/\/robos.com.tr\/?page_id=3230"},"modified":"2024-12-12T16:58:55","modified_gmt":"2024-12-12T13:58:55","slug":"rbs116","status":"publish","type":"page","link":"https:\/\/robos.com.tr\/en\/rbs116\/","title":{"rendered":"RBS116"},"content":{"rendered":"<p>[vc_row][vc_column][vc_custom_heading text=&#8221;AKSA AKR\u0130L\u0130K &#8211; Outdoor \u00c7ekici AMR Sistemi&#8221; font_container=&#8221;tag:h1|font_size:28|text_align:center&#8221; google_fonts=&#8221;font_family:Open%20Sans%3A300%2C300italic%2Cregular%2Citalic%2C600%2C600italic%2C700%2C700italic%2C800%2C800italic|font_style:600%20bold%20italic%3A600%3Aitalic&#8221;][\/vc_column][\/vc_row][vc_row content_placement=&#8221;middle&#8221;][vc_column width=&#8221;1\/4&#8243;][vc_single_image image=&#8221;3020&#8243; img_size=&#8221;full&#8221; alignment=&#8221;center&#8221; hover_effect=&#8221;img_play_effect&#8221;][\/vc_column][vc_column width=&#8221;3\/4&#8243;][vc_column_text]Aksa Akrilik\u2019in Yalova Fabrikas\u0131 i\u00e7in geli\u015ftirilen bu yenilik\u00e7i proje, d\u0131\u015f alanlarda y\u00fcksek verimlilikle malzeme ta\u015f\u0131ma operasyonlar\u0131n\u0131 otomatikle\u015ftirmektedir. <strong>\u00c7ekici tip Otonom Mobil Robotlar (AMR)<\/strong> kullan\u0131lan sistem, fabrika \u00e7\u0131k\u0131\u015f\u0131ndaki \u00fcr\u00fcnlerin depo binas\u0131na ta\u015f\u0131nmas\u0131n\u0131 sa\u011flamaktad\u0131r.<\/p>\n<p><strong>8000 kg ta\u015f\u0131ma kapasitesine<\/strong> sahip olan AMR\u2019ler, zorlu hava ko\u015fullar\u0131na dayan\u0131kl\u0131 tasar\u0131m\u0131 ve d\u0131\u015f alanlara \u00f6zel olarak geli\u015ftirilmi\u015f <strong>SICK Lidarloc do\u011fal navigasyon sistemi<\/strong> ile \u00e7al\u0131\u015fmaktad\u0131r. Ayr\u0131ca, ya\u011fmur ve kar alt\u0131nda g\u00fcvenli \u00e7al\u0131\u015fmay\u0131 sa\u011flayan \u00f6zel lazer alan taray\u0131c\u0131lar kullan\u0131lm\u0131\u015ft\u0131r.<\/p>\n<p>Projedeki AMR\u2019ler, <strong>lityum ak\u00fc<\/strong> ve <strong>otomatik \u015farj sistemi<\/strong> ile kesintisiz bir operasyon ak\u0131\u015f\u0131 sunmaktad\u0131r. En dikkat \u00e7ekici \u00f6zelli\u011fi ise, AMR\u2019lerin \u0130zmit-Yalova yolunun alt\u0131ndaki t\u00fcneli kullanarak yolun kar\u015f\u0131s\u0131na ge\u00e7mesi olup, bu proje T\u00fcrkiye\u2019de bir ilki temsil etmektedir.<\/p>\n<p>Bu sistem, lojistik s\u00fcre\u00e7lerin modernize edilmesi ve \u00fcretimden depolamaya kadar olan s\u00fcrecin h\u0131zland\u0131r\u0131lmas\u0131 a\u00e7\u0131s\u0131ndan \u00f6nemli bir ba\u015far\u0131d\u0131r.[\/vc_column_text][\/vc_column][\/vc_row]<\/p>\n","protected":false},"excerpt":{"rendered":"<p>[vc_row][vc_column][vc_custom_heading text=&#8221;AKSA AKR\u0130L\u0130K &#8211; Outdoor \u00c7ekici AMR Sistemi&#8221; font_container=&#8221;tag:h1|font_size:28|text_align:center&#8221; google_fonts=&#8221;font_family:Open%20Sans%3A300%2C300italic%2Cregular%2Citalic%2C600%2C600italic%2C700%2C700italic%2C800%2C800italic|font_style:600%20bold%20italic%3A600%3Aitalic&#8221;][\/vc_column][\/vc_row][vc_row content_placement=&#8221;middle&#8221;][vc_column width=&#8221;1\/4&#8243;][vc_single_image image=&#8221;3020&#8243; img_size=&#8221;full&#8221; alignment=&#8221;center&#8221; hover_effect=&#8221;img_play_effect&#8221;][\/vc_column][vc_column width=&#8221;3\/4&#8243;][vc_column_text]Aksa Akrilik\u2019in Yalova Fabrikas\u0131 i\u00e7in geli\u015ftirilen bu yenilik\u00e7i proje, d\u0131\u015f alanlarda y\u00fcksek verimlilikle malzeme ta\u015f\u0131ma operasyonlar\u0131n\u0131 otomatikle\u015ftirmektedir. \u00c7ekici tip Otonom Mobil Robotlar (AMR) kullan\u0131lan sistem, fabrika \u00e7\u0131k\u0131\u015f\u0131ndaki \u00fcr\u00fcnlerin depo binas\u0131na ta\u015f\u0131nmas\u0131n\u0131 sa\u011flamaktad\u0131r. 8000 kg ta\u015f\u0131ma kapasitesine sahip olan AMR\u2019ler,<br \/><a href=\"https:\/\/robos.com.tr\/en\/rbs116\/\" class=\"more\">Read more<\/a><\/p>\n","protected":false},"author":2,"featured_media":0,"parent":0,"menu_order":0,"comment_status":"closed","ping_status":"closed","template":"","meta":{"om_disable_all_campaigns":false,"_monsterinsights_skip_tracking":false,"_monsterinsights_sitenote_active":false,"_monsterinsights_sitenote_note":"","_monsterinsights_sitenote_category":0,"_uf_show_specific_survey":0,"_uf_disable_surveys":false,"footnotes":""},"class_list":["post-3230","page","type-page","status-publish","hentry"],"yoast_head":"<!-- This site is optimized with the Yoast SEO plugin v24.0 - https:\/\/yoast.com\/wordpress\/plugins\/seo\/ -->\n<title>RBS116 - ROBOS<\/title>\n<meta name=\"robots\" content=\"index, follow, max-snippet:-1, max-image-preview:large, max-video-preview:-1\" \/>\n<link rel=\"canonical\" href=\"https:\/\/robos.com.tr\/rbs116\/\" \/>\n<meta property=\"og:locale\" content=\"en_US\" \/>\n<meta property=\"og:type\" content=\"article\" \/>\n<meta property=\"og:title\" content=\"RBS116 - ROBOS\" \/>\n<meta property=\"og:description\" content=\"[vc_row][vc_column][vc_custom_heading text=&#8221;AKSA AKR\u0130L\u0130K &#8211; Outdoor \u00c7ekici AMR Sistemi&#8221; font_container=&#8221;tag:h1|font_size:28|text_align:center&#8221; google_fonts=&#8221;font_family:Open%20Sans%3A300%2C300italic%2Cregular%2Citalic%2C600%2C600italic%2C700%2C700italic%2C800%2C800italic|font_style:600%20bold%20italic%3A600%3Aitalic&#8221;][\/vc_column][\/vc_row][vc_row content_placement=&#8221;middle&#8221;][vc_column width=&#8221;1\/4&#8243;][vc_single_image image=&#8221;3020&#8243; img_size=&#8221;full&#8221; alignment=&#8221;center&#8221; hover_effect=&#8221;img_play_effect&#8221;][\/vc_column][vc_column width=&#8221;3\/4&#8243;][vc_column_text]Aksa Akrilik\u2019in Yalova Fabrikas\u0131 i\u00e7in geli\u015ftirilen bu yenilik\u00e7i proje, d\u0131\u015f alanlarda y\u00fcksek verimlilikle malzeme ta\u015f\u0131ma operasyonlar\u0131n\u0131 otomatikle\u015ftirmektedir. \u00c7ekici tip Otonom Mobil Robotlar (AMR) kullan\u0131lan sistem, fabrika \u00e7\u0131k\u0131\u015f\u0131ndaki \u00fcr\u00fcnlerin depo binas\u0131na ta\u015f\u0131nmas\u0131n\u0131 sa\u011flamaktad\u0131r. 8000 kg ta\u015f\u0131ma kapasitesine sahip olan AMR\u2019ler,Read more\" \/>\n<meta property=\"og:url\" content=\"https:\/\/robos.com.tr\/rbs116\/\" \/>\n<meta property=\"og:site_name\" content=\"ROBOS\" \/>\n<meta property=\"article:modified_time\" content=\"2024-12-12T13:58:55+00:00\" \/>\n<meta name=\"twitter:card\" content=\"summary_large_image\" \/>\n<meta name=\"twitter:label1\" content=\"Est. reading time\" \/>\n\t<meta name=\"twitter:data1\" content=\"1 minute\" \/>\n<script type=\"application\/ld+json\" class=\"yoast-schema-graph\">{\"@context\":\"https:\/\/schema.org\",\"@graph\":[{\"@type\":\"WebPage\",\"@id\":\"https:\/\/robos.com.tr\/rbs116\/\",\"url\":\"https:\/\/robos.com.tr\/rbs116\/\",\"name\":\"RBS116 - ROBOS\",\"isPartOf\":{\"@id\":\"https:\/\/robos.com.tr\/#website\"},\"datePublished\":\"2024-12-12T13:56:13+00:00\",\"dateModified\":\"2024-12-12T13:58:55+00:00\",\"breadcrumb\":{\"@id\":\"https:\/\/robos.com.tr\/rbs116\/#breadcrumb\"},\"inLanguage\":\"en-US\",\"potentialAction\":[{\"@type\":\"ReadAction\",\"target\":[\"https:\/\/robos.com.tr\/rbs116\/\"]}]},{\"@type\":\"BreadcrumbList\",\"@id\":\"https:\/\/robos.com.tr\/rbs116\/#breadcrumb\",\"itemListElement\":[{\"@type\":\"ListItem\",\"position\":1,\"name\":\"Home\",\"item\":\"https:\/\/robos.com.tr\/en\/\"},{\"@type\":\"ListItem\",\"position\":2,\"name\":\"RBS116\"}]},{\"@type\":\"WebSite\",\"@id\":\"https:\/\/robos.com.tr\/#website\",\"url\":\"https:\/\/robos.com.tr\/\",\"name\":\"ROBOS\",\"description\":\"Automated Guided Vehicles\",\"publisher\":{\"@id\":\"https:\/\/robos.com.tr\/#organization\"},\"potentialAction\":[{\"@type\":\"SearchAction\",\"target\":{\"@type\":\"EntryPoint\",\"urlTemplate\":\"https:\/\/robos.com.tr\/?s={search_term_string}\"},\"query-input\":{\"@type\":\"PropertyValueSpecification\",\"valueRequired\":true,\"valueName\":\"search_term_string\"}}],\"inLanguage\":\"en-US\"},{\"@type\":\"Organization\",\"@id\":\"https:\/\/robos.com.tr\/#organization\",\"name\":\"ROBOS\",\"url\":\"https:\/\/robos.com.tr\/\",\"logo\":{\"@type\":\"ImageObject\",\"inLanguage\":\"en-US\",\"@id\":\"https:\/\/robos.com.tr\/#\/schema\/logo\/image\/\",\"url\":\"https:\/\/robos.com.tr\/wp-content\/uploads\/2022\/02\/Logo.png\",\"contentUrl\":\"https:\/\/robos.com.tr\/wp-content\/uploads\/2022\/02\/Logo.png\",\"width\":463,\"height\":70,\"caption\":\"ROBOS\"},\"image\":{\"@id\":\"https:\/\/robos.com.tr\/#\/schema\/logo\/image\/\"},\"sameAs\":[\"https:\/\/www.linkedin.com\/company\/robos\/\",\"https:\/\/www.youtube.com\/@robosagv4304\"]}]}<\/script>\n<!-- \/ Yoast SEO plugin. -->","yoast_head_json":{"title":"RBS116 - ROBOS","robots":{"index":"index","follow":"follow","max-snippet":"max-snippet:-1","max-image-preview":"max-image-preview:large","max-video-preview":"max-video-preview:-1"},"canonical":"https:\/\/robos.com.tr\/rbs116\/","og_locale":"en_US","og_type":"article","og_title":"RBS116 - ROBOS","og_description":"[vc_row][vc_column][vc_custom_heading text=&#8221;AKSA AKR\u0130L\u0130K &#8211; Outdoor \u00c7ekici AMR Sistemi&#8221; font_container=&#8221;tag:h1|font_size:28|text_align:center&#8221; google_fonts=&#8221;font_family:Open%20Sans%3A300%2C300italic%2Cregular%2Citalic%2C600%2C600italic%2C700%2C700italic%2C800%2C800italic|font_style:600%20bold%20italic%3A600%3Aitalic&#8221;][\/vc_column][\/vc_row][vc_row content_placement=&#8221;middle&#8221;][vc_column width=&#8221;1\/4&#8243;][vc_single_image image=&#8221;3020&#8243; img_size=&#8221;full&#8221; alignment=&#8221;center&#8221; hover_effect=&#8221;img_play_effect&#8221;][\/vc_column][vc_column width=&#8221;3\/4&#8243;][vc_column_text]Aksa Akrilik\u2019in Yalova Fabrikas\u0131 i\u00e7in geli\u015ftirilen bu yenilik\u00e7i proje, d\u0131\u015f alanlarda y\u00fcksek verimlilikle malzeme ta\u015f\u0131ma operasyonlar\u0131n\u0131 otomatikle\u015ftirmektedir. \u00c7ekici tip Otonom Mobil Robotlar (AMR) kullan\u0131lan sistem, fabrika \u00e7\u0131k\u0131\u015f\u0131ndaki \u00fcr\u00fcnlerin depo binas\u0131na ta\u015f\u0131nmas\u0131n\u0131 sa\u011flamaktad\u0131r. 8000 kg ta\u015f\u0131ma kapasitesine sahip olan AMR\u2019ler,Read more","og_url":"https:\/\/robos.com.tr\/rbs116\/","og_site_name":"ROBOS","article_modified_time":"2024-12-12T13:58:55+00:00","twitter_card":"summary_large_image","twitter_misc":{"Est. reading time":"1 minute"},"schema":{"@context":"https:\/\/schema.org","@graph":[{"@type":"WebPage","@id":"https:\/\/robos.com.tr\/rbs116\/","url":"https:\/\/robos.com.tr\/rbs116\/","name":"RBS116 - ROBOS","isPartOf":{"@id":"https:\/\/robos.com.tr\/#website"},"datePublished":"2024-12-12T13:56:13+00:00","dateModified":"2024-12-12T13:58:55+00:00","breadcrumb":{"@id":"https:\/\/robos.com.tr\/rbs116\/#breadcrumb"},"inLanguage":"en-US","potentialAction":[{"@type":"ReadAction","target":["https:\/\/robos.com.tr\/rbs116\/"]}]},{"@type":"BreadcrumbList","@id":"https:\/\/robos.com.tr\/rbs116\/#breadcrumb","itemListElement":[{"@type":"ListItem","position":1,"name":"Home","item":"https:\/\/robos.com.tr\/en\/"},{"@type":"ListItem","position":2,"name":"RBS116"}]},{"@type":"WebSite","@id":"https:\/\/robos.com.tr\/#website","url":"https:\/\/robos.com.tr\/","name":"ROBOS","description":"Automated Guided Vehicles","publisher":{"@id":"https:\/\/robos.com.tr\/#organization"},"potentialAction":[{"@type":"SearchAction","target":{"@type":"EntryPoint","urlTemplate":"https:\/\/robos.com.tr\/?s={search_term_string}"},"query-input":{"@type":"PropertyValueSpecification","valueRequired":true,"valueName":"search_term_string"}}],"inLanguage":"en-US"},{"@type":"Organization","@id":"https:\/\/robos.com.tr\/#organization","name":"ROBOS","url":"https:\/\/robos.com.tr\/","logo":{"@type":"ImageObject","inLanguage":"en-US","@id":"https:\/\/robos.com.tr\/#\/schema\/logo\/image\/","url":"https:\/\/robos.com.tr\/wp-content\/uploads\/2022\/02\/Logo.png","contentUrl":"https:\/\/robos.com.tr\/wp-content\/uploads\/2022\/02\/Logo.png","width":463,"height":70,"caption":"ROBOS"},"image":{"@id":"https:\/\/robos.com.tr\/#\/schema\/logo\/image\/"},"sameAs":["https:\/\/www.linkedin.com\/company\/robos\/","https:\/\/www.youtube.com\/@robosagv4304"]}]}},"_links":{"self":[{"href":"https:\/\/robos.com.tr\/en\/wp-json\/wp\/v2\/pages\/3230","targetHints":{"allow":["GET"]}}],"collection":[{"href":"https:\/\/robos.com.tr\/en\/wp-json\/wp\/v2\/pages"}],"about":[{"href":"https:\/\/robos.com.tr\/en\/wp-json\/wp\/v2\/types\/page"}],"author":[{"embeddable":true,"href":"https:\/\/robos.com.tr\/en\/wp-json\/wp\/v2\/users\/2"}],"replies":[{"embeddable":true,"href":"https:\/\/robos.com.tr\/en\/wp-json\/wp\/v2\/comments?post=3230"}],"version-history":[{"count":1,"href":"https:\/\/robos.com.tr\/en\/wp-json\/wp\/v2\/pages\/3230\/revisions"}],"predecessor-version":[{"id":3231,"href":"https:\/\/robos.com.tr\/en\/wp-json\/wp\/v2\/pages\/3230\/revisions\/3231"}],"wp:attachment":[{"href":"https:\/\/robos.com.tr\/en\/wp-json\/wp\/v2\/media?parent=3230"}],"curies":[{"name":"wp","href":"https:\/\/api.w.org\/{rel}","templated":true}]}}