{"id":3233,"date":"2024-12-12T17:00:32","date_gmt":"2024-12-12T14:00:32","guid":{"rendered":"https:\/\/robos.com.tr\/?page_id=3233"},"modified":"2024-12-12T17:01:28","modified_gmt":"2024-12-12T14:01:28","slug":"rbs110","status":"publish","type":"page","link":"https:\/\/robos.com.tr\/en\/rbs110\/","title":{"rendered":"RBS110"},"content":{"rendered":"<p>[vc_row][vc_column][vc_custom_heading text=&#8221;B\/S\/H &#8211; Konvey\u00f6rl\u00fc AGV Sistemi&#8221; font_container=&#8221;tag:h1|font_size:28|text_align:center&#8221; google_fonts=&#8221;font_family:Open%20Sans%3A300%2C300italic%2Cregular%2Citalic%2C600%2C600italic%2C700%2C700italic%2C800%2C800italic|font_style:600%20bold%20italic%3A600%3Aitalic&#8221;][\/vc_column][\/vc_row][vc_row content_placement=&#8221;middle&#8221;][vc_column width=&#8221;1\/4&#8243;][vc_single_image image=&#8221;3027&#8243; img_size=&#8221;full&#8221; alignment=&#8221;center&#8221; hover_effect=&#8221;img_play_effect&#8221;][\/vc_column][vc_column width=&#8221;3\/4&#8243;][vc_column_text]B\/S\/H \u00c7erkezk\u00f6y Fabrikas\u0131\u2019nda hayata ge\u00e7irilen bu proje, \u00e7ama\u015f\u0131r makinesi kazanlar\u0131n\u0131n ta\u015f\u0131nmas\u0131 i\u00e7in ileri teknoloji bir otomasyon \u00e7\u00f6z\u00fcm\u00fc sunmaktad\u0131r. <strong>Konvey\u00f6rl\u00fc AGV\u2019ler<\/strong> kullan\u0131lan sistem, fabrika i\u00e7i lojistik s\u00fcre\u00e7lerin h\u0131z\u0131n\u0131 ve verimlili\u011fini art\u0131rm\u0131\u015ft\u0131r.<\/p>\n<p>Projedeki AGV\u2019ler, <strong>1000 kg ta\u015f\u0131ma kapasitesine<\/strong> sahip olup \u00fczerlerindeki konvey\u00f6r mekanizmas\u0131 sayesinde paletleri otomatik olarak al\u0131p b\u0131rakabilmektedir. Bu \u00f6zellik, ta\u015f\u0131ma s\u00fcre\u00e7lerinin daha h\u0131zl\u0131, hassas ve g\u00fcvenli bir \u015fekilde ger\u00e7ekle\u015ftirilmesini sa\u011flamaktad\u0131r.<\/p>\n<p>AGV\u2019lerde, hassas hareket ve y\u00f6nlendirme i\u00e7in <strong>lazer navigasyon sistemi<\/strong> kullan\u0131lm\u0131\u015ft\u0131r. Ayr\u0131ca, <strong>lityum ak\u00fc<\/strong> ve <strong>otomatik \u015farj sistemi<\/strong>, kesintisiz operasyon ve enerji verimlili\u011fi sunarak \u00fcretim s\u00fcre\u00e7lerini desteklemektedir.<\/p>\n<p>Bu proje, B\/S\/H\u2019nin lojistik operasyonlar\u0131n\u0131 modernize etmi\u015f, \u00fcretim hatt\u0131nda i\u015f ak\u0131\u015f\u0131n\u0131 optimize ederek fabrikay\u0131 gelece\u011fin teknolojisiyle bulu\u015fturmu\u015ftur.[\/vc_column_text][\/vc_column][\/vc_row]<\/p>\n","protected":false},"excerpt":{"rendered":"<p>[vc_row][vc_column][vc_custom_heading text=&#8221;B\/S\/H &#8211; Konvey\u00f6rl\u00fc AGV Sistemi&#8221; font_container=&#8221;tag:h1|font_size:28|text_align:center&#8221; google_fonts=&#8221;font_family:Open%20Sans%3A300%2C300italic%2Cregular%2Citalic%2C600%2C600italic%2C700%2C700italic%2C800%2C800italic|font_style:600%20bold%20italic%3A600%3Aitalic&#8221;][\/vc_column][\/vc_row][vc_row content_placement=&#8221;middle&#8221;][vc_column width=&#8221;1\/4&#8243;][vc_single_image image=&#8221;3027&#8243; img_size=&#8221;full&#8221; alignment=&#8221;center&#8221; hover_effect=&#8221;img_play_effect&#8221;][\/vc_column][vc_column width=&#8221;3\/4&#8243;][vc_column_text]B\/S\/H \u00c7erkezk\u00f6y Fabrikas\u0131\u2019nda hayata ge\u00e7irilen bu proje, \u00e7ama\u015f\u0131r makinesi kazanlar\u0131n\u0131n ta\u015f\u0131nmas\u0131 i\u00e7in ileri teknoloji bir otomasyon \u00e7\u00f6z\u00fcm\u00fc sunmaktad\u0131r. Konvey\u00f6rl\u00fc AGV\u2019ler kullan\u0131lan sistem, fabrika i\u00e7i lojistik s\u00fcre\u00e7lerin h\u0131z\u0131n\u0131 ve verimlili\u011fini art\u0131rm\u0131\u015ft\u0131r. Projedeki AGV\u2019ler, 1000 kg ta\u015f\u0131ma kapasitesine sahip olup \u00fczerlerindeki konvey\u00f6r mekanizmas\u0131<br \/><a href=\"https:\/\/robos.com.tr\/en\/rbs110\/\" class=\"more\">Read more<\/a><\/p>\n","protected":false},"author":2,"featured_media":0,"parent":0,"menu_order":0,"comment_status":"closed","ping_status":"closed","template":"","meta":{"om_disable_all_campaigns":false,"_monsterinsights_skip_tracking":false,"_monsterinsights_sitenote_active":false,"_monsterinsights_sitenote_note":"","_monsterinsights_sitenote_category":0,"_uf_show_specific_survey":0,"_uf_disable_surveys":false,"footnotes":""},"class_list":["post-3233","page","type-page","status-publish","hentry"],"yoast_head":"<!-- This site is optimized with the Yoast SEO plugin v24.0 - https:\/\/yoast.com\/wordpress\/plugins\/seo\/ -->\n<title>RBS110 - ROBOS<\/title>\n<meta name=\"robots\" content=\"index, follow, max-snippet:-1, max-image-preview:large, max-video-preview:-1\" \/>\n<link rel=\"canonical\" href=\"https:\/\/robos.com.tr\/rbs110\/\" \/>\n<meta property=\"og:locale\" content=\"en_US\" \/>\n<meta property=\"og:type\" content=\"article\" \/>\n<meta property=\"og:title\" content=\"RBS110 - ROBOS\" \/>\n<meta property=\"og:description\" content=\"[vc_row][vc_column][vc_custom_heading text=&#8221;B\/S\/H &#8211; Konvey\u00f6rl\u00fc AGV Sistemi&#8221; font_container=&#8221;tag:h1|font_size:28|text_align:center&#8221; google_fonts=&#8221;font_family:Open%20Sans%3A300%2C300italic%2Cregular%2Citalic%2C600%2C600italic%2C700%2C700italic%2C800%2C800italic|font_style:600%20bold%20italic%3A600%3Aitalic&#8221;][\/vc_column][\/vc_row][vc_row content_placement=&#8221;middle&#8221;][vc_column width=&#8221;1\/4&#8243;][vc_single_image image=&#8221;3027&#8243; img_size=&#8221;full&#8221; alignment=&#8221;center&#8221; hover_effect=&#8221;img_play_effect&#8221;][\/vc_column][vc_column width=&#8221;3\/4&#8243;][vc_column_text]B\/S\/H \u00c7erkezk\u00f6y Fabrikas\u0131\u2019nda hayata ge\u00e7irilen bu proje, \u00e7ama\u015f\u0131r makinesi kazanlar\u0131n\u0131n ta\u015f\u0131nmas\u0131 i\u00e7in ileri teknoloji bir otomasyon \u00e7\u00f6z\u00fcm\u00fc sunmaktad\u0131r. Konvey\u00f6rl\u00fc AGV\u2019ler kullan\u0131lan sistem, fabrika i\u00e7i lojistik s\u00fcre\u00e7lerin h\u0131z\u0131n\u0131 ve verimlili\u011fini art\u0131rm\u0131\u015ft\u0131r. Projedeki AGV\u2019ler, 1000 kg ta\u015f\u0131ma kapasitesine sahip olup \u00fczerlerindeki konvey\u00f6r mekanizmas\u0131Read more\" \/>\n<meta property=\"og:url\" content=\"https:\/\/robos.com.tr\/rbs110\/\" \/>\n<meta property=\"og:site_name\" content=\"ROBOS\" \/>\n<meta property=\"article:modified_time\" content=\"2024-12-12T14:01:28+00:00\" \/>\n<meta name=\"twitter:card\" content=\"summary_large_image\" \/>\n<meta name=\"twitter:label1\" content=\"Est. reading time\" \/>\n\t<meta name=\"twitter:data1\" content=\"1 minute\" \/>\n<script type=\"application\/ld+json\" class=\"yoast-schema-graph\">{\"@context\":\"https:\/\/schema.org\",\"@graph\":[{\"@type\":\"WebPage\",\"@id\":\"https:\/\/robos.com.tr\/rbs110\/\",\"url\":\"https:\/\/robos.com.tr\/rbs110\/\",\"name\":\"RBS110 - ROBOS\",\"isPartOf\":{\"@id\":\"https:\/\/robos.com.tr\/#website\"},\"datePublished\":\"2024-12-12T14:00:32+00:00\",\"dateModified\":\"2024-12-12T14:01:28+00:00\",\"breadcrumb\":{\"@id\":\"https:\/\/robos.com.tr\/rbs110\/#breadcrumb\"},\"inLanguage\":\"en-US\",\"potentialAction\":[{\"@type\":\"ReadAction\",\"target\":[\"https:\/\/robos.com.tr\/rbs110\/\"]}]},{\"@type\":\"BreadcrumbList\",\"@id\":\"https:\/\/robos.com.tr\/rbs110\/#breadcrumb\",\"itemListElement\":[{\"@type\":\"ListItem\",\"position\":1,\"name\":\"Home\",\"item\":\"https:\/\/robos.com.tr\/en\/\"},{\"@type\":\"ListItem\",\"position\":2,\"name\":\"RBS110\"}]},{\"@type\":\"WebSite\",\"@id\":\"https:\/\/robos.com.tr\/#website\",\"url\":\"https:\/\/robos.com.tr\/\",\"name\":\"ROBOS\",\"description\":\"Automated Guided Vehicles\",\"publisher\":{\"@id\":\"https:\/\/robos.com.tr\/#organization\"},\"potentialAction\":[{\"@type\":\"SearchAction\",\"target\":{\"@type\":\"EntryPoint\",\"urlTemplate\":\"https:\/\/robos.com.tr\/?s={search_term_string}\"},\"query-input\":{\"@type\":\"PropertyValueSpecification\",\"valueRequired\":true,\"valueName\":\"search_term_string\"}}],\"inLanguage\":\"en-US\"},{\"@type\":\"Organization\",\"@id\":\"https:\/\/robos.com.tr\/#organization\",\"name\":\"ROBOS\",\"url\":\"https:\/\/robos.com.tr\/\",\"logo\":{\"@type\":\"ImageObject\",\"inLanguage\":\"en-US\",\"@id\":\"https:\/\/robos.com.tr\/#\/schema\/logo\/image\/\",\"url\":\"https:\/\/robos.com.tr\/wp-content\/uploads\/2022\/02\/Logo.png\",\"contentUrl\":\"https:\/\/robos.com.tr\/wp-content\/uploads\/2022\/02\/Logo.png\",\"width\":463,\"height\":70,\"caption\":\"ROBOS\"},\"image\":{\"@id\":\"https:\/\/robos.com.tr\/#\/schema\/logo\/image\/\"},\"sameAs\":[\"https:\/\/www.linkedin.com\/company\/robos\/\",\"https:\/\/www.youtube.com\/@robosagv4304\"]}]}<\/script>\n<!-- \/ Yoast SEO plugin. -->","yoast_head_json":{"title":"RBS110 - ROBOS","robots":{"index":"index","follow":"follow","max-snippet":"max-snippet:-1","max-image-preview":"max-image-preview:large","max-video-preview":"max-video-preview:-1"},"canonical":"https:\/\/robos.com.tr\/rbs110\/","og_locale":"en_US","og_type":"article","og_title":"RBS110 - ROBOS","og_description":"[vc_row][vc_column][vc_custom_heading text=&#8221;B\/S\/H &#8211; Konvey\u00f6rl\u00fc AGV Sistemi&#8221; font_container=&#8221;tag:h1|font_size:28|text_align:center&#8221; google_fonts=&#8221;font_family:Open%20Sans%3A300%2C300italic%2Cregular%2Citalic%2C600%2C600italic%2C700%2C700italic%2C800%2C800italic|font_style:600%20bold%20italic%3A600%3Aitalic&#8221;][\/vc_column][\/vc_row][vc_row content_placement=&#8221;middle&#8221;][vc_column width=&#8221;1\/4&#8243;][vc_single_image image=&#8221;3027&#8243; img_size=&#8221;full&#8221; alignment=&#8221;center&#8221; hover_effect=&#8221;img_play_effect&#8221;][\/vc_column][vc_column width=&#8221;3\/4&#8243;][vc_column_text]B\/S\/H \u00c7erkezk\u00f6y Fabrikas\u0131\u2019nda hayata ge\u00e7irilen bu proje, \u00e7ama\u015f\u0131r makinesi kazanlar\u0131n\u0131n ta\u015f\u0131nmas\u0131 i\u00e7in ileri teknoloji bir otomasyon \u00e7\u00f6z\u00fcm\u00fc sunmaktad\u0131r. Konvey\u00f6rl\u00fc AGV\u2019ler kullan\u0131lan sistem, fabrika i\u00e7i lojistik s\u00fcre\u00e7lerin h\u0131z\u0131n\u0131 ve verimlili\u011fini art\u0131rm\u0131\u015ft\u0131r. Projedeki AGV\u2019ler, 1000 kg ta\u015f\u0131ma kapasitesine sahip olup \u00fczerlerindeki konvey\u00f6r mekanizmas\u0131Read more","og_url":"https:\/\/robos.com.tr\/rbs110\/","og_site_name":"ROBOS","article_modified_time":"2024-12-12T14:01:28+00:00","twitter_card":"summary_large_image","twitter_misc":{"Est. reading time":"1 minute"},"schema":{"@context":"https:\/\/schema.org","@graph":[{"@type":"WebPage","@id":"https:\/\/robos.com.tr\/rbs110\/","url":"https:\/\/robos.com.tr\/rbs110\/","name":"RBS110 - ROBOS","isPartOf":{"@id":"https:\/\/robos.com.tr\/#website"},"datePublished":"2024-12-12T14:00:32+00:00","dateModified":"2024-12-12T14:01:28+00:00","breadcrumb":{"@id":"https:\/\/robos.com.tr\/rbs110\/#breadcrumb"},"inLanguage":"en-US","potentialAction":[{"@type":"ReadAction","target":["https:\/\/robos.com.tr\/rbs110\/"]}]},{"@type":"BreadcrumbList","@id":"https:\/\/robos.com.tr\/rbs110\/#breadcrumb","itemListElement":[{"@type":"ListItem","position":1,"name":"Home","item":"https:\/\/robos.com.tr\/en\/"},{"@type":"ListItem","position":2,"name":"RBS110"}]},{"@type":"WebSite","@id":"https:\/\/robos.com.tr\/#website","url":"https:\/\/robos.com.tr\/","name":"ROBOS","description":"Automated Guided Vehicles","publisher":{"@id":"https:\/\/robos.com.tr\/#organization"},"potentialAction":[{"@type":"SearchAction","target":{"@type":"EntryPoint","urlTemplate":"https:\/\/robos.com.tr\/?s={search_term_string}"},"query-input":{"@type":"PropertyValueSpecification","valueRequired":true,"valueName":"search_term_string"}}],"inLanguage":"en-US"},{"@type":"Organization","@id":"https:\/\/robos.com.tr\/#organization","name":"ROBOS","url":"https:\/\/robos.com.tr\/","logo":{"@type":"ImageObject","inLanguage":"en-US","@id":"https:\/\/robos.com.tr\/#\/schema\/logo\/image\/","url":"https:\/\/robos.com.tr\/wp-content\/uploads\/2022\/02\/Logo.png","contentUrl":"https:\/\/robos.com.tr\/wp-content\/uploads\/2022\/02\/Logo.png","width":463,"height":70,"caption":"ROBOS"},"image":{"@id":"https:\/\/robos.com.tr\/#\/schema\/logo\/image\/"},"sameAs":["https:\/\/www.linkedin.com\/company\/robos\/","https:\/\/www.youtube.com\/@robosagv4304"]}]}},"_links":{"self":[{"href":"https:\/\/robos.com.tr\/en\/wp-json\/wp\/v2\/pages\/3233","targetHints":{"allow":["GET"]}}],"collection":[{"href":"https:\/\/robos.com.tr\/en\/wp-json\/wp\/v2\/pages"}],"about":[{"href":"https:\/\/robos.com.tr\/en\/wp-json\/wp\/v2\/types\/page"}],"author":[{"embeddable":true,"href":"https:\/\/robos.com.tr\/en\/wp-json\/wp\/v2\/users\/2"}],"replies":[{"embeddable":true,"href":"https:\/\/robos.com.tr\/en\/wp-json\/wp\/v2\/comments?post=3233"}],"version-history":[{"count":2,"href":"https:\/\/robos.com.tr\/en\/wp-json\/wp\/v2\/pages\/3233\/revisions"}],"predecessor-version":[{"id":3235,"href":"https:\/\/robos.com.tr\/en\/wp-json\/wp\/v2\/pages\/3233\/revisions\/3235"}],"wp:attachment":[{"href":"https:\/\/robos.com.tr\/en\/wp-json\/wp\/v2\/media?parent=3233"}],"curies":[{"name":"wp","href":"https:\/\/api.w.org\/{rel}","templated":true}]}}