{"id":3237,"date":"2024-12-12T17:07:47","date_gmt":"2024-12-12T14:07:47","guid":{"rendered":"https:\/\/robos.com.tr\/?page_id=3237"},"modified":"2024-12-12T17:08:00","modified_gmt":"2024-12-12T14:08:00","slug":"rbs94","status":"publish","type":"page","link":"https:\/\/robos.com.tr\/en\/rbs94\/","title":{"rendered":"RBS94"},"content":{"rendered":"<p>[vc_row][vc_column][vc_custom_heading text=&#8221;TOGG &#8211; AKS Montaj Hatt\u0131&#8221; font_container=&#8221;tag:h1|font_size:28|text_align:center&#8221; google_fonts=&#8221;font_family:Open%20Sans%3A300%2C300italic%2Cregular%2Citalic%2C600%2C600italic%2C700%2C700italic%2C800%2C800italic|font_style:600%20bold%20italic%3A600%3Aitalic&#8221;][\/vc_column][\/vc_row][vc_row content_placement=&#8221;middle&#8221;][vc_column width=&#8221;1\/4&#8243;][vc_single_image image=&#8221;3064&#8243; img_size=&#8221;full&#8221; alignment=&#8221;center&#8221; hover_effect=&#8221;img_play_effect&#8221;][\/vc_column][vc_column width=&#8221;3\/4&#8243;][vc_column_text]TOGG\u2019un Gemlik Fabrikas\u0131\u2019nda hayata ge\u00e7irilen bu proje, elektrikli ara\u00e7 \u00fcretiminde ileri teknoloji montaj \u00e7\u00f6z\u00fcmleri sunmaktad\u0131r. <strong>RGV\u2019ler (Rayl\u0131 Y\u00f6nlendirme Ara\u00e7lar\u0131)<\/strong> kullan\u0131lan sistem, TOGG marka elektrikli ara\u00e7lar\u0131n \u00f6n ve arka akslar\u0131n\u0131n montaj\u0131n\u0131n ger\u00e7ekle\u015ftirildi\u011fi modern bir montaj hatt\u0131n\u0131 desteklemektedir.<\/p>\n<p><strong>500 kg ta\u015f\u0131ma kapasitesine<\/strong> sahip RGV\u2019ler, rayl\u0131 sistem \u00fczerinde y\u00fcksek hassasiyetle hareket ederek montaj s\u00fcre\u00e7lerini optimize etmektedir. Sistemde batarya yerine kullan\u0131lan <strong>SEW Eurodrive Movitrans temass\u0131z enerji sistemi<\/strong>, kesintisiz enerji ak\u0131\u015f\u0131 sa\u011flayarak operasyonel verimlili\u011fi art\u0131rm\u0131\u015ft\u0131r.<\/p>\n<p>Bu proje, TOGG\u2019un \u00fcretim hatt\u0131nda otomasyon seviyesini \u00fcst d\u00fczeye \u00e7\u0131kar\u0131rken, montaj s\u00fcre\u00e7lerini h\u0131zland\u0131r\u0131p kaliteyi art\u0131rarak elektrikli ara\u00e7 \u00fcretiminde \u00f6rnek bir \u00e7\u00f6z\u00fcm olmu\u015ftur. ROBOS olarak, bu \u00f6nc\u00fc projede TOGG\u2019un yan\u0131nda yer almaktan b\u00fcy\u00fck gurur duyuyoruz.[\/vc_column_text][\/vc_column][\/vc_row]<\/p>\n","protected":false},"excerpt":{"rendered":"<p>[vc_row][vc_column][vc_custom_heading text=&#8221;TOGG &#8211; AKS Montaj Hatt\u0131&#8221; font_container=&#8221;tag:h1|font_size:28|text_align:center&#8221; google_fonts=&#8221;font_family:Open%20Sans%3A300%2C300italic%2Cregular%2Citalic%2C600%2C600italic%2C700%2C700italic%2C800%2C800italic|font_style:600%20bold%20italic%3A600%3Aitalic&#8221;][\/vc_column][\/vc_row][vc_row content_placement=&#8221;middle&#8221;][vc_column width=&#8221;1\/4&#8243;][vc_single_image image=&#8221;3064&#8243; img_size=&#8221;full&#8221; alignment=&#8221;center&#8221; hover_effect=&#8221;img_play_effect&#8221;][\/vc_column][vc_column width=&#8221;3\/4&#8243;][vc_column_text]TOGG\u2019un Gemlik Fabrikas\u0131\u2019nda hayata ge\u00e7irilen bu proje, elektrikli ara\u00e7 \u00fcretiminde ileri teknoloji montaj \u00e7\u00f6z\u00fcmleri sunmaktad\u0131r. RGV\u2019ler (Rayl\u0131 Y\u00f6nlendirme Ara\u00e7lar\u0131) kullan\u0131lan sistem, TOGG marka elektrikli ara\u00e7lar\u0131n \u00f6n ve arka akslar\u0131n\u0131n montaj\u0131n\u0131n ger\u00e7ekle\u015ftirildi\u011fi modern bir montaj hatt\u0131n\u0131 desteklemektedir. 500 kg ta\u015f\u0131ma kapasitesine sahip<br \/><a href=\"https:\/\/robos.com.tr\/en\/rbs94\/\" class=\"more\">Read more<\/a><\/p>\n","protected":false},"author":2,"featured_media":0,"parent":0,"menu_order":0,"comment_status":"closed","ping_status":"closed","template":"","meta":{"om_disable_all_campaigns":false,"_monsterinsights_skip_tracking":false,"_monsterinsights_sitenote_active":false,"_monsterinsights_sitenote_note":"","_monsterinsights_sitenote_category":0,"_uf_show_specific_survey":0,"_uf_disable_surveys":false,"footnotes":""},"class_list":["post-3237","page","type-page","status-publish","hentry"],"yoast_head":"<!-- This site is optimized with the Yoast SEO plugin v24.0 - https:\/\/yoast.com\/wordpress\/plugins\/seo\/ -->\n<title>RBS94 - ROBOS<\/title>\n<meta name=\"robots\" content=\"index, follow, max-snippet:-1, max-image-preview:large, max-video-preview:-1\" \/>\n<link rel=\"canonical\" href=\"https:\/\/robos.com.tr\/rbs94\/\" \/>\n<meta property=\"og:locale\" content=\"en_US\" \/>\n<meta property=\"og:type\" content=\"article\" \/>\n<meta property=\"og:title\" content=\"RBS94 - ROBOS\" \/>\n<meta property=\"og:description\" content=\"[vc_row][vc_column][vc_custom_heading text=&#8221;TOGG &#8211; AKS Montaj Hatt\u0131&#8221; font_container=&#8221;tag:h1|font_size:28|text_align:center&#8221; google_fonts=&#8221;font_family:Open%20Sans%3A300%2C300italic%2Cregular%2Citalic%2C600%2C600italic%2C700%2C700italic%2C800%2C800italic|font_style:600%20bold%20italic%3A600%3Aitalic&#8221;][\/vc_column][\/vc_row][vc_row content_placement=&#8221;middle&#8221;][vc_column width=&#8221;1\/4&#8243;][vc_single_image image=&#8221;3064&#8243; img_size=&#8221;full&#8221; alignment=&#8221;center&#8221; hover_effect=&#8221;img_play_effect&#8221;][\/vc_column][vc_column width=&#8221;3\/4&#8243;][vc_column_text]TOGG\u2019un Gemlik Fabrikas\u0131\u2019nda hayata ge\u00e7irilen bu proje, elektrikli ara\u00e7 \u00fcretiminde ileri teknoloji montaj \u00e7\u00f6z\u00fcmleri sunmaktad\u0131r. RGV\u2019ler (Rayl\u0131 Y\u00f6nlendirme Ara\u00e7lar\u0131) kullan\u0131lan sistem, TOGG marka elektrikli ara\u00e7lar\u0131n \u00f6n ve arka akslar\u0131n\u0131n montaj\u0131n\u0131n ger\u00e7ekle\u015ftirildi\u011fi modern bir montaj hatt\u0131n\u0131 desteklemektedir. 500 kg ta\u015f\u0131ma kapasitesine sahipRead more\" \/>\n<meta property=\"og:url\" content=\"https:\/\/robos.com.tr\/rbs94\/\" \/>\n<meta property=\"og:site_name\" content=\"ROBOS\" \/>\n<meta property=\"article:modified_time\" content=\"2024-12-12T14:08:00+00:00\" \/>\n<meta name=\"twitter:card\" content=\"summary_large_image\" \/>\n<meta name=\"twitter:label1\" content=\"Est. reading time\" \/>\n\t<meta name=\"twitter:data1\" content=\"1 minute\" \/>\n<script type=\"application\/ld+json\" class=\"yoast-schema-graph\">{\"@context\":\"https:\/\/schema.org\",\"@graph\":[{\"@type\":\"WebPage\",\"@id\":\"https:\/\/robos.com.tr\/rbs94\/\",\"url\":\"https:\/\/robos.com.tr\/rbs94\/\",\"name\":\"RBS94 - ROBOS\",\"isPartOf\":{\"@id\":\"https:\/\/robos.com.tr\/#website\"},\"datePublished\":\"2024-12-12T14:07:47+00:00\",\"dateModified\":\"2024-12-12T14:08:00+00:00\",\"breadcrumb\":{\"@id\":\"https:\/\/robos.com.tr\/rbs94\/#breadcrumb\"},\"inLanguage\":\"en-US\",\"potentialAction\":[{\"@type\":\"ReadAction\",\"target\":[\"https:\/\/robos.com.tr\/rbs94\/\"]}]},{\"@type\":\"BreadcrumbList\",\"@id\":\"https:\/\/robos.com.tr\/rbs94\/#breadcrumb\",\"itemListElement\":[{\"@type\":\"ListItem\",\"position\":1,\"name\":\"Home\",\"item\":\"https:\/\/robos.com.tr\/en\/\"},{\"@type\":\"ListItem\",\"position\":2,\"name\":\"RBS94\"}]},{\"@type\":\"WebSite\",\"@id\":\"https:\/\/robos.com.tr\/#website\",\"url\":\"https:\/\/robos.com.tr\/\",\"name\":\"ROBOS\",\"description\":\"Automated Guided Vehicles\",\"publisher\":{\"@id\":\"https:\/\/robos.com.tr\/#organization\"},\"potentialAction\":[{\"@type\":\"SearchAction\",\"target\":{\"@type\":\"EntryPoint\",\"urlTemplate\":\"https:\/\/robos.com.tr\/?s={search_term_string}\"},\"query-input\":{\"@type\":\"PropertyValueSpecification\",\"valueRequired\":true,\"valueName\":\"search_term_string\"}}],\"inLanguage\":\"en-US\"},{\"@type\":\"Organization\",\"@id\":\"https:\/\/robos.com.tr\/#organization\",\"name\":\"ROBOS\",\"url\":\"https:\/\/robos.com.tr\/\",\"logo\":{\"@type\":\"ImageObject\",\"inLanguage\":\"en-US\",\"@id\":\"https:\/\/robos.com.tr\/#\/schema\/logo\/image\/\",\"url\":\"https:\/\/robos.com.tr\/wp-content\/uploads\/2022\/02\/Logo.png\",\"contentUrl\":\"https:\/\/robos.com.tr\/wp-content\/uploads\/2022\/02\/Logo.png\",\"width\":463,\"height\":70,\"caption\":\"ROBOS\"},\"image\":{\"@id\":\"https:\/\/robos.com.tr\/#\/schema\/logo\/image\/\"},\"sameAs\":[\"https:\/\/www.linkedin.com\/company\/robos\/\",\"https:\/\/www.youtube.com\/@robosagv4304\"]}]}<\/script>\n<!-- \/ Yoast SEO plugin. -->","yoast_head_json":{"title":"RBS94 - ROBOS","robots":{"index":"index","follow":"follow","max-snippet":"max-snippet:-1","max-image-preview":"max-image-preview:large","max-video-preview":"max-video-preview:-1"},"canonical":"https:\/\/robos.com.tr\/rbs94\/","og_locale":"en_US","og_type":"article","og_title":"RBS94 - ROBOS","og_description":"[vc_row][vc_column][vc_custom_heading text=&#8221;TOGG &#8211; AKS Montaj Hatt\u0131&#8221; font_container=&#8221;tag:h1|font_size:28|text_align:center&#8221; google_fonts=&#8221;font_family:Open%20Sans%3A300%2C300italic%2Cregular%2Citalic%2C600%2C600italic%2C700%2C700italic%2C800%2C800italic|font_style:600%20bold%20italic%3A600%3Aitalic&#8221;][\/vc_column][\/vc_row][vc_row content_placement=&#8221;middle&#8221;][vc_column width=&#8221;1\/4&#8243;][vc_single_image image=&#8221;3064&#8243; img_size=&#8221;full&#8221; alignment=&#8221;center&#8221; hover_effect=&#8221;img_play_effect&#8221;][\/vc_column][vc_column width=&#8221;3\/4&#8243;][vc_column_text]TOGG\u2019un Gemlik Fabrikas\u0131\u2019nda hayata ge\u00e7irilen bu proje, elektrikli ara\u00e7 \u00fcretiminde ileri teknoloji montaj \u00e7\u00f6z\u00fcmleri sunmaktad\u0131r. RGV\u2019ler (Rayl\u0131 Y\u00f6nlendirme Ara\u00e7lar\u0131) kullan\u0131lan sistem, TOGG marka elektrikli ara\u00e7lar\u0131n \u00f6n ve arka akslar\u0131n\u0131n montaj\u0131n\u0131n ger\u00e7ekle\u015ftirildi\u011fi modern bir montaj hatt\u0131n\u0131 desteklemektedir. 500 kg ta\u015f\u0131ma kapasitesine sahipRead more","og_url":"https:\/\/robos.com.tr\/rbs94\/","og_site_name":"ROBOS","article_modified_time":"2024-12-12T14:08:00+00:00","twitter_card":"summary_large_image","twitter_misc":{"Est. reading time":"1 minute"},"schema":{"@context":"https:\/\/schema.org","@graph":[{"@type":"WebPage","@id":"https:\/\/robos.com.tr\/rbs94\/","url":"https:\/\/robos.com.tr\/rbs94\/","name":"RBS94 - ROBOS","isPartOf":{"@id":"https:\/\/robos.com.tr\/#website"},"datePublished":"2024-12-12T14:07:47+00:00","dateModified":"2024-12-12T14:08:00+00:00","breadcrumb":{"@id":"https:\/\/robos.com.tr\/rbs94\/#breadcrumb"},"inLanguage":"en-US","potentialAction":[{"@type":"ReadAction","target":["https:\/\/robos.com.tr\/rbs94\/"]}]},{"@type":"BreadcrumbList","@id":"https:\/\/robos.com.tr\/rbs94\/#breadcrumb","itemListElement":[{"@type":"ListItem","position":1,"name":"Home","item":"https:\/\/robos.com.tr\/en\/"},{"@type":"ListItem","position":2,"name":"RBS94"}]},{"@type":"WebSite","@id":"https:\/\/robos.com.tr\/#website","url":"https:\/\/robos.com.tr\/","name":"ROBOS","description":"Automated Guided Vehicles","publisher":{"@id":"https:\/\/robos.com.tr\/#organization"},"potentialAction":[{"@type":"SearchAction","target":{"@type":"EntryPoint","urlTemplate":"https:\/\/robos.com.tr\/?s={search_term_string}"},"query-input":{"@type":"PropertyValueSpecification","valueRequired":true,"valueName":"search_term_string"}}],"inLanguage":"en-US"},{"@type":"Organization","@id":"https:\/\/robos.com.tr\/#organization","name":"ROBOS","url":"https:\/\/robos.com.tr\/","logo":{"@type":"ImageObject","inLanguage":"en-US","@id":"https:\/\/robos.com.tr\/#\/schema\/logo\/image\/","url":"https:\/\/robos.com.tr\/wp-content\/uploads\/2022\/02\/Logo.png","contentUrl":"https:\/\/robos.com.tr\/wp-content\/uploads\/2022\/02\/Logo.png","width":463,"height":70,"caption":"ROBOS"},"image":{"@id":"https:\/\/robos.com.tr\/#\/schema\/logo\/image\/"},"sameAs":["https:\/\/www.linkedin.com\/company\/robos\/","https:\/\/www.youtube.com\/@robosagv4304"]}]}},"_links":{"self":[{"href":"https:\/\/robos.com.tr\/en\/wp-json\/wp\/v2\/pages\/3237","targetHints":{"allow":["GET"]}}],"collection":[{"href":"https:\/\/robos.com.tr\/en\/wp-json\/wp\/v2\/pages"}],"about":[{"href":"https:\/\/robos.com.tr\/en\/wp-json\/wp\/v2\/types\/page"}],"author":[{"embeddable":true,"href":"https:\/\/robos.com.tr\/en\/wp-json\/wp\/v2\/users\/2"}],"replies":[{"embeddable":true,"href":"https:\/\/robos.com.tr\/en\/wp-json\/wp\/v2\/comments?post=3237"}],"version-history":[{"count":2,"href":"https:\/\/robos.com.tr\/en\/wp-json\/wp\/v2\/pages\/3237\/revisions"}],"predecessor-version":[{"id":3239,"href":"https:\/\/robos.com.tr\/en\/wp-json\/wp\/v2\/pages\/3237\/revisions\/3239"}],"wp:attachment":[{"href":"https:\/\/robos.com.tr\/en\/wp-json\/wp\/v2\/media?parent=3237"}],"curies":[{"name":"wp","href":"https:\/\/api.w.org\/{rel}","templated":true}]}}