{"id":3240,"date":"2024-12-12T17:11:34","date_gmt":"2024-12-12T14:11:34","guid":{"rendered":"https:\/\/robos.com.tr\/?page_id=3240"},"modified":"2024-12-12T17:12:29","modified_gmt":"2024-12-12T14:12:29","slug":"rbs93","status":"publish","type":"page","link":"https:\/\/robos.com.tr\/en\/rbs93\/","title":{"rendered":"RBS93"},"content":{"rendered":"<p>[vc_row][vc_column][vc_custom_heading text=&#8221;TOGG &#8211; Liftli AMR Sistemi&#8221; font_container=&#8221;tag:h1|font_size:28|text_align:center&#8221; google_fonts=&#8221;font_family:Open%20Sans%3A300%2C300italic%2Cregular%2Citalic%2C600%2C600italic%2C700%2C700italic%2C800%2C800italic|font_style:600%20bold%20italic%3A600%3Aitalic&#8221;][\/vc_column][\/vc_row][vc_row content_placement=&#8221;middle&#8221;][vc_column width=&#8221;1\/4&#8243;][vc_single_image image=&#8221;3037&#8243; img_size=&#8221;full&#8221; alignment=&#8221;center&#8221; hover_effect=&#8221;img_play_effect&#8221;][\/vc_column][vc_column width=&#8221;3\/4&#8243;][vc_column_text]TOGG\u2019un Gemlik Fabrikas\u0131\u2019nda uygulanan bu proje, ara montaj hatt\u0131nda tamamlanm\u0131\u015f \u00fcr\u00fcnlerin ana montaj hatt\u0131na ta\u015f\u0131nmas\u0131n\u0131 otomatikle\u015ftirmek amac\u0131yla geli\u015ftirilmi\u015ftir. <strong>Liftli Otonom Mobil Robotlar (AMR)<\/strong> kullan\u0131lan sistem, \u00fcretim s\u00fcre\u00e7lerini h\u0131zland\u0131rarak lojistik operasyonlarda verimlilik sa\u011flamaktad\u0131r.<\/p>\n<p>Projedeki AMR\u2019ler, <strong>750 kg ta\u015f\u0131ma kapasitesine<\/strong> sahip olup \u00fczerlerindeki lift mekanizmas\u0131yla kit arabalar\u0131n\u0131 kolayca kald\u0131r\u0131p ta\u015f\u0131yabilmektedir. Bu sayede, manuel ta\u015f\u0131ma i\u015flemleri tamamen ortadan kald\u0131r\u0131larak g\u00fcvenlik ve i\u015f ak\u0131\u015f\u0131 optimize edilmi\u015ftir.<\/p>\n<p>Robotlar, hassas ve g\u00fcvenilir bir navigasyon i\u00e7in <strong>SICK Lidarloc do\u011fal navigasyon sistemi<\/strong> ile donat\u0131lm\u0131\u015ft\u0131r. Ayr\u0131ca, <strong>lityum ak\u00fc<\/strong> ve <strong>otomatik \u015farj sistemi<\/strong>, kesintisiz ve y\u00fcksek performansl\u0131 bir operasyon ak\u0131\u015f\u0131 sunmaktad\u0131r.<\/p>\n<p>Bu proje, TOGG\u2019un \u00fcretim hatt\u0131nda ileri otomasyon teknolojilerinin kullan\u0131m\u0131n\u0131 destekleyerek, elektrikli ara\u00e7 \u00fcretiminde s\u00fcre\u00e7leri modernize etmi\u015f ve kaliteyi art\u0131rm\u0131\u015ft\u0131r.[\/vc_column_text][\/vc_column][\/vc_row]<\/p>\n","protected":false},"excerpt":{"rendered":"<p>[vc_row][vc_column][vc_custom_heading text=&#8221;TOGG &#8211; Liftli AMR Sistemi&#8221; font_container=&#8221;tag:h1|font_size:28|text_align:center&#8221; google_fonts=&#8221;font_family:Open%20Sans%3A300%2C300italic%2Cregular%2Citalic%2C600%2C600italic%2C700%2C700italic%2C800%2C800italic|font_style:600%20bold%20italic%3A600%3Aitalic&#8221;][\/vc_column][\/vc_row][vc_row content_placement=&#8221;middle&#8221;][vc_column width=&#8221;1\/4&#8243;][vc_single_image image=&#8221;3037&#8243; img_size=&#8221;full&#8221; alignment=&#8221;center&#8221; hover_effect=&#8221;img_play_effect&#8221;][\/vc_column][vc_column width=&#8221;3\/4&#8243;][vc_column_text]TOGG\u2019un Gemlik Fabrikas\u0131\u2019nda uygulanan bu proje, ara montaj hatt\u0131nda tamamlanm\u0131\u015f \u00fcr\u00fcnlerin ana montaj hatt\u0131na ta\u015f\u0131nmas\u0131n\u0131 otomatikle\u015ftirmek amac\u0131yla geli\u015ftirilmi\u015ftir. Liftli Otonom Mobil Robotlar (AMR) kullan\u0131lan sistem, \u00fcretim s\u00fcre\u00e7lerini h\u0131zland\u0131rarak lojistik operasyonlarda verimlilik sa\u011flamaktad\u0131r. Projedeki AMR\u2019ler, 750 kg ta\u015f\u0131ma kapasitesine sahip olup \u00fczerlerindeki<br \/><a href=\"https:\/\/robos.com.tr\/en\/rbs93\/\" class=\"more\">Read more<\/a><\/p>\n","protected":false},"author":2,"featured_media":0,"parent":0,"menu_order":0,"comment_status":"closed","ping_status":"closed","template":"","meta":{"om_disable_all_campaigns":false,"_monsterinsights_skip_tracking":false,"_monsterinsights_sitenote_active":false,"_monsterinsights_sitenote_note":"","_monsterinsights_sitenote_category":0,"_uf_show_specific_survey":0,"_uf_disable_surveys":false,"footnotes":""},"class_list":["post-3240","page","type-page","status-publish","hentry"],"yoast_head":"<!-- This site is optimized with the Yoast SEO plugin v24.0 - https:\/\/yoast.com\/wordpress\/plugins\/seo\/ -->\n<title>RBS93 - ROBOS<\/title>\n<meta name=\"robots\" content=\"index, follow, max-snippet:-1, max-image-preview:large, max-video-preview:-1\" \/>\n<link rel=\"canonical\" href=\"https:\/\/robos.com.tr\/rbs93\/\" \/>\n<meta property=\"og:locale\" content=\"en_US\" \/>\n<meta property=\"og:type\" content=\"article\" \/>\n<meta property=\"og:title\" content=\"RBS93 - ROBOS\" \/>\n<meta property=\"og:description\" content=\"[vc_row][vc_column][vc_custom_heading text=&#8221;TOGG &#8211; Liftli AMR Sistemi&#8221; font_container=&#8221;tag:h1|font_size:28|text_align:center&#8221; google_fonts=&#8221;font_family:Open%20Sans%3A300%2C300italic%2Cregular%2Citalic%2C600%2C600italic%2C700%2C700italic%2C800%2C800italic|font_style:600%20bold%20italic%3A600%3Aitalic&#8221;][\/vc_column][\/vc_row][vc_row content_placement=&#8221;middle&#8221;][vc_column width=&#8221;1\/4&#8243;][vc_single_image image=&#8221;3037&#8243; img_size=&#8221;full&#8221; alignment=&#8221;center&#8221; hover_effect=&#8221;img_play_effect&#8221;][\/vc_column][vc_column width=&#8221;3\/4&#8243;][vc_column_text]TOGG\u2019un Gemlik Fabrikas\u0131\u2019nda uygulanan bu proje, ara montaj hatt\u0131nda tamamlanm\u0131\u015f \u00fcr\u00fcnlerin ana montaj hatt\u0131na ta\u015f\u0131nmas\u0131n\u0131 otomatikle\u015ftirmek amac\u0131yla geli\u015ftirilmi\u015ftir. Liftli Otonom Mobil Robotlar (AMR) kullan\u0131lan sistem, \u00fcretim s\u00fcre\u00e7lerini h\u0131zland\u0131rarak lojistik operasyonlarda verimlilik sa\u011flamaktad\u0131r. Projedeki AMR\u2019ler, 750 kg ta\u015f\u0131ma kapasitesine sahip olup \u00fczerlerindekiRead more\" \/>\n<meta property=\"og:url\" content=\"https:\/\/robos.com.tr\/rbs93\/\" \/>\n<meta property=\"og:site_name\" content=\"ROBOS\" \/>\n<meta property=\"article:modified_time\" content=\"2024-12-12T14:12:29+00:00\" \/>\n<meta name=\"twitter:card\" content=\"summary_large_image\" \/>\n<meta name=\"twitter:label1\" content=\"Est. reading time\" \/>\n\t<meta name=\"twitter:data1\" content=\"1 minute\" \/>\n<script type=\"application\/ld+json\" class=\"yoast-schema-graph\">{\"@context\":\"https:\/\/schema.org\",\"@graph\":[{\"@type\":\"WebPage\",\"@id\":\"https:\/\/robos.com.tr\/rbs93\/\",\"url\":\"https:\/\/robos.com.tr\/rbs93\/\",\"name\":\"RBS93 - ROBOS\",\"isPartOf\":{\"@id\":\"https:\/\/robos.com.tr\/#website\"},\"datePublished\":\"2024-12-12T14:11:34+00:00\",\"dateModified\":\"2024-12-12T14:12:29+00:00\",\"breadcrumb\":{\"@id\":\"https:\/\/robos.com.tr\/rbs93\/#breadcrumb\"},\"inLanguage\":\"en-US\",\"potentialAction\":[{\"@type\":\"ReadAction\",\"target\":[\"https:\/\/robos.com.tr\/rbs93\/\"]}]},{\"@type\":\"BreadcrumbList\",\"@id\":\"https:\/\/robos.com.tr\/rbs93\/#breadcrumb\",\"itemListElement\":[{\"@type\":\"ListItem\",\"position\":1,\"name\":\"Home\",\"item\":\"https:\/\/robos.com.tr\/en\/\"},{\"@type\":\"ListItem\",\"position\":2,\"name\":\"RBS93\"}]},{\"@type\":\"WebSite\",\"@id\":\"https:\/\/robos.com.tr\/#website\",\"url\":\"https:\/\/robos.com.tr\/\",\"name\":\"ROBOS\",\"description\":\"Automated Guided Vehicles\",\"publisher\":{\"@id\":\"https:\/\/robos.com.tr\/#organization\"},\"potentialAction\":[{\"@type\":\"SearchAction\",\"target\":{\"@type\":\"EntryPoint\",\"urlTemplate\":\"https:\/\/robos.com.tr\/?s={search_term_string}\"},\"query-input\":{\"@type\":\"PropertyValueSpecification\",\"valueRequired\":true,\"valueName\":\"search_term_string\"}}],\"inLanguage\":\"en-US\"},{\"@type\":\"Organization\",\"@id\":\"https:\/\/robos.com.tr\/#organization\",\"name\":\"ROBOS\",\"url\":\"https:\/\/robos.com.tr\/\",\"logo\":{\"@type\":\"ImageObject\",\"inLanguage\":\"en-US\",\"@id\":\"https:\/\/robos.com.tr\/#\/schema\/logo\/image\/\",\"url\":\"https:\/\/robos.com.tr\/wp-content\/uploads\/2022\/02\/Logo.png\",\"contentUrl\":\"https:\/\/robos.com.tr\/wp-content\/uploads\/2022\/02\/Logo.png\",\"width\":463,\"height\":70,\"caption\":\"ROBOS\"},\"image\":{\"@id\":\"https:\/\/robos.com.tr\/#\/schema\/logo\/image\/\"},\"sameAs\":[\"https:\/\/www.linkedin.com\/company\/robos\/\",\"https:\/\/www.youtube.com\/@robosagv4304\"]}]}<\/script>\n<!-- \/ Yoast SEO plugin. -->","yoast_head_json":{"title":"RBS93 - ROBOS","robots":{"index":"index","follow":"follow","max-snippet":"max-snippet:-1","max-image-preview":"max-image-preview:large","max-video-preview":"max-video-preview:-1"},"canonical":"https:\/\/robos.com.tr\/rbs93\/","og_locale":"en_US","og_type":"article","og_title":"RBS93 - ROBOS","og_description":"[vc_row][vc_column][vc_custom_heading text=&#8221;TOGG &#8211; Liftli AMR Sistemi&#8221; font_container=&#8221;tag:h1|font_size:28|text_align:center&#8221; google_fonts=&#8221;font_family:Open%20Sans%3A300%2C300italic%2Cregular%2Citalic%2C600%2C600italic%2C700%2C700italic%2C800%2C800italic|font_style:600%20bold%20italic%3A600%3Aitalic&#8221;][\/vc_column][\/vc_row][vc_row content_placement=&#8221;middle&#8221;][vc_column width=&#8221;1\/4&#8243;][vc_single_image image=&#8221;3037&#8243; img_size=&#8221;full&#8221; alignment=&#8221;center&#8221; hover_effect=&#8221;img_play_effect&#8221;][\/vc_column][vc_column width=&#8221;3\/4&#8243;][vc_column_text]TOGG\u2019un Gemlik Fabrikas\u0131\u2019nda uygulanan bu proje, ara montaj hatt\u0131nda tamamlanm\u0131\u015f \u00fcr\u00fcnlerin ana montaj hatt\u0131na ta\u015f\u0131nmas\u0131n\u0131 otomatikle\u015ftirmek amac\u0131yla geli\u015ftirilmi\u015ftir. Liftli Otonom Mobil Robotlar (AMR) kullan\u0131lan sistem, \u00fcretim s\u00fcre\u00e7lerini h\u0131zland\u0131rarak lojistik operasyonlarda verimlilik sa\u011flamaktad\u0131r. Projedeki AMR\u2019ler, 750 kg ta\u015f\u0131ma kapasitesine sahip olup \u00fczerlerindekiRead more","og_url":"https:\/\/robos.com.tr\/rbs93\/","og_site_name":"ROBOS","article_modified_time":"2024-12-12T14:12:29+00:00","twitter_card":"summary_large_image","twitter_misc":{"Est. reading time":"1 minute"},"schema":{"@context":"https:\/\/schema.org","@graph":[{"@type":"WebPage","@id":"https:\/\/robos.com.tr\/rbs93\/","url":"https:\/\/robos.com.tr\/rbs93\/","name":"RBS93 - ROBOS","isPartOf":{"@id":"https:\/\/robos.com.tr\/#website"},"datePublished":"2024-12-12T14:11:34+00:00","dateModified":"2024-12-12T14:12:29+00:00","breadcrumb":{"@id":"https:\/\/robos.com.tr\/rbs93\/#breadcrumb"},"inLanguage":"en-US","potentialAction":[{"@type":"ReadAction","target":["https:\/\/robos.com.tr\/rbs93\/"]}]},{"@type":"BreadcrumbList","@id":"https:\/\/robos.com.tr\/rbs93\/#breadcrumb","itemListElement":[{"@type":"ListItem","position":1,"name":"Home","item":"https:\/\/robos.com.tr\/en\/"},{"@type":"ListItem","position":2,"name":"RBS93"}]},{"@type":"WebSite","@id":"https:\/\/robos.com.tr\/#website","url":"https:\/\/robos.com.tr\/","name":"ROBOS","description":"Automated Guided Vehicles","publisher":{"@id":"https:\/\/robos.com.tr\/#organization"},"potentialAction":[{"@type":"SearchAction","target":{"@type":"EntryPoint","urlTemplate":"https:\/\/robos.com.tr\/?s={search_term_string}"},"query-input":{"@type":"PropertyValueSpecification","valueRequired":true,"valueName":"search_term_string"}}],"inLanguage":"en-US"},{"@type":"Organization","@id":"https:\/\/robos.com.tr\/#organization","name":"ROBOS","url":"https:\/\/robos.com.tr\/","logo":{"@type":"ImageObject","inLanguage":"en-US","@id":"https:\/\/robos.com.tr\/#\/schema\/logo\/image\/","url":"https:\/\/robos.com.tr\/wp-content\/uploads\/2022\/02\/Logo.png","contentUrl":"https:\/\/robos.com.tr\/wp-content\/uploads\/2022\/02\/Logo.png","width":463,"height":70,"caption":"ROBOS"},"image":{"@id":"https:\/\/robos.com.tr\/#\/schema\/logo\/image\/"},"sameAs":["https:\/\/www.linkedin.com\/company\/robos\/","https:\/\/www.youtube.com\/@robosagv4304"]}]}},"_links":{"self":[{"href":"https:\/\/robos.com.tr\/en\/wp-json\/wp\/v2\/pages\/3240","targetHints":{"allow":["GET"]}}],"collection":[{"href":"https:\/\/robos.com.tr\/en\/wp-json\/wp\/v2\/pages"}],"about":[{"href":"https:\/\/robos.com.tr\/en\/wp-json\/wp\/v2\/types\/page"}],"author":[{"embeddable":true,"href":"https:\/\/robos.com.tr\/en\/wp-json\/wp\/v2\/users\/2"}],"replies":[{"embeddable":true,"href":"https:\/\/robos.com.tr\/en\/wp-json\/wp\/v2\/comments?post=3240"}],"version-history":[{"count":1,"href":"https:\/\/robos.com.tr\/en\/wp-json\/wp\/v2\/pages\/3240\/revisions"}],"predecessor-version":[{"id":3241,"href":"https:\/\/robos.com.tr\/en\/wp-json\/wp\/v2\/pages\/3240\/revisions\/3241"}],"wp:attachment":[{"href":"https:\/\/robos.com.tr\/en\/wp-json\/wp\/v2\/media?parent=3240"}],"curies":[{"name":"wp","href":"https:\/\/api.w.org\/{rel}","templated":true}]}}