{"id":3306,"date":"2026-01-21T14:35:04","date_gmt":"2026-01-21T11:35:04","guid":{"rendered":"https:\/\/robos.com.tr\/?page_id=3306"},"modified":"2026-01-21T14:45:05","modified_gmt":"2026-01-21T11:45:05","slug":"turktraktor-isil-islem-agv-entegrasyonu","status":"publish","type":"page","link":"https:\/\/robos.com.tr\/en\/turktraktor-isil-islem-agv-entegrasyonu\/","title":{"rendered":"RBS126"},"content":{"rendered":"<p>[vc_row][vc_column][vc_custom_heading text=&#8221;T\u00dcRKTRAKT\u00d6R &#8211; \u00c7ekici AGV Sistemi&#8221; font_container=&#8221;tag:h1|font_size:36|text_align:center&#8221; google_fonts=&#8221;font_family:Open%20Sans%3A300%2C300italic%2Cregular%2Citalic%2C600%2C600italic%2C700%2C700italic%2C800%2C800italic|font_style:600%20bold%20italic%3A600%3Aitalic&#8221;][\/vc_column][\/vc_row][vc_row content_placement=&#8221;middle&#8221;][vc_column width=&#8221;1\/2&#8243;][vc_single_image image=&#8221;3307&#8243; img_size=&#8221;full&#8221; alignment=&#8221;center&#8221; hover_effect=&#8221;img_play_effect&#8221;][\/vc_column][vc_column width=&#8221;1\/2&#8243;][vc_column_text]<\/p>\n<p data-path-to-node=\"7\"><b data-path-to-node=\"7\" data-index-in-node=\"0\">T\u00fcrktrakt\u00f6r<\/b> b\u00fcnyesinde hayata ge\u00e7irdi\u011fimiz bu projeyle, fabrikan\u0131n en zorlu \u00e7al\u0131\u015fma alanlar\u0131ndan biri olan <b data-path-to-node=\"7\" data-index-in-node=\"107\">\u0131s\u0131l i\u015flem departman\u0131ndaki<\/b> lojistik s\u00fcre\u00e7ler tam otonom hale getirilmi\u015ftir. Proje kapsam\u0131nda devreye al\u0131nan \u00f6zel tasar\u0131m AGV, \u00e7e\u015fitli malzemelerin a\u011f\u0131r sanayi ko\u015fullar\u0131nda g\u00fcvenli ve kesintisiz bir \u015fekilde ta\u015f\u0131nmas\u0131n\u0131 sa\u011flamaktad\u0131r.<\/p>\n<p data-path-to-node=\"8\">Sistemde kullan\u0131lan ileri teknolojiler, operasyonel m\u00fckemmelli\u011fi destekleyecek \u015fekilde entegre edilmi\u015ftir:<\/p>\n<ul data-path-to-node=\"9\">\n<li>\n<p data-path-to-node=\"9,0,0\"><b data-path-to-node=\"9,0,0\" data-index-in-node=\"0\">Do\u011fal Navigasyon Teknolojisi:<\/b> AGV sistemimiz, herhangi bir manyetik \u015ferit veya fiziksel i\u015faretleyiciye ihtiya\u00e7 duymadan, mevcut ortam\u0131 haritaland\u0131rarak rotas\u0131n\u0131 belirlemektedir. Bu teknoloji, fabrika zemininde modifikasyon gerektirmeden h\u0131zl\u0131 kurulum ve esnek rota y\u00f6netimi imkan\u0131 tan\u0131r.<\/p>\n<\/li>\n<li>\n<p data-path-to-node=\"9,1,0\"><b data-path-to-node=\"9,1,0\" data-index-in-node=\"0\">Otomatik R\u00f6mork B\u0131rakma Sistemi:<\/b> Projeye \u00f6zel geli\u015ftirilen inovatif b\u0131rakma mekanizmas\u0131, AGV\u2019nin ta\u015f\u0131d\u0131\u011f\u0131 y\u00fckleri belirlenen istasyonlara operat\u00f6r m\u00fcdahalesi olmaks\u0131z\u0131n b\u0131rakmas\u0131n\u0131 sa\u011flar. Bu sayede lojistik d\u00f6ng\u00fc h\u0131z\u0131 art\u0131r\u0131l\u0131rken i\u015f\u00e7ilik maliyetleri optimize edilmi\u015ftir.<\/p>\n<\/li>\n<li>\n<p data-path-to-node=\"9,2,0\"><b data-path-to-node=\"9,2,0\" data-index-in-node=\"0\">Otomatik \u015earj Sistemi:<\/b> Operasyonun s\u00fcreklili\u011fini garanti alt\u0131na almak ad\u0131na, AGV enerji seviyesini takip ederek ihtiya\u00e7 halinde \u015farj istasyonuna otonom olarak y\u00f6nelir. Bu sistem, insan m\u00fcdahalesine gerek duymadan 7\/24 \u00e7al\u0131\u015fma disiplini sa\u011flar.<\/p>\n<\/li>\n<\/ul>\n<p data-path-to-node=\"10\"><b data-path-to-node=\"10\" data-index-in-node=\"0\">ROBOS<\/b> olarak, T\u00fcrktrakt\u00f6r\u2019\u00fcn modern \u00fcretim altyap\u0131s\u0131na ak\u0131ll\u0131 lojistik \u00e7\u00f6z\u00fcmlerimizle de\u011fer katmaktan ve end\u00fcstriyel d\u00f6n\u00fc\u015f\u00fcm yolculuklar\u0131nda g\u00fcvenilir bir partner olmaktan gurur duyuyoruz.<\/p>\n<p>[\/vc_column_text][\/vc_column][\/vc_row][vc_row][vc_column]<div class=\"rd_img_gallery_ctn clearfix\" style=\"margin:0px auto 0px;\"><a class=\"ig_col_4 rda_fadeIn\" href=\"https:\/\/robos.com.tr\/wp-content\/uploads\/2026\/01\/IMG_0344-scaled-1024x768.jpg\"  rel=\"prettyPhoto[rel-93969256]\" ><img loading=\"lazy\" decoding=\"async\" width=\"2560\" height=\"1920\" src=\"https:\/\/robos.com.tr\/wp-content\/uploads\/2026\/01\/IMG_0344-scaled.jpg\" class=\"attachment-full\" alt=\"ROBOS Otomatik Y\u00f6nlendirmeli Ara\u00e7 Automated Guided Vehicle AGV Otomatik Mobil Robot Automated Mobile Robot AMR\" srcset=\"https:\/\/robos.com.tr\/wp-content\/uploads\/2026\/01\/IMG_0344-scaled.jpg 2560w, https:\/\/robos.com.tr\/wp-content\/uploads\/2026\/01\/IMG_0344-300x225.jpg 300w, https:\/\/robos.com.tr\/wp-content\/uploads\/2026\/01\/IMG_0344-scaled-1024x768.jpg 1024w, https:\/\/robos.com.tr\/wp-content\/uploads\/2026\/01\/IMG_0344-768x576.jpg 768w, https:\/\/robos.com.tr\/wp-content\/uploads\/2026\/01\/IMG_0344-1536x1152.jpg 1536w, https:\/\/robos.com.tr\/wp-content\/uploads\/2026\/01\/IMG_0344-2048x1536.jpg 2048w\" sizes=\"auto, (max-width: 2560px) 100vw, 2560px\" \/><\/a><a class=\"ig_col_4 rda_fadeIn\" href=\"https:\/\/robos.com.tr\/wp-content\/uploads\/2026\/01\/IMG_0345-scaled-1024x768.jpg\"  rel=\"prettyPhoto[rel-93969256]\" ><img loading=\"lazy\" decoding=\"async\" width=\"2560\" height=\"1920\" src=\"https:\/\/robos.com.tr\/wp-content\/uploads\/2026\/01\/IMG_0345-scaled.jpg\" class=\"attachment-full\" alt=\"ROBOS Otomatik Y\u00f6nlendirmeli Ara\u00e7 Automated Guided Vehicle AGV Otomatik Mobil Robot Automated Mobile Robot AMR\" srcset=\"https:\/\/robos.com.tr\/wp-content\/uploads\/2026\/01\/IMG_0345-scaled.jpg 2560w, https:\/\/robos.com.tr\/wp-content\/uploads\/2026\/01\/IMG_0345-300x225.jpg 300w, https:\/\/robos.com.tr\/wp-content\/uploads\/2026\/01\/IMG_0345-scaled-1024x768.jpg 1024w, https:\/\/robos.com.tr\/wp-content\/uploads\/2026\/01\/IMG_0345-768x576.jpg 768w, https:\/\/robos.com.tr\/wp-content\/uploads\/2026\/01\/IMG_0345-1536x1152.jpg 1536w, https:\/\/robos.com.tr\/wp-content\/uploads\/2026\/01\/IMG_0345-2048x1536.jpg 2048w\" sizes=\"auto, (max-width: 2560px) 100vw, 2560px\" \/><\/a><a class=\"ig_col_4 rda_fadeIn\" href=\"https:\/\/robos.com.tr\/wp-content\/uploads\/2026\/01\/IMG_0346-scaled-1024x768.jpg\"  rel=\"prettyPhoto[rel-93969256]\" ><img loading=\"lazy\" decoding=\"async\" width=\"2560\" height=\"1920\" src=\"https:\/\/robos.com.tr\/wp-content\/uploads\/2026\/01\/IMG_0346-scaled.jpg\" class=\"attachment-full\" alt=\"ROBOS Otomatik Y\u00f6nlendirmeli Ara\u00e7 Automated Guided Vehicle AGV Otomatik Mobil Robot Automated Mobile Robot AMR\" srcset=\"https:\/\/robos.com.tr\/wp-content\/uploads\/2026\/01\/IMG_0346-scaled.jpg 2560w, https:\/\/robos.com.tr\/wp-content\/uploads\/2026\/01\/IMG_0346-300x225.jpg 300w, https:\/\/robos.com.tr\/wp-content\/uploads\/2026\/01\/IMG_0346-scaled-1024x768.jpg 1024w, https:\/\/robos.com.tr\/wp-content\/uploads\/2026\/01\/IMG_0346-768x576.jpg 768w, https:\/\/robos.com.tr\/wp-content\/uploads\/2026\/01\/IMG_0346-1536x1152.jpg 1536w, https:\/\/robos.com.tr\/wp-content\/uploads\/2026\/01\/IMG_0346-2048x1536.jpg 2048w\" sizes=\"auto, (max-width: 2560px) 100vw, 2560px\" \/><\/a><a class=\"ig_col_4 rda_fadeIn\" href=\"https:\/\/robos.com.tr\/wp-content\/uploads\/2026\/01\/IMG_0347-scaled-1024x768.jpg\"  rel=\"prettyPhoto[rel-93969256]\" ><img loading=\"lazy\" decoding=\"async\" width=\"2560\" height=\"1920\" src=\"https:\/\/robos.com.tr\/wp-content\/uploads\/2026\/01\/IMG_0347-scaled.jpg\" class=\"attachment-full\" alt=\"ROBOS Otomatik Y\u00f6nlendirmeli Ara\u00e7 Automated Guided Vehicle AGV Otomatik Mobil Robot Automated Mobile Robot AMR\" srcset=\"https:\/\/robos.com.tr\/wp-content\/uploads\/2026\/01\/IMG_0347-scaled.jpg 2560w, https:\/\/robos.com.tr\/wp-content\/uploads\/2026\/01\/IMG_0347-300x225.jpg 300w, https:\/\/robos.com.tr\/wp-content\/uploads\/2026\/01\/IMG_0347-scaled-1024x768.jpg 1024w, https:\/\/robos.com.tr\/wp-content\/uploads\/2026\/01\/IMG_0347-768x576.jpg 768w, https:\/\/robos.com.tr\/wp-content\/uploads\/2026\/01\/IMG_0347-1536x1152.jpg 1536w, https:\/\/robos.com.tr\/wp-content\/uploads\/2026\/01\/IMG_0347-2048x1536.jpg 2048w\" sizes=\"auto, (max-width: 2560px) 100vw, 2560px\" \/><\/a><\/div>[\/vc_column][\/vc_row]<\/p>\n","protected":false},"excerpt":{"rendered":"<p>[vc_row][vc_column][vc_custom_heading text=&#8221;T\u00dcRKTRAKT\u00d6R &#8211; \u00c7ekici AGV Sistemi&#8221; font_container=&#8221;tag:h1|font_size:36|text_align:center&#8221; google_fonts=&#8221;font_family:Open%20Sans%3A300%2C300italic%2Cregular%2Citalic%2C600%2C600italic%2C700%2C700italic%2C800%2C800italic|font_style:600%20bold%20italic%3A600%3Aitalic&#8221;][\/vc_column][\/vc_row][vc_row content_placement=&#8221;middle&#8221;][vc_column width=&#8221;1\/2&#8243;][vc_single_image image=&#8221;3307&#8243; img_size=&#8221;full&#8221; alignment=&#8221;center&#8221; hover_effect=&#8221;img_play_effect&#8221;][\/vc_column][vc_column width=&#8221;1\/2&#8243;][vc_column_text] T\u00fcrktrakt\u00f6r b\u00fcnyesinde hayata ge\u00e7irdi\u011fimiz bu projeyle, fabrikan\u0131n en zorlu \u00e7al\u0131\u015fma alanlar\u0131ndan biri olan \u0131s\u0131l i\u015flem departman\u0131ndaki lojistik s\u00fcre\u00e7ler tam otonom hale getirilmi\u015ftir. Proje kapsam\u0131nda devreye al\u0131nan \u00f6zel tasar\u0131m AGV, \u00e7e\u015fitli malzemelerin a\u011f\u0131r sanayi ko\u015fullar\u0131nda g\u00fcvenli ve kesintisiz bir \u015fekilde ta\u015f\u0131nmas\u0131n\u0131<br \/><a href=\"https:\/\/robos.com.tr\/en\/turktraktor-isil-islem-agv-entegrasyonu\/\" class=\"more\">Read more<\/a><\/p>\n","protected":false},"author":2,"featured_media":0,"parent":0,"menu_order":0,"comment_status":"closed","ping_status":"closed","template":"","meta":{"om_disable_all_campaigns":false,"_monsterinsights_skip_tracking":false,"_monsterinsights_sitenote_active":false,"_monsterinsights_sitenote_note":"","_monsterinsights_sitenote_category":0,"_uf_show_specific_survey":0,"_uf_disable_surveys":false,"footnotes":""},"class_list":["post-3306","page","type-page","status-publish","hentry"],"yoast_head":"<!-- This site is optimized with the Yoast SEO plugin v24.0 - https:\/\/yoast.com\/wordpress\/plugins\/seo\/ -->\n<title>RBS126 - ROBOS<\/title>\n<meta name=\"description\" content=\"ROBOS, T\u00fcrktrakt\u00f6r i\u00e7in do\u011fal navigasyon ve otomatik r\u00f6mork b\u0131rakma sistemine sahip AGV \u00e7\u00f6z\u00fcm\u00fc sundu. Verimlilik odakl\u0131 projemizi inceleyin.\" \/>\n<meta name=\"robots\" content=\"index, follow, max-snippet:-1, max-image-preview:large, max-video-preview:-1\" \/>\n<link rel=\"canonical\" href=\"https:\/\/robos.com.tr\/turktraktor-isil-islem-agv-entegrasyonu\/\" \/>\n<meta property=\"og:locale\" content=\"en_US\" \/>\n<meta property=\"og:type\" content=\"article\" \/>\n<meta property=\"og:title\" content=\"RBS126 - ROBOS\" \/>\n<meta property=\"og:description\" content=\"ROBOS, T\u00fcrktrakt\u00f6r i\u00e7in do\u011fal navigasyon ve otomatik r\u00f6mork b\u0131rakma sistemine sahip AGV \u00e7\u00f6z\u00fcm\u00fc sundu. Verimlilik odakl\u0131 projemizi inceleyin.\" \/>\n<meta property=\"og:url\" content=\"https:\/\/robos.com.tr\/turktraktor-isil-islem-agv-entegrasyonu\/\" \/>\n<meta property=\"og:site_name\" content=\"ROBOS\" \/>\n<meta property=\"article:modified_time\" content=\"2026-01-21T11:45:05+00:00\" \/>\n<meta name=\"twitter:card\" content=\"summary_large_image\" \/>\n<meta name=\"twitter:label1\" content=\"Est. reading time\" \/>\n\t<meta name=\"twitter:data1\" content=\"2 minutes\" \/>\n<script type=\"application\/ld+json\" class=\"yoast-schema-graph\">{\"@context\":\"https:\/\/schema.org\",\"@graph\":[{\"@type\":\"WebPage\",\"@id\":\"https:\/\/robos.com.tr\/turktraktor-isil-islem-agv-entegrasyonu\/\",\"url\":\"https:\/\/robos.com.tr\/turktraktor-isil-islem-agv-entegrasyonu\/\",\"name\":\"RBS126 - ROBOS\",\"isPartOf\":{\"@id\":\"https:\/\/robos.com.tr\/#website\"},\"datePublished\":\"2026-01-21T11:35:04+00:00\",\"dateModified\":\"2026-01-21T11:45:05+00:00\",\"description\":\"ROBOS, T\u00fcrktrakt\u00f6r i\u00e7in do\u011fal navigasyon ve otomatik r\u00f6mork b\u0131rakma sistemine sahip AGV \u00e7\u00f6z\u00fcm\u00fc sundu. Verimlilik odakl\u0131 projemizi inceleyin.\",\"breadcrumb\":{\"@id\":\"https:\/\/robos.com.tr\/turktraktor-isil-islem-agv-entegrasyonu\/#breadcrumb\"},\"inLanguage\":\"en-US\",\"potentialAction\":[{\"@type\":\"ReadAction\",\"target\":[\"https:\/\/robos.com.tr\/turktraktor-isil-islem-agv-entegrasyonu\/\"]}]},{\"@type\":\"BreadcrumbList\",\"@id\":\"https:\/\/robos.com.tr\/turktraktor-isil-islem-agv-entegrasyonu\/#breadcrumb\",\"itemListElement\":[{\"@type\":\"ListItem\",\"position\":1,\"name\":\"Home\",\"item\":\"https:\/\/robos.com.tr\/en\/\"},{\"@type\":\"ListItem\",\"position\":2,\"name\":\"RBS126\"}]},{\"@type\":\"WebSite\",\"@id\":\"https:\/\/robos.com.tr\/#website\",\"url\":\"https:\/\/robos.com.tr\/\",\"name\":\"ROBOS\",\"description\":\"Automated Guided Vehicles\",\"publisher\":{\"@id\":\"https:\/\/robos.com.tr\/#organization\"},\"potentialAction\":[{\"@type\":\"SearchAction\",\"target\":{\"@type\":\"EntryPoint\",\"urlTemplate\":\"https:\/\/robos.com.tr\/?s={search_term_string}\"},\"query-input\":{\"@type\":\"PropertyValueSpecification\",\"valueRequired\":true,\"valueName\":\"search_term_string\"}}],\"inLanguage\":\"en-US\"},{\"@type\":\"Organization\",\"@id\":\"https:\/\/robos.com.tr\/#organization\",\"name\":\"ROBOS\",\"url\":\"https:\/\/robos.com.tr\/\",\"logo\":{\"@type\":\"ImageObject\",\"inLanguage\":\"en-US\",\"@id\":\"https:\/\/robos.com.tr\/#\/schema\/logo\/image\/\",\"url\":\"https:\/\/robos.com.tr\/wp-content\/uploads\/2022\/02\/Logo.png\",\"contentUrl\":\"https:\/\/robos.com.tr\/wp-content\/uploads\/2022\/02\/Logo.png\",\"width\":463,\"height\":70,\"caption\":\"ROBOS\"},\"image\":{\"@id\":\"https:\/\/robos.com.tr\/#\/schema\/logo\/image\/\"},\"sameAs\":[\"https:\/\/www.linkedin.com\/company\/robos\/\",\"https:\/\/www.youtube.com\/@robosagv4304\"]}]}<\/script>\n<!-- \/ Yoast SEO plugin. -->","yoast_head_json":{"title":"RBS126 - ROBOS","description":"ROBOS, T\u00fcrktrakt\u00f6r i\u00e7in do\u011fal navigasyon ve otomatik r\u00f6mork b\u0131rakma sistemine sahip AGV \u00e7\u00f6z\u00fcm\u00fc sundu. Verimlilik odakl\u0131 projemizi inceleyin.","robots":{"index":"index","follow":"follow","max-snippet":"max-snippet:-1","max-image-preview":"max-image-preview:large","max-video-preview":"max-video-preview:-1"},"canonical":"https:\/\/robos.com.tr\/turktraktor-isil-islem-agv-entegrasyonu\/","og_locale":"en_US","og_type":"article","og_title":"RBS126 - ROBOS","og_description":"ROBOS, T\u00fcrktrakt\u00f6r i\u00e7in do\u011fal navigasyon ve otomatik r\u00f6mork b\u0131rakma sistemine sahip AGV \u00e7\u00f6z\u00fcm\u00fc sundu. Verimlilik odakl\u0131 projemizi inceleyin.","og_url":"https:\/\/robos.com.tr\/turktraktor-isil-islem-agv-entegrasyonu\/","og_site_name":"ROBOS","article_modified_time":"2026-01-21T11:45:05+00:00","twitter_card":"summary_large_image","twitter_misc":{"Est. reading time":"2 minutes"},"schema":{"@context":"https:\/\/schema.org","@graph":[{"@type":"WebPage","@id":"https:\/\/robos.com.tr\/turktraktor-isil-islem-agv-entegrasyonu\/","url":"https:\/\/robos.com.tr\/turktraktor-isil-islem-agv-entegrasyonu\/","name":"RBS126 - ROBOS","isPartOf":{"@id":"https:\/\/robos.com.tr\/#website"},"datePublished":"2026-01-21T11:35:04+00:00","dateModified":"2026-01-21T11:45:05+00:00","description":"ROBOS, T\u00fcrktrakt\u00f6r i\u00e7in do\u011fal navigasyon ve otomatik r\u00f6mork b\u0131rakma sistemine sahip AGV \u00e7\u00f6z\u00fcm\u00fc sundu. Verimlilik odakl\u0131 projemizi inceleyin.","breadcrumb":{"@id":"https:\/\/robos.com.tr\/turktraktor-isil-islem-agv-entegrasyonu\/#breadcrumb"},"inLanguage":"en-US","potentialAction":[{"@type":"ReadAction","target":["https:\/\/robos.com.tr\/turktraktor-isil-islem-agv-entegrasyonu\/"]}]},{"@type":"BreadcrumbList","@id":"https:\/\/robos.com.tr\/turktraktor-isil-islem-agv-entegrasyonu\/#breadcrumb","itemListElement":[{"@type":"ListItem","position":1,"name":"Home","item":"https:\/\/robos.com.tr\/en\/"},{"@type":"ListItem","position":2,"name":"RBS126"}]},{"@type":"WebSite","@id":"https:\/\/robos.com.tr\/#website","url":"https:\/\/robos.com.tr\/","name":"ROBOS","description":"Automated Guided Vehicles","publisher":{"@id":"https:\/\/robos.com.tr\/#organization"},"potentialAction":[{"@type":"SearchAction","target":{"@type":"EntryPoint","urlTemplate":"https:\/\/robos.com.tr\/?s={search_term_string}"},"query-input":{"@type":"PropertyValueSpecification","valueRequired":true,"valueName":"search_term_string"}}],"inLanguage":"en-US"},{"@type":"Organization","@id":"https:\/\/robos.com.tr\/#organization","name":"ROBOS","url":"https:\/\/robos.com.tr\/","logo":{"@type":"ImageObject","inLanguage":"en-US","@id":"https:\/\/robos.com.tr\/#\/schema\/logo\/image\/","url":"https:\/\/robos.com.tr\/wp-content\/uploads\/2022\/02\/Logo.png","contentUrl":"https:\/\/robos.com.tr\/wp-content\/uploads\/2022\/02\/Logo.png","width":463,"height":70,"caption":"ROBOS"},"image":{"@id":"https:\/\/robos.com.tr\/#\/schema\/logo\/image\/"},"sameAs":["https:\/\/www.linkedin.com\/company\/robos\/","https:\/\/www.youtube.com\/@robosagv4304"]}]}},"_links":{"self":[{"href":"https:\/\/robos.com.tr\/en\/wp-json\/wp\/v2\/pages\/3306","targetHints":{"allow":["GET"]}}],"collection":[{"href":"https:\/\/robos.com.tr\/en\/wp-json\/wp\/v2\/pages"}],"about":[{"href":"https:\/\/robos.com.tr\/en\/wp-json\/wp\/v2\/types\/page"}],"author":[{"embeddable":true,"href":"https:\/\/robos.com.tr\/en\/wp-json\/wp\/v2\/users\/2"}],"replies":[{"embeddable":true,"href":"https:\/\/robos.com.tr\/en\/wp-json\/wp\/v2\/comments?post=3306"}],"version-history":[{"count":3,"href":"https:\/\/robos.com.tr\/en\/wp-json\/wp\/v2\/pages\/3306\/revisions"}],"predecessor-version":[{"id":3394,"href":"https:\/\/robos.com.tr\/en\/wp-json\/wp\/v2\/pages\/3306\/revisions\/3394"}],"wp:attachment":[{"href":"https:\/\/robos.com.tr\/en\/wp-json\/wp\/v2\/media?parent=3306"}],"curies":[{"name":"wp","href":"https:\/\/api.w.org\/{rel}","templated":true}]}}