{"id":3318,"date":"2026-01-21T14:41:35","date_gmt":"2026-01-21T11:41:35","guid":{"rendered":"https:\/\/robos.com.tr\/?page_id=3318"},"modified":"2026-01-21T14:50:38","modified_gmt":"2026-01-21T11:50:38","slug":"turktraktor-boyahane-outdoor-agv-projesi","status":"publish","type":"page","link":"https:\/\/robos.com.tr\/en\/turktraktor-boyahane-outdoor-agv-projesi\/","title":{"rendered":"RBS130"},"content":{"rendered":"<p>[vc_row][vc_column][vc_custom_heading text=&#8221;T\u00dcRKTRAKT\u00d6R &#8211; Outdoor Pin Mekanizmal\u0131 AGV Sistemi&#8221; font_container=&#8221;tag:h1|font_size:36|text_align:center&#8221; google_fonts=&#8221;font_family:Open%20Sans%3A300%2C300italic%2Cregular%2Citalic%2C600%2C600italic%2C700%2C700italic%2C800%2C800italic|font_style:600%20bold%20italic%3A600%3Aitalic&#8221;][\/vc_column][\/vc_row][vc_row content_placement=&#8221;middle&#8221;][vc_column width=&#8221;1\/2&#8243;][vc_single_image image=&#8221;3322&#8243; img_size=&#8221;full&#8221; alignment=&#8221;center&#8221; hover_effect=&#8221;img_play_effect&#8221;][\/vc_column][vc_column width=&#8221;1\/2&#8243;][vc_column_text]<\/p>\n<p data-path-to-node=\"7\"><b data-path-to-node=\"7\" data-index-in-node=\"0\">T\u00fcrktrakt\u00f6r<\/b> fabrikas\u0131nda verimlili\u011fi bir ad\u0131m \u00f6teye ta\u015f\u0131yan bu projemizde, <b data-path-to-node=\"7\" data-index-in-node=\"75\">boyahaneden \u00e7\u0131kan trakt\u00f6r kabinlerinin depolama alan\u0131na transferi<\/b> tamamen otonom hale getirilmi\u015ftir. Bu projenin en ay\u0131rt edici \u00f6zelli\u011fi, AGV sistemimizin kapal\u0131 alan s\u0131n\u0131rlar\u0131n\u0131 a\u015farak <b data-path-to-node=\"7\" data-index-in-node=\"261\">d\u0131\u015f ortam (outdoor)<\/b> ko\u015fullar\u0131nda da y\u00fcksek performansla \u00e7al\u0131\u015fmas\u0131d\u0131r.<\/p>\n<p data-path-to-node=\"8\">Projede kullan\u0131lan <b data-path-to-node=\"8\" data-index-in-node=\"19\">Pin Mekanizmal\u0131 AGV<\/b>, kabin ta\u015f\u0131ma arabalar\u0131na alttan giri\u015f yaparak mekanik kilitlenme sa\u011flar ve y\u00fck\u00fc g\u00fcvenli bir \u015fekilde hedefe ula\u015ft\u0131r\u0131r. Sistemin teknik \u00fcst\u00fcnl\u00fckleri \u015funlard\u0131r:<\/p>\n<ul data-path-to-node=\"9\">\n<li>\n<p data-path-to-node=\"9,0,0\"><b data-path-to-node=\"9,0,0\" data-index-in-node=\"0\">D\u0131\u015f Alan (Outdoor) Ta\u015f\u0131ma Kabiliyeti:<\/b> AGV&#8217;miz, i\u00e7 mekandan d\u0131\u015f mekana ge\u00e7i\u015f yapabilen \u00f6zel sens\u00f6r ve g\u00f6vde yap\u0131s\u0131yla donat\u0131lm\u0131\u015ft\u0131r. De\u011fi\u015fken hava ko\u015fullar\u0131nda ve zemin yap\u0131lar\u0131nda dahi hassas konumland\u0131rma ve emniyetli s\u00fcr\u00fc\u015f yetene\u011fini korumaktad\u0131r.<\/p>\n<\/li>\n<li>\n<p data-path-to-node=\"9,1,0\"><b data-path-to-node=\"9,1,0\" data-index-in-node=\"0\">Do\u011fal Navigasyon Teknolojisi:<\/b> Karma\u015f\u0131k fabrika ortam\u0131nda ve d\u0131\u015f sahalarda herhangi bir fiziksel hatta ihtiya\u00e7 duymadan yolunu bulan bu teknoloji, T\u00fcrktrakt\u00f6r\u2019\u00fcn dinamik \u00fcretim sahas\u0131na tam uyum sa\u011flar.<\/p>\n<\/li>\n<li>\n<p data-path-to-node=\"9,2,0\"><b data-path-to-node=\"9,2,0\" data-index-in-node=\"0\">Pin Mekanizmas\u0131 ile G\u00fcvenli Transfer:<\/b> AGV \u00fczerine entegre edilen \u00f6zel pin mekanizmas\u0131, ta\u015f\u0131ma arabalar\u0131yla tam bir mekanik b\u00fct\u00fcnle\u015fme sa\u011flayarak a\u011f\u0131r ve hacimli trakt\u00f6r kabinlerinin sars\u0131nt\u0131s\u0131z bir \u015fekilde ta\u015f\u0131nmas\u0131na olanak tan\u0131r.<\/p>\n<\/li>\n<li>\n<p data-path-to-node=\"9,3,0\"><b data-path-to-node=\"9,3,0\" data-index-in-node=\"0\">Otomatik \u015earj Sistemi:<\/b> 7\/24 \u00e7al\u0131\u015fma esas\u0131na uygun olarak tasarlanan sistemde, AGV d\u00fc\u015f\u00fck enerji seviyelerinde otonom olarak \u015farj istasyonuna ba\u011flanarak insan m\u00fcdahalesi gerektirmeyen bir operasyon d\u00f6ng\u00fcs\u00fc sunar.<\/p>\n<\/li>\n<\/ul>\n<p data-path-to-node=\"10\"><b data-path-to-node=\"10\" data-index-in-node=\"0\">ROBOS<\/b> olarak, zorlu ortam ko\u015fullar\u0131nda dahi esnek ve g\u00fcvenilir \u00e7\u00f6z\u00fcmler \u00fcreterek T\u00fcrktrakt\u00f6r\u2019\u00fcn lojistik operasyonlar\u0131n\u0131 gelece\u011fin teknolojisiyle bulu\u015fturmaya devam ediyoruz.<\/p>\n<p>[\/vc_column_text][\/vc_column][\/vc_row][vc_row][vc_column]<div class=\"rd_img_gallery_ctn clearfix\" style=\"margin:0px auto 0px;\"><a class=\"ig_col_4 rda_fadeIn\" href=\"https:\/\/robos.com.tr\/wp-content\/uploads\/2026\/01\/WhatsApp-Image-2025-03-17-at-15.40.56-2-scaled-1024x576.jpeg\"  rel=\"prettyPhoto[rel-1743616152]\" ><img loading=\"lazy\" decoding=\"async\" width=\"2560\" height=\"1440\" src=\"https:\/\/robos.com.tr\/wp-content\/uploads\/2026\/01\/WhatsApp-Image-2025-03-17-at-15.40.56-2-scaled.jpeg\" class=\"attachment-full\" alt=\"ROBOS Otomatik Y\u00f6nlendirmeli Ara\u00e7 Automated Guided Vehicle AGV Otomatik Mobil Robot Automated Mobile Robot AMR\" srcset=\"https:\/\/robos.com.tr\/wp-content\/uploads\/2026\/01\/WhatsApp-Image-2025-03-17-at-15.40.56-2-scaled.jpeg 2560w, https:\/\/robos.com.tr\/wp-content\/uploads\/2026\/01\/WhatsApp-Image-2025-03-17-at-15.40.56-2-300x169.jpeg 300w, https:\/\/robos.com.tr\/wp-content\/uploads\/2026\/01\/WhatsApp-Image-2025-03-17-at-15.40.56-2-scaled-1024x576.jpeg 1024w, https:\/\/robos.com.tr\/wp-content\/uploads\/2026\/01\/WhatsApp-Image-2025-03-17-at-15.40.56-2-768x432.jpeg 768w, https:\/\/robos.com.tr\/wp-content\/uploads\/2026\/01\/WhatsApp-Image-2025-03-17-at-15.40.56-2-1536x864.jpeg 1536w, https:\/\/robos.com.tr\/wp-content\/uploads\/2026\/01\/WhatsApp-Image-2025-03-17-at-15.40.56-2-2048x1152.jpeg 2048w\" sizes=\"auto, (max-width: 2560px) 100vw, 2560px\" \/><\/a><a class=\"ig_col_4 rda_fadeIn\" href=\"https:\/\/robos.com.tr\/wp-content\/uploads\/2026\/01\/WhatsApp-Image-2025-03-17-at-15.40.56-scaled-1024x576.jpeg\"  rel=\"prettyPhoto[rel-1743616152]\" ><img loading=\"lazy\" decoding=\"async\" width=\"2560\" height=\"1440\" src=\"https:\/\/robos.com.tr\/wp-content\/uploads\/2026\/01\/WhatsApp-Image-2025-03-17-at-15.40.56-scaled.jpeg\" class=\"attachment-full\" alt=\"ROBOS Otomatik Y\u00f6nlendirmeli Ara\u00e7 Automated Guided Vehicle AGV Otomatik Mobil Robot Automated Mobile Robot AMR\" srcset=\"https:\/\/robos.com.tr\/wp-content\/uploads\/2026\/01\/WhatsApp-Image-2025-03-17-at-15.40.56-scaled.jpeg 2560w, https:\/\/robos.com.tr\/wp-content\/uploads\/2026\/01\/WhatsApp-Image-2025-03-17-at-15.40.56-300x169.jpeg 300w, https:\/\/robos.com.tr\/wp-content\/uploads\/2026\/01\/WhatsApp-Image-2025-03-17-at-15.40.56-scaled-1024x576.jpeg 1024w, https:\/\/robos.com.tr\/wp-content\/uploads\/2026\/01\/WhatsApp-Image-2025-03-17-at-15.40.56-768x432.jpeg 768w, https:\/\/robos.com.tr\/wp-content\/uploads\/2026\/01\/WhatsApp-Image-2025-03-17-at-15.40.56-1536x864.jpeg 1536w, https:\/\/robos.com.tr\/wp-content\/uploads\/2026\/01\/WhatsApp-Image-2025-03-17-at-15.40.56-2048x1152.jpeg 2048w\" sizes=\"auto, (max-width: 2560px) 100vw, 2560px\" \/><\/a><a class=\"ig_col_4 rda_fadeIn\" href=\"https:\/\/robos.com.tr\/wp-content\/uploads\/2026\/01\/WhatsApp-Image-2025-03-17-at-15.40.57-1-scaled-1024x576.jpeg\"  rel=\"prettyPhoto[rel-1743616152]\" ><img loading=\"lazy\" decoding=\"async\" width=\"2560\" height=\"1440\" src=\"https:\/\/robos.com.tr\/wp-content\/uploads\/2026\/01\/WhatsApp-Image-2025-03-17-at-15.40.57-1-scaled.jpeg\" class=\"attachment-full\" alt=\"ROBOS Otomatik Y\u00f6nlendirmeli Ara\u00e7 Automated Guided Vehicle AGV Otomatik Mobil Robot Automated Mobile Robot AMR\" srcset=\"https:\/\/robos.com.tr\/wp-content\/uploads\/2026\/01\/WhatsApp-Image-2025-03-17-at-15.40.57-1-scaled.jpeg 2560w, https:\/\/robos.com.tr\/wp-content\/uploads\/2026\/01\/WhatsApp-Image-2025-03-17-at-15.40.57-1-300x169.jpeg 300w, https:\/\/robos.com.tr\/wp-content\/uploads\/2026\/01\/WhatsApp-Image-2025-03-17-at-15.40.57-1-scaled-1024x576.jpeg 1024w, https:\/\/robos.com.tr\/wp-content\/uploads\/2026\/01\/WhatsApp-Image-2025-03-17-at-15.40.57-1-768x432.jpeg 768w, https:\/\/robos.com.tr\/wp-content\/uploads\/2026\/01\/WhatsApp-Image-2025-03-17-at-15.40.57-1-1536x864.jpeg 1536w, https:\/\/robos.com.tr\/wp-content\/uploads\/2026\/01\/WhatsApp-Image-2025-03-17-at-15.40.57-1-2048x1152.jpeg 2048w\" sizes=\"auto, (max-width: 2560px) 100vw, 2560px\" \/><\/a><a class=\"ig_col_4 rda_fadeIn\" href=\"https:\/\/robos.com.tr\/wp-content\/uploads\/2026\/01\/WhatsApp-Image-2025-03-17-at-15.40.56-1-1-scaled-1024x576.jpeg\"  rel=\"prettyPhoto[rel-1743616152]\" ><img loading=\"lazy\" decoding=\"async\" width=\"2560\" height=\"1440\" src=\"https:\/\/robos.com.tr\/wp-content\/uploads\/2026\/01\/WhatsApp-Image-2025-03-17-at-15.40.56-1-1-scaled.jpeg\" class=\"attachment-full\" alt=\"ROBOS Otomatik Y\u00f6nlendirmeli Ara\u00e7 Automated Guided Vehicle AGV Otomatik Mobil Robot Automated Mobile Robot AMR\" srcset=\"https:\/\/robos.com.tr\/wp-content\/uploads\/2026\/01\/WhatsApp-Image-2025-03-17-at-15.40.56-1-1-scaled.jpeg 2560w, https:\/\/robos.com.tr\/wp-content\/uploads\/2026\/01\/WhatsApp-Image-2025-03-17-at-15.40.56-1-1-300x169.jpeg 300w, https:\/\/robos.com.tr\/wp-content\/uploads\/2026\/01\/WhatsApp-Image-2025-03-17-at-15.40.56-1-1-scaled-1024x576.jpeg 1024w, https:\/\/robos.com.tr\/wp-content\/uploads\/2026\/01\/WhatsApp-Image-2025-03-17-at-15.40.56-1-1-768x432.jpeg 768w, https:\/\/robos.com.tr\/wp-content\/uploads\/2026\/01\/WhatsApp-Image-2025-03-17-at-15.40.56-1-1-1536x864.jpeg 1536w, https:\/\/robos.com.tr\/wp-content\/uploads\/2026\/01\/WhatsApp-Image-2025-03-17-at-15.40.56-1-1-2048x1152.jpeg 2048w\" sizes=\"auto, (max-width: 2560px) 100vw, 2560px\" \/><\/a><\/div>[\/vc_column][\/vc_row]<\/p>\n","protected":false},"excerpt":{"rendered":"<p>[vc_row][vc_column][vc_custom_heading text=&#8221;T\u00dcRKTRAKT\u00d6R &#8211; Outdoor Pin Mekanizmal\u0131 AGV Sistemi&#8221; font_container=&#8221;tag:h1|font_size:36|text_align:center&#8221; google_fonts=&#8221;font_family:Open%20Sans%3A300%2C300italic%2Cregular%2Citalic%2C600%2C600italic%2C700%2C700italic%2C800%2C800italic|font_style:600%20bold%20italic%3A600%3Aitalic&#8221;][\/vc_column][\/vc_row][vc_row content_placement=&#8221;middle&#8221;][vc_column width=&#8221;1\/2&#8243;][vc_single_image image=&#8221;3322&#8243; img_size=&#8221;full&#8221; alignment=&#8221;center&#8221; hover_effect=&#8221;img_play_effect&#8221;][\/vc_column][vc_column width=&#8221;1\/2&#8243;][vc_column_text] T\u00fcrktrakt\u00f6r fabrikas\u0131nda verimlili\u011fi bir ad\u0131m \u00f6teye ta\u015f\u0131yan bu projemizde, boyahaneden \u00e7\u0131kan trakt\u00f6r kabinlerinin depolama alan\u0131na transferi tamamen otonom hale getirilmi\u015ftir. Bu projenin en ay\u0131rt edici \u00f6zelli\u011fi, AGV sistemimizin kapal\u0131 alan s\u0131n\u0131rlar\u0131n\u0131 a\u015farak d\u0131\u015f ortam (outdoor) ko\u015fullar\u0131nda da y\u00fcksek<br \/><a href=\"https:\/\/robos.com.tr\/en\/turktraktor-boyahane-outdoor-agv-projesi\/\" class=\"more\">Read more<\/a><\/p>\n","protected":false},"author":2,"featured_media":0,"parent":0,"menu_order":0,"comment_status":"closed","ping_status":"closed","template":"","meta":{"om_disable_all_campaigns":false,"_monsterinsights_skip_tracking":false,"_monsterinsights_sitenote_active":false,"_monsterinsights_sitenote_note":"","_monsterinsights_sitenote_category":0,"_uf_show_specific_survey":0,"_uf_disable_surveys":false,"footnotes":""},"class_list":["post-3318","page","type-page","status-publish","hentry"],"yoast_head":"<!-- This site is optimized with the Yoast SEO plugin v24.0 - https:\/\/yoast.com\/wordpress\/plugins\/seo\/ -->\n<title>RBS130 - ROBOS<\/title>\n<meta name=\"description\" content=\"T\u00fcrktrakt\u00f6r&#039;de kabinlerin d\u0131\u015f ortamda ta\u015f\u0131nmas\u0131 i\u00e7in geli\u015ftirdi\u011fimiz pin mekanizmal\u0131 ve do\u011fal navigasyonlu outdoor AGV projemizi inceleyin.\" \/>\n<meta name=\"robots\" content=\"index, follow, max-snippet:-1, max-image-preview:large, max-video-preview:-1\" \/>\n<link rel=\"canonical\" href=\"https:\/\/robos.com.tr\/turktraktor-boyahane-outdoor-agv-projesi\/\" \/>\n<meta property=\"og:locale\" content=\"en_US\" \/>\n<meta property=\"og:type\" content=\"article\" \/>\n<meta property=\"og:title\" content=\"RBS130 - ROBOS\" \/>\n<meta property=\"og:description\" content=\"T\u00fcrktrakt\u00f6r&#039;de kabinlerin d\u0131\u015f ortamda ta\u015f\u0131nmas\u0131 i\u00e7in geli\u015ftirdi\u011fimiz pin mekanizmal\u0131 ve do\u011fal navigasyonlu outdoor AGV projemizi inceleyin.\" \/>\n<meta property=\"og:url\" content=\"https:\/\/robos.com.tr\/turktraktor-boyahane-outdoor-agv-projesi\/\" \/>\n<meta property=\"og:site_name\" content=\"ROBOS\" \/>\n<meta property=\"article:modified_time\" content=\"2026-01-21T11:50:38+00:00\" \/>\n<meta name=\"twitter:card\" content=\"summary_large_image\" \/>\n<meta name=\"twitter:label1\" content=\"Est. reading time\" \/>\n\t<meta name=\"twitter:data1\" content=\"2 minutes\" \/>\n<script type=\"application\/ld+json\" class=\"yoast-schema-graph\">{\"@context\":\"https:\/\/schema.org\",\"@graph\":[{\"@type\":\"WebPage\",\"@id\":\"https:\/\/robos.com.tr\/turktraktor-boyahane-outdoor-agv-projesi\/\",\"url\":\"https:\/\/robos.com.tr\/turktraktor-boyahane-outdoor-agv-projesi\/\",\"name\":\"RBS130 - ROBOS\",\"isPartOf\":{\"@id\":\"https:\/\/robos.com.tr\/#website\"},\"datePublished\":\"2026-01-21T11:41:35+00:00\",\"dateModified\":\"2026-01-21T11:50:38+00:00\",\"description\":\"T\u00fcrktrakt\u00f6r'de kabinlerin d\u0131\u015f ortamda ta\u015f\u0131nmas\u0131 i\u00e7in geli\u015ftirdi\u011fimiz pin mekanizmal\u0131 ve do\u011fal navigasyonlu outdoor AGV projemizi inceleyin.\",\"breadcrumb\":{\"@id\":\"https:\/\/robos.com.tr\/turktraktor-boyahane-outdoor-agv-projesi\/#breadcrumb\"},\"inLanguage\":\"en-US\",\"potentialAction\":[{\"@type\":\"ReadAction\",\"target\":[\"https:\/\/robos.com.tr\/turktraktor-boyahane-outdoor-agv-projesi\/\"]}]},{\"@type\":\"BreadcrumbList\",\"@id\":\"https:\/\/robos.com.tr\/turktraktor-boyahane-outdoor-agv-projesi\/#breadcrumb\",\"itemListElement\":[{\"@type\":\"ListItem\",\"position\":1,\"name\":\"Home\",\"item\":\"https:\/\/robos.com.tr\/en\/\"},{\"@type\":\"ListItem\",\"position\":2,\"name\":\"RBS130\"}]},{\"@type\":\"WebSite\",\"@id\":\"https:\/\/robos.com.tr\/#website\",\"url\":\"https:\/\/robos.com.tr\/\",\"name\":\"ROBOS\",\"description\":\"Automated Guided Vehicles\",\"publisher\":{\"@id\":\"https:\/\/robos.com.tr\/#organization\"},\"potentialAction\":[{\"@type\":\"SearchAction\",\"target\":{\"@type\":\"EntryPoint\",\"urlTemplate\":\"https:\/\/robos.com.tr\/?s={search_term_string}\"},\"query-input\":{\"@type\":\"PropertyValueSpecification\",\"valueRequired\":true,\"valueName\":\"search_term_string\"}}],\"inLanguage\":\"en-US\"},{\"@type\":\"Organization\",\"@id\":\"https:\/\/robos.com.tr\/#organization\",\"name\":\"ROBOS\",\"url\":\"https:\/\/robos.com.tr\/\",\"logo\":{\"@type\":\"ImageObject\",\"inLanguage\":\"en-US\",\"@id\":\"https:\/\/robos.com.tr\/#\/schema\/logo\/image\/\",\"url\":\"https:\/\/robos.com.tr\/wp-content\/uploads\/2022\/02\/Logo.png\",\"contentUrl\":\"https:\/\/robos.com.tr\/wp-content\/uploads\/2022\/02\/Logo.png\",\"width\":463,\"height\":70,\"caption\":\"ROBOS\"},\"image\":{\"@id\":\"https:\/\/robos.com.tr\/#\/schema\/logo\/image\/\"},\"sameAs\":[\"https:\/\/www.linkedin.com\/company\/robos\/\",\"https:\/\/www.youtube.com\/@robosagv4304\"]}]}<\/script>\n<!-- \/ Yoast SEO plugin. -->","yoast_head_json":{"title":"RBS130 - ROBOS","description":"T\u00fcrktrakt\u00f6r'de kabinlerin d\u0131\u015f ortamda ta\u015f\u0131nmas\u0131 i\u00e7in geli\u015ftirdi\u011fimiz pin mekanizmal\u0131 ve do\u011fal navigasyonlu outdoor AGV projemizi inceleyin.","robots":{"index":"index","follow":"follow","max-snippet":"max-snippet:-1","max-image-preview":"max-image-preview:large","max-video-preview":"max-video-preview:-1"},"canonical":"https:\/\/robos.com.tr\/turktraktor-boyahane-outdoor-agv-projesi\/","og_locale":"en_US","og_type":"article","og_title":"RBS130 - ROBOS","og_description":"T\u00fcrktrakt\u00f6r'de kabinlerin d\u0131\u015f ortamda ta\u015f\u0131nmas\u0131 i\u00e7in geli\u015ftirdi\u011fimiz pin mekanizmal\u0131 ve do\u011fal navigasyonlu outdoor AGV projemizi inceleyin.","og_url":"https:\/\/robos.com.tr\/turktraktor-boyahane-outdoor-agv-projesi\/","og_site_name":"ROBOS","article_modified_time":"2026-01-21T11:50:38+00:00","twitter_card":"summary_large_image","twitter_misc":{"Est. reading time":"2 minutes"},"schema":{"@context":"https:\/\/schema.org","@graph":[{"@type":"WebPage","@id":"https:\/\/robos.com.tr\/turktraktor-boyahane-outdoor-agv-projesi\/","url":"https:\/\/robos.com.tr\/turktraktor-boyahane-outdoor-agv-projesi\/","name":"RBS130 - ROBOS","isPartOf":{"@id":"https:\/\/robos.com.tr\/#website"},"datePublished":"2026-01-21T11:41:35+00:00","dateModified":"2026-01-21T11:50:38+00:00","description":"T\u00fcrktrakt\u00f6r'de kabinlerin d\u0131\u015f ortamda ta\u015f\u0131nmas\u0131 i\u00e7in geli\u015ftirdi\u011fimiz pin mekanizmal\u0131 ve do\u011fal navigasyonlu outdoor AGV projemizi inceleyin.","breadcrumb":{"@id":"https:\/\/robos.com.tr\/turktraktor-boyahane-outdoor-agv-projesi\/#breadcrumb"},"inLanguage":"en-US","potentialAction":[{"@type":"ReadAction","target":["https:\/\/robos.com.tr\/turktraktor-boyahane-outdoor-agv-projesi\/"]}]},{"@type":"BreadcrumbList","@id":"https:\/\/robos.com.tr\/turktraktor-boyahane-outdoor-agv-projesi\/#breadcrumb","itemListElement":[{"@type":"ListItem","position":1,"name":"Home","item":"https:\/\/robos.com.tr\/en\/"},{"@type":"ListItem","position":2,"name":"RBS130"}]},{"@type":"WebSite","@id":"https:\/\/robos.com.tr\/#website","url":"https:\/\/robos.com.tr\/","name":"ROBOS","description":"Automated Guided Vehicles","publisher":{"@id":"https:\/\/robos.com.tr\/#organization"},"potentialAction":[{"@type":"SearchAction","target":{"@type":"EntryPoint","urlTemplate":"https:\/\/robos.com.tr\/?s={search_term_string}"},"query-input":{"@type":"PropertyValueSpecification","valueRequired":true,"valueName":"search_term_string"}}],"inLanguage":"en-US"},{"@type":"Organization","@id":"https:\/\/robos.com.tr\/#organization","name":"ROBOS","url":"https:\/\/robos.com.tr\/","logo":{"@type":"ImageObject","inLanguage":"en-US","@id":"https:\/\/robos.com.tr\/#\/schema\/logo\/image\/","url":"https:\/\/robos.com.tr\/wp-content\/uploads\/2022\/02\/Logo.png","contentUrl":"https:\/\/robos.com.tr\/wp-content\/uploads\/2022\/02\/Logo.png","width":463,"height":70,"caption":"ROBOS"},"image":{"@id":"https:\/\/robos.com.tr\/#\/schema\/logo\/image\/"},"sameAs":["https:\/\/www.linkedin.com\/company\/robos\/","https:\/\/www.youtube.com\/@robosagv4304"]}]}},"_links":{"self":[{"href":"https:\/\/robos.com.tr\/en\/wp-json\/wp\/v2\/pages\/3318","targetHints":{"allow":["GET"]}}],"collection":[{"href":"https:\/\/robos.com.tr\/en\/wp-json\/wp\/v2\/pages"}],"about":[{"href":"https:\/\/robos.com.tr\/en\/wp-json\/wp\/v2\/types\/page"}],"author":[{"embeddable":true,"href":"https:\/\/robos.com.tr\/en\/wp-json\/wp\/v2\/users\/2"}],"replies":[{"embeddable":true,"href":"https:\/\/robos.com.tr\/en\/wp-json\/wp\/v2\/comments?post=3318"}],"version-history":[{"count":5,"href":"https:\/\/robos.com.tr\/en\/wp-json\/wp\/v2\/pages\/3318\/revisions"}],"predecessor-version":[{"id":3324,"href":"https:\/\/robos.com.tr\/en\/wp-json\/wp\/v2\/pages\/3318\/revisions\/3324"}],"wp:attachment":[{"href":"https:\/\/robos.com.tr\/en\/wp-json\/wp\/v2\/media?parent=3318"}],"curies":[{"name":"wp","href":"https:\/\/api.w.org\/{rel}","templated":true}]}}