{"id":3328,"date":"2026-01-21T14:55:37","date_gmt":"2026-01-21T11:55:37","guid":{"rendered":"https:\/\/robos.com.tr\/?page_id=3328"},"modified":"2026-01-21T14:56:38","modified_gmt":"2026-01-21T11:56:38","slug":"turktraktor-kaynak-boyahane-konveyorlu-agv","status":"publish","type":"page","link":"https:\/\/robos.com.tr\/en\/turktraktor-kaynak-boyahane-konveyorlu-agv\/","title":{"rendered":"RBS133"},"content":{"rendered":"<p>[vc_row][vc_column][vc_custom_heading text=&#8221;T\u00dcRKTRAKT\u00d6R &#8211; Konvey\u00f6rl\u00fc AGV Sistemi&#8221; font_container=&#8221;tag:h1|font_size:36|text_align:center&#8221; google_fonts=&#8221;font_family:Open%20Sans%3A300%2C300italic%2Cregular%2Citalic%2C600%2C600italic%2C700%2C700italic%2C800%2C800italic|font_style:600%20bold%20italic%3A600%3Aitalic&#8221;][\/vc_column][\/vc_row][vc_row content_placement=&#8221;middle&#8221;][vc_column width=&#8221;1\/2&#8243;][vc_single_image image=&#8221;3338&#8243; img_size=&#8221;full&#8221; alignment=&#8221;center&#8221; hover_effect=&#8221;img_play_effect&#8221;][\/vc_column][vc_column width=&#8221;1\/2&#8243;][vc_column_text]<\/p>\n<p data-path-to-node=\"7\"><b data-path-to-node=\"7\" data-index-in-node=\"0\">T\u00fcrktrakt\u00f6r<\/b> tesislerinde \u00fcretim s\u00fcre\u00e7lerinin optimizasyonu kapsam\u0131nda, <b data-path-to-node=\"7\" data-index-in-node=\"71\">kaynak b\u00f6l\u00fcm\u00fcnden \u00e7\u0131kan trakt\u00f6r kabinlerinin boyahaneye transferi<\/b> i\u00e7in y\u00fcksek teknolojili bir AGV sistemi devreye al\u0131nm\u0131\u015ft\u0131r. Bu proje, hatlar aras\u0131 malzeme ak\u0131\u015f\u0131n\u0131 standartla\u015ft\u0131rarak \u00fcretim h\u0131z\u0131n\u0131 do\u011frudan desteklemektedir.<\/p>\n<p data-path-to-node=\"8\">Sistem, end\u00fcstriyel otomasyonun en g\u00fcncel bile\u015fenleri ile donat\u0131lm\u0131\u015ft\u0131r:<\/p>\n<ul data-path-to-node=\"9\">\n<li>\n<p data-path-to-node=\"9,0,0\"><b data-path-to-node=\"9,0,0\" data-index-in-node=\"0\">Konvey\u00f6rl\u00fc ve Skid Uyumlu Tasar\u0131m:<\/b> AGV \u00fczerinde yer alan entegre <b data-path-to-node=\"9,0,0\" data-index-in-node=\"65\">skid konvey\u00f6r<\/b> sistemi, kaynak hatt\u0131 \u00e7\u0131k\u0131\u015f\u0131ndaki ve boyahane giri\u015findeki sabit konvey\u00f6rlerle tam senkronize \u00e7al\u0131\u015f\u0131r. Bu sayede a\u011f\u0131r trakt\u00f6r kabinleri, hi\u00e7bir operat\u00f6r m\u00fcdahalesi olmaks\u0131z\u0131n hatlar aras\u0131nda otomatik olarak aktar\u0131l\u0131r.<\/p>\n<\/li>\n<li>\n<p data-path-to-node=\"9,1,0\"><b data-path-to-node=\"9,1,0\" data-index-in-node=\"0\">Do\u011fal Navigasyon \u00d6zg\u00fcrl\u00fc\u011f\u00fc:<\/b> Fabrika zemininde herhangi bir manyetik bant veya altyap\u0131 de\u011fi\u015fikli\u011fi gerektirmeyen bu teknoloji, AGV\u2019nin \u00e7evresini alg\u0131layarak en g\u00fcvenli ve verimli rotada hareket etmesini sa\u011flar.<\/p>\n<\/li>\n<li>\n<p data-path-to-node=\"9,2,0\"><b data-path-to-node=\"9,2,0\" data-index-in-node=\"0\">Kesintisiz Enerji ve Otomatik \u015earj:<\/b> \u00dcretim hatt\u0131n\u0131n 7\/24 \u00e7al\u0131\u015fma temposuna ayak uydurmak \u00fczere tasarlanan AGV, enerji y\u00f6netimi i\u00e7in <b data-path-to-node=\"9,2,0\" data-index-in-node=\"132\">otomatik \u015farj sistemini<\/b> kullan\u0131r. G\u00f6revler aras\u0131ndaki bo\u015fluklarda kendini \u015farj ederek operasyonun duraksamas\u0131n\u0131 engeller.<\/p>\n<\/li>\n<li>\n<p data-path-to-node=\"9,3,0\"><b data-path-to-node=\"9,3,0\" data-index-in-node=\"0\">Hassas ve G\u00fcvenli Transfer:<\/b> A\u011f\u0131r ve hacimli kabinlerin transferi s\u0131ras\u0131nda maksimum g\u00fcvenlik sa\u011flayan sens\u00f6r ve otomasyon altyap\u0131s\u0131, i\u015f sa\u011fl\u0131\u011f\u0131 ve g\u00fcvenli\u011fi (\u0130SG) standartlar\u0131n\u0131 en \u00fcst seviyeye ta\u015f\u0131r.<\/p>\n<\/li>\n<\/ul>\n<p data-path-to-node=\"10\"><b data-path-to-node=\"10\" data-index-in-node=\"0\">ROBOS<\/b> olarak, T\u00fcrktrakt\u00f6r\u2019\u00fcn geli\u015fmi\u015f \u00fcretim teknolojilerine, sekt\u00f6re \u00f6zel tasarlad\u0131\u011f\u0131m\u0131z konvey\u00f6rl\u00fc otonom \u00e7\u00f6z\u00fcmlerimizle g\u00fc\u00e7 katmaya devam ediyoruz.<\/p>\n<p>[\/vc_column_text][\/vc_column][\/vc_row][vc_row][vc_column]<div class=\"rd_img_gallery_ctn clearfix\" style=\"margin:0px auto 0px;\"><a class=\"ig_col_4 rda_fadeIn\" href=\"https:\/\/robos.com.tr\/wp-content\/uploads\/2026\/01\/WhatsApp-Image-2025-03-17-at-15.42.43-1-scaled-1024x576.jpeg\"  rel=\"prettyPhoto[rel-774919558]\" ><img loading=\"lazy\" decoding=\"async\" width=\"2560\" height=\"1440\" src=\"https:\/\/robos.com.tr\/wp-content\/uploads\/2026\/01\/WhatsApp-Image-2025-03-17-at-15.42.43-1-scaled.jpeg\" class=\"attachment-full\" alt=\"ROBOS Otomatik Y\u00f6nlendirmeli Ara\u00e7 Automated Guided Vehicle AGV Otomatik Mobil Robot Automated Mobile Robot AMR\" srcset=\"https:\/\/robos.com.tr\/wp-content\/uploads\/2026\/01\/WhatsApp-Image-2025-03-17-at-15.42.43-1-scaled.jpeg 2560w, https:\/\/robos.com.tr\/wp-content\/uploads\/2026\/01\/WhatsApp-Image-2025-03-17-at-15.42.43-1-300x169.jpeg 300w, https:\/\/robos.com.tr\/wp-content\/uploads\/2026\/01\/WhatsApp-Image-2025-03-17-at-15.42.43-1-scaled-1024x576.jpeg 1024w, https:\/\/robos.com.tr\/wp-content\/uploads\/2026\/01\/WhatsApp-Image-2025-03-17-at-15.42.43-1-768x432.jpeg 768w, https:\/\/robos.com.tr\/wp-content\/uploads\/2026\/01\/WhatsApp-Image-2025-03-17-at-15.42.43-1-1536x864.jpeg 1536w, https:\/\/robos.com.tr\/wp-content\/uploads\/2026\/01\/WhatsApp-Image-2025-03-17-at-15.42.43-1-2048x1152.jpeg 2048w\" sizes=\"auto, (max-width: 2560px) 100vw, 2560px\" \/><\/a><a class=\"ig_col_4 rda_fadeIn\" href=\"https:\/\/robos.com.tr\/wp-content\/uploads\/2026\/01\/WhatsApp-Image-2025-03-17-at-15.42.43-2-scaled-1024x576.jpeg\"  rel=\"prettyPhoto[rel-774919558]\" ><img loading=\"lazy\" decoding=\"async\" width=\"2560\" height=\"1440\" src=\"https:\/\/robos.com.tr\/wp-content\/uploads\/2026\/01\/WhatsApp-Image-2025-03-17-at-15.42.43-2-scaled.jpeg\" class=\"attachment-full\" alt=\"ROBOS Otomatik Y\u00f6nlendirmeli Ara\u00e7 Automated Guided Vehicle AGV Otomatik Mobil Robot Automated Mobile Robot AMR\" srcset=\"https:\/\/robos.com.tr\/wp-content\/uploads\/2026\/01\/WhatsApp-Image-2025-03-17-at-15.42.43-2-scaled.jpeg 2560w, https:\/\/robos.com.tr\/wp-content\/uploads\/2026\/01\/WhatsApp-Image-2025-03-17-at-15.42.43-2-300x169.jpeg 300w, https:\/\/robos.com.tr\/wp-content\/uploads\/2026\/01\/WhatsApp-Image-2025-03-17-at-15.42.43-2-scaled-1024x576.jpeg 1024w, https:\/\/robos.com.tr\/wp-content\/uploads\/2026\/01\/WhatsApp-Image-2025-03-17-at-15.42.43-2-768x432.jpeg 768w, https:\/\/robos.com.tr\/wp-content\/uploads\/2026\/01\/WhatsApp-Image-2025-03-17-at-15.42.43-2-1536x864.jpeg 1536w, https:\/\/robos.com.tr\/wp-content\/uploads\/2026\/01\/WhatsApp-Image-2025-03-17-at-15.42.43-2-2048x1152.jpeg 2048w\" sizes=\"auto, (max-width: 2560px) 100vw, 2560px\" \/><\/a><a class=\"ig_col_4 rda_fadeIn\" href=\"https:\/\/robos.com.tr\/wp-content\/uploads\/2026\/01\/WhatsApp-Image-2025-03-17-at-15.42.44-1-scaled-1024x576.jpeg\"  rel=\"prettyPhoto[rel-774919558]\" ><img loading=\"lazy\" decoding=\"async\" width=\"2560\" height=\"1440\" src=\"https:\/\/robos.com.tr\/wp-content\/uploads\/2026\/01\/WhatsApp-Image-2025-03-17-at-15.42.44-1-scaled.jpeg\" class=\"attachment-full\" alt=\"ROBOS Otomatik Y\u00f6nlendirmeli Ara\u00e7 Automated Guided Vehicle AGV Otomatik Mobil Robot Automated Mobile Robot AMR\" srcset=\"https:\/\/robos.com.tr\/wp-content\/uploads\/2026\/01\/WhatsApp-Image-2025-03-17-at-15.42.44-1-scaled.jpeg 2560w, https:\/\/robos.com.tr\/wp-content\/uploads\/2026\/01\/WhatsApp-Image-2025-03-17-at-15.42.44-1-300x169.jpeg 300w, https:\/\/robos.com.tr\/wp-content\/uploads\/2026\/01\/WhatsApp-Image-2025-03-17-at-15.42.44-1-scaled-1024x576.jpeg 1024w, https:\/\/robos.com.tr\/wp-content\/uploads\/2026\/01\/WhatsApp-Image-2025-03-17-at-15.42.44-1-768x432.jpeg 768w, https:\/\/robos.com.tr\/wp-content\/uploads\/2026\/01\/WhatsApp-Image-2025-03-17-at-15.42.44-1-1536x864.jpeg 1536w, https:\/\/robos.com.tr\/wp-content\/uploads\/2026\/01\/WhatsApp-Image-2025-03-17-at-15.42.44-1-2048x1152.jpeg 2048w\" sizes=\"auto, (max-width: 2560px) 100vw, 2560px\" \/><\/a><a class=\"ig_col_4 rda_fadeIn\" href=\"https:\/\/robos.com.tr\/wp-content\/uploads\/2026\/01\/WhatsApp-Image-2025-03-17-at-15.42.44-3-scaled-1024x576.jpeg\"  rel=\"prettyPhoto[rel-774919558]\" ><img loading=\"lazy\" decoding=\"async\" width=\"2560\" height=\"1440\" src=\"https:\/\/robos.com.tr\/wp-content\/uploads\/2026\/01\/WhatsApp-Image-2025-03-17-at-15.42.44-3-scaled.jpeg\" class=\"attachment-full\" alt=\"ROBOS Otomatik Y\u00f6nlendirmeli Ara\u00e7 Automated Guided Vehicle AGV Otomatik Mobil Robot Automated Mobile Robot AMR\" srcset=\"https:\/\/robos.com.tr\/wp-content\/uploads\/2026\/01\/WhatsApp-Image-2025-03-17-at-15.42.44-3-scaled.jpeg 2560w, https:\/\/robos.com.tr\/wp-content\/uploads\/2026\/01\/WhatsApp-Image-2025-03-17-at-15.42.44-3-300x169.jpeg 300w, https:\/\/robos.com.tr\/wp-content\/uploads\/2026\/01\/WhatsApp-Image-2025-03-17-at-15.42.44-3-scaled-1024x576.jpeg 1024w, https:\/\/robos.com.tr\/wp-content\/uploads\/2026\/01\/WhatsApp-Image-2025-03-17-at-15.42.44-3-768x432.jpeg 768w, https:\/\/robos.com.tr\/wp-content\/uploads\/2026\/01\/WhatsApp-Image-2025-03-17-at-15.42.44-3-1536x864.jpeg 1536w, https:\/\/robos.com.tr\/wp-content\/uploads\/2026\/01\/WhatsApp-Image-2025-03-17-at-15.42.44-3-2048x1152.jpeg 2048w\" sizes=\"auto, (max-width: 2560px) 100vw, 2560px\" \/><\/a><\/div>[\/vc_column][\/vc_row]<\/p>\n","protected":false},"excerpt":{"rendered":"<p>[vc_row][vc_column][vc_custom_heading text=&#8221;T\u00dcRKTRAKT\u00d6R &#8211; Konvey\u00f6rl\u00fc AGV Sistemi&#8221; font_container=&#8221;tag:h1|font_size:36|text_align:center&#8221; google_fonts=&#8221;font_family:Open%20Sans%3A300%2C300italic%2Cregular%2Citalic%2C600%2C600italic%2C700%2C700italic%2C800%2C800italic|font_style:600%20bold%20italic%3A600%3Aitalic&#8221;][\/vc_column][\/vc_row][vc_row content_placement=&#8221;middle&#8221;][vc_column width=&#8221;1\/2&#8243;][vc_single_image image=&#8221;3338&#8243; img_size=&#8221;full&#8221; alignment=&#8221;center&#8221; hover_effect=&#8221;img_play_effect&#8221;][\/vc_column][vc_column width=&#8221;1\/2&#8243;][vc_column_text] T\u00fcrktrakt\u00f6r tesislerinde \u00fcretim s\u00fcre\u00e7lerinin optimizasyonu kapsam\u0131nda, kaynak b\u00f6l\u00fcm\u00fcnden \u00e7\u0131kan trakt\u00f6r kabinlerinin boyahaneye transferi i\u00e7in y\u00fcksek teknolojili bir AGV sistemi devreye al\u0131nm\u0131\u015ft\u0131r. Bu proje, hatlar aras\u0131 malzeme ak\u0131\u015f\u0131n\u0131 standartla\u015ft\u0131rarak \u00fcretim h\u0131z\u0131n\u0131 do\u011frudan desteklemektedir. Sistem, end\u00fcstriyel otomasyonun en g\u00fcncel bile\u015fenleri ile donat\u0131lm\u0131\u015ft\u0131r:<br \/><a href=\"https:\/\/robos.com.tr\/en\/turktraktor-kaynak-boyahane-konveyorlu-agv\/\" class=\"more\">Read more<\/a><\/p>\n","protected":false},"author":2,"featured_media":0,"parent":0,"menu_order":0,"comment_status":"closed","ping_status":"closed","template":"","meta":{"om_disable_all_campaigns":false,"_monsterinsights_skip_tracking":false,"_monsterinsights_sitenote_active":false,"_monsterinsights_sitenote_note":"","_monsterinsights_sitenote_category":0,"_uf_show_specific_survey":0,"_uf_disable_surveys":false,"footnotes":""},"class_list":["post-3328","page","type-page","status-publish","hentry"],"yoast_head":"<!-- This site is optimized with the Yoast SEO plugin v24.0 - https:\/\/yoast.com\/wordpress\/plugins\/seo\/ -->\n<title>RBS133 - ROBOS<\/title>\n<meta name=\"description\" content=\"T\u00fcrktrakt\u00f6r kaynak b\u00f6l\u00fcm\u00fcnden boyahaneye kabin transferi i\u00e7in tasarlanan konvey\u00f6rl\u00fc AGV projemizle \u00fcretim hatt\u0131 verimlili\u011fini art\u0131rd\u0131k.\" \/>\n<meta name=\"robots\" content=\"index, follow, max-snippet:-1, max-image-preview:large, max-video-preview:-1\" \/>\n<link rel=\"canonical\" href=\"https:\/\/robos.com.tr\/turktraktor-kaynak-boyahane-konveyorlu-agv\/\" \/>\n<meta property=\"og:locale\" content=\"en_US\" \/>\n<meta property=\"og:type\" content=\"article\" \/>\n<meta property=\"og:title\" content=\"RBS133 - ROBOS\" \/>\n<meta property=\"og:description\" content=\"T\u00fcrktrakt\u00f6r kaynak b\u00f6l\u00fcm\u00fcnden boyahaneye kabin transferi i\u00e7in tasarlanan konvey\u00f6rl\u00fc AGV projemizle \u00fcretim hatt\u0131 verimlili\u011fini art\u0131rd\u0131k.\" \/>\n<meta property=\"og:url\" content=\"https:\/\/robos.com.tr\/turktraktor-kaynak-boyahane-konveyorlu-agv\/\" \/>\n<meta property=\"og:site_name\" content=\"ROBOS\" \/>\n<meta property=\"article:modified_time\" content=\"2026-01-21T11:56:38+00:00\" \/>\n<meta name=\"twitter:card\" content=\"summary_large_image\" \/>\n<meta name=\"twitter:label1\" content=\"Est. reading time\" \/>\n\t<meta name=\"twitter:data1\" content=\"2 minutes\" \/>\n<script type=\"application\/ld+json\" class=\"yoast-schema-graph\">{\"@context\":\"https:\/\/schema.org\",\"@graph\":[{\"@type\":\"WebPage\",\"@id\":\"https:\/\/robos.com.tr\/turktraktor-kaynak-boyahane-konveyorlu-agv\/\",\"url\":\"https:\/\/robos.com.tr\/turktraktor-kaynak-boyahane-konveyorlu-agv\/\",\"name\":\"RBS133 - ROBOS\",\"isPartOf\":{\"@id\":\"https:\/\/robos.com.tr\/#website\"},\"datePublished\":\"2026-01-21T11:55:37+00:00\",\"dateModified\":\"2026-01-21T11:56:38+00:00\",\"description\":\"T\u00fcrktrakt\u00f6r kaynak b\u00f6l\u00fcm\u00fcnden boyahaneye kabin transferi i\u00e7in tasarlanan konvey\u00f6rl\u00fc AGV projemizle \u00fcretim hatt\u0131 verimlili\u011fini art\u0131rd\u0131k.\",\"breadcrumb\":{\"@id\":\"https:\/\/robos.com.tr\/turktraktor-kaynak-boyahane-konveyorlu-agv\/#breadcrumb\"},\"inLanguage\":\"en-US\",\"potentialAction\":[{\"@type\":\"ReadAction\",\"target\":[\"https:\/\/robos.com.tr\/turktraktor-kaynak-boyahane-konveyorlu-agv\/\"]}]},{\"@type\":\"BreadcrumbList\",\"@id\":\"https:\/\/robos.com.tr\/turktraktor-kaynak-boyahane-konveyorlu-agv\/#breadcrumb\",\"itemListElement\":[{\"@type\":\"ListItem\",\"position\":1,\"name\":\"Home\",\"item\":\"https:\/\/robos.com.tr\/en\/\"},{\"@type\":\"ListItem\",\"position\":2,\"name\":\"RBS133\"}]},{\"@type\":\"WebSite\",\"@id\":\"https:\/\/robos.com.tr\/#website\",\"url\":\"https:\/\/robos.com.tr\/\",\"name\":\"ROBOS\",\"description\":\"Automated Guided Vehicles\",\"publisher\":{\"@id\":\"https:\/\/robos.com.tr\/#organization\"},\"potentialAction\":[{\"@type\":\"SearchAction\",\"target\":{\"@type\":\"EntryPoint\",\"urlTemplate\":\"https:\/\/robos.com.tr\/?s={search_term_string}\"},\"query-input\":{\"@type\":\"PropertyValueSpecification\",\"valueRequired\":true,\"valueName\":\"search_term_string\"}}],\"inLanguage\":\"en-US\"},{\"@type\":\"Organization\",\"@id\":\"https:\/\/robos.com.tr\/#organization\",\"name\":\"ROBOS\",\"url\":\"https:\/\/robos.com.tr\/\",\"logo\":{\"@type\":\"ImageObject\",\"inLanguage\":\"en-US\",\"@id\":\"https:\/\/robos.com.tr\/#\/schema\/logo\/image\/\",\"url\":\"https:\/\/robos.com.tr\/wp-content\/uploads\/2022\/02\/Logo.png\",\"contentUrl\":\"https:\/\/robos.com.tr\/wp-content\/uploads\/2022\/02\/Logo.png\",\"width\":463,\"height\":70,\"caption\":\"ROBOS\"},\"image\":{\"@id\":\"https:\/\/robos.com.tr\/#\/schema\/logo\/image\/\"},\"sameAs\":[\"https:\/\/www.linkedin.com\/company\/robos\/\",\"https:\/\/www.youtube.com\/@robosagv4304\"]}]}<\/script>\n<!-- \/ Yoast SEO plugin. -->","yoast_head_json":{"title":"RBS133 - ROBOS","description":"T\u00fcrktrakt\u00f6r kaynak b\u00f6l\u00fcm\u00fcnden boyahaneye kabin transferi i\u00e7in tasarlanan konvey\u00f6rl\u00fc AGV projemizle \u00fcretim hatt\u0131 verimlili\u011fini art\u0131rd\u0131k.","robots":{"index":"index","follow":"follow","max-snippet":"max-snippet:-1","max-image-preview":"max-image-preview:large","max-video-preview":"max-video-preview:-1"},"canonical":"https:\/\/robos.com.tr\/turktraktor-kaynak-boyahane-konveyorlu-agv\/","og_locale":"en_US","og_type":"article","og_title":"RBS133 - ROBOS","og_description":"T\u00fcrktrakt\u00f6r kaynak b\u00f6l\u00fcm\u00fcnden boyahaneye kabin transferi i\u00e7in tasarlanan konvey\u00f6rl\u00fc AGV projemizle \u00fcretim hatt\u0131 verimlili\u011fini art\u0131rd\u0131k.","og_url":"https:\/\/robos.com.tr\/turktraktor-kaynak-boyahane-konveyorlu-agv\/","og_site_name":"ROBOS","article_modified_time":"2026-01-21T11:56:38+00:00","twitter_card":"summary_large_image","twitter_misc":{"Est. reading time":"2 minutes"},"schema":{"@context":"https:\/\/schema.org","@graph":[{"@type":"WebPage","@id":"https:\/\/robos.com.tr\/turktraktor-kaynak-boyahane-konveyorlu-agv\/","url":"https:\/\/robos.com.tr\/turktraktor-kaynak-boyahane-konveyorlu-agv\/","name":"RBS133 - ROBOS","isPartOf":{"@id":"https:\/\/robos.com.tr\/#website"},"datePublished":"2026-01-21T11:55:37+00:00","dateModified":"2026-01-21T11:56:38+00:00","description":"T\u00fcrktrakt\u00f6r kaynak b\u00f6l\u00fcm\u00fcnden boyahaneye kabin transferi i\u00e7in tasarlanan konvey\u00f6rl\u00fc AGV projemizle \u00fcretim hatt\u0131 verimlili\u011fini art\u0131rd\u0131k.","breadcrumb":{"@id":"https:\/\/robos.com.tr\/turktraktor-kaynak-boyahane-konveyorlu-agv\/#breadcrumb"},"inLanguage":"en-US","potentialAction":[{"@type":"ReadAction","target":["https:\/\/robos.com.tr\/turktraktor-kaynak-boyahane-konveyorlu-agv\/"]}]},{"@type":"BreadcrumbList","@id":"https:\/\/robos.com.tr\/turktraktor-kaynak-boyahane-konveyorlu-agv\/#breadcrumb","itemListElement":[{"@type":"ListItem","position":1,"name":"Home","item":"https:\/\/robos.com.tr\/en\/"},{"@type":"ListItem","position":2,"name":"RBS133"}]},{"@type":"WebSite","@id":"https:\/\/robos.com.tr\/#website","url":"https:\/\/robos.com.tr\/","name":"ROBOS","description":"Automated Guided Vehicles","publisher":{"@id":"https:\/\/robos.com.tr\/#organization"},"potentialAction":[{"@type":"SearchAction","target":{"@type":"EntryPoint","urlTemplate":"https:\/\/robos.com.tr\/?s={search_term_string}"},"query-input":{"@type":"PropertyValueSpecification","valueRequired":true,"valueName":"search_term_string"}}],"inLanguage":"en-US"},{"@type":"Organization","@id":"https:\/\/robos.com.tr\/#organization","name":"ROBOS","url":"https:\/\/robos.com.tr\/","logo":{"@type":"ImageObject","inLanguage":"en-US","@id":"https:\/\/robos.com.tr\/#\/schema\/logo\/image\/","url":"https:\/\/robos.com.tr\/wp-content\/uploads\/2022\/02\/Logo.png","contentUrl":"https:\/\/robos.com.tr\/wp-content\/uploads\/2022\/02\/Logo.png","width":463,"height":70,"caption":"ROBOS"},"image":{"@id":"https:\/\/robos.com.tr\/#\/schema\/logo\/image\/"},"sameAs":["https:\/\/www.linkedin.com\/company\/robos\/","https:\/\/www.youtube.com\/@robosagv4304"]}]}},"_links":{"self":[{"href":"https:\/\/robos.com.tr\/en\/wp-json\/wp\/v2\/pages\/3328","targetHints":{"allow":["GET"]}}],"collection":[{"href":"https:\/\/robos.com.tr\/en\/wp-json\/wp\/v2\/pages"}],"about":[{"href":"https:\/\/robos.com.tr\/en\/wp-json\/wp\/v2\/types\/page"}],"author":[{"embeddable":true,"href":"https:\/\/robos.com.tr\/en\/wp-json\/wp\/v2\/users\/2"}],"replies":[{"embeddable":true,"href":"https:\/\/robos.com.tr\/en\/wp-json\/wp\/v2\/comments?post=3328"}],"version-history":[{"count":2,"href":"https:\/\/robos.com.tr\/en\/wp-json\/wp\/v2\/pages\/3328\/revisions"}],"predecessor-version":[{"id":3349,"href":"https:\/\/robos.com.tr\/en\/wp-json\/wp\/v2\/pages\/3328\/revisions\/3349"}],"wp:attachment":[{"href":"https:\/\/robos.com.tr\/en\/wp-json\/wp\/v2\/media?parent=3328"}],"curies":[{"name":"wp","href":"https:\/\/api.w.org\/{rel}","templated":true}]}}