{"id":3350,"date":"2026-01-21T15:10:06","date_gmt":"2026-01-21T12:10:06","guid":{"rendered":"https:\/\/robos.com.tr\/?page_id=3350"},"modified":"2026-01-21T15:13:08","modified_gmt":"2026-01-21T12:13:08","slug":"mercedes-kamyon-aks-tasima-agv","status":"publish","type":"page","link":"https:\/\/robos.com.tr\/en\/mercedes-kamyon-aks-tasima-agv\/","title":{"rendered":"RBS131"},"content":{"rendered":"<p>[vc_row][vc_column][vc_custom_heading text=&#8221;MERCEDES &#8211; Mouse Tipi AGV Projesi&#8221; font_container=&#8221;tag:h1|font_size:36|text_align:center&#8221; google_fonts=&#8221;font_family:Open%20Sans%3A300%2C300italic%2Cregular%2Citalic%2C600%2C600italic%2C700%2C700italic%2C800%2C800italic|font_style:600%20bold%20italic%3A600%3Aitalic&#8221;][\/vc_column][\/vc_row][vc_row content_placement=&#8221;middle&#8221;][vc_column width=&#8221;1\/2&#8243;][vc_single_image image=&#8221;3351&#8243; img_size=&#8221;full&#8221; alignment=&#8221;center&#8221; hover_effect=&#8221;img_play_effect&#8221;][\/vc_column][vc_column width=&#8221;1\/2&#8243;][vc_column_text]<\/p>\n<p data-path-to-node=\"8\">D\u00fcnya devi <b data-path-to-node=\"8\" data-index-in-node=\"11\">Mercedes<\/b> i\u00e7in geli\u015ftirdi\u011fimiz bu projede, kamyon akslar\u0131n\u0131n montaj hatt\u0131na transferini tam otonom hale getirdik. Toplam 3 AGV\u2019den olu\u015fan bu filo, a\u011f\u0131r sanayi lojisti\u011finde y\u00fcksek performans sa\u011flamaktad\u0131r.<\/p>\n<p data-path-to-node=\"9\">Projede kullan\u0131lan sistemler, operasyonel verimlili\u011fi art\u0131rmak ad\u0131na \u015fu \u00f6zelliklerle donat\u0131lm\u0131\u015ft\u0131r:<\/p>\n<ul data-path-to-node=\"10\">\n<li>\n<p data-path-to-node=\"10,0,0\"><b data-path-to-node=\"10,0,0\" data-index-in-node=\"0\">2 Ton Y\u00fcksek Ta\u015f\u0131ma Kapasitesi:<\/b> Kamyon akslar\u0131 olduk\u00e7a a\u011f\u0131r par\u00e7alard\u0131r. <b data-path-to-node=\"10,0,0\" data-index-in-node=\"73\">Bu nedenle<\/b>, AGV\u2019lerimizi 2 tona kadar y\u00fck ta\u015f\u0131yacak \u015fekilde \u00f6zel olarak tasarlad\u0131k. <b data-path-to-node=\"10,0,0\" data-index-in-node=\"157\">B\u00f6ylece<\/b> a\u011f\u0131r hizmet lojisti\u011finde maksimum g\u00fcvenli\u011fi sa\u011flad\u0131k.<\/p>\n<\/li>\n<li>\n<p data-path-to-node=\"10,1,0\"><b data-path-to-node=\"10,1,0\" data-index-in-node=\"0\">Pin Mekanizmal\u0131 Sistem:<\/b> AGV\u2019ler, ta\u015f\u0131ma platformlar\u0131na alttan giri\u015f yapar. <b data-path-to-node=\"10,1,0\" data-index-in-node=\"75\">Ard\u0131ndan<\/b>, pin mekanizmas\u0131 ile mekanik kilitleme ger\u00e7ekle\u015ftirir. <b data-path-to-node=\"10,1,0\" data-index-in-node=\"139\">\u00d6zellikle<\/b> bu sistem sayesinde, ta\u015f\u0131ma esnas\u0131nda y\u00fck\u00fcn sars\u0131lmas\u0131n\u0131 tamamen engelledik.<\/p>\n<\/li>\n<li>\n<p data-path-to-node=\"10,2,0\"><b data-path-to-node=\"10,2,0\" data-index-in-node=\"0\">Do\u011fal Navigasyon Teknolojisi:<\/b> Mercedes \u00fcretim sahas\u0131nda herhangi bir fiziksel hatta ihtiya\u00e7 duyulmaz. AGV\u2019ler, \u00e7evrelerini otonom olarak alg\u0131lar. <b data-path-to-node=\"10,2,0\" data-index-in-node=\"146\">Ayr\u0131ca<\/b>, karma\u015f\u0131k trafik i\u00e7erisinde her zaman en verimli rotay\u0131 tercih ederler.<\/p>\n<\/li>\n<li>\n<p data-path-to-node=\"10,3,0\"><b data-path-to-node=\"10,3,0\" data-index-in-node=\"0\">Otomatik \u015earj Sistemi:<\/b> Filo i\u00e7erisindeki ara\u00e7lar enerji seviyelerini s\u00fcrekli kontrol eder. <b data-path-to-node=\"10,3,0\" data-index-in-node=\"91\">Sonu\u00e7 olarak<\/b>, enerji azald\u0131\u011f\u0131nda otonom \u015farj istasyonuna y\u00f6nelerek 24 saat kesintisiz \u00e7al\u0131\u015fma sa\u011flarlar.<\/p>\n<\/li>\n<\/ul>\n<p data-path-to-node=\"11\"><b data-path-to-node=\"11\" data-index-in-node=\"0\">ROBOS<\/b> olarak, Mercedes\u2019in y\u00fcksek kalite standartlar\u0131na uygun \u00e7\u00f6z\u00fcmler \u00fcretmeye devam ediyoruz. A\u011f\u0131r y\u00fck lojisti\u011finde sundu\u011fumuz bu inovatif yakla\u015f\u0131mla, \u00fcretim s\u00fcre\u00e7lerine de\u011fer katmaktan gurur duyuyoruz.<\/p>\n<p>[\/vc_column_text][\/vc_column][\/vc_row][vc_row][vc_column][vc_video link=&#8221;https:\/\/www.youtube.com\/watch?v=7DAcgNUG38k&#8221; align=&#8221;center&#8221;][\/vc_column][\/vc_row][vc_row][vc_column]<div class=\"rd_img_gallery_ctn clearfix\" style=\"margin:0px auto 0px;\"><a class=\"ig_col_4 rda_fadeIn\" href=\"https:\/\/robos.com.tr\/wp-content\/uploads\/2026\/01\/IMG_4690-scaled-1024x768.jpg\"  rel=\"prettyPhoto[rel-1053786144]\" ><img loading=\"lazy\" decoding=\"async\" width=\"2560\" height=\"1920\" src=\"https:\/\/robos.com.tr\/wp-content\/uploads\/2026\/01\/IMG_4690-scaled.jpg\" class=\"attachment-full\" alt=\"ROBOS Otomatik Y\u00f6nlendirmeli Ara\u00e7 Automated Guided Vehicle AGV Otomatik Mobil Robot Automated Mobile Robot AMR\" srcset=\"https:\/\/robos.com.tr\/wp-content\/uploads\/2026\/01\/IMG_4690-scaled.jpg 2560w, https:\/\/robos.com.tr\/wp-content\/uploads\/2026\/01\/IMG_4690-300x225.jpg 300w, https:\/\/robos.com.tr\/wp-content\/uploads\/2026\/01\/IMG_4690-scaled-1024x768.jpg 1024w, https:\/\/robos.com.tr\/wp-content\/uploads\/2026\/01\/IMG_4690-768x576.jpg 768w, https:\/\/robos.com.tr\/wp-content\/uploads\/2026\/01\/IMG_4690-1536x1152.jpg 1536w, https:\/\/robos.com.tr\/wp-content\/uploads\/2026\/01\/IMG_4690-2048x1536.jpg 2048w\" sizes=\"auto, (max-width: 2560px) 100vw, 2560px\" \/><\/a><a class=\"ig_col_4 rda_fadeIn\" href=\"https:\/\/robos.com.tr\/wp-content\/uploads\/2026\/01\/IMG20241231114716-scaled-768x1024.jpg\"  rel=\"prettyPhoto[rel-1053786144]\" ><img loading=\"lazy\" decoding=\"async\" width=\"1920\" height=\"2560\" src=\"https:\/\/robos.com.tr\/wp-content\/uploads\/2026\/01\/IMG20241231114716-scaled.jpg\" class=\"attachment-full\" alt=\"ROBOS Otomatik Y\u00f6nlendirmeli Ara\u00e7 Automated Guided Vehicle AGV Otomatik Mobil Robot Automated Mobile Robot AMR\" srcset=\"https:\/\/robos.com.tr\/wp-content\/uploads\/2026\/01\/IMG20241231114716-scaled.jpg 1920w, https:\/\/robos.com.tr\/wp-content\/uploads\/2026\/01\/IMG20241231114716-225x300.jpg 225w, https:\/\/robos.com.tr\/wp-content\/uploads\/2026\/01\/IMG20241231114716-768x1024.jpg 768w, https:\/\/robos.com.tr\/wp-content\/uploads\/2026\/01\/IMG20241231114716-1152x1536.jpg 1152w, https:\/\/robos.com.tr\/wp-content\/uploads\/2026\/01\/IMG20241231114716-1536x2048.jpg 1536w\" sizes=\"auto, (max-width: 1920px) 100vw, 1920px\" \/><\/a><a class=\"ig_col_4 rda_fadeIn\" href=\"https:\/\/robos.com.tr\/wp-content\/uploads\/2026\/01\/IMG20241231114737-scaled-768x1024.jpg\"  rel=\"prettyPhoto[rel-1053786144]\" ><img loading=\"lazy\" decoding=\"async\" width=\"1920\" height=\"2560\" src=\"https:\/\/robos.com.tr\/wp-content\/uploads\/2026\/01\/IMG20241231114737-scaled.jpg\" class=\"attachment-full\" alt=\"ROBOS Otomatik Y\u00f6nlendirmeli Ara\u00e7 Automated Guided Vehicle AGV Otomatik Mobil Robot Automated Mobile Robot AMR\" srcset=\"https:\/\/robos.com.tr\/wp-content\/uploads\/2026\/01\/IMG20241231114737-scaled.jpg 1920w, https:\/\/robos.com.tr\/wp-content\/uploads\/2026\/01\/IMG20241231114737-225x300.jpg 225w, https:\/\/robos.com.tr\/wp-content\/uploads\/2026\/01\/IMG20241231114737-768x1024.jpg 768w, https:\/\/robos.com.tr\/wp-content\/uploads\/2026\/01\/IMG20241231114737-1152x1536.jpg 1152w, https:\/\/robos.com.tr\/wp-content\/uploads\/2026\/01\/IMG20241231114737-1536x2048.jpg 1536w\" sizes=\"auto, (max-width: 1920px) 100vw, 1920px\" \/><\/a><a class=\"ig_col_4 rda_fadeIn\" href=\"https:\/\/robos.com.tr\/wp-content\/uploads\/2026\/01\/IMG20241231114826-scaled-1024x768.jpg\"  rel=\"prettyPhoto[rel-1053786144]\" ><img loading=\"lazy\" decoding=\"async\" width=\"2560\" height=\"1920\" src=\"https:\/\/robos.com.tr\/wp-content\/uploads\/2026\/01\/IMG20241231114826-scaled.jpg\" class=\"attachment-full\" alt=\"ROBOS Otomatik Y\u00f6nlendirmeli Ara\u00e7 Automated Guided Vehicle AGV Otomatik Mobil Robot Automated Mobile Robot AMR\" srcset=\"https:\/\/robos.com.tr\/wp-content\/uploads\/2026\/01\/IMG20241231114826-scaled.jpg 2560w, https:\/\/robos.com.tr\/wp-content\/uploads\/2026\/01\/IMG20241231114826-300x225.jpg 300w, https:\/\/robos.com.tr\/wp-content\/uploads\/2026\/01\/IMG20241231114826-scaled-1024x768.jpg 1024w, https:\/\/robos.com.tr\/wp-content\/uploads\/2026\/01\/IMG20241231114826-768x576.jpg 768w, https:\/\/robos.com.tr\/wp-content\/uploads\/2026\/01\/IMG20241231114826-1536x1152.jpg 1536w, https:\/\/robos.com.tr\/wp-content\/uploads\/2026\/01\/IMG20241231114826-2048x1536.jpg 2048w\" sizes=\"auto, (max-width: 2560px) 100vw, 2560px\" \/><\/a><\/div>[\/vc_column][\/vc_row]<\/p>\n","protected":false},"excerpt":{"rendered":"<p>[vc_row][vc_column][vc_custom_heading text=&#8221;MERCEDES &#8211; Mouse Tipi AGV Projesi&#8221; font_container=&#8221;tag:h1|font_size:36|text_align:center&#8221; google_fonts=&#8221;font_family:Open%20Sans%3A300%2C300italic%2Cregular%2Citalic%2C600%2C600italic%2C700%2C700italic%2C800%2C800italic|font_style:600%20bold%20italic%3A600%3Aitalic&#8221;][\/vc_column][\/vc_row][vc_row content_placement=&#8221;middle&#8221;][vc_column width=&#8221;1\/2&#8243;][vc_single_image image=&#8221;3351&#8243; img_size=&#8221;full&#8221; alignment=&#8221;center&#8221; hover_effect=&#8221;img_play_effect&#8221;][\/vc_column][vc_column width=&#8221;1\/2&#8243;][vc_column_text] D\u00fcnya devi Mercedes i\u00e7in geli\u015ftirdi\u011fimiz bu projede, kamyon akslar\u0131n\u0131n montaj hatt\u0131na transferini tam otonom hale getirdik. Toplam 3 AGV\u2019den olu\u015fan bu filo, a\u011f\u0131r sanayi lojisti\u011finde y\u00fcksek performans sa\u011flamaktad\u0131r. Projede kullan\u0131lan sistemler, operasyonel verimlili\u011fi art\u0131rmak ad\u0131na \u015fu \u00f6zelliklerle donat\u0131lm\u0131\u015ft\u0131r: 2<br \/><a href=\"https:\/\/robos.com.tr\/en\/mercedes-kamyon-aks-tasima-agv\/\" class=\"more\">Read more<\/a><\/p>\n","protected":false},"author":2,"featured_media":0,"parent":0,"menu_order":0,"comment_status":"closed","ping_status":"closed","template":"","meta":{"om_disable_all_campaigns":false,"_monsterinsights_skip_tracking":false,"_monsterinsights_sitenote_active":false,"_monsterinsights_sitenote_note":"","_monsterinsights_sitenote_category":0,"_uf_show_specific_survey":0,"_uf_disable_surveys":false,"footnotes":""},"class_list":["post-3350","page","type-page","status-publish","hentry"],"yoast_head":"<!-- This site is optimized with the Yoast SEO plugin v24.0 - https:\/\/yoast.com\/wordpress\/plugins\/seo\/ -->\n<title>RBS131 - ROBOS<\/title>\n<meta name=\"description\" content=\"Mercedes kamyon aks\u0131 montaj hatt\u0131 i\u00e7in 2 ton kapasiteli, pin mekanizmal\u0131 ve do\u011fal navigasyonlu AGV \u00e7\u00f6z\u00fcm\u00fc.\" \/>\n<meta name=\"robots\" content=\"index, follow, max-snippet:-1, max-image-preview:large, max-video-preview:-1\" \/>\n<link rel=\"canonical\" href=\"https:\/\/robos.com.tr\/mercedes-kamyon-aks-tasima-agv\/\" \/>\n<meta property=\"og:locale\" content=\"en_US\" \/>\n<meta property=\"og:type\" content=\"article\" \/>\n<meta property=\"og:title\" content=\"RBS131 - ROBOS\" \/>\n<meta property=\"og:description\" content=\"Mercedes kamyon aks\u0131 montaj hatt\u0131 i\u00e7in 2 ton kapasiteli, pin mekanizmal\u0131 ve do\u011fal navigasyonlu AGV \u00e7\u00f6z\u00fcm\u00fc.\" \/>\n<meta property=\"og:url\" content=\"https:\/\/robos.com.tr\/mercedes-kamyon-aks-tasima-agv\/\" \/>\n<meta property=\"og:site_name\" content=\"ROBOS\" \/>\n<meta property=\"article:modified_time\" content=\"2026-01-21T12:13:08+00:00\" \/>\n<meta name=\"twitter:card\" content=\"summary_large_image\" \/>\n<meta name=\"twitter:label1\" content=\"Est. reading time\" \/>\n\t<meta name=\"twitter:data1\" content=\"2 minutes\" \/>\n<script type=\"application\/ld+json\" class=\"yoast-schema-graph\">{\"@context\":\"https:\/\/schema.org\",\"@graph\":[{\"@type\":\"WebPage\",\"@id\":\"https:\/\/robos.com.tr\/mercedes-kamyon-aks-tasima-agv\/\",\"url\":\"https:\/\/robos.com.tr\/mercedes-kamyon-aks-tasima-agv\/\",\"name\":\"RBS131 - ROBOS\",\"isPartOf\":{\"@id\":\"https:\/\/robos.com.tr\/#website\"},\"datePublished\":\"2026-01-21T12:10:06+00:00\",\"dateModified\":\"2026-01-21T12:13:08+00:00\",\"description\":\"Mercedes kamyon aks\u0131 montaj hatt\u0131 i\u00e7in 2 ton kapasiteli, pin mekanizmal\u0131 ve do\u011fal navigasyonlu AGV \u00e7\u00f6z\u00fcm\u00fc.\",\"breadcrumb\":{\"@id\":\"https:\/\/robos.com.tr\/mercedes-kamyon-aks-tasima-agv\/#breadcrumb\"},\"inLanguage\":\"en-US\",\"potentialAction\":[{\"@type\":\"ReadAction\",\"target\":[\"https:\/\/robos.com.tr\/mercedes-kamyon-aks-tasima-agv\/\"]}]},{\"@type\":\"BreadcrumbList\",\"@id\":\"https:\/\/robos.com.tr\/mercedes-kamyon-aks-tasima-agv\/#breadcrumb\",\"itemListElement\":[{\"@type\":\"ListItem\",\"position\":1,\"name\":\"Home\",\"item\":\"https:\/\/robos.com.tr\/en\/\"},{\"@type\":\"ListItem\",\"position\":2,\"name\":\"RBS131\"}]},{\"@type\":\"WebSite\",\"@id\":\"https:\/\/robos.com.tr\/#website\",\"url\":\"https:\/\/robos.com.tr\/\",\"name\":\"ROBOS\",\"description\":\"Automated Guided Vehicles\",\"publisher\":{\"@id\":\"https:\/\/robos.com.tr\/#organization\"},\"potentialAction\":[{\"@type\":\"SearchAction\",\"target\":{\"@type\":\"EntryPoint\",\"urlTemplate\":\"https:\/\/robos.com.tr\/?s={search_term_string}\"},\"query-input\":{\"@type\":\"PropertyValueSpecification\",\"valueRequired\":true,\"valueName\":\"search_term_string\"}}],\"inLanguage\":\"en-US\"},{\"@type\":\"Organization\",\"@id\":\"https:\/\/robos.com.tr\/#organization\",\"name\":\"ROBOS\",\"url\":\"https:\/\/robos.com.tr\/\",\"logo\":{\"@type\":\"ImageObject\",\"inLanguage\":\"en-US\",\"@id\":\"https:\/\/robos.com.tr\/#\/schema\/logo\/image\/\",\"url\":\"https:\/\/robos.com.tr\/wp-content\/uploads\/2022\/02\/Logo.png\",\"contentUrl\":\"https:\/\/robos.com.tr\/wp-content\/uploads\/2022\/02\/Logo.png\",\"width\":463,\"height\":70,\"caption\":\"ROBOS\"},\"image\":{\"@id\":\"https:\/\/robos.com.tr\/#\/schema\/logo\/image\/\"},\"sameAs\":[\"https:\/\/www.linkedin.com\/company\/robos\/\",\"https:\/\/www.youtube.com\/@robosagv4304\"]}]}<\/script>\n<!-- \/ Yoast SEO plugin. -->","yoast_head_json":{"title":"RBS131 - ROBOS","description":"Mercedes kamyon aks\u0131 montaj hatt\u0131 i\u00e7in 2 ton kapasiteli, pin mekanizmal\u0131 ve do\u011fal navigasyonlu AGV \u00e7\u00f6z\u00fcm\u00fc.","robots":{"index":"index","follow":"follow","max-snippet":"max-snippet:-1","max-image-preview":"max-image-preview:large","max-video-preview":"max-video-preview:-1"},"canonical":"https:\/\/robos.com.tr\/mercedes-kamyon-aks-tasima-agv\/","og_locale":"en_US","og_type":"article","og_title":"RBS131 - ROBOS","og_description":"Mercedes kamyon aks\u0131 montaj hatt\u0131 i\u00e7in 2 ton kapasiteli, pin mekanizmal\u0131 ve do\u011fal navigasyonlu AGV \u00e7\u00f6z\u00fcm\u00fc.","og_url":"https:\/\/robos.com.tr\/mercedes-kamyon-aks-tasima-agv\/","og_site_name":"ROBOS","article_modified_time":"2026-01-21T12:13:08+00:00","twitter_card":"summary_large_image","twitter_misc":{"Est. reading time":"2 minutes"},"schema":{"@context":"https:\/\/schema.org","@graph":[{"@type":"WebPage","@id":"https:\/\/robos.com.tr\/mercedes-kamyon-aks-tasima-agv\/","url":"https:\/\/robos.com.tr\/mercedes-kamyon-aks-tasima-agv\/","name":"RBS131 - ROBOS","isPartOf":{"@id":"https:\/\/robos.com.tr\/#website"},"datePublished":"2026-01-21T12:10:06+00:00","dateModified":"2026-01-21T12:13:08+00:00","description":"Mercedes kamyon aks\u0131 montaj hatt\u0131 i\u00e7in 2 ton kapasiteli, pin mekanizmal\u0131 ve do\u011fal navigasyonlu AGV \u00e7\u00f6z\u00fcm\u00fc.","breadcrumb":{"@id":"https:\/\/robos.com.tr\/mercedes-kamyon-aks-tasima-agv\/#breadcrumb"},"inLanguage":"en-US","potentialAction":[{"@type":"ReadAction","target":["https:\/\/robos.com.tr\/mercedes-kamyon-aks-tasima-agv\/"]}]},{"@type":"BreadcrumbList","@id":"https:\/\/robos.com.tr\/mercedes-kamyon-aks-tasima-agv\/#breadcrumb","itemListElement":[{"@type":"ListItem","position":1,"name":"Home","item":"https:\/\/robos.com.tr\/en\/"},{"@type":"ListItem","position":2,"name":"RBS131"}]},{"@type":"WebSite","@id":"https:\/\/robos.com.tr\/#website","url":"https:\/\/robos.com.tr\/","name":"ROBOS","description":"Automated Guided Vehicles","publisher":{"@id":"https:\/\/robos.com.tr\/#organization"},"potentialAction":[{"@type":"SearchAction","target":{"@type":"EntryPoint","urlTemplate":"https:\/\/robos.com.tr\/?s={search_term_string}"},"query-input":{"@type":"PropertyValueSpecification","valueRequired":true,"valueName":"search_term_string"}}],"inLanguage":"en-US"},{"@type":"Organization","@id":"https:\/\/robos.com.tr\/#organization","name":"ROBOS","url":"https:\/\/robos.com.tr\/","logo":{"@type":"ImageObject","inLanguage":"en-US","@id":"https:\/\/robos.com.tr\/#\/schema\/logo\/image\/","url":"https:\/\/robos.com.tr\/wp-content\/uploads\/2022\/02\/Logo.png","contentUrl":"https:\/\/robos.com.tr\/wp-content\/uploads\/2022\/02\/Logo.png","width":463,"height":70,"caption":"ROBOS"},"image":{"@id":"https:\/\/robos.com.tr\/#\/schema\/logo\/image\/"},"sameAs":["https:\/\/www.linkedin.com\/company\/robos\/","https:\/\/www.youtube.com\/@robosagv4304"]}]}},"_links":{"self":[{"href":"https:\/\/robos.com.tr\/en\/wp-json\/wp\/v2\/pages\/3350","targetHints":{"allow":["GET"]}}],"collection":[{"href":"https:\/\/robos.com.tr\/en\/wp-json\/wp\/v2\/pages"}],"about":[{"href":"https:\/\/robos.com.tr\/en\/wp-json\/wp\/v2\/types\/page"}],"author":[{"embeddable":true,"href":"https:\/\/robos.com.tr\/en\/wp-json\/wp\/v2\/users\/2"}],"replies":[{"embeddable":true,"href":"https:\/\/robos.com.tr\/en\/wp-json\/wp\/v2\/comments?post=3350"}],"version-history":[{"count":3,"href":"https:\/\/robos.com.tr\/en\/wp-json\/wp\/v2\/pages\/3350\/revisions"}],"predecessor-version":[{"id":3363,"href":"https:\/\/robos.com.tr\/en\/wp-json\/wp\/v2\/pages\/3350\/revisions\/3363"}],"wp:attachment":[{"href":"https:\/\/robos.com.tr\/en\/wp-json\/wp\/v2\/media?parent=3350"}],"curies":[{"name":"wp","href":"https:\/\/api.w.org\/{rel}","templated":true}]}}