{"id":3364,"date":"2026-01-21T15:21:41","date_gmt":"2026-01-21T12:21:41","guid":{"rendered":"https:\/\/robos.com.tr\/?page_id=3364"},"modified":"2026-01-21T15:23:29","modified_gmt":"2026-01-21T12:23:29","slug":"alfa-solar-gunes-paneli-tasima-agv","status":"publish","type":"page","link":"https:\/\/robos.com.tr\/en\/alfa-solar-gunes-paneli-tasima-agv\/","title":{"rendered":"RBS136"},"content":{"rendered":"<p>[vc_row][vc_column][vc_custom_heading text=&#8221;ALFA SOLAR &#8211; Pin Mekanizmal\u0131 AGV Projesi&#8221; font_container=&#8221;tag:h1|font_size:36|text_align:center&#8221; google_fonts=&#8221;font_family:Open%20Sans%3A300%2C300italic%2Cregular%2Citalic%2C600%2C600italic%2C700%2C700italic%2C800%2C800italic|font_style:600%20bold%20italic%3A600%3Aitalic&#8221;][\/vc_column][\/vc_row][vc_row content_placement=&#8221;middle&#8221;][vc_column width=&#8221;1\/2&#8243;][vc_single_image image=&#8221;3365&#8243; img_size=&#8221;full&#8221; alignment=&#8221;center&#8221; hover_effect=&#8221;img_play_effect&#8221;][\/vc_column][vc_column width=&#8221;1\/2&#8243;][vc_column_text]<\/p>\n<p data-path-to-node=\"7\"><b data-path-to-node=\"7\" data-index-in-node=\"0\">Alfa Solar<\/b> tesislerinde ger\u00e7ekle\u015ftirdi\u011fimiz bu projeyle, \u00fcretim hatt\u0131ndan \u00e7\u0131kan g\u00fcne\u015f panellerinin transfer s\u00fcre\u00e7lerini otonom hale getirdik. Tek bir y\u00fcksek teknolojili AGV kullan\u0131m\u0131yla, hassas panellerin g\u00fcvenli ta\u015f\u0131nmas\u0131n\u0131 sa\u011flad\u0131k.<\/p>\n<p data-path-to-node=\"8\">Sistem, yenilenebilir enerji sekt\u00f6r\u00fcndeki \u00fcretim h\u0131z\u0131n\u0131 desteklemek amac\u0131yla \u015fu teknik \u00f6zelliklerle donat\u0131lm\u0131\u015ft\u0131r:<\/p>\n<ul data-path-to-node=\"9\">\n<li>\n<p data-path-to-node=\"9,0,0\"><b data-path-to-node=\"9,0,0\" data-index-in-node=\"0\">2 Ton Y\u00fcksek Ta\u015f\u0131ma Kapasitesi:<\/b> G\u00fcne\u015f paneli paletleri b\u00fcy\u00fck ve a\u011f\u0131r y\u00fcklerdir. <b data-path-to-node=\"9,0,0\" data-index-in-node=\"80\">Bu sebeple<\/b>, AGV sistemimizi 2 ton ta\u015f\u0131ma kapasitesine sahip olacak \u015fekilde yap\u0131land\u0131rd\u0131k. <b data-path-to-node=\"9,0,0\" data-index-in-node=\"170\">B\u00f6ylece<\/b>, a\u011f\u0131r y\u00fcklerin dahi zahmetsizce transfer edilmesine imkan tan\u0131d\u0131k.<\/p>\n<\/li>\n<li>\n<p data-path-to-node=\"9,1,0\"><b data-path-to-node=\"9,1,0\" data-index-in-node=\"0\">Pin Mekanizmal\u0131 G\u00fc\u00e7l\u00fc Ba\u011flant\u0131:<\/b> AGV, ta\u015f\u0131ma sehpalar\u0131n\u0131n alt\u0131na otonom olarak giri\u015f yapar. <b data-path-to-node=\"9,1,0\" data-index-in-node=\"91\">Ard\u0131ndan<\/b>, pin mekanizmas\u0131yla sehpay\u0131 sabitleyerek g\u00fcvenli s\u00fcr\u00fc\u015f moduna ge\u00e7er. <b data-path-to-node=\"9,1,0\" data-index-in-node=\"169\">\u00d6zellikle<\/b> bu y\u00f6ntem, hassas y\u00fcklerin sars\u0131nt\u0131s\u0131z bir \u015fekilde hedefe ula\u015fmas\u0131n\u0131 sa\u011flar.<\/p>\n<\/li>\n<li>\n<p data-path-to-node=\"9,2,0\"><b data-path-to-node=\"9,2,0\" data-index-in-node=\"0\">Do\u011fal Navigasyon ile Ak\u0131ll\u0131 Rota:<\/b> Fabrika i\u00e7erisinde herhangi bir manyetik bant veya i\u015faretleyici kullan\u0131lmaz. AGV, mevcut ortam\u0131 haritaland\u0131rarak yolunu kendi bulur. <b data-path-to-node=\"9,2,0\" data-index-in-node=\"167\">Ayr\u0131ca<\/b>, \u00fcretim alan\u0131ndaki de\u011fi\u015fikliklere h\u0131zl\u0131ca uyum sa\u011flayarak esneklik sunar.<\/p>\n<\/li>\n<li>\n<p data-path-to-node=\"9,3,0\"><b data-path-to-node=\"9,3,0\" data-index-in-node=\"0\">Otomatik \u015earj \u00d6zelli\u011fi:<\/b> Operasyonun devaml\u0131l\u0131\u011f\u0131 bizim i\u00e7in kritik bir \u00f6nem ta\u015f\u0131r. <b data-path-to-node=\"9,3,0\" data-index-in-node=\"82\">Sonu\u00e7 olarak<\/b>, AGV enerji seviyesini takip ederek kendi kendine \u015farj istasyonuna gider ve insan m\u00fcdahalesi olmadan \u00e7al\u0131\u015fmaya devam eder.<\/p>\n<\/li>\n<\/ul>\n<p data-path-to-node=\"10\"><b data-path-to-node=\"10\" data-index-in-node=\"0\">ROBOS<\/b> olarak, Alfa Solar\u2019\u0131n modern \u00fcretim vizyonuna ak\u0131ll\u0131 lojistik \u00e7\u00f6z\u00fcmlerimizle katk\u0131 sunmaktan mutluluk duyuyoruz. G\u00fcne\u015f enerjisi \u00fcretimindeki verimlili\u011fi, otonom teknolojilerimizle bir ad\u0131m ileriye ta\u015f\u0131yoruz.<\/p>\n<p>[\/vc_column_text][\/vc_column][\/vc_row][vc_row][vc_column]<div class=\"rd_img_gallery_ctn clearfix\" style=\"margin:0px auto 0px;\"><a class=\"ig_col_4 rda_fadeIn\" href=\"https:\/\/robos.com.tr\/wp-content\/uploads\/2026\/01\/1751032613230-scaled-1024x768.jpg\"  rel=\"prettyPhoto[rel-1980483315]\" ><img loading=\"lazy\" decoding=\"async\" width=\"2560\" height=\"1920\" src=\"https:\/\/robos.com.tr\/wp-content\/uploads\/2026\/01\/1751032613230-scaled.jpg\" class=\"attachment-full\" alt=\"ROBOS Otomatik Y\u00f6nlendirmeli Ara\u00e7 Automated Guided Vehicle AGV Otomatik Mobil Robot Automated Mobile Robot AMR\" srcset=\"https:\/\/robos.com.tr\/wp-content\/uploads\/2026\/01\/1751032613230-scaled.jpg 2560w, https:\/\/robos.com.tr\/wp-content\/uploads\/2026\/01\/1751032613230-300x225.jpg 300w, https:\/\/robos.com.tr\/wp-content\/uploads\/2026\/01\/1751032613230-scaled-1024x768.jpg 1024w, https:\/\/robos.com.tr\/wp-content\/uploads\/2026\/01\/1751032613230-768x576.jpg 768w, https:\/\/robos.com.tr\/wp-content\/uploads\/2026\/01\/1751032613230-1536x1152.jpg 1536w, https:\/\/robos.com.tr\/wp-content\/uploads\/2026\/01\/1751032613230-2048x1536.jpg 2048w\" sizes=\"auto, (max-width: 2560px) 100vw, 2560px\" \/><\/a><a class=\"ig_col_4 rda_fadeIn\" href=\"https:\/\/robos.com.tr\/wp-content\/uploads\/2026\/01\/1751032613262-scaled-1024x768.jpg\"  rel=\"prettyPhoto[rel-1980483315]\" ><img loading=\"lazy\" decoding=\"async\" width=\"2560\" height=\"1920\" src=\"https:\/\/robos.com.tr\/wp-content\/uploads\/2026\/01\/1751032613262-scaled.jpg\" class=\"attachment-full\" alt=\"ROBOS Otomatik Y\u00f6nlendirmeli Ara\u00e7 Automated Guided Vehicle AGV Otomatik Mobil Robot Automated Mobile Robot AMR\" srcset=\"https:\/\/robos.com.tr\/wp-content\/uploads\/2026\/01\/1751032613262-scaled.jpg 2560w, https:\/\/robos.com.tr\/wp-content\/uploads\/2026\/01\/1751032613262-300x225.jpg 300w, https:\/\/robos.com.tr\/wp-content\/uploads\/2026\/01\/1751032613262-scaled-1024x768.jpg 1024w, https:\/\/robos.com.tr\/wp-content\/uploads\/2026\/01\/1751032613262-768x576.jpg 768w, https:\/\/robos.com.tr\/wp-content\/uploads\/2026\/01\/1751032613262-1536x1152.jpg 1536w, https:\/\/robos.com.tr\/wp-content\/uploads\/2026\/01\/1751032613262-2048x1536.jpg 2048w\" sizes=\"auto, (max-width: 2560px) 100vw, 2560px\" \/><\/a><a class=\"ig_col_4 rda_fadeIn\" href=\"https:\/\/robos.com.tr\/wp-content\/uploads\/2026\/01\/1751032613296-scaled-1024x768.jpg\"  rel=\"prettyPhoto[rel-1980483315]\" ><img loading=\"lazy\" decoding=\"async\" width=\"2560\" height=\"1920\" src=\"https:\/\/robos.com.tr\/wp-content\/uploads\/2026\/01\/1751032613296-scaled.jpg\" class=\"attachment-full\" alt=\"ROBOS Otomatik Y\u00f6nlendirmeli Ara\u00e7 Automated Guided Vehicle AGV Otomatik Mobil Robot Automated Mobile Robot AMR\" srcset=\"https:\/\/robos.com.tr\/wp-content\/uploads\/2026\/01\/1751032613296-scaled.jpg 2560w, https:\/\/robos.com.tr\/wp-content\/uploads\/2026\/01\/1751032613296-300x225.jpg 300w, https:\/\/robos.com.tr\/wp-content\/uploads\/2026\/01\/1751032613296-scaled-1024x768.jpg 1024w, https:\/\/robos.com.tr\/wp-content\/uploads\/2026\/01\/1751032613296-768x576.jpg 768w, https:\/\/robos.com.tr\/wp-content\/uploads\/2026\/01\/1751032613296-1536x1152.jpg 1536w, https:\/\/robos.com.tr\/wp-content\/uploads\/2026\/01\/1751032613296-2048x1536.jpg 2048w\" sizes=\"auto, (max-width: 2560px) 100vw, 2560px\" \/><\/a><a class=\"ig_col_4 rda_fadeIn\" href=\"https:\/\/robos.com.tr\/wp-content\/uploads\/2026\/01\/1751032613329-scaled-1024x768.jpg\"  rel=\"prettyPhoto[rel-1980483315]\" ><img loading=\"lazy\" decoding=\"async\" width=\"2560\" height=\"1920\" src=\"https:\/\/robos.com.tr\/wp-content\/uploads\/2026\/01\/1751032613329-scaled.jpg\" class=\"attachment-full\" alt=\"ROBOS Otomatik Y\u00f6nlendirmeli Ara\u00e7 Automated Guided Vehicle AGV Otomatik Mobil Robot Automated Mobile Robot AMR\" srcset=\"https:\/\/robos.com.tr\/wp-content\/uploads\/2026\/01\/1751032613329-scaled.jpg 2560w, https:\/\/robos.com.tr\/wp-content\/uploads\/2026\/01\/1751032613329-300x225.jpg 300w, https:\/\/robos.com.tr\/wp-content\/uploads\/2026\/01\/1751032613329-scaled-1024x768.jpg 1024w, https:\/\/robos.com.tr\/wp-content\/uploads\/2026\/01\/1751032613329-768x576.jpg 768w, https:\/\/robos.com.tr\/wp-content\/uploads\/2026\/01\/1751032613329-1536x1152.jpg 1536w, https:\/\/robos.com.tr\/wp-content\/uploads\/2026\/01\/1751032613329-2048x1536.jpg 2048w\" sizes=\"auto, (max-width: 2560px) 100vw, 2560px\" \/><\/a><\/div>[\/vc_column][\/vc_row]<\/p>\n","protected":false},"excerpt":{"rendered":"<p>[vc_row][vc_column][vc_custom_heading text=&#8221;ALFA SOLAR &#8211; Pin Mekanizmal\u0131 AGV Projesi&#8221; font_container=&#8221;tag:h1|font_size:36|text_align:center&#8221; google_fonts=&#8221;font_family:Open%20Sans%3A300%2C300italic%2Cregular%2Citalic%2C600%2C600italic%2C700%2C700italic%2C800%2C800italic|font_style:600%20bold%20italic%3A600%3Aitalic&#8221;][\/vc_column][\/vc_row][vc_row content_placement=&#8221;middle&#8221;][vc_column width=&#8221;1\/2&#8243;][vc_single_image image=&#8221;3365&#8243; img_size=&#8221;full&#8221; alignment=&#8221;center&#8221; hover_effect=&#8221;img_play_effect&#8221;][\/vc_column][vc_column width=&#8221;1\/2&#8243;][vc_column_text] Alfa Solar tesislerinde ger\u00e7ekle\u015ftirdi\u011fimiz bu projeyle, \u00fcretim hatt\u0131ndan \u00e7\u0131kan g\u00fcne\u015f panellerinin transfer s\u00fcre\u00e7lerini otonom hale getirdik. Tek bir y\u00fcksek teknolojili AGV kullan\u0131m\u0131yla, hassas panellerin g\u00fcvenli ta\u015f\u0131nmas\u0131n\u0131 sa\u011flad\u0131k. Sistem, yenilenebilir enerji sekt\u00f6r\u00fcndeki \u00fcretim h\u0131z\u0131n\u0131 desteklemek amac\u0131yla \u015fu teknik \u00f6zelliklerle<br \/><a href=\"https:\/\/robos.com.tr\/en\/alfa-solar-gunes-paneli-tasima-agv\/\" class=\"more\">Read more<\/a><\/p>\n","protected":false},"author":2,"featured_media":0,"parent":0,"menu_order":0,"comment_status":"closed","ping_status":"closed","template":"","meta":{"om_disable_all_campaigns":false,"_monsterinsights_skip_tracking":false,"_monsterinsights_sitenote_active":false,"_monsterinsights_sitenote_note":"","_monsterinsights_sitenote_category":0,"_uf_show_specific_survey":0,"_uf_disable_surveys":false,"footnotes":""},"class_list":["post-3364","page","type-page","status-publish","hentry"],"yoast_head":"<!-- This site is optimized with the Yoast SEO plugin v24.0 - https:\/\/yoast.com\/wordpress\/plugins\/seo\/ -->\n<title>RBS136 - ROBOS<\/title>\n<meta name=\"description\" content=\"Alfa Solar g\u00fcne\u015f paneli \u00fcretim hatt\u0131 i\u00e7in 2 ton kapasiteli pin mekanizmal\u0131 do\u011fal navigasyonlu AGV \u00e7\u00f6z\u00fcm\u00fc.\" \/>\n<meta name=\"robots\" content=\"index, follow, max-snippet:-1, max-image-preview:large, max-video-preview:-1\" \/>\n<link rel=\"canonical\" href=\"https:\/\/robos.com.tr\/alfa-solar-gunes-paneli-tasima-agv\/\" \/>\n<meta property=\"og:locale\" content=\"en_US\" \/>\n<meta property=\"og:type\" content=\"article\" \/>\n<meta property=\"og:title\" content=\"RBS136 - ROBOS\" \/>\n<meta property=\"og:description\" content=\"Alfa Solar g\u00fcne\u015f paneli \u00fcretim hatt\u0131 i\u00e7in 2 ton kapasiteli pin mekanizmal\u0131 do\u011fal navigasyonlu AGV \u00e7\u00f6z\u00fcm\u00fc.\" \/>\n<meta property=\"og:url\" content=\"https:\/\/robos.com.tr\/alfa-solar-gunes-paneli-tasima-agv\/\" \/>\n<meta property=\"og:site_name\" content=\"ROBOS\" \/>\n<meta property=\"article:modified_time\" content=\"2026-01-21T12:23:29+00:00\" \/>\n<meta name=\"twitter:card\" content=\"summary_large_image\" \/>\n<meta name=\"twitter:label1\" content=\"Est. reading time\" \/>\n\t<meta name=\"twitter:data1\" content=\"2 minutes\" \/>\n<script type=\"application\/ld+json\" class=\"yoast-schema-graph\">{\"@context\":\"https:\/\/schema.org\",\"@graph\":[{\"@type\":\"WebPage\",\"@id\":\"https:\/\/robos.com.tr\/alfa-solar-gunes-paneli-tasima-agv\/\",\"url\":\"https:\/\/robos.com.tr\/alfa-solar-gunes-paneli-tasima-agv\/\",\"name\":\"RBS136 - ROBOS\",\"isPartOf\":{\"@id\":\"https:\/\/robos.com.tr\/#website\"},\"datePublished\":\"2026-01-21T12:21:41+00:00\",\"dateModified\":\"2026-01-21T12:23:29+00:00\",\"description\":\"Alfa Solar g\u00fcne\u015f paneli \u00fcretim hatt\u0131 i\u00e7in 2 ton kapasiteli pin mekanizmal\u0131 do\u011fal navigasyonlu AGV \u00e7\u00f6z\u00fcm\u00fc.\",\"breadcrumb\":{\"@id\":\"https:\/\/robos.com.tr\/alfa-solar-gunes-paneli-tasima-agv\/#breadcrumb\"},\"inLanguage\":\"en-US\",\"potentialAction\":[{\"@type\":\"ReadAction\",\"target\":[\"https:\/\/robos.com.tr\/alfa-solar-gunes-paneli-tasima-agv\/\"]}]},{\"@type\":\"BreadcrumbList\",\"@id\":\"https:\/\/robos.com.tr\/alfa-solar-gunes-paneli-tasima-agv\/#breadcrumb\",\"itemListElement\":[{\"@type\":\"ListItem\",\"position\":1,\"name\":\"Home\",\"item\":\"https:\/\/robos.com.tr\/en\/\"},{\"@type\":\"ListItem\",\"position\":2,\"name\":\"RBS136\"}]},{\"@type\":\"WebSite\",\"@id\":\"https:\/\/robos.com.tr\/#website\",\"url\":\"https:\/\/robos.com.tr\/\",\"name\":\"ROBOS\",\"description\":\"Automated Guided Vehicles\",\"publisher\":{\"@id\":\"https:\/\/robos.com.tr\/#organization\"},\"potentialAction\":[{\"@type\":\"SearchAction\",\"target\":{\"@type\":\"EntryPoint\",\"urlTemplate\":\"https:\/\/robos.com.tr\/?s={search_term_string}\"},\"query-input\":{\"@type\":\"PropertyValueSpecification\",\"valueRequired\":true,\"valueName\":\"search_term_string\"}}],\"inLanguage\":\"en-US\"},{\"@type\":\"Organization\",\"@id\":\"https:\/\/robos.com.tr\/#organization\",\"name\":\"ROBOS\",\"url\":\"https:\/\/robos.com.tr\/\",\"logo\":{\"@type\":\"ImageObject\",\"inLanguage\":\"en-US\",\"@id\":\"https:\/\/robos.com.tr\/#\/schema\/logo\/image\/\",\"url\":\"https:\/\/robos.com.tr\/wp-content\/uploads\/2022\/02\/Logo.png\",\"contentUrl\":\"https:\/\/robos.com.tr\/wp-content\/uploads\/2022\/02\/Logo.png\",\"width\":463,\"height\":70,\"caption\":\"ROBOS\"},\"image\":{\"@id\":\"https:\/\/robos.com.tr\/#\/schema\/logo\/image\/\"},\"sameAs\":[\"https:\/\/www.linkedin.com\/company\/robos\/\",\"https:\/\/www.youtube.com\/@robosagv4304\"]}]}<\/script>\n<!-- \/ Yoast SEO plugin. -->","yoast_head_json":{"title":"RBS136 - ROBOS","description":"Alfa Solar g\u00fcne\u015f paneli \u00fcretim hatt\u0131 i\u00e7in 2 ton kapasiteli pin mekanizmal\u0131 do\u011fal navigasyonlu AGV \u00e7\u00f6z\u00fcm\u00fc.","robots":{"index":"index","follow":"follow","max-snippet":"max-snippet:-1","max-image-preview":"max-image-preview:large","max-video-preview":"max-video-preview:-1"},"canonical":"https:\/\/robos.com.tr\/alfa-solar-gunes-paneli-tasima-agv\/","og_locale":"en_US","og_type":"article","og_title":"RBS136 - ROBOS","og_description":"Alfa Solar g\u00fcne\u015f paneli \u00fcretim hatt\u0131 i\u00e7in 2 ton kapasiteli pin mekanizmal\u0131 do\u011fal navigasyonlu AGV \u00e7\u00f6z\u00fcm\u00fc.","og_url":"https:\/\/robos.com.tr\/alfa-solar-gunes-paneli-tasima-agv\/","og_site_name":"ROBOS","article_modified_time":"2026-01-21T12:23:29+00:00","twitter_card":"summary_large_image","twitter_misc":{"Est. reading time":"2 minutes"},"schema":{"@context":"https:\/\/schema.org","@graph":[{"@type":"WebPage","@id":"https:\/\/robos.com.tr\/alfa-solar-gunes-paneli-tasima-agv\/","url":"https:\/\/robos.com.tr\/alfa-solar-gunes-paneli-tasima-agv\/","name":"RBS136 - ROBOS","isPartOf":{"@id":"https:\/\/robos.com.tr\/#website"},"datePublished":"2026-01-21T12:21:41+00:00","dateModified":"2026-01-21T12:23:29+00:00","description":"Alfa Solar g\u00fcne\u015f paneli \u00fcretim hatt\u0131 i\u00e7in 2 ton kapasiteli pin mekanizmal\u0131 do\u011fal navigasyonlu AGV \u00e7\u00f6z\u00fcm\u00fc.","breadcrumb":{"@id":"https:\/\/robos.com.tr\/alfa-solar-gunes-paneli-tasima-agv\/#breadcrumb"},"inLanguage":"en-US","potentialAction":[{"@type":"ReadAction","target":["https:\/\/robos.com.tr\/alfa-solar-gunes-paneli-tasima-agv\/"]}]},{"@type":"BreadcrumbList","@id":"https:\/\/robos.com.tr\/alfa-solar-gunes-paneli-tasima-agv\/#breadcrumb","itemListElement":[{"@type":"ListItem","position":1,"name":"Home","item":"https:\/\/robos.com.tr\/en\/"},{"@type":"ListItem","position":2,"name":"RBS136"}]},{"@type":"WebSite","@id":"https:\/\/robos.com.tr\/#website","url":"https:\/\/robos.com.tr\/","name":"ROBOS","description":"Automated Guided Vehicles","publisher":{"@id":"https:\/\/robos.com.tr\/#organization"},"potentialAction":[{"@type":"SearchAction","target":{"@type":"EntryPoint","urlTemplate":"https:\/\/robos.com.tr\/?s={search_term_string}"},"query-input":{"@type":"PropertyValueSpecification","valueRequired":true,"valueName":"search_term_string"}}],"inLanguage":"en-US"},{"@type":"Organization","@id":"https:\/\/robos.com.tr\/#organization","name":"ROBOS","url":"https:\/\/robos.com.tr\/","logo":{"@type":"ImageObject","inLanguage":"en-US","@id":"https:\/\/robos.com.tr\/#\/schema\/logo\/image\/","url":"https:\/\/robos.com.tr\/wp-content\/uploads\/2022\/02\/Logo.png","contentUrl":"https:\/\/robos.com.tr\/wp-content\/uploads\/2022\/02\/Logo.png","width":463,"height":70,"caption":"ROBOS"},"image":{"@id":"https:\/\/robos.com.tr\/#\/schema\/logo\/image\/"},"sameAs":["https:\/\/www.linkedin.com\/company\/robos\/","https:\/\/www.youtube.com\/@robosagv4304"]}]}},"_links":{"self":[{"href":"https:\/\/robos.com.tr\/en\/wp-json\/wp\/v2\/pages\/3364","targetHints":{"allow":["GET"]}}],"collection":[{"href":"https:\/\/robos.com.tr\/en\/wp-json\/wp\/v2\/pages"}],"about":[{"href":"https:\/\/robos.com.tr\/en\/wp-json\/wp\/v2\/types\/page"}],"author":[{"embeddable":true,"href":"https:\/\/robos.com.tr\/en\/wp-json\/wp\/v2\/users\/2"}],"replies":[{"embeddable":true,"href":"https:\/\/robos.com.tr\/en\/wp-json\/wp\/v2\/comments?post=3364"}],"version-history":[{"count":2,"href":"https:\/\/robos.com.tr\/en\/wp-json\/wp\/v2\/pages\/3364\/revisions"}],"predecessor-version":[{"id":3376,"href":"https:\/\/robos.com.tr\/en\/wp-json\/wp\/v2\/pages\/3364\/revisions\/3376"}],"wp:attachment":[{"href":"https:\/\/robos.com.tr\/en\/wp-json\/wp\/v2\/media?parent=3364"}],"curies":[{"name":"wp","href":"https:\/\/api.w.org\/{rel}","templated":true}]}}