{"id":3377,"date":"2026-01-21T15:28:50","date_gmt":"2026-01-21T12:28:50","guid":{"rendered":"https:\/\/robos.com.tr\/?page_id=3377"},"modified":"2026-01-23T11:34:39","modified_gmt":"2026-01-23T08:34:39","slug":"eldor-palet-tasima-liftli-agv","status":"publish","type":"page","link":"https:\/\/robos.com.tr\/en\/eldor-palet-tasima-liftli-agv\/","title":{"rendered":"RBS137"},"content":{"rendered":"<p>[vc_row][vc_column][vc_custom_heading text=&#8221;ELDOR &#8211; Liftli AMR Projesi&#8221; font_container=&#8221;tag:h1|font_size:36|text_align:center&#8221; google_fonts=&#8221;font_family:Open%20Sans%3A300%2C300italic%2Cregular%2Citalic%2C600%2C600italic%2C700%2C700italic%2C800%2C800italic|font_style:600%20bold%20italic%3A600%3Aitalic&#8221;][\/vc_column][\/vc_row][vc_row content_placement=&#8221;middle&#8221;][vc_column width=&#8221;1\/2&#8243;][vc_single_image image=&#8221;3378&#8243; img_size=&#8221;full&#8221; alignment=&#8221;center&#8221; hover_effect=&#8221;img_play_effect&#8221;][\/vc_column][vc_column width=&#8221;1\/2&#8243;][vc_column_text]<\/p>\n<p data-path-to-node=\"7\">Elektronik bile\u015fen \u00fcretiminde \u00f6nc\u00fc olan <b data-path-to-node=\"7\" data-index-in-node=\"40\">Eldor<\/b> i\u00e7in paletli y\u00fck transferlerini tamamen otonom hale getirdik. Proje kapsam\u0131nda devreye ald\u0131\u011f\u0131m\u0131z otonom ara\u00e7, fabrikadaki lojistik ak\u0131\u015f\u0131 \u00e7ok daha ak\u0131ll\u0131 bir yap\u0131ya kavu\u015fturdu.<\/p>\n<p data-path-to-node=\"8\">Sistem, operasyonel verimlili\u011fi art\u0131rmak amac\u0131yla \u015fu ileri teknolojilerle donat\u0131lm\u0131\u015ft\u0131r:<\/p>\n<ul data-path-to-node=\"9\">\n<li>\n<p data-path-to-node=\"9,0,0\"><b data-path-to-node=\"9,0,0\" data-index-in-node=\"0\">Liftli Ta\u015f\u0131ma Mekanizmas\u0131:<\/b> Bu projedeki AGV, paletleri zemin seviyesinden otonom olarak alabilen \u00f6zel bir lift sistemine sahiptir. <b data-path-to-node=\"9,0,0\" data-index-in-node=\"131\">B\u00f6ylece<\/b>, paletli y\u00fcklerin transferi s\u0131ras\u0131nda herhangi bir ekstra ekipmana ihtiya\u00e7 duyulmaz.<\/p>\n<\/li>\n<li>\n<p data-path-to-node=\"9,1,0\"><b data-path-to-node=\"9,1,0\" data-index-in-node=\"0\">1 Ton Ta\u015f\u0131ma Kapasitesi:<\/b> Eldor b\u00fcnyesindeki \u00e7e\u015fitli y\u00fcklerin a\u011f\u0131rl\u0131\u011f\u0131 dikkate al\u0131narak AGV kapasitesi 1 ton olarak belirlenmi\u015ftir. <b data-path-to-node=\"9,1,0\" data-index-in-node=\"131\">Bu sayede<\/b>, farkl\u0131 tipteki malzemeler g\u00fcvenli bir \u015fekilde ta\u015f\u0131nmaktad\u0131r.<\/p>\n<\/li>\n<li>\n<p data-path-to-node=\"9,2,0\"><b data-path-to-node=\"9,2,0\" data-index-in-node=\"0\">Do\u011fal Navigasyon \u00d6zg\u00fcrl\u00fc\u011f\u00fc:<\/b> Fabrika i\u00e7erisinde herhangi bir fiziksel hat veya altyap\u0131 de\u011fi\u015fikli\u011fi yap\u0131lmam\u0131\u015ft\u0131r. <b data-path-to-node=\"9,2,0\" data-index-in-node=\"113\">Bunun yerine<\/b>, AGV \u00e7evresini geli\u015fmi\u015f sens\u00f6rlerle alg\u0131layarak yolunu bulur. <b data-path-to-node=\"9,2,0\" data-index-in-node=\"188\">Ayr\u0131ca<\/b>, de\u011fi\u015fen saha ko\u015fullar\u0131na an\u0131nda uyum sa\u011flar.<\/p>\n<\/li>\n<li>\n<p data-path-to-node=\"9,3,0\"><b data-path-to-node=\"9,3,0\" data-index-in-node=\"0\">Otonom Enerji Y\u00f6netimi:<\/b> Ak\u0131ll\u0131 \u015farj sistemi sayesinde operasyon hi\u00e7bir zaman duraksamaz. <b data-path-to-node=\"9,3,0\" data-index-in-node=\"89\">Sonu\u00e7 olarak<\/b>, AGV g\u00f6revlerini tamamlad\u0131\u011f\u0131nda otomatik olarak \u015farj istasyonuna y\u00f6nelerek 24 saat kesintisiz hizmet sunar.<\/p>\n<\/li>\n<\/ul>\n<p data-path-to-node=\"10\"><b data-path-to-node=\"10\" data-index-in-node=\"0\">ROBOS<\/b> olarak, Eldor\u2019un y\u00fcksek teknolojiye dayal\u0131 \u00fcretim standartlar\u0131n\u0131, esnek ve g\u00fcvenilir otonom \u00e7\u00f6z\u00fcmlerimizle destekliyoruz. Palet ta\u015f\u0131mac\u0131l\u0131\u011f\u0131nda sundu\u011fumuz bu inovatif yakla\u015f\u0131mla verimlili\u011fi en \u00fcst seviyeye \u00e7\u0131kar\u0131yoruz.<\/p>\n<p>[\/vc_column_text][\/vc_column][\/vc_row][vc_row][vc_column]<div class=\"rd_img_gallery_ctn clearfix\" style=\"margin:0px auto 0px;\"><a class=\"ig_col_4 rda_fadeIn\" href=\"https:\/\/robos.com.tr\/wp-content\/uploads\/2026\/01\/WhatsApp-Image-2025-07-25-at-14.15.24-2-scaled-1024x771.jpeg\"  rel=\"prettyPhoto[rel-362541688]\" ><img loading=\"lazy\" decoding=\"async\" width=\"2560\" height=\"1928\" src=\"https:\/\/robos.com.tr\/wp-content\/uploads\/2026\/01\/WhatsApp-Image-2025-07-25-at-14.15.24-2-scaled.jpeg\" class=\"attachment-full\" alt=\"ROBOS Otomatik Y\u00f6nlendirmeli Ara\u00e7 Automated Guided Vehicle AGV Otomatik Mobil Robot Automated Mobile Robot AMR\" srcset=\"https:\/\/robos.com.tr\/wp-content\/uploads\/2026\/01\/WhatsApp-Image-2025-07-25-at-14.15.24-2-scaled.jpeg 2560w, https:\/\/robos.com.tr\/wp-content\/uploads\/2026\/01\/WhatsApp-Image-2025-07-25-at-14.15.24-2-300x226.jpeg 300w, https:\/\/robos.com.tr\/wp-content\/uploads\/2026\/01\/WhatsApp-Image-2025-07-25-at-14.15.24-2-scaled-1024x771.jpeg 1024w, https:\/\/robos.com.tr\/wp-content\/uploads\/2026\/01\/WhatsApp-Image-2025-07-25-at-14.15.24-2-768x578.jpeg 768w, https:\/\/robos.com.tr\/wp-content\/uploads\/2026\/01\/WhatsApp-Image-2025-07-25-at-14.15.24-2-1536x1157.jpeg 1536w, https:\/\/robos.com.tr\/wp-content\/uploads\/2026\/01\/WhatsApp-Image-2025-07-25-at-14.15.24-2-2048x1542.jpeg 2048w\" sizes=\"auto, (max-width: 2560px) 100vw, 2560px\" \/><\/a><a class=\"ig_col_4 rda_fadeIn\" href=\"https:\/\/robos.com.tr\/wp-content\/uploads\/2026\/01\/WhatsApp-Image-2025-07-25-at-14.15.24-scaled-1024x771.jpeg\"  rel=\"prettyPhoto[rel-362541688]\" ><img loading=\"lazy\" decoding=\"async\" width=\"2560\" height=\"1928\" src=\"https:\/\/robos.com.tr\/wp-content\/uploads\/2026\/01\/WhatsApp-Image-2025-07-25-at-14.15.24-scaled.jpeg\" class=\"attachment-full\" alt=\"ROBOS Otomatik Y\u00f6nlendirmeli Ara\u00e7 Automated Guided Vehicle AGV Otomatik Mobil Robot Automated Mobile Robot AMR\" srcset=\"https:\/\/robos.com.tr\/wp-content\/uploads\/2026\/01\/WhatsApp-Image-2025-07-25-at-14.15.24-scaled.jpeg 2560w, https:\/\/robos.com.tr\/wp-content\/uploads\/2026\/01\/WhatsApp-Image-2025-07-25-at-14.15.24-300x226.jpeg 300w, https:\/\/robos.com.tr\/wp-content\/uploads\/2026\/01\/WhatsApp-Image-2025-07-25-at-14.15.24-scaled-1024x771.jpeg 1024w, https:\/\/robos.com.tr\/wp-content\/uploads\/2026\/01\/WhatsApp-Image-2025-07-25-at-14.15.24-768x578.jpeg 768w, https:\/\/robos.com.tr\/wp-content\/uploads\/2026\/01\/WhatsApp-Image-2025-07-25-at-14.15.24-1536x1157.jpeg 1536w, https:\/\/robos.com.tr\/wp-content\/uploads\/2026\/01\/WhatsApp-Image-2025-07-25-at-14.15.24-2048x1542.jpeg 2048w\" sizes=\"auto, (max-width: 2560px) 100vw, 2560px\" \/><\/a><a class=\"ig_col_4 rda_fadeIn\" href=\"https:\/\/robos.com.tr\/wp-content\/uploads\/2026\/01\/WhatsApp-Image-2025-07-25-at-14.15.25-3-scaled-1024x771.jpeg\"  rel=\"prettyPhoto[rel-362541688]\" ><img loading=\"lazy\" decoding=\"async\" width=\"2560\" height=\"1928\" src=\"https:\/\/robos.com.tr\/wp-content\/uploads\/2026\/01\/WhatsApp-Image-2025-07-25-at-14.15.25-3-scaled.jpeg\" class=\"attachment-full\" alt=\"ROBOS Otomatik Y\u00f6nlendirmeli Ara\u00e7 Automated Guided Vehicle AGV Otomatik Mobil Robot Automated Mobile Robot AMR\" srcset=\"https:\/\/robos.com.tr\/wp-content\/uploads\/2026\/01\/WhatsApp-Image-2025-07-25-at-14.15.25-3-scaled.jpeg 2560w, https:\/\/robos.com.tr\/wp-content\/uploads\/2026\/01\/WhatsApp-Image-2025-07-25-at-14.15.25-3-300x226.jpeg 300w, https:\/\/robos.com.tr\/wp-content\/uploads\/2026\/01\/WhatsApp-Image-2025-07-25-at-14.15.25-3-scaled-1024x771.jpeg 1024w, https:\/\/robos.com.tr\/wp-content\/uploads\/2026\/01\/WhatsApp-Image-2025-07-25-at-14.15.25-3-768x578.jpeg 768w, https:\/\/robos.com.tr\/wp-content\/uploads\/2026\/01\/WhatsApp-Image-2025-07-25-at-14.15.25-3-1536x1157.jpeg 1536w, https:\/\/robos.com.tr\/wp-content\/uploads\/2026\/01\/WhatsApp-Image-2025-07-25-at-14.15.25-3-2048x1542.jpeg 2048w\" sizes=\"auto, (max-width: 2560px) 100vw, 2560px\" \/><\/a><a class=\"ig_col_4 rda_fadeIn\" href=\"https:\/\/robos.com.tr\/wp-content\/uploads\/2026\/01\/WhatsApp-Image-2025-07-25-at-14.15.25-4-scaled-1024x771.jpeg\"  rel=\"prettyPhoto[rel-362541688]\" ><img loading=\"lazy\" decoding=\"async\" width=\"2560\" height=\"1928\" src=\"https:\/\/robos.com.tr\/wp-content\/uploads\/2026\/01\/WhatsApp-Image-2025-07-25-at-14.15.25-4-scaled.jpeg\" class=\"attachment-full\" alt=\"ROBOS Otomatik Y\u00f6nlendirmeli Ara\u00e7 Automated Guided Vehicle AGV Otomatik Mobil Robot Automated Mobile Robot AMR\" srcset=\"https:\/\/robos.com.tr\/wp-content\/uploads\/2026\/01\/WhatsApp-Image-2025-07-25-at-14.15.25-4-scaled.jpeg 2560w, https:\/\/robos.com.tr\/wp-content\/uploads\/2026\/01\/WhatsApp-Image-2025-07-25-at-14.15.25-4-300x226.jpeg 300w, https:\/\/robos.com.tr\/wp-content\/uploads\/2026\/01\/WhatsApp-Image-2025-07-25-at-14.15.25-4-scaled-1024x771.jpeg 1024w, https:\/\/robos.com.tr\/wp-content\/uploads\/2026\/01\/WhatsApp-Image-2025-07-25-at-14.15.25-4-768x578.jpeg 768w, https:\/\/robos.com.tr\/wp-content\/uploads\/2026\/01\/WhatsApp-Image-2025-07-25-at-14.15.25-4-1536x1157.jpeg 1536w, https:\/\/robos.com.tr\/wp-content\/uploads\/2026\/01\/WhatsApp-Image-2025-07-25-at-14.15.25-4-2048x1542.jpeg 2048w\" sizes=\"auto, (max-width: 2560px) 100vw, 2560px\" \/><\/a><\/div>[\/vc_column][\/vc_row]<\/p>\n","protected":false},"excerpt":{"rendered":"<p>[vc_row][vc_column][vc_custom_heading text=&#8221;ELDOR &#8211; Liftli AMR Projesi&#8221; font_container=&#8221;tag:h1|font_size:36|text_align:center&#8221; google_fonts=&#8221;font_family:Open%20Sans%3A300%2C300italic%2Cregular%2Citalic%2C600%2C600italic%2C700%2C700italic%2C800%2C800italic|font_style:600%20bold%20italic%3A600%3Aitalic&#8221;][\/vc_column][\/vc_row][vc_row content_placement=&#8221;middle&#8221;][vc_column width=&#8221;1\/2&#8243;][vc_single_image image=&#8221;3378&#8243; img_size=&#8221;full&#8221; alignment=&#8221;center&#8221; hover_effect=&#8221;img_play_effect&#8221;][\/vc_column][vc_column width=&#8221;1\/2&#8243;][vc_column_text] Elektronik bile\u015fen \u00fcretiminde \u00f6nc\u00fc olan Eldor i\u00e7in paletli y\u00fck transferlerini tamamen otonom hale getirdik. Proje kapsam\u0131nda devreye ald\u0131\u011f\u0131m\u0131z otonom ara\u00e7, fabrikadaki lojistik ak\u0131\u015f\u0131 \u00e7ok daha ak\u0131ll\u0131 bir yap\u0131ya kavu\u015fturdu. Sistem, operasyonel verimlili\u011fi art\u0131rmak amac\u0131yla \u015fu ileri teknolojilerle donat\u0131lm\u0131\u015ft\u0131r: Liftli Ta\u015f\u0131ma<br \/><a href=\"https:\/\/robos.com.tr\/en\/eldor-palet-tasima-liftli-agv\/\" class=\"more\">Read more<\/a><\/p>\n","protected":false},"author":2,"featured_media":0,"parent":0,"menu_order":0,"comment_status":"closed","ping_status":"closed","template":"","meta":{"om_disable_all_campaigns":false,"_monsterinsights_skip_tracking":false,"_monsterinsights_sitenote_active":false,"_monsterinsights_sitenote_note":"","_monsterinsights_sitenote_category":0,"_uf_show_specific_survey":0,"_uf_disable_surveys":false,"footnotes":""},"class_list":["post-3377","page","type-page","status-publish","hentry"],"yoast_head":"<!-- This site is optimized with the Yoast SEO plugin v24.0 - https:\/\/yoast.com\/wordpress\/plugins\/seo\/ -->\n<title>RBS137 - ROBOS<\/title>\n<meta name=\"description\" content=\"Eldor fabrikas\u0131 i\u00e7in 1 ton kapasiteli, liftli ve do\u011fal navigasyonlu otonom palet ta\u015f\u0131ma \u00e7\u00f6z\u00fcm\u00fc.\" \/>\n<meta name=\"robots\" content=\"index, follow, max-snippet:-1, max-image-preview:large, max-video-preview:-1\" \/>\n<link rel=\"canonical\" href=\"https:\/\/robos.com.tr\/eldor-palet-tasima-liftli-agv\/\" \/>\n<meta property=\"og:locale\" content=\"en_US\" \/>\n<meta property=\"og:type\" content=\"article\" \/>\n<meta property=\"og:title\" content=\"RBS137 - ROBOS\" \/>\n<meta property=\"og:description\" content=\"Eldor fabrikas\u0131 i\u00e7in 1 ton kapasiteli, liftli ve do\u011fal navigasyonlu otonom palet ta\u015f\u0131ma \u00e7\u00f6z\u00fcm\u00fc.\" \/>\n<meta property=\"og:url\" content=\"https:\/\/robos.com.tr\/eldor-palet-tasima-liftli-agv\/\" \/>\n<meta property=\"og:site_name\" content=\"ROBOS\" \/>\n<meta property=\"article:modified_time\" content=\"2026-01-23T08:34:39+00:00\" \/>\n<meta name=\"twitter:card\" content=\"summary_large_image\" \/>\n<meta name=\"twitter:label1\" content=\"Est. reading time\" \/>\n\t<meta name=\"twitter:data1\" content=\"2 minutes\" \/>\n<script type=\"application\/ld+json\" class=\"yoast-schema-graph\">{\"@context\":\"https:\/\/schema.org\",\"@graph\":[{\"@type\":\"WebPage\",\"@id\":\"https:\/\/robos.com.tr\/eldor-palet-tasima-liftli-agv\/\",\"url\":\"https:\/\/robos.com.tr\/eldor-palet-tasima-liftli-agv\/\",\"name\":\"RBS137 - ROBOS\",\"isPartOf\":{\"@id\":\"https:\/\/robos.com.tr\/#website\"},\"datePublished\":\"2026-01-21T12:28:50+00:00\",\"dateModified\":\"2026-01-23T08:34:39+00:00\",\"description\":\"Eldor fabrikas\u0131 i\u00e7in 1 ton kapasiteli, liftli ve do\u011fal navigasyonlu otonom palet ta\u015f\u0131ma \u00e7\u00f6z\u00fcm\u00fc.\",\"breadcrumb\":{\"@id\":\"https:\/\/robos.com.tr\/eldor-palet-tasima-liftli-agv\/#breadcrumb\"},\"inLanguage\":\"en-US\",\"potentialAction\":[{\"@type\":\"ReadAction\",\"target\":[\"https:\/\/robos.com.tr\/eldor-palet-tasima-liftli-agv\/\"]}]},{\"@type\":\"BreadcrumbList\",\"@id\":\"https:\/\/robos.com.tr\/eldor-palet-tasima-liftli-agv\/#breadcrumb\",\"itemListElement\":[{\"@type\":\"ListItem\",\"position\":1,\"name\":\"Home\",\"item\":\"https:\/\/robos.com.tr\/en\/\"},{\"@type\":\"ListItem\",\"position\":2,\"name\":\"RBS137\"}]},{\"@type\":\"WebSite\",\"@id\":\"https:\/\/robos.com.tr\/#website\",\"url\":\"https:\/\/robos.com.tr\/\",\"name\":\"ROBOS\",\"description\":\"Automated Guided Vehicles\",\"publisher\":{\"@id\":\"https:\/\/robos.com.tr\/#organization\"},\"potentialAction\":[{\"@type\":\"SearchAction\",\"target\":{\"@type\":\"EntryPoint\",\"urlTemplate\":\"https:\/\/robos.com.tr\/?s={search_term_string}\"},\"query-input\":{\"@type\":\"PropertyValueSpecification\",\"valueRequired\":true,\"valueName\":\"search_term_string\"}}],\"inLanguage\":\"en-US\"},{\"@type\":\"Organization\",\"@id\":\"https:\/\/robos.com.tr\/#organization\",\"name\":\"ROBOS\",\"url\":\"https:\/\/robos.com.tr\/\",\"logo\":{\"@type\":\"ImageObject\",\"inLanguage\":\"en-US\",\"@id\":\"https:\/\/robos.com.tr\/#\/schema\/logo\/image\/\",\"url\":\"https:\/\/robos.com.tr\/wp-content\/uploads\/2022\/02\/Logo.png\",\"contentUrl\":\"https:\/\/robos.com.tr\/wp-content\/uploads\/2022\/02\/Logo.png\",\"width\":463,\"height\":70,\"caption\":\"ROBOS\"},\"image\":{\"@id\":\"https:\/\/robos.com.tr\/#\/schema\/logo\/image\/\"},\"sameAs\":[\"https:\/\/www.linkedin.com\/company\/robos\/\",\"https:\/\/www.youtube.com\/@robosagv4304\"]}]}<\/script>\n<!-- \/ Yoast SEO plugin. -->","yoast_head_json":{"title":"RBS137 - ROBOS","description":"Eldor fabrikas\u0131 i\u00e7in 1 ton kapasiteli, liftli ve do\u011fal navigasyonlu otonom palet ta\u015f\u0131ma \u00e7\u00f6z\u00fcm\u00fc.","robots":{"index":"index","follow":"follow","max-snippet":"max-snippet:-1","max-image-preview":"max-image-preview:large","max-video-preview":"max-video-preview:-1"},"canonical":"https:\/\/robos.com.tr\/eldor-palet-tasima-liftli-agv\/","og_locale":"en_US","og_type":"article","og_title":"RBS137 - ROBOS","og_description":"Eldor fabrikas\u0131 i\u00e7in 1 ton kapasiteli, liftli ve do\u011fal navigasyonlu otonom palet ta\u015f\u0131ma \u00e7\u00f6z\u00fcm\u00fc.","og_url":"https:\/\/robos.com.tr\/eldor-palet-tasima-liftli-agv\/","og_site_name":"ROBOS","article_modified_time":"2026-01-23T08:34:39+00:00","twitter_card":"summary_large_image","twitter_misc":{"Est. reading time":"2 minutes"},"schema":{"@context":"https:\/\/schema.org","@graph":[{"@type":"WebPage","@id":"https:\/\/robos.com.tr\/eldor-palet-tasima-liftli-agv\/","url":"https:\/\/robos.com.tr\/eldor-palet-tasima-liftli-agv\/","name":"RBS137 - ROBOS","isPartOf":{"@id":"https:\/\/robos.com.tr\/#website"},"datePublished":"2026-01-21T12:28:50+00:00","dateModified":"2026-01-23T08:34:39+00:00","description":"Eldor fabrikas\u0131 i\u00e7in 1 ton kapasiteli, liftli ve do\u011fal navigasyonlu otonom palet ta\u015f\u0131ma \u00e7\u00f6z\u00fcm\u00fc.","breadcrumb":{"@id":"https:\/\/robos.com.tr\/eldor-palet-tasima-liftli-agv\/#breadcrumb"},"inLanguage":"en-US","potentialAction":[{"@type":"ReadAction","target":["https:\/\/robos.com.tr\/eldor-palet-tasima-liftli-agv\/"]}]},{"@type":"BreadcrumbList","@id":"https:\/\/robos.com.tr\/eldor-palet-tasima-liftli-agv\/#breadcrumb","itemListElement":[{"@type":"ListItem","position":1,"name":"Home","item":"https:\/\/robos.com.tr\/en\/"},{"@type":"ListItem","position":2,"name":"RBS137"}]},{"@type":"WebSite","@id":"https:\/\/robos.com.tr\/#website","url":"https:\/\/robos.com.tr\/","name":"ROBOS","description":"Automated Guided Vehicles","publisher":{"@id":"https:\/\/robos.com.tr\/#organization"},"potentialAction":[{"@type":"SearchAction","target":{"@type":"EntryPoint","urlTemplate":"https:\/\/robos.com.tr\/?s={search_term_string}"},"query-input":{"@type":"PropertyValueSpecification","valueRequired":true,"valueName":"search_term_string"}}],"inLanguage":"en-US"},{"@type":"Organization","@id":"https:\/\/robos.com.tr\/#organization","name":"ROBOS","url":"https:\/\/robos.com.tr\/","logo":{"@type":"ImageObject","inLanguage":"en-US","@id":"https:\/\/robos.com.tr\/#\/schema\/logo\/image\/","url":"https:\/\/robos.com.tr\/wp-content\/uploads\/2022\/02\/Logo.png","contentUrl":"https:\/\/robos.com.tr\/wp-content\/uploads\/2022\/02\/Logo.png","width":463,"height":70,"caption":"ROBOS"},"image":{"@id":"https:\/\/robos.com.tr\/#\/schema\/logo\/image\/"},"sameAs":["https:\/\/www.linkedin.com\/company\/robos\/","https:\/\/www.youtube.com\/@robosagv4304"]}]}},"_links":{"self":[{"href":"https:\/\/robos.com.tr\/en\/wp-json\/wp\/v2\/pages\/3377","targetHints":{"allow":["GET"]}}],"collection":[{"href":"https:\/\/robos.com.tr\/en\/wp-json\/wp\/v2\/pages"}],"about":[{"href":"https:\/\/robos.com.tr\/en\/wp-json\/wp\/v2\/types\/page"}],"author":[{"embeddable":true,"href":"https:\/\/robos.com.tr\/en\/wp-json\/wp\/v2\/users\/2"}],"replies":[{"embeddable":true,"href":"https:\/\/robos.com.tr\/en\/wp-json\/wp\/v2\/comments?post=3377"}],"version-history":[{"count":2,"href":"https:\/\/robos.com.tr\/en\/wp-json\/wp\/v2\/pages\/3377\/revisions"}],"predecessor-version":[{"id":3413,"href":"https:\/\/robos.com.tr\/en\/wp-json\/wp\/v2\/pages\/3377\/revisions\/3413"}],"wp:attachment":[{"href":"https:\/\/robos.com.tr\/en\/wp-json\/wp\/v2\/media?parent=3377"}],"curies":[{"name":"wp","href":"https:\/\/api.w.org\/{rel}","templated":true}]}}