{"id":3389,"date":"2026-01-21T16:05:05","date_gmt":"2026-01-21T13:05:05","guid":{"rendered":"https:\/\/robos.com.tr\/?page_id=3389"},"modified":"2026-01-22T15:50:07","modified_gmt":"2026-01-22T12:50:07","slug":"standard-profil-dis-alan-cekici-agv","status":"publish","type":"page","link":"https:\/\/robos.com.tr\/en\/standard-profil-dis-alan-cekici-agv\/","title":{"rendered":"RBS140"},"content":{"rendered":"<p>[vc_row][vc_column][vc_custom_heading text=&#8221;STANDARD PROF\u0130L &#8211; Outdoor \u00c7ekici AGV Projesi&#8221; font_container=&#8221;tag:h1|font_size:36|text_align:center&#8221; google_fonts=&#8221;font_family:Open%20Sans%3A300%2C300italic%2Cregular%2Citalic%2C600%2C600italic%2C700%2C700italic%2C800%2C800italic|font_style:600%20bold%20italic%3A600%3Aitalic&#8221;][\/vc_column][\/vc_row][vc_row content_placement=&#8221;middle&#8221;][vc_column width=&#8221;1\/2&#8243;][vc_single_image image=&#8221;3390&#8243; img_size=&#8221;full&#8221; alignment=&#8221;center&#8221; hover_effect=&#8221;img_play_effect&#8221;][\/vc_column][vc_column width=&#8221;1\/2&#8243;][vc_column_text]<\/p>\n<p data-path-to-node=\"7\">Otomotiv s\u0131zd\u0131rmazl\u0131k sistemlerinde d\u00fcnya lideri olan <b data-path-to-node=\"7\" data-index-in-node=\"54\">Standard Profil<\/b> i\u00e7in d\u0131\u015f saha lojisti\u011fini otonom hale getirdik. Proje kapsam\u0131nda devreye ald\u0131\u011f\u0131m\u0131z \u00e7ekici tipi AGV, zorlu d\u0131\u015f ortam ko\u015fullar\u0131nda y\u00fcksek performansla \u00e7al\u0131\u015fmaktad\u0131r.<\/p>\n<p data-path-to-node=\"8\">Sistem, a\u011f\u0131r sanayi y\u00fcklerini otonom y\u00f6netmek i\u00e7in \u015fu \u00fcst\u00fcn \u00f6zelliklerle donat\u0131lm\u0131\u015ft\u0131r:<\/p>\n<ul data-path-to-node=\"9\">\n<li>\n<p data-path-to-node=\"9,0,0\"><b data-path-to-node=\"9,0,0\" data-index-in-node=\"0\">8 Ton Y\u00fcksek \u00c7ekme Kapasitesi:<\/b> Bu projedeki AGV, 8 tona kadar olan y\u00fckleri ta\u015f\u0131ma g\u00fcc\u00fcne sahiptir. <b data-path-to-node=\"9,0,0\" data-index-in-node=\"99\">Bu nedenle<\/b>, fabrika sahas\u0131ndaki en a\u011f\u0131r r\u00f6morklar\u0131n transferi bile sorunsuz bir \u015fekilde ger\u00e7ekle\u015ftirilir.<\/p>\n<\/li>\n<li>\n<p data-path-to-node=\"9,1,0\"><b data-path-to-node=\"9,1,0\" data-index-in-node=\"0\">D\u0131\u015f Alan (Outdoor) Operasyon Yetene\u011fi:<\/b> Arac\u0131m\u0131z, d\u0131\u015f ortam\u0131n de\u011fi\u015fken hava ve zemin ko\u015fullar\u0131na uygun olarak tasarlanm\u0131\u015ft\u0131r. <b data-path-to-node=\"9,1,0\" data-index-in-node=\"125\">B\u00f6ylece<\/b>, ya\u011fmur veya engebeli zemin gibi fakt\u00f6rlerden etkilenmeden g\u00fcvenle hareket eder.<\/p>\n<\/li>\n<li>\n<p data-path-to-node=\"9,2,0\"><b data-path-to-node=\"9,2,0\" data-index-in-node=\"0\">Otomatik R\u00f6mork Alma ve B\u0131rakma:<\/b> AGV, r\u00f6morklar\u0131 herhangi bir operat\u00f6r yard\u0131m\u0131 olmadan otonom olarak kavrar. <b data-path-to-node=\"9,2,0\" data-index-in-node=\"109\">Ard\u0131ndan<\/b>, hedef noktaya ula\u015ft\u0131\u011f\u0131nda yine otomatik olarak b\u0131rak\u0131r. <b data-path-to-node=\"9,2,0\" data-index-in-node=\"175\">\u00d6zellikle<\/b> bu sistem, operasyon h\u0131z\u0131n\u0131 ciddi oranda art\u0131r\u0131r.<\/p>\n<\/li>\n<li>\n<p data-path-to-node=\"9,3,0\"><b data-path-to-node=\"9,3,0\" data-index-in-node=\"0\">Do\u011fal Navigasyon ve Otonom \u015earj:<\/b> Ara\u00e7, d\u0131\u015f sahada herhangi bir fiziksel hatta ihtiya\u00e7 duymadan yolunu bulur. <b data-path-to-node=\"9,3,0\" data-index-in-node=\"109\">Ayr\u0131ca<\/b>, enerji seviyesi azald\u0131\u011f\u0131nda otonom \u015farj istasyonuna giderek kesintisiz \u00e7al\u0131\u015fma d\u00f6ng\u00fcs\u00fcn\u00fc korur.<\/p>\n<\/li>\n<\/ul>\n<p data-path-to-node=\"10\"><b data-path-to-node=\"10\" data-index-in-node=\"0\">ROBOS<\/b> olarak, Standard Profil\u2019in \u00fcretim g\u00fcc\u00fcne d\u0131\u015f saha otonom \u00e7\u00f6z\u00fcmlerimizle destek vermekten gurur duyuyoruz. Bu proje sayesinde, a\u011f\u0131r y\u00fck ta\u015f\u0131mac\u0131l\u0131\u011f\u0131n\u0131 daha g\u00fcvenli ve ak\u0131ll\u0131 bir yap\u0131ya kavu\u015fturduk.<\/p>\n<p>[\/vc_column_text][\/vc_column][\/vc_row][vc_row][vc_column][\/vc_column][\/vc_row]<\/p>\n","protected":false},"excerpt":{"rendered":"<p>[vc_row][vc_column][vc_custom_heading text=&#8221;STANDARD PROF\u0130L &#8211; Outdoor \u00c7ekici AGV Projesi&#8221; font_container=&#8221;tag:h1|font_size:36|text_align:center&#8221; google_fonts=&#8221;font_family:Open%20Sans%3A300%2C300italic%2Cregular%2Citalic%2C600%2C600italic%2C700%2C700italic%2C800%2C800italic|font_style:600%20bold%20italic%3A600%3Aitalic&#8221;][\/vc_column][\/vc_row][vc_row content_placement=&#8221;middle&#8221;][vc_column width=&#8221;1\/2&#8243;][vc_single_image image=&#8221;3390&#8243; img_size=&#8221;full&#8221; alignment=&#8221;center&#8221; hover_effect=&#8221;img_play_effect&#8221;][\/vc_column][vc_column width=&#8221;1\/2&#8243;][vc_column_text] Otomotiv s\u0131zd\u0131rmazl\u0131k sistemlerinde d\u00fcnya lideri olan Standard Profil i\u00e7in d\u0131\u015f saha lojisti\u011fini otonom hale getirdik. Proje kapsam\u0131nda devreye ald\u0131\u011f\u0131m\u0131z \u00e7ekici tipi AGV, zorlu d\u0131\u015f ortam ko\u015fullar\u0131nda y\u00fcksek performansla \u00e7al\u0131\u015fmaktad\u0131r. Sistem, a\u011f\u0131r sanayi y\u00fcklerini otonom y\u00f6netmek i\u00e7in \u015fu \u00fcst\u00fcn<br \/><a href=\"https:\/\/robos.com.tr\/en\/standard-profil-dis-alan-cekici-agv\/\" class=\"more\">Read more<\/a><\/p>\n","protected":false},"author":2,"featured_media":0,"parent":0,"menu_order":0,"comment_status":"closed","ping_status":"closed","template":"","meta":{"om_disable_all_campaigns":false,"_monsterinsights_skip_tracking":false,"_monsterinsights_sitenote_active":false,"_monsterinsights_sitenote_note":"","_monsterinsights_sitenote_category":0,"_uf_show_specific_survey":0,"_uf_disable_surveys":false,"footnotes":""},"class_list":["post-3389","page","type-page","status-publish","hentry"],"yoast_head":"<!-- This site is optimized with the Yoast SEO plugin v24.0 - https:\/\/yoast.com\/wordpress\/plugins\/seo\/ -->\n<title>RBS140 - ROBOS<\/title>\n<meta name=\"description\" content=\"Standard Profil i\u00e7in geli\u015ftirilen, 8 ton kapasiteli ve d\u0131\u015f alan uyumlu \u00e7ekici AGV projemizi inceleyin.\" \/>\n<meta name=\"robots\" content=\"index, follow, max-snippet:-1, max-image-preview:large, max-video-preview:-1\" \/>\n<link rel=\"canonical\" href=\"https:\/\/robos.com.tr\/standard-profil-dis-alan-cekici-agv\/\" \/>\n<meta property=\"og:locale\" content=\"en_US\" \/>\n<meta property=\"og:type\" content=\"article\" \/>\n<meta property=\"og:title\" content=\"RBS140 - ROBOS\" \/>\n<meta property=\"og:description\" content=\"Standard Profil i\u00e7in geli\u015ftirilen, 8 ton kapasiteli ve d\u0131\u015f alan uyumlu \u00e7ekici AGV projemizi inceleyin.\" \/>\n<meta property=\"og:url\" content=\"https:\/\/robos.com.tr\/standard-profil-dis-alan-cekici-agv\/\" \/>\n<meta property=\"og:site_name\" content=\"ROBOS\" \/>\n<meta property=\"article:modified_time\" content=\"2026-01-22T12:50:07+00:00\" \/>\n<meta name=\"twitter:card\" content=\"summary_large_image\" \/>\n<meta name=\"twitter:label1\" content=\"Est. reading time\" \/>\n\t<meta name=\"twitter:data1\" content=\"2 minutes\" \/>\n<script type=\"application\/ld+json\" class=\"yoast-schema-graph\">{\"@context\":\"https:\/\/schema.org\",\"@graph\":[{\"@type\":\"WebPage\",\"@id\":\"https:\/\/robos.com.tr\/standard-profil-dis-alan-cekici-agv\/\",\"url\":\"https:\/\/robos.com.tr\/standard-profil-dis-alan-cekici-agv\/\",\"name\":\"RBS140 - ROBOS\",\"isPartOf\":{\"@id\":\"https:\/\/robos.com.tr\/#website\"},\"datePublished\":\"2026-01-21T13:05:05+00:00\",\"dateModified\":\"2026-01-22T12:50:07+00:00\",\"description\":\"Standard Profil i\u00e7in geli\u015ftirilen, 8 ton kapasiteli ve d\u0131\u015f alan uyumlu \u00e7ekici AGV projemizi inceleyin.\",\"breadcrumb\":{\"@id\":\"https:\/\/robos.com.tr\/standard-profil-dis-alan-cekici-agv\/#breadcrumb\"},\"inLanguage\":\"en-US\",\"potentialAction\":[{\"@type\":\"ReadAction\",\"target\":[\"https:\/\/robos.com.tr\/standard-profil-dis-alan-cekici-agv\/\"]}]},{\"@type\":\"BreadcrumbList\",\"@id\":\"https:\/\/robos.com.tr\/standard-profil-dis-alan-cekici-agv\/#breadcrumb\",\"itemListElement\":[{\"@type\":\"ListItem\",\"position\":1,\"name\":\"Home\",\"item\":\"https:\/\/robos.com.tr\/en\/\"},{\"@type\":\"ListItem\",\"position\":2,\"name\":\"RBS140\"}]},{\"@type\":\"WebSite\",\"@id\":\"https:\/\/robos.com.tr\/#website\",\"url\":\"https:\/\/robos.com.tr\/\",\"name\":\"ROBOS\",\"description\":\"Automated Guided Vehicles\",\"publisher\":{\"@id\":\"https:\/\/robos.com.tr\/#organization\"},\"potentialAction\":[{\"@type\":\"SearchAction\",\"target\":{\"@type\":\"EntryPoint\",\"urlTemplate\":\"https:\/\/robos.com.tr\/?s={search_term_string}\"},\"query-input\":{\"@type\":\"PropertyValueSpecification\",\"valueRequired\":true,\"valueName\":\"search_term_string\"}}],\"inLanguage\":\"en-US\"},{\"@type\":\"Organization\",\"@id\":\"https:\/\/robos.com.tr\/#organization\",\"name\":\"ROBOS\",\"url\":\"https:\/\/robos.com.tr\/\",\"logo\":{\"@type\":\"ImageObject\",\"inLanguage\":\"en-US\",\"@id\":\"https:\/\/robos.com.tr\/#\/schema\/logo\/image\/\",\"url\":\"https:\/\/robos.com.tr\/wp-content\/uploads\/2022\/02\/Logo.png\",\"contentUrl\":\"https:\/\/robos.com.tr\/wp-content\/uploads\/2022\/02\/Logo.png\",\"width\":463,\"height\":70,\"caption\":\"ROBOS\"},\"image\":{\"@id\":\"https:\/\/robos.com.tr\/#\/schema\/logo\/image\/\"},\"sameAs\":[\"https:\/\/www.linkedin.com\/company\/robos\/\",\"https:\/\/www.youtube.com\/@robosagv4304\"]}]}<\/script>\n<!-- \/ Yoast SEO plugin. -->","yoast_head_json":{"title":"RBS140 - ROBOS","description":"Standard Profil i\u00e7in geli\u015ftirilen, 8 ton kapasiteli ve d\u0131\u015f alan uyumlu \u00e7ekici AGV projemizi inceleyin.","robots":{"index":"index","follow":"follow","max-snippet":"max-snippet:-1","max-image-preview":"max-image-preview:large","max-video-preview":"max-video-preview:-1"},"canonical":"https:\/\/robos.com.tr\/standard-profil-dis-alan-cekici-agv\/","og_locale":"en_US","og_type":"article","og_title":"RBS140 - ROBOS","og_description":"Standard Profil i\u00e7in geli\u015ftirilen, 8 ton kapasiteli ve d\u0131\u015f alan uyumlu \u00e7ekici AGV projemizi inceleyin.","og_url":"https:\/\/robos.com.tr\/standard-profil-dis-alan-cekici-agv\/","og_site_name":"ROBOS","article_modified_time":"2026-01-22T12:50:07+00:00","twitter_card":"summary_large_image","twitter_misc":{"Est. reading time":"2 minutes"},"schema":{"@context":"https:\/\/schema.org","@graph":[{"@type":"WebPage","@id":"https:\/\/robos.com.tr\/standard-profil-dis-alan-cekici-agv\/","url":"https:\/\/robos.com.tr\/standard-profil-dis-alan-cekici-agv\/","name":"RBS140 - ROBOS","isPartOf":{"@id":"https:\/\/robos.com.tr\/#website"},"datePublished":"2026-01-21T13:05:05+00:00","dateModified":"2026-01-22T12:50:07+00:00","description":"Standard Profil i\u00e7in geli\u015ftirilen, 8 ton kapasiteli ve d\u0131\u015f alan uyumlu \u00e7ekici AGV projemizi inceleyin.","breadcrumb":{"@id":"https:\/\/robos.com.tr\/standard-profil-dis-alan-cekici-agv\/#breadcrumb"},"inLanguage":"en-US","potentialAction":[{"@type":"ReadAction","target":["https:\/\/robos.com.tr\/standard-profil-dis-alan-cekici-agv\/"]}]},{"@type":"BreadcrumbList","@id":"https:\/\/robos.com.tr\/standard-profil-dis-alan-cekici-agv\/#breadcrumb","itemListElement":[{"@type":"ListItem","position":1,"name":"Home","item":"https:\/\/robos.com.tr\/en\/"},{"@type":"ListItem","position":2,"name":"RBS140"}]},{"@type":"WebSite","@id":"https:\/\/robos.com.tr\/#website","url":"https:\/\/robos.com.tr\/","name":"ROBOS","description":"Automated Guided Vehicles","publisher":{"@id":"https:\/\/robos.com.tr\/#organization"},"potentialAction":[{"@type":"SearchAction","target":{"@type":"EntryPoint","urlTemplate":"https:\/\/robos.com.tr\/?s={search_term_string}"},"query-input":{"@type":"PropertyValueSpecification","valueRequired":true,"valueName":"search_term_string"}}],"inLanguage":"en-US"},{"@type":"Organization","@id":"https:\/\/robos.com.tr\/#organization","name":"ROBOS","url":"https:\/\/robos.com.tr\/","logo":{"@type":"ImageObject","inLanguage":"en-US","@id":"https:\/\/robos.com.tr\/#\/schema\/logo\/image\/","url":"https:\/\/robos.com.tr\/wp-content\/uploads\/2022\/02\/Logo.png","contentUrl":"https:\/\/robos.com.tr\/wp-content\/uploads\/2022\/02\/Logo.png","width":463,"height":70,"caption":"ROBOS"},"image":{"@id":"https:\/\/robos.com.tr\/#\/schema\/logo\/image\/"},"sameAs":["https:\/\/www.linkedin.com\/company\/robos\/","https:\/\/www.youtube.com\/@robosagv4304"]}]}},"_links":{"self":[{"href":"https:\/\/robos.com.tr\/en\/wp-json\/wp\/v2\/pages\/3389","targetHints":{"allow":["GET"]}}],"collection":[{"href":"https:\/\/robos.com.tr\/en\/wp-json\/wp\/v2\/pages"}],"about":[{"href":"https:\/\/robos.com.tr\/en\/wp-json\/wp\/v2\/types\/page"}],"author":[{"embeddable":true,"href":"https:\/\/robos.com.tr\/en\/wp-json\/wp\/v2\/users\/2"}],"replies":[{"embeddable":true,"href":"https:\/\/robos.com.tr\/en\/wp-json\/wp\/v2\/comments?post=3389"}],"version-history":[{"count":3,"href":"https:\/\/robos.com.tr\/en\/wp-json\/wp\/v2\/pages\/3389\/revisions"}],"predecessor-version":[{"id":3412,"href":"https:\/\/robos.com.tr\/en\/wp-json\/wp\/v2\/pages\/3389\/revisions\/3412"}],"wp:attachment":[{"href":"https:\/\/robos.com.tr\/en\/wp-json\/wp\/v2\/media?parent=3389"}],"curies":[{"name":"wp","href":"https:\/\/api.w.org\/{rel}","templated":true}]}}