{"id":996,"date":"2016-03-05T15:28:36","date_gmt":"2016-03-05T13:28:36","guid":{"rendered":"http:\/\/robos.com.tr\/?page_id=996\/"},"modified":"2024-12-05T14:52:14","modified_gmt":"2024-12-05T11:52:14","slug":"fleet","status":"publish","type":"page","link":"https:\/\/robos.com.tr\/en\/fleet\/","title":{"rendered":"Filo Y\u00f6netimi Yaz\u0131l\u0131mlar\u0131"},"content":{"rendered":"<p>[vc_row][vc_column][vc_custom_heading text=&#8221;<strong> ROBOS Filo Y\u00f6netimi <\/strong>&#8221; font_container=&#8221;tag:h2|font_size:35|text_align:center&#8221; google_fonts=&#8221;font_family:Open%20Sans%3A300%2C300italic%2Cregular%2Citalic%2C600%2C600italic%2C700%2C700italic%2C800%2C800italic|font_style:600%20bold%20italic%3A600%3Aitalic&#8221;][vc_column_text]<\/p>\n<p style=\"text-align: center;\"><strong>ROBOS Filo Y\u00f6netimi<\/strong>, otomatik y\u00f6nlendirmeli ara\u00e7 ve otonom mobil robot filonuzu tek merkezden takip etmek ve y\u00f6netmek i\u00e7in yaz\u0131l\u0131m ve donan\u0131m a\u00e7\u0131s\u0131ndan ihtiya\u00e7 duydu\u011funuz her \u015feyi kapsar.<\/p>\n<p style=\"text-align: center;\">AGV &#8211; AMR filonuzu y\u00f6netmek i\u00e7in \u00f6ncelikle bir a\u011f altyap\u0131s\u0131na ihtiyac\u0131n\u0131z vard\u0131r. Mevcut altyap\u0131n\u0131z\u0131 kullanabiliriz ya da s\u0131f\u0131rdan yeni bir altyap\u0131 kurabiliriz.<\/p>\n<p style=\"text-align: center;\">Bu a\u011f, ara\u00e7lar\u0131n\u0131z\u0131n yan\u0131 s\u0131ra sistemin ileti\u015fim kurmas\u0131 gereken konvey\u00f6rler, istasyonlar, kap\u0131lar ve robotlar gibi di\u011fer ekipmanlar\u0131 ile tabletler, telefonlar ve Andon ekranlar\u0131 gibi insan-makine aray\u00fczlerini de ba\u011flamal\u0131d\u0131r.<\/p>\n<p>[\/vc_column_text][\/vc_column][\/vc_row][vc_row type=&#8221;full-width-content&#8221; css=&#8221;.vc_custom_1685965926219{margin-top: 0px !important;margin-bottom: 0px !important;border-top-width: 0px !important;border-bottom-width: 0px !important;padding-top: 0px !important;padding-bottom: 0px !important;background-color: #0a0000 !important;}&#8221;][vc_column css=&#8221;.vc_custom_1685724222174{margin-top: 0px !important;margin-bottom: 0px !important;border-top-width: 0px !important;border-bottom-width: 0px !important;padding-top: 0px !important;padding-bottom: 0px !important;}&#8221;][vc_single_image image=&#8221;2813&#8243; img_size=&#8221;full&#8221; alignment=&#8221;center&#8221; css=&#8221;.vc_custom_1685966305285{margin-top: 0px !important;margin-bottom: 0px !important;border-top-width: 0px !important;border-bottom-width: 0px !important;padding-top: 0px !important;padding-bottom: 0px !important;}&#8221;][\/vc_column][\/vc_row][vc_row][vc_column]<style type=\"text\/css\" >#l_lhwlkq3ui2o37hv8n8ad.sc_line ,#l_lhwlkq3ui2o37hv8n8ad .sc_line { height:1px; background:;}#l_lhwlkq3ui2o37hv8n8ad {margin:0px 0 0px 0; padding:0;}<\/style><div class=\"clearfix\"><\/div><div id=\"l_lhwlkq3ui2o37hv8n8ad\"  class=\"sc_line rd_line_normal\" ><\/div>[\/vc_column][\/vc_row][vc_row][vc_column][vc_custom_heading text=&#8221;ROBOS Control \u00a9&#8221; font_container=&#8221;tag:h2|font_size:28|text_align:left&#8221; google_fonts=&#8221;font_family:Open%20Sans%3A300%2C300italic%2Cregular%2Citalic%2C600%2C600italic%2C700%2C700italic%2C800%2C800italic|font_style:600%20bold%20italic%3A600%3Aitalic&#8221;][\/vc_column][\/vc_row][vc_row content_placement=&#8221;middle&#8221;][vc_column width=&#8221;1\/6&#8243;][vc_single_image image=&#8221;2828&#8243; img_size=&#8221;full&#8221;][\/vc_column][vc_column width=&#8221;5\/6&#8243;][vc_column_text]<strong>ROBOS Control<\/strong> yaz\u0131l\u0131m\u0131, kullan\u0131c\u0131 aray\u00fcz\u00fcne sahip olmayan bir backend uygulamas\u0131d\u0131r. Bir sunucuya kurulur ve arka planda \u00e7al\u0131\u015f\u0131r. T\u00fcm ileti\u015fim ve veritaban\u0131 y\u00f6netimini \u00fcstlenir.<\/p>\n<p>Bu yaz\u0131l\u0131m\u0131n sorumluluklar\u0131 aras\u0131nda ara\u00e7lara g\u00f6rev ve rota g\u00f6ndermek, trafik kontrol\u00fcn\u00fc sa\u011flamak ve sistemden gelen verileri toplamak ve kaydetmek yer al\u0131r.[\/vc_column_text][\/vc_column][\/vc_row][vc_row][vc_column]<style type=\"text\/css\" >#l_eam0z6q1ppubwwqvmqom{width:fullpx;}#l_eam0z6q1ppubwwqvmqom.sc_line ,#l_eam0z6q1ppubwwqvmqom .sc_line { height:1px; background:#0a0a0a;}#l_eam0z6q1ppubwwqvmqom.sc_line ,#l_eam0z6q1ppubwwqvmqom .sc_line{margin-left:auto!important; margin-right:auto!important;}#l_eam0z6q1ppubwwqvmqom {margin:0px 0 0px 0; padding:0;}<\/style><div class=\"clearfix\"><\/div><div id=\"l_eam0z6q1ppubwwqvmqom\"  class=\"sc_line rd_line_normal\" ><\/div>[\/vc_column][\/vc_row][vc_row][vc_column][vc_custom_heading text=&#8221;ROBOS Monitor \u00a9&#8221; font_container=&#8221;tag:h2|font_size:28|text_align:left&#8221; google_fonts=&#8221;font_family:Open%20Sans%3A300%2C300italic%2Cregular%2Citalic%2C600%2C600italic%2C700%2C700italic%2C800%2C800italic|font_style:600%20bold%20italic%3A600%3Aitalic&#8221;][\/vc_column][\/vc_row][vc_row content_placement=&#8221;middle&#8221;][vc_column width=&#8221;1\/6&#8243;][vc_single_image image=&#8221;2825&#8243; img_size=&#8221;full&#8221;][\/vc_column][vc_column width=&#8221;1\/3&#8243;][vc_column_text]<\/p>\n<p style=\"text-align: left;\"><strong>Robos Monitor<\/strong>, t\u00fcm sistemi izlemenizi sa\u011flayan web tabanl\u0131 bir uygulamad\u0131r. Ayn\u0131 a\u011fa ba\u011fl\u0131 bilgisayar, tablet veya mobil cihazlar kullan\u0131larak eri\u015filebilir. Bu uygulama sayesinde ara\u00e7lar\u0131n yerle\u015fim plan\u0131ndaki konumlar\u0131n\u0131, mevcut pil seviyelerini ve aktif g\u00f6revlerini g\u00f6rebilirsiniz. Ayr\u0131ca, sistemin kullan\u0131m oranlar\u0131 ve olay ge\u00e7mi\u015fi gibi detaylara da eri\u015febilirsiniz.<\/p>\n<p style=\"text-align: left;\">Hemen \u015fu anda bu yaz\u0131l\u0131m\u0131 incelemek i\u00e7in t\u0131klay\u0131n: <a href=\"http:\/\/monitor.robos.com.tr\/\">monitor.robos.com.tr<\/a><\/p>\n<p>[\/vc_column_text][\/vc_column][vc_column width=&#8221;1\/2&#8243;][vc_single_image image=&#8221;2846&#8243; img_size=&#8221;full&#8221; alignment=&#8221;center&#8221;][\/vc_column][\/vc_row][vc_row][vc_column]<style type=\"text\/css\" >#l_54d2ye0hmx56n4h0rlxx{width:fullpx;}#l_54d2ye0hmx56n4h0rlxx.sc_line ,#l_54d2ye0hmx56n4h0rlxx .sc_line { height:1px; background:#0a0a0a;}#l_54d2ye0hmx56n4h0rlxx.sc_line ,#l_54d2ye0hmx56n4h0rlxx .sc_line{margin-left:auto!important; margin-right:auto!important;}#l_54d2ye0hmx56n4h0rlxx {margin:0px 0 0px 0; padding:0;}<\/style><div class=\"clearfix\"><\/div><div id=\"l_54d2ye0hmx56n4h0rlxx\"  class=\"sc_line rd_line_normal\" ><\/div>[\/vc_column][\/vc_row][vc_row][vc_column][vc_custom_heading text=&#8221;ROBOS Config \u00a9&#8221; font_container=&#8221;tag:h2|font_size:28|text_align:left&#8221; google_fonts=&#8221;font_family:Open%20Sans%3A300%2C300italic%2Cregular%2Citalic%2C600%2C600italic%2C700%2C700italic%2C800%2C800italic|font_style:600%20bold%20italic%3A600%3Aitalic&#8221;][\/vc_column][\/vc_row][vc_row content_placement=&#8221;middle&#8221;][vc_column width=&#8221;1\/6&#8243;][vc_single_image image=&#8221;2822&#8243; img_size=&#8221;full&#8221;][\/vc_column][vc_column width=&#8221;1\/3&#8243;][vc_column_text]<\/p>\n<p style=\"text-align: left;\"><strong>Robos Config<\/strong>, sisteminizde de\u011fi\u015fiklik yapman\u0131z\u0131 sa\u011flayan web tabanl\u0131 bir uygulamad\u0131r. Bu uygulama ile mevcut rotalar\u0131 d\u00fczenleyebilir, yeni rota ve istasyonlar ekleyip silebilirsiniz. Ayr\u0131ca, her rota segmenti i\u00e7in ara\u00e7 h\u0131zlar\u0131n\u0131 ayarlayabilir ve g\u00fcvenlik ama\u00e7l\u0131 kullan\u0131lan lazer taray\u0131c\u0131lar\u0131n tarayaca\u011f\u0131 alanlar\u0131 yap\u0131land\u0131rabilirsiniz. Hatta bu yaz\u0131l\u0131m\u0131 kullanarak t\u00fcm sistemi s\u0131f\u0131rdan kurabilirsiniz. Biz de t\u00fcm kurulumlar\u0131m\u0131zda bu yaz\u0131l\u0131m\u0131 kullan\u0131yoruz.<\/p>\n<p style=\"text-align: left;\">Hemen \u015fu anda bu yaz\u0131l\u0131m\u0131 incelemek i\u00e7in t\u0131klay\u0131n: <a href=\"http:\/\/config.robos.com.tr\/\">config.robos.com.tr<\/a><\/p>\n<p>[\/vc_column_text][\/vc_column][vc_column width=&#8221;1\/2&#8243;][vc_single_image image=&#8221;2841&#8243; img_size=&#8221;full&#8221; alignment=&#8221;center&#8221;][\/vc_column][\/vc_row][vc_row][vc_column]<style type=\"text\/css\" >#l_oy61tv46g7ql49oztcil{width:fullpx;}#l_oy61tv46g7ql49oztcil.sc_line ,#l_oy61tv46g7ql49oztcil .sc_line { height:1px; background:#0a0a0a;}#l_oy61tv46g7ql49oztcil.sc_line ,#l_oy61tv46g7ql49oztcil .sc_line{margin-left:auto!important; margin-right:auto!important;}#l_oy61tv46g7ql49oztcil {margin:0px 0 0px 0; padding:0;}<\/style><div class=\"clearfix\"><\/div><div id=\"l_oy61tv46g7ql49oztcil\"  class=\"sc_line rd_line_normal\" ><\/div>[\/vc_column][\/vc_row][vc_row][vc_column][vc_custom_heading text=&#8221;ROBOS Notify \u00a9&#8221; font_container=&#8221;tag:h2|font_size:28|text_align:left&#8221; google_fonts=&#8221;font_family:Open%20Sans%3A300%2C300italic%2Cregular%2Citalic%2C600%2C600italic%2C700%2C700italic%2C800%2C800italic|font_style:600%20bold%20italic%3A600%3Aitalic&#8221;][\/vc_column][\/vc_row][vc_row content_placement=&#8221;middle&#8221;][vc_column width=&#8221;1\/6&#8243;][vc_single_image image=&#8221;2819&#8243; img_size=&#8221;full&#8221; alignment=&#8221;center&#8221;][\/vc_column][vc_column width=&#8221;1\/3&#8243;][vc_column_text]<\/p>\n<p style=\"text-align: left;\"><strong>Robos Notify<\/strong>, sistemde meydana gelebilecek ola\u011fan d\u0131\u015f\u0131 veya beklenmedik durumlar hakk\u0131nda operat\u00f6rleri bilgilendiren Android tabanl\u0131 bir uygulamad\u0131r. Ara\u00e7lar\u0131n beklenmedik bir \u015fekilde durmas\u0131, gecikmesi veya ilerlemek i\u00e7in onay beklemesi gibi durumlarda mobil cihazlara bildirim g\u00f6nderir. Her bir bildirimin al\u0131c\u0131lar\u0131 \u00f6nceden tan\u0131mlanabilir. \u00d6rne\u011fin, ar\u0131za ya\u015fayan bir ara\u00e7la ilgili bildirim bak\u0131m personeline g\u00f6nderilirken, ilerlemek i\u00e7in onay bekleyen bir ara\u00e7la ilgili bildirim operat\u00f6re y\u00f6nlendirilebilir.<\/p>\n<p>[\/vc_column_text][\/vc_column][vc_column width=&#8221;1\/2&#8243;][vc_single_image image=&#8221;2837&#8243; img_size=&#8221;full&#8221; alignment=&#8221;center&#8221;][\/vc_column][\/vc_row]<\/p>\n","protected":false},"excerpt":{"rendered":"<p>[vc_row][vc_column][vc_custom_heading text=&#8221; ROBOS Filo Y\u00f6netimi &#8221; font_container=&#8221;tag:h2|font_size:35|text_align:center&#8221; google_fonts=&#8221;font_family:Open%20Sans%3A300%2C300italic%2Cregular%2Citalic%2C600%2C600italic%2C700%2C700italic%2C800%2C800italic|font_style:600%20bold%20italic%3A600%3Aitalic&#8221;][vc_column_text] ROBOS Filo Y\u00f6netimi, otomatik y\u00f6nlendirmeli ara\u00e7 ve otonom mobil robot filonuzu tek merkezden takip etmek ve y\u00f6netmek i\u00e7in yaz\u0131l\u0131m ve donan\u0131m a\u00e7\u0131s\u0131ndan ihtiya\u00e7 duydu\u011funuz her \u015feyi kapsar. AGV &#8211; AMR filonuzu y\u00f6netmek i\u00e7in \u00f6ncelikle bir a\u011f altyap\u0131s\u0131na ihtiyac\u0131n\u0131z vard\u0131r. Mevcut altyap\u0131n\u0131z\u0131 kullanabiliriz ya da s\u0131f\u0131rdan yeni bir<br \/><a href=\"https:\/\/robos.com.tr\/en\/fleet\/\" class=\"more\">Read more<\/a><\/p>\n","protected":false},"author":1,"featured_media":0,"parent":0,"menu_order":19,"comment_status":"closed","ping_status":"closed","template":"","meta":{"om_disable_all_campaigns":false,"_monsterinsights_skip_tracking":false,"_monsterinsights_sitenote_active":false,"_monsterinsights_sitenote_note":"","_monsterinsights_sitenote_category":0,"_uf_show_specific_survey":0,"_uf_disable_surveys":false,"footnotes":""},"class_list":["post-996","page","type-page","status-publish","hentry"],"yoast_head":"<!-- This site is optimized with the Yoast SEO plugin v24.0 - https:\/\/yoast.com\/wordpress\/plugins\/seo\/ -->\n<title>Filo Y\u00f6netimi Yaz\u0131l\u0131mlar\u0131 - ROBOS<\/title>\n<meta name=\"description\" content=\"Otomatik y\u00f6nlendirmeli ara\u00e7 sistemleri insans\u0131z ara\u00e7lar kullanarak malzeme ta\u015f\u0131ma ihtiya\u00e7lar\u0131n\u0131 kar\u015f\u0131layan tam otomatik sistemlerdir.\" \/>\n<meta name=\"robots\" content=\"index, follow, max-snippet:-1, max-image-preview:large, max-video-preview:-1\" \/>\n<link rel=\"canonical\" href=\"https:\/\/robos.com.tr\/en\/fleet\/\" \/>\n<meta property=\"og:locale\" content=\"en_US\" \/>\n<meta property=\"og:type\" content=\"article\" \/>\n<meta property=\"og:title\" content=\"Filo Y\u00f6netimi Yaz\u0131l\u0131mlar\u0131 - ROBOS\" \/>\n<meta property=\"og:description\" content=\"Otomatik y\u00f6nlendirmeli ara\u00e7 sistemleri insans\u0131z ara\u00e7lar kullanarak malzeme ta\u015f\u0131ma ihtiya\u00e7lar\u0131n\u0131 kar\u015f\u0131layan tam otomatik sistemlerdir.\" \/>\n<meta property=\"og:url\" content=\"https:\/\/robos.com.tr\/en\/fleet\/\" \/>\n<meta property=\"og:site_name\" content=\"ROBOS\" \/>\n<meta property=\"article:modified_time\" content=\"2024-12-05T11:52:14+00:00\" \/>\n<meta name=\"twitter:card\" content=\"summary_large_image\" \/>\n<meta name=\"twitter:label1\" content=\"Est. reading time\" \/>\n\t<meta name=\"twitter:data1\" content=\"5 minutes\" \/>\n<script type=\"application\/ld+json\" class=\"yoast-schema-graph\">{\"@context\":\"https:\/\/schema.org\",\"@graph\":[{\"@type\":\"WebPage\",\"@id\":\"https:\/\/robos.com.tr\/en\/fleet\/\",\"url\":\"https:\/\/robos.com.tr\/en\/fleet\/\",\"name\":\"Filo Y\u00f6netimi Yaz\u0131l\u0131mlar\u0131 - ROBOS\",\"isPartOf\":{\"@id\":\"https:\/\/robos.com.tr\/#website\"},\"datePublished\":\"2016-03-05T13:28:36+00:00\",\"dateModified\":\"2024-12-05T11:52:14+00:00\",\"description\":\"Otomatik y\u00f6nlendirmeli ara\u00e7 sistemleri insans\u0131z ara\u00e7lar kullanarak malzeme ta\u015f\u0131ma ihtiya\u00e7lar\u0131n\u0131 kar\u015f\u0131layan tam otomatik sistemlerdir.\",\"breadcrumb\":{\"@id\":\"https:\/\/robos.com.tr\/en\/fleet\/#breadcrumb\"},\"inLanguage\":\"en-US\",\"potentialAction\":[{\"@type\":\"ReadAction\",\"target\":[\"https:\/\/robos.com.tr\/en\/fleet\/\"]}]},{\"@type\":\"BreadcrumbList\",\"@id\":\"https:\/\/robos.com.tr\/en\/fleet\/#breadcrumb\",\"itemListElement\":[{\"@type\":\"ListItem\",\"position\":1,\"name\":\"Home\",\"item\":\"https:\/\/robos.com.tr\/en\/\"},{\"@type\":\"ListItem\",\"position\":2,\"name\":\"Filo Y\u00f6netimi Yaz\u0131l\u0131mlar\u0131\"}]},{\"@type\":\"WebSite\",\"@id\":\"https:\/\/robos.com.tr\/#website\",\"url\":\"https:\/\/robos.com.tr\/\",\"name\":\"ROBOS\",\"description\":\"Automated Guided Vehicles\",\"publisher\":{\"@id\":\"https:\/\/robos.com.tr\/#organization\"},\"potentialAction\":[{\"@type\":\"SearchAction\",\"target\":{\"@type\":\"EntryPoint\",\"urlTemplate\":\"https:\/\/robos.com.tr\/?s={search_term_string}\"},\"query-input\":{\"@type\":\"PropertyValueSpecification\",\"valueRequired\":true,\"valueName\":\"search_term_string\"}}],\"inLanguage\":\"en-US\"},{\"@type\":\"Organization\",\"@id\":\"https:\/\/robos.com.tr\/#organization\",\"name\":\"ROBOS\",\"url\":\"https:\/\/robos.com.tr\/\",\"logo\":{\"@type\":\"ImageObject\",\"inLanguage\":\"en-US\",\"@id\":\"https:\/\/robos.com.tr\/#\/schema\/logo\/image\/\",\"url\":\"https:\/\/robos.com.tr\/wp-content\/uploads\/2022\/02\/Logo.png\",\"contentUrl\":\"https:\/\/robos.com.tr\/wp-content\/uploads\/2022\/02\/Logo.png\",\"width\":463,\"height\":70,\"caption\":\"ROBOS\"},\"image\":{\"@id\":\"https:\/\/robos.com.tr\/#\/schema\/logo\/image\/\"},\"sameAs\":[\"https:\/\/www.linkedin.com\/company\/robos\/\",\"https:\/\/www.youtube.com\/@robosagv4304\"]}]}<\/script>\n<!-- \/ Yoast SEO plugin. -->","yoast_head_json":{"title":"Filo Y\u00f6netimi Yaz\u0131l\u0131mlar\u0131 - ROBOS","description":"Otomatik y\u00f6nlendirmeli ara\u00e7 sistemleri insans\u0131z ara\u00e7lar kullanarak malzeme ta\u015f\u0131ma ihtiya\u00e7lar\u0131n\u0131 kar\u015f\u0131layan tam otomatik sistemlerdir.","robots":{"index":"index","follow":"follow","max-snippet":"max-snippet:-1","max-image-preview":"max-image-preview:large","max-video-preview":"max-video-preview:-1"},"canonical":"https:\/\/robos.com.tr\/en\/fleet\/","og_locale":"en_US","og_type":"article","og_title":"Filo Y\u00f6netimi Yaz\u0131l\u0131mlar\u0131 - ROBOS","og_description":"Otomatik y\u00f6nlendirmeli ara\u00e7 sistemleri insans\u0131z ara\u00e7lar kullanarak malzeme ta\u015f\u0131ma ihtiya\u00e7lar\u0131n\u0131 kar\u015f\u0131layan tam otomatik sistemlerdir.","og_url":"https:\/\/robos.com.tr\/en\/fleet\/","og_site_name":"ROBOS","article_modified_time":"2024-12-05T11:52:14+00:00","twitter_card":"summary_large_image","twitter_misc":{"Est. reading time":"5 minutes"},"schema":{"@context":"https:\/\/schema.org","@graph":[{"@type":"WebPage","@id":"https:\/\/robos.com.tr\/en\/fleet\/","url":"https:\/\/robos.com.tr\/en\/fleet\/","name":"Filo Y\u00f6netimi Yaz\u0131l\u0131mlar\u0131 - ROBOS","isPartOf":{"@id":"https:\/\/robos.com.tr\/#website"},"datePublished":"2016-03-05T13:28:36+00:00","dateModified":"2024-12-05T11:52:14+00:00","description":"Otomatik y\u00f6nlendirmeli ara\u00e7 sistemleri insans\u0131z ara\u00e7lar kullanarak malzeme ta\u015f\u0131ma ihtiya\u00e7lar\u0131n\u0131 kar\u015f\u0131layan tam otomatik sistemlerdir.","breadcrumb":{"@id":"https:\/\/robos.com.tr\/en\/fleet\/#breadcrumb"},"inLanguage":"en-US","potentialAction":[{"@type":"ReadAction","target":["https:\/\/robos.com.tr\/en\/fleet\/"]}]},{"@type":"BreadcrumbList","@id":"https:\/\/robos.com.tr\/en\/fleet\/#breadcrumb","itemListElement":[{"@type":"ListItem","position":1,"name":"Home","item":"https:\/\/robos.com.tr\/en\/"},{"@type":"ListItem","position":2,"name":"Filo Y\u00f6netimi Yaz\u0131l\u0131mlar\u0131"}]},{"@type":"WebSite","@id":"https:\/\/robos.com.tr\/#website","url":"https:\/\/robos.com.tr\/","name":"ROBOS","description":"Automated Guided Vehicles","publisher":{"@id":"https:\/\/robos.com.tr\/#organization"},"potentialAction":[{"@type":"SearchAction","target":{"@type":"EntryPoint","urlTemplate":"https:\/\/robos.com.tr\/?s={search_term_string}"},"query-input":{"@type":"PropertyValueSpecification","valueRequired":true,"valueName":"search_term_string"}}],"inLanguage":"en-US"},{"@type":"Organization","@id":"https:\/\/robos.com.tr\/#organization","name":"ROBOS","url":"https:\/\/robos.com.tr\/","logo":{"@type":"ImageObject","inLanguage":"en-US","@id":"https:\/\/robos.com.tr\/#\/schema\/logo\/image\/","url":"https:\/\/robos.com.tr\/wp-content\/uploads\/2022\/02\/Logo.png","contentUrl":"https:\/\/robos.com.tr\/wp-content\/uploads\/2022\/02\/Logo.png","width":463,"height":70,"caption":"ROBOS"},"image":{"@id":"https:\/\/robos.com.tr\/#\/schema\/logo\/image\/"},"sameAs":["https:\/\/www.linkedin.com\/company\/robos\/","https:\/\/www.youtube.com\/@robosagv4304"]}]}},"_links":{"self":[{"href":"https:\/\/robos.com.tr\/en\/wp-json\/wp\/v2\/pages\/996","targetHints":{"allow":["GET"]}}],"collection":[{"href":"https:\/\/robos.com.tr\/en\/wp-json\/wp\/v2\/pages"}],"about":[{"href":"https:\/\/robos.com.tr\/en\/wp-json\/wp\/v2\/types\/page"}],"author":[{"embeddable":true,"href":"https:\/\/robos.com.tr\/en\/wp-json\/wp\/v2\/users\/1"}],"replies":[{"embeddable":true,"href":"https:\/\/robos.com.tr\/en\/wp-json\/wp\/v2\/comments?post=996"}],"version-history":[{"count":25,"href":"https:\/\/robos.com.tr\/en\/wp-json\/wp\/v2\/pages\/996\/revisions"}],"predecessor-version":[{"id":2975,"href":"https:\/\/robos.com.tr\/en\/wp-json\/wp\/v2\/pages\/996\/revisions\/2975"}],"wp:attachment":[{"href":"https:\/\/robos.com.tr\/en\/wp-json\/wp\/v2\/media?parent=996"}],"curies":[{"name":"wp","href":"https:\/\/api.w.org\/{rel}","templated":true}]}}